{"id":10023,"date":"2026-01-18T13:46:03","date_gmt":"2026-01-18T11:46:03","guid":{"rendered":"https:\/\/rentacaringreece.eu\/?page_id=10023"},"modified":"2026-01-24T16:27:35","modified_gmt":"2026-01-24T14:27:35","slug":"strand-von-agia-irini","status":"publish","type":"page","link":"https:\/\/rentacaringreece.eu\/de\/strand-von-agia-irini\/","title":{"rendered":"Strand von Agia Irini"},"content":{"rendered":"<div class=\"fusion-fullwidth fullwidth-box fusion-builder-row-1 fusion-flex-container has-pattern-background has-mask-background nonhundred-percent-fullwidth non-hundred-percent-height-scrolling\" style=\"--awb-border-radius-top-left:0px;--awb-border-radius-top-right:0px;--awb-border-radius-bottom-right:0px;--awb-border-radius-bottom-left:0px;--awb-margin-top:100px;--awb-flex-wrap:wrap;\" ><div class=\"fusion-builder-row fusion-row fusion-flex-align-items-flex-start fusion-flex-content-wrap\" style=\"max-width:1497.6px;margin-left: calc(-4% \/ 2 );margin-right: calc(-4% \/ 2 );\"><div class=\"fusion-layout-column fusion_builder_column fusion-builder-column-0 fusion_builder_column_1_1 1_1 fusion-flex-column\" style=\"--awb-bg-size:cover;--awb-width-large:100%;--awb-margin-top-large:0px;--awb-spacing-right-large:1.92%;--awb-margin-bottom-large:20px;--awb-spacing-left-large:1.92%;--awb-width-medium:100%;--awb-order-medium:0;--awb-spacing-right-medium:1.92%;--awb-spacing-left-medium:1.92%;--awb-width-small:100%;--awb-order-small:0;--awb-spacing-right-small:1.92%;--awb-spacing-left-small:1.92%;\"><div class=\"fusion-column-wrapper fusion-column-has-shadow fusion-flex-justify-content-flex-start fusion-content-layout-column\"><div class=\"fusion-text fusion-text-1\"><h1 style=\"text-align: center;\" data-start=\"0\" data-end=\"62\">Agia Irini Strand, Paros \u2013 Ein einzigartiges Badeerlebnis<\/h1>\n<\/div><\/div><\/div><div class=\"fusion-layout-column fusion_builder_column fusion-builder-column-1 fusion_builder_column_1_1 1_1 fusion-flex-column\" style=\"--awb-bg-size:cover;--awb-width-large:100%;--awb-margin-top-large:0px;--awb-spacing-right-large:1.92%;--awb-margin-bottom-large:20px;--awb-spacing-left-large:1.92%;--awb-width-medium:100%;--awb-order-medium:0;--awb-spacing-right-medium:1.92%;--awb-spacing-left-medium:1.92%;--awb-width-small:100%;--awb-order-small:0;--awb-spacing-right-small:1.92%;--awb-spacing-left-small:1.92%;\"><div class=\"fusion-column-wrapper fusion-column-has-shadow fusion-flex-justify-content-flex-start fusion-content-layout-column\"><div class=\"fusion-image-element \" style=\"text-align:center;--awb-caption-title-font-family:var(--h2_typography-font-family);--awb-caption-title-font-weight:var(--h2_typography-font-weight);--awb-caption-title-font-style:var(--h2_typography-font-style);--awb-caption-title-size:var(--h2_typography-font-size);--awb-caption-title-transform:var(--h2_typography-text-transform);--awb-caption-title-line-height:var(--h2_typography-line-height);--awb-caption-title-letter-spacing:var(--h2_typography-letter-spacing);\"><span class=\" fusion-imageframe imageframe-none imageframe-1 hover-type-none\"><img decoding=\"async\" width=\"600\" height=\"400\" src=\"https:\/\/rentacaringreece.eu\/wp-content\/uploads\/2026\/01\/\u03c0\u03b1\u03c1\u03bf\u03c2-3.jpg\" data-orig-src=\"https:\/\/rentacaringreece.eu\/wp-content\/uploads\/2026\/01\/\u03c0\u03b1\u03c1\u03bf\u03c2-3.jpg\" alt class=\"lazyload img-responsive wp-image-9801\" srcset=\"data:image\/svg+xml,%3Csvg%20xmlns%3D%27http%3A%2F%2Fwww.w3.org%2F2000%2Fsvg%27%20width%3D%27600%27%20height%3D%27400%27%20viewBox%3D%270%200%20600%20400%27%3E%3Crect%20width%3D%27600%27%20height%3D%27400%27%20fill-opacity%3D%220%22%2F%3E%3C%2Fsvg%3E\" data-srcset=\"https:\/\/rentacaringreece.eu\/wp-content\/uploads\/2026\/01\/\u03c0\u03b1\u03c1\u03bf\u03c2-3-200x133.jpg 200w, https:\/\/rentacaringreece.eu\/wp-content\/uploads\/2026\/01\/\u03c0\u03b1\u03c1\u03bf\u03c2-3-400x267.jpg 400w, https:\/\/rentacaringreece.eu\/wp-content\/uploads\/2026\/01\/\u03c0\u03b1\u03c1\u03bf\u03c2-3.jpg 600w\" data-sizes=\"auto\" data-orig-sizes=\"(max-width: 768px) 100vw, 600px\" \/><\/span><\/div><\/div><\/div><div class=\"fusion-layout-column fusion_builder_column fusion-builder-column-2 fusion_builder_column_1_1 1_1 fusion-flex-column\" style=\"--awb-bg-size:cover;--awb-width-large:100%;--awb-margin-top-large:0px;--awb-spacing-right-large:1.92%;--awb-margin-bottom-large:20px;--awb-spacing-left-large:1.92%;--awb-width-medium:100%;--awb-order-medium:0;--awb-spacing-right-medium:1.92%;--awb-spacing-left-medium:1.92%;--awb-width-small:100%;--awb-order-small:0;--awb-spacing-right-small:1.92%;--awb-spacing-left-small:1.92%;\"><div class=\"fusion-column-wrapper fusion-column-has-shadow fusion-flex-justify-content-flex-start fusion-content-layout-column\"><div class=\"fusion-text fusion-text-2\"><p data-start=\"64\" data-end=\"545\">Der Strand Agia Eirini auf Paros ist ein wunderbares Ziel f\u00fcr Touristen, die ruhige Momente am Meer und klares, blau-gr\u00fcnes Wasser genie\u00dfen m\u00f6chten. Er befindet sich in kurzer Entfernung von Paroikia und ist eine ideale Wahl f\u00fcr alle, die Entspannung in einer sch\u00f6nen und einladenden nat\u00fcrlichen Umgebung suchen. Der Zugang ist einfach und kann bequem mit einer <strong data-start=\"435\" data-end=\"506\">g\u00fcnstigen Autovermietung auf Paros, um zu diesem Ziel zu gelangen<\/strong> erfolgen, w\u00e4hrend Sie gleichzeitig die Fahrt genie\u00dfen.<\/p>\n<h3 style=\"text-align: center;\" data-start=\"547\" data-end=\"579\"><strong>Klare Gew\u00e4sser und entspanntes Baden<\/strong><\/h3>\n<p data-start=\"581\" data-end=\"910\">Das Baden am Strand Agia Eirini ist ein wahrer Genuss. Das Wasser ist kristallklar, ruhig und ideal zum Schwimmen, w\u00e4hrend der sandige Strand Komfort sowohl f\u00fcr Erwachsene als auch f\u00fcr Kinder bietet. Die sanfte Neigung des Meeresbodens macht den Strand sicher und entspannend, sodass die Besucher ihr Bad ohne Sorgen genie\u00dfen k\u00f6nnen.<\/p>\n<h3 style=\"text-align: center;\" data-start=\"912\" data-end=\"950\"><strong>Ideal f\u00fcr Entspannung und Erholung<\/strong><\/h3>\n<p data-start=\"952\" data-end=\"1277\">Agia Eirini zeichnet sich durch ihre ruhige Atmosph\u00e4re aus, weit weg vom Trubel. Sie ist ideal f\u00fcr diejenigen, die ihr Handtuch ausbreiten, die Sonne genie\u00dfen und sich vor dem endlosen Blau entspannen m\u00f6chten. In der N\u00e4he gibt es Tavernen und Caf\u00e9s, wo Sie nach dem Bad lokale Spezialit\u00e4ten genie\u00dfen k\u00f6nnen.<\/p>\n<h3 style=\"text-align: center;\" data-start=\"1279\" data-end=\"1324\"><strong>Einfache Erreichbarkeit f\u00fcr alle Besucher<\/strong><\/h3>\n<p data-start=\"1326\" data-end=\"1587\">Der Strand ist leicht zug\u00e4nglich und stellt eine ideale Wahl f\u00fcr einen Tagesausflug dar. Mit einer <strong data-start=\"1414\" data-end=\"1485\">g\u00fcnstigen Autovermietung auf Paros, um zu diesem Ziel zu gelangen<\/strong>, k\u00f6nnen Sie sich bequem und flexibel fortbewegen, ohne von Fahrpl\u00e4nen oder \u00f6ffentlichen Verkehrsmitteln abh\u00e4ngig zu sein.<\/p>\n<h3 style=\"text-align: center;\" data-start=\"1589\" data-end=\"1626\"><strong>Ein Erlebnis, das sich lohnt<\/strong><\/h3>\n<p data-start=\"1628\" data-end=\"1948\" data-is-last-node=\"\" data-is-only-node=\"\">Zusammenfassend ist der Strand Agia Eirini ideal f\u00fcr ein entspanntes Bad und qualitativ hochwertige Zeit in der Natur. Wenn Sie Ihren Besuch mit einer g\u00fcnstigen Autovermietung auf Paros kombinieren, um zu diesem Ziel zu gelangen, k\u00f6nnen Sie die Sch\u00f6nheit von Paros bequem und frei genie\u00dfen und unvergessliche Sommererinnerungen schaffen.<\/p>\n<\/div><\/div><\/div><\/div><\/div>\n","protected":false},"excerpt":{"rendered":"","protected":false},"author":1,"featured_media":0,"parent":0,"menu_order":0,"comment_status":"closed","ping_status":"closed","template":"100-width.php","meta":{"footnotes":""},"class_list":["post-10023","page","type-page","status-publish","hentry"],"_links":{"self":[{"href":"https:\/\/rentacaringreece.eu\/de\/wp-json\/wp\/v2\/pages\/10023","targetHints":{"allow":["GET"]}}],"collection":[{"href":"https:\/\/rentacaringreece.eu\/de\/wp-json\/wp\/v2\/pages"}],"about":[{"href":"https:\/\/rentacaringreece.eu\/de\/wp-json\/wp\/v2\/types\/page"}],"author":[{"embeddable":true,"href":"https:\/\/rentacaringreece.eu\/de\/wp-json\/wp\/v2\/users\/1"}],"replies":[{"embeddable":true,"href":"https:\/\/rentacaringreece.eu\/de\/wp-json\/wp\/v2\/comments?post=10023"}],"version-history":[{"count":3,"href":"https:\/\/rentacaringreece.eu\/de\/wp-json\/wp\/v2\/pages\/10023\/revisions"}],"predecessor-version":[{"id":10026,"href":"https:\/\/rentacaringreece.eu\/de\/wp-json\/wp\/v2\/pages\/10023\/revisions\/10026"}],"wp:attachment":[{"href":"https:\/\/rentacaringreece.eu\/de\/wp-json\/wp\/v2\/media?parent=10023"}],"curies":[{"name":"wp","href":"https:\/\/api.w.org\/{rel}","templated":true}]}}