{"id":10065,"date":"2026-01-18T14:41:25","date_gmt":"2026-01-18T12:41:25","guid":{"rendered":"https:\/\/rentacaringreece.eu\/?page_id=10065"},"modified":"2026-01-24T16:40:45","modified_gmt":"2026-01-24T14:40:45","slug":"nachtleben-paros","status":"publish","type":"page","link":"https:\/\/rentacaringreece.eu\/de\/nachtleben-paros\/","title":{"rendered":"Nachtleben Paros"},"content":{"rendered":"<div class=\"fusion-fullwidth fullwidth-box fusion-builder-row-1 fusion-flex-container has-pattern-background has-mask-background nonhundred-percent-fullwidth non-hundred-percent-height-scrolling\" style=\"--awb-border-radius-top-left:0px;--awb-border-radius-top-right:0px;--awb-border-radius-bottom-right:0px;--awb-border-radius-bottom-left:0px;--awb-margin-top:100px;--awb-flex-wrap:wrap;\" ><div class=\"fusion-builder-row fusion-row fusion-flex-align-items-flex-start fusion-flex-content-wrap\" style=\"max-width:1497.6px;margin-left: calc(-4% \/ 2 );margin-right: calc(-4% \/ 2 );\"><div class=\"fusion-layout-column fusion_builder_column fusion-builder-column-0 fusion_builder_column_1_1 1_1 fusion-flex-column\" style=\"--awb-bg-size:cover;--awb-width-large:100%;--awb-margin-top-large:0px;--awb-spacing-right-large:1.92%;--awb-margin-bottom-large:20px;--awb-spacing-left-large:1.92%;--awb-width-medium:100%;--awb-order-medium:0;--awb-spacing-right-medium:1.92%;--awb-spacing-left-medium:1.92%;--awb-width-small:100%;--awb-order-small:0;--awb-spacing-right-small:1.92%;--awb-spacing-left-small:1.92%;\"><div class=\"fusion-column-wrapper fusion-column-has-shadow fusion-flex-justify-content-flex-start fusion-content-layout-column\"><div class=\"fusion-text fusion-text-1\"><h2 style=\"text-align: center;\"><strong>Nachtleben auf Paros \u2013 Rhythmus, Spa\u00df und Sommeratmosph\u00e4re<\/strong><\/h2>\n<\/div><\/div><\/div><div class=\"fusion-layout-column fusion_builder_column fusion-builder-column-1 fusion_builder_column_1_2 1_2 fusion-flex-column\" style=\"--awb-bg-size:cover;--awb-width-large:50%;--awb-margin-top-large:0px;--awb-spacing-right-large:3.84%;--awb-margin-bottom-large:20px;--awb-spacing-left-large:3.84%;--awb-width-medium:50%;--awb-order-medium:0;--awb-spacing-right-medium:3.84%;--awb-spacing-left-medium:3.84%;--awb-width-small:100%;--awb-order-small:0;--awb-spacing-right-small:1.92%;--awb-spacing-left-small:1.92%;\"><div class=\"fusion-column-wrapper fusion-column-has-shadow fusion-flex-justify-content-flex-start fusion-content-layout-column\"><div class=\"fusion-image-element \" style=\"text-align:center;--awb-caption-title-font-family:var(--h2_typography-font-family);--awb-caption-title-font-weight:var(--h2_typography-font-weight);--awb-caption-title-font-style:var(--h2_typography-font-style);--awb-caption-title-size:var(--h2_typography-font-size);--awb-caption-title-transform:var(--h2_typography-text-transform);--awb-caption-title-line-height:var(--h2_typography-line-height);--awb-caption-title-letter-spacing:var(--h2_typography-letter-spacing);\"><span class=\" fusion-imageframe imageframe-none imageframe-1 hover-type-none\"><img decoding=\"async\" width=\"600\" height=\"400\" src=\"https:\/\/rentacaringreece.eu\/wp-content\/uploads\/2026\/01\/\u03c0\u03b1\u03c1\u03bf\u03c2-2.jpg\" data-orig-src=\"https:\/\/rentacaringreece.eu\/wp-content\/uploads\/2026\/01\/\u03c0\u03b1\u03c1\u03bf\u03c2-2.jpg\" alt class=\"lazyload img-responsive wp-image-9803\" srcset=\"data:image\/svg+xml,%3Csvg%20xmlns%3D%27http%3A%2F%2Fwww.w3.org%2F2000%2Fsvg%27%20width%3D%27600%27%20height%3D%27400%27%20viewBox%3D%270%200%20600%20400%27%3E%3Crect%20width%3D%27600%27%20height%3D%27400%27%20fill-opacity%3D%220%22%2F%3E%3C%2Fsvg%3E\" data-srcset=\"https:\/\/rentacaringreece.eu\/wp-content\/uploads\/2026\/01\/\u03c0\u03b1\u03c1\u03bf\u03c2-2-200x133.jpg 200w, https:\/\/rentacaringreece.eu\/wp-content\/uploads\/2026\/01\/\u03c0\u03b1\u03c1\u03bf\u03c2-2-400x267.jpg 400w, https:\/\/rentacaringreece.eu\/wp-content\/uploads\/2026\/01\/\u03c0\u03b1\u03c1\u03bf\u03c2-2.jpg 600w\" data-sizes=\"auto\" data-orig-sizes=\"(max-width: 768px) 100vw, 600px\" \/><\/span><\/div><\/div><\/div><div class=\"fusion-layout-column fusion_builder_column fusion-builder-column-2 fusion_builder_column_1_2 1_2 fusion-flex-column\" style=\"--awb-bg-size:cover;--awb-width-large:50%;--awb-margin-top-large:0px;--awb-spacing-right-large:3.84%;--awb-margin-bottom-large:20px;--awb-spacing-left-large:3.84%;--awb-width-medium:50%;--awb-order-medium:0;--awb-spacing-right-medium:3.84%;--awb-spacing-left-medium:3.84%;--awb-width-small:100%;--awb-order-small:0;--awb-spacing-right-small:1.92%;--awb-spacing-left-small:1.92%;\"><div class=\"fusion-column-wrapper fusion-column-has-shadow fusion-flex-justify-content-flex-start fusion-content-layout-column\"><div class=\"fusion-image-element \" style=\"text-align:center;--awb-caption-title-font-family:var(--h2_typography-font-family);--awb-caption-title-font-weight:var(--h2_typography-font-weight);--awb-caption-title-font-style:var(--h2_typography-font-style);--awb-caption-title-size:var(--h2_typography-font-size);--awb-caption-title-transform:var(--h2_typography-text-transform);--awb-caption-title-line-height:var(--h2_typography-line-height);--awb-caption-title-letter-spacing:var(--h2_typography-letter-spacing);\"><span class=\" fusion-imageframe imageframe-none imageframe-2 hover-type-none\"><img decoding=\"async\" width=\"600\" height=\"400\" alt=\"\u03bd\u03c5\u03c7\u03c4\u03b5\u03c1\u03b9\u03bd\u03b7-\u03b6\u03c9\u03b7-\u03c0\u03b1\u03c1\u03bf\u03c2\" src=\"https:\/\/rentacaringreece.eu\/wp-content\/uploads\/2026\/01\/\u03bd\u03c5\u03c7\u03c4\u03b5\u03c1\u03b9\u03bd\u03b7-\u03b6\u03c9\u03b7-\u03c0\u03b1\u03c1\u03bf\u03c2.jpg\" data-orig-src=\"https:\/\/rentacaringreece.eu\/wp-content\/uploads\/2026\/01\/\u03bd\u03c5\u03c7\u03c4\u03b5\u03c1\u03b9\u03bd\u03b7-\u03b6\u03c9\u03b7-\u03c0\u03b1\u03c1\u03bf\u03c2.jpg\" class=\"lazyload img-responsive wp-image-10062\" srcset=\"data:image\/svg+xml,%3Csvg%20xmlns%3D%27http%3A%2F%2Fwww.w3.org%2F2000%2Fsvg%27%20width%3D%27600%27%20height%3D%27400%27%20viewBox%3D%270%200%20600%20400%27%3E%3Crect%20width%3D%27600%27%20height%3D%27400%27%20fill-opacity%3D%220%22%2F%3E%3C%2Fsvg%3E\" data-srcset=\"https:\/\/rentacaringreece.eu\/wp-content\/uploads\/2026\/01\/\u03bd\u03c5\u03c7\u03c4\u03b5\u03c1\u03b9\u03bd\u03b7-\u03b6\u03c9\u03b7-\u03c0\u03b1\u03c1\u03bf\u03c2-200x133.jpg 200w, https:\/\/rentacaringreece.eu\/wp-content\/uploads\/2026\/01\/\u03bd\u03c5\u03c7\u03c4\u03b5\u03c1\u03b9\u03bd\u03b7-\u03b6\u03c9\u03b7-\u03c0\u03b1\u03c1\u03bf\u03c2-400x267.jpg 400w, https:\/\/rentacaringreece.eu\/wp-content\/uploads\/2026\/01\/\u03bd\u03c5\u03c7\u03c4\u03b5\u03c1\u03b9\u03bd\u03b7-\u03b6\u03c9\u03b7-\u03c0\u03b1\u03c1\u03bf\u03c2.jpg 600w\" data-sizes=\"auto\" data-orig-sizes=\"(max-width: 768px) 100vw, 600px\" \/><\/span><\/div><\/div><\/div><div class=\"fusion-layout-column fusion_builder_column fusion-builder-column-3 fusion_builder_column_1_1 1_1 fusion-flex-column\" style=\"--awb-bg-size:cover;--awb-width-large:100%;--awb-margin-top-large:0px;--awb-spacing-right-large:1.92%;--awb-margin-bottom-large:20px;--awb-spacing-left-large:1.92%;--awb-width-medium:100%;--awb-order-medium:0;--awb-spacing-right-medium:1.92%;--awb-spacing-left-medium:1.92%;--awb-width-small:100%;--awb-order-small:0;--awb-spacing-right-small:1.92%;--awb-spacing-left-small:1.92%;\"><div class=\"fusion-column-wrapper fusion-column-has-shadow fusion-flex-justify-content-flex-start fusion-content-layout-column\"><div class=\"fusion-text fusion-text-2\"><div class=\"flex flex-col text-sm pb-25\">\n<article class=\"text-token-text-primary w-full focus:outline-none &#091;--shadow-height:45px&#093; has-data-writing-block:pointer-events-none has-data-writing-block:-mt-(--shadow-height) has-data-writing-block:pt-(--shadow-height) &#091;&amp;:has(&#091;data-writing-block&#093;)&gt;*&#093;:pointer-events-auto scroll-mt-&#091;calc(var(--header-height)+min(200px,max(70px,20svh)))&#093;\" dir=\"auto\" tabindex=\"-1\" data-turn-id=\"request-WEB:254eda84-528f-45bb-bf49-97569d47fbc9-8\" data-testid=\"conversation-turn-18\" data-scroll-anchor=\"true\" data-turn=\"assistant\">\n<div class=\"text-base my-auto mx-auto pb-10 &#091;--thread-content-margin:--spacing(4)&#093; @w-sm\/main:&#091;--thread-content-margin:--spacing(6)&#093; @w-lg\/main:&#091;--thread-content-margin:--spacing(16)&#093; px-(--thread-content-margin)\">\n<div class=\"&#091;--thread-content-max-width:40rem&#093; @w-lg\/main:&#091;--thread-content-max-width:48rem&#093; mx-auto max-w-(--thread-content-max-width) flex-1 group\/turn-messages focus-visible:outline-hidden relative flex w-full min-w-0 flex-col agent-turn\" tabindex=\"-1\">\n<div class=\"flex max-w-full flex-col grow\">\n<div class=\"min-h-8 text-message relative flex w-full flex-col items-end gap-2 text-start break-words whitespace-normal &#091;.text-message+&amp;&#093;:mt-1\" dir=\"auto\" data-message-author-role=\"assistant\" data-message-id=\"1c5728f5-6407-4a0a-aa15-1e3a9ac9613b\" data-message-model-slug=\"gpt-5-2\">\n<div class=\"flex w-full flex-col gap-1 empty:hidden first:pt-&#091;1px&#093;\">\n<div class=\"markdown prose dark:prose-invert w-full break-words dark markdown-new-styling\">\n<p data-start=\"77\" data-end=\"449\">Das Nachtleben auf Paros ist eines der lebendigsten und meist diskutierten in den Kykladen und zieht Besucher jeden Alters und Stils an. Die Insel verbindet kosmopolitische Unterhaltung, sommerliche Unbeschwertheit und Optionen f\u00fcr jeden Geschmack \u2013 von entspannten Cocktails am Meer bis hin zu intensivem Tanzen bis zum Morgen. Paros wei\u00df, wie man das Interesse lebendig h\u00e4lt, sobald die Sonne untergeht.<\/p>\n<h3 style=\"text-align: center;\" data-start=\"451\" data-end=\"499\"><strong>Paroikia \u2013 Lebendige Abende am Hafen<\/strong><\/h3>\n<p data-start=\"501\" data-end=\"815\">Paroikia, der zentrale Hafen von Paros, bietet zahlreiche M\u00f6glichkeiten f\u00fcr einen Abendausgang. Caf\u00e9s, Winebars und Lounges am Meer schaffen die ideale Atmosph\u00e4re f\u00fcr ein entspanntes Getr\u00e4nk und Gespr\u00e4che. Ein Abendspaziergang am Hafen mit Blick auf die Lichter und das Meer ist an sich schon ein einzigartiges Erlebnis.<\/p>\n<h3 style=\"text-align: center;\" data-start=\"817\" data-end=\"858\"><strong>N\u00e1oussa \u2013 Das Zentrum der Unterhaltung<\/strong><\/h3>\n<p data-start=\"860\" data-end=\"1209\">N\u00e1oussa ist der absolute Bezugspunkt f\u00fcr das Nachtleben auf Paros. Die engen Gassen rund um den malerischen kleinen Hafen f\u00fcllen sich mit Menschen, Musik und Energie. Clubs, Bars und Beachbars bieten griechische und internationale Musik, Cocktails und Tanz bis in die fr\u00fchen Morgenstunden. Es ist das ideale Ziel f\u00fcr alle, die intensive Unterhaltung und sommerlichen Puls suchen.<\/p>\n<h3 style=\"text-align: center;\" data-start=\"1211\" data-end=\"1251\"><strong>Cocktails, Musik und Meerblick<\/strong><\/h3>\n<p data-start=\"1253\" data-end=\"1584\">Auf Paros finden Sie viele Bars mit herrlichem Blick auf die \u00c4g\u00e4is, ideal, um den Abend zu beginnen oder zu beenden. Die Cocktailbars zeichnen sich durch die Qualit\u00e4t der Getr\u00e4nke und die entspannte, aber zugleich kosmopolitische Atmosph\u00e4re aus. Die Musik reicht von Chill- und Lounge-Rhythmen bis hin zu dynamischeren Beats und deckt jede Vorliebe ab.<\/p>\n<h3 style=\"text-align: center;\" data-start=\"1586\" data-end=\"1616\"><strong>Optionen f\u00fcr jeden Geschmack<\/strong><\/h3>\n<p data-start=\"1618\" data-end=\"1865\">Ob Sie einen ruhigen Abend mit Getr\u00e4nk und Musik bevorzugen oder bis zum Morgen tanzen m\u00f6chten, das Nachtleben auf Paros hat etwas f\u00fcr Sie. Es gibt Optionen f\u00fcr Paare, Freundesgruppen und auch Familien, die nach entspannteren Abendaktivit\u00e4ten suchen.<\/p>\n<\/div>\n<\/div>\n<\/div>\n<\/div>\n<div class=\"z-0 flex min-h-&#091;46px&#093; justify-start\"><\/div>\n<div class=\"mt-3 w-full empty:hidden\">\n<div class=\"text-center\"><\/div>\n<\/div>\n<\/div>\n<\/div>\n<\/article>\n<\/div>\n<div class=\"pointer-events-none h-px w-px absolute bottom-0\" aria-hidden=\"true\" data-edge=\"true\"><\/div>\n<\/div><\/div><\/div><div class=\"fusion-layout-column fusion_builder_column fusion-builder-column-4 fusion_builder_column_1_2 1_2 fusion-flex-column\" style=\"--awb-bg-size:cover;--awb-width-large:50%;--awb-margin-top-large:0px;--awb-spacing-right-large:3.84%;--awb-margin-bottom-large:20px;--awb-spacing-left-large:3.84%;--awb-width-medium:50%;--awb-order-medium:0;--awb-spacing-right-medium:3.84%;--awb-spacing-left-medium:3.84%;--awb-width-small:100%;--awb-order-small:0;--awb-spacing-right-small:1.92%;--awb-spacing-left-small:1.92%;\"><div class=\"fusion-column-wrapper fusion-column-has-shadow fusion-flex-justify-content-flex-start fusion-content-layout-column\"><div class=\"fusion-image-element \" style=\"text-align:center;--awb-caption-title-font-family:var(--h2_typography-font-family);--awb-caption-title-font-weight:var(--h2_typography-font-weight);--awb-caption-title-font-style:var(--h2_typography-font-style);--awb-caption-title-size:var(--h2_typography-font-size);--awb-caption-title-transform:var(--h2_typography-text-transform);--awb-caption-title-line-height:var(--h2_typography-line-height);--awb-caption-title-letter-spacing:var(--h2_typography-letter-spacing);\"><span class=\" fusion-imageframe imageframe-none imageframe-3 hover-type-none\"><img decoding=\"async\" width=\"600\" height=\"400\" src=\"https:\/\/rentacaringreece.eu\/wp-content\/uploads\/2026\/01\/\u03c0\u03b1\u03c1\u03bf\u03c2-\u03bd\u03c5\u03c7\u03c4\u03b5\u03c1\u03b9\u03bd\u03bf\u03c24.jpg\" data-orig-src=\"https:\/\/rentacaringreece.eu\/wp-content\/uploads\/2026\/01\/\u03c0\u03b1\u03c1\u03bf\u03c2-\u03bd\u03c5\u03c7\u03c4\u03b5\u03c1\u03b9\u03bd\u03bf\u03c24.jpg\" alt class=\"lazyload img-responsive wp-image-10063\" srcset=\"data:image\/svg+xml,%3Csvg%20xmlns%3D%27http%3A%2F%2Fwww.w3.org%2F2000%2Fsvg%27%20width%3D%27600%27%20height%3D%27400%27%20viewBox%3D%270%200%20600%20400%27%3E%3Crect%20width%3D%27600%27%20height%3D%27400%27%20fill-opacity%3D%220%22%2F%3E%3C%2Fsvg%3E\" data-srcset=\"https:\/\/rentacaringreece.eu\/wp-content\/uploads\/2026\/01\/\u03c0\u03b1\u03c1\u03bf\u03c2-\u03bd\u03c5\u03c7\u03c4\u03b5\u03c1\u03b9\u03bd\u03bf\u03c24-200x133.jpg 200w, https:\/\/rentacaringreece.eu\/wp-content\/uploads\/2026\/01\/\u03c0\u03b1\u03c1\u03bf\u03c2-\u03bd\u03c5\u03c7\u03c4\u03b5\u03c1\u03b9\u03bd\u03bf\u03c24-400x267.jpg 400w, https:\/\/rentacaringreece.eu\/wp-content\/uploads\/2026\/01\/\u03c0\u03b1\u03c1\u03bf\u03c2-\u03bd\u03c5\u03c7\u03c4\u03b5\u03c1\u03b9\u03bd\u03bf\u03c24.jpg 600w\" data-sizes=\"auto\" data-orig-sizes=\"(max-width: 768px) 100vw, 600px\" \/><\/span><\/div><\/div><\/div><div class=\"fusion-layout-column fusion_builder_column fusion-builder-column-5 fusion_builder_column_1_2 1_2 fusion-flex-column\" style=\"--awb-bg-size:cover;--awb-width-large:50%;--awb-margin-top-large:0px;--awb-spacing-right-large:3.84%;--awb-margin-bottom-large:20px;--awb-spacing-left-large:3.84%;--awb-width-medium:50%;--awb-order-medium:0;--awb-spacing-right-medium:3.84%;--awb-spacing-left-medium:3.84%;--awb-width-small:100%;--awb-order-small:0;--awb-spacing-right-small:1.92%;--awb-spacing-left-small:1.92%;\"><div class=\"fusion-column-wrapper fusion-column-has-shadow fusion-flex-justify-content-flex-start fusion-content-layout-column\"><div class=\"fusion-image-element \" style=\"text-align:center;--awb-caption-title-font-family:var(--h2_typography-font-family);--awb-caption-title-font-weight:var(--h2_typography-font-weight);--awb-caption-title-font-style:var(--h2_typography-font-style);--awb-caption-title-size:var(--h2_typography-font-size);--awb-caption-title-transform:var(--h2_typography-text-transform);--awb-caption-title-line-height:var(--h2_typography-line-height);--awb-caption-title-letter-spacing:var(--h2_typography-letter-spacing);\"><span class=\" fusion-imageframe imageframe-none imageframe-4 hover-type-none\"><img decoding=\"async\" width=\"600\" height=\"400\" src=\"https:\/\/rentacaringreece.eu\/wp-content\/uploads\/2026\/01\/\u03c0\u03b1\u03c1\u03bf\u03c2-\u03bd\u03c5\u03c7\u03c4\u03b5\u03c1\u03b9\u03bd\u03b7-\u03b6\u03c9\u03b7.jpg\" data-orig-src=\"https:\/\/rentacaringreece.eu\/wp-content\/uploads\/2026\/01\/\u03c0\u03b1\u03c1\u03bf\u03c2-\u03bd\u03c5\u03c7\u03c4\u03b5\u03c1\u03b9\u03bd\u03b7-\u03b6\u03c9\u03b7.jpg\" alt class=\"lazyload img-responsive wp-image-10064\" srcset=\"data:image\/svg+xml,%3Csvg%20xmlns%3D%27http%3A%2F%2Fwww.w3.org%2F2000%2Fsvg%27%20width%3D%27600%27%20height%3D%27400%27%20viewBox%3D%270%200%20600%20400%27%3E%3Crect%20width%3D%27600%27%20height%3D%27400%27%20fill-opacity%3D%220%22%2F%3E%3C%2Fsvg%3E\" data-srcset=\"https:\/\/rentacaringreece.eu\/wp-content\/uploads\/2026\/01\/\u03c0\u03b1\u03c1\u03bf\u03c2-\u03bd\u03c5\u03c7\u03c4\u03b5\u03c1\u03b9\u03bd\u03b7-\u03b6\u03c9\u03b7-200x133.jpg 200w, https:\/\/rentacaringreece.eu\/wp-content\/uploads\/2026\/01\/\u03c0\u03b1\u03c1\u03bf\u03c2-\u03bd\u03c5\u03c7\u03c4\u03b5\u03c1\u03b9\u03bd\u03b7-\u03b6\u03c9\u03b7-400x267.jpg 400w, https:\/\/rentacaringreece.eu\/wp-content\/uploads\/2026\/01\/\u03c0\u03b1\u03c1\u03bf\u03c2-\u03bd\u03c5\u03c7\u03c4\u03b5\u03c1\u03b9\u03bd\u03b7-\u03b6\u03c9\u03b7.jpg 600w\" data-sizes=\"auto\" data-orig-sizes=\"(max-width: 768px) 100vw, 600px\" \/><\/span><\/div><\/div><\/div><div class=\"fusion-layout-column fusion_builder_column fusion-builder-column-6 fusion_builder_column_1_1 1_1 fusion-flex-column\" style=\"--awb-bg-size:cover;--awb-width-large:100%;--awb-margin-top-large:0px;--awb-spacing-right-large:1.92%;--awb-margin-bottom-large:20px;--awb-spacing-left-large:1.92%;--awb-width-medium:100%;--awb-order-medium:0;--awb-spacing-right-medium:1.92%;--awb-spacing-left-medium:1.92%;--awb-width-small:100%;--awb-order-small:0;--awb-spacing-right-small:1.92%;--awb-spacing-left-small:1.92%;\"><div class=\"fusion-column-wrapper fusion-column-has-shadow fusion-flex-justify-content-flex-start fusion-content-layout-column\"><div class=\"fusion-text fusion-text-3\"><div class=\"flex flex-col text-sm pb-25\">\n<h3 style=\"text-align: center;\" data-start=\"1867\" data-end=\"1911\"><strong>Unvergessliche Sommern\u00e4chte<\/strong><\/h3>\n<p data-start=\"1913\" data-end=\"2173\" data-is-last-node=\"\" data-is-only-node=\"\">Zusammenfassend ist das Nachtleben auf Paros ein wesentlicher Bestandteil der Erfahrung auf der Insel. Die Kombination aus sch\u00f6nen Orten, guter Musik, positiver Energie und sommerlicher Stimmung schafft N\u00e4chte voller Spa\u00df, die jedem Besucher unvergesslich bleiben.<\/p>\n<\/div>\n<\/div><\/div><\/div><\/div><\/div>\n","protected":false},"excerpt":{"rendered":"","protected":false},"author":1,"featured_media":0,"parent":0,"menu_order":0,"comment_status":"closed","ping_status":"closed","template":"100-width.php","meta":{"footnotes":""},"class_list":["post-10065","page","type-page","status-publish","hentry"],"_links":{"self":[{"href":"https:\/\/rentacaringreece.eu\/de\/wp-json\/wp\/v2\/pages\/10065","targetHints":{"allow":["GET"]}}],"collection":[{"href":"https:\/\/rentacaringreece.eu\/de\/wp-json\/wp\/v2\/pages"}],"about":[{"href":"https:\/\/rentacaringreece.eu\/de\/wp-json\/wp\/v2\/types\/page"}],"author":[{"embeddable":true,"href":"https:\/\/rentacaringreece.eu\/de\/wp-json\/wp\/v2\/users\/1"}],"replies":[{"embeddable":true,"href":"https:\/\/rentacaringreece.eu\/de\/wp-json\/wp\/v2\/comments?post=10065"}],"version-history":[{"count":3,"href":"https:\/\/rentacaringreece.eu\/de\/wp-json\/wp\/v2\/pages\/10065\/revisions"}],"predecessor-version":[{"id":10068,"href":"https:\/\/rentacaringreece.eu\/de\/wp-json\/wp\/v2\/pages\/10065\/revisions\/10068"}],"wp:attachment":[{"href":"https:\/\/rentacaringreece.eu\/de\/wp-json\/wp\/v2\/media?parent=10065"}],"curies":[{"name":"wp","href":"https:\/\/api.w.org\/{rel}","templated":true}]}}