{"id":10115,"date":"2026-01-18T16:00:08","date_gmt":"2026-01-18T14:00:08","guid":{"rendered":"https:\/\/rentacaringreece.eu\/?page_id=10115"},"modified":"2026-01-24T16:59:14","modified_gmt":"2026-01-24T14:59:14","slug":"jungfrau-maria-von-ekatontapiliani","status":"publish","type":"page","link":"https:\/\/rentacaringreece.eu\/de\/jungfrau-maria-von-ekatontapiliani\/","title":{"rendered":"Jungfrau Maria von Ekatontapiliani"},"content":{"rendered":"<div class=\"fusion-fullwidth fullwidth-box fusion-builder-row-1 fusion-flex-container has-pattern-background has-mask-background nonhundred-percent-fullwidth non-hundred-percent-height-scrolling\" style=\"--awb-border-radius-top-left:0px;--awb-border-radius-top-right:0px;--awb-border-radius-bottom-right:0px;--awb-border-radius-bottom-left:0px;--awb-margin-top:100px;--awb-flex-wrap:wrap;\" ><div class=\"fusion-builder-row fusion-row fusion-flex-align-items-flex-start fusion-flex-content-wrap\" style=\"max-width:1497.6px;margin-left: calc(-4% \/ 2 );margin-right: calc(-4% \/ 2 );\"><div class=\"fusion-layout-column fusion_builder_column fusion-builder-column-0 fusion_builder_column_1_1 1_1 fusion-flex-column\" style=\"--awb-bg-size:cover;--awb-width-large:100%;--awb-margin-top-large:0px;--awb-spacing-right-large:1.92%;--awb-margin-bottom-large:20px;--awb-spacing-left-large:1.92%;--awb-width-medium:100%;--awb-order-medium:0;--awb-spacing-right-medium:1.92%;--awb-spacing-left-medium:1.92%;--awb-width-small:100%;--awb-order-small:0;--awb-spacing-right-small:1.92%;--awb-spacing-left-small:1.92%;\"><div class=\"fusion-column-wrapper fusion-column-has-shadow fusion-flex-justify-content-flex-start fusion-content-layout-column\"><div class=\"fusion-text fusion-text-1\"><h1 style=\"text-align: center;\" data-start=\"0\" data-end=\"62\">Panagia Ekatontapyliani \u2013 La cath\u00e9drale historique de Paros<\/h1>\n<p>&nbsp;<\/p>\n<h1 data-start=\"64\" data-end=\"446\"><\/h1>\n<\/div><\/div><\/div><div class=\"fusion-layout-column fusion_builder_column fusion-builder-column-1 fusion_builder_column_1_2 1_2 fusion-flex-column\" style=\"--awb-bg-size:cover;--awb-width-large:50%;--awb-margin-top-large:0px;--awb-spacing-right-large:3.84%;--awb-margin-bottom-large:20px;--awb-spacing-left-large:3.84%;--awb-width-medium:50%;--awb-order-medium:0;--awb-spacing-right-medium:3.84%;--awb-spacing-left-medium:3.84%;--awb-width-small:100%;--awb-order-small:0;--awb-spacing-right-small:1.92%;--awb-spacing-left-small:1.92%;\"><div class=\"fusion-column-wrapper fusion-column-has-shadow fusion-flex-justify-content-flex-start fusion-content-layout-column\"><div class=\"fusion-image-element \" style=\"text-align:center;--awb-caption-title-font-family:var(--h2_typography-font-family);--awb-caption-title-font-weight:var(--h2_typography-font-weight);--awb-caption-title-font-style:var(--h2_typography-font-style);--awb-caption-title-size:var(--h2_typography-font-size);--awb-caption-title-transform:var(--h2_typography-text-transform);--awb-caption-title-line-height:var(--h2_typography-line-height);--awb-caption-title-letter-spacing:var(--h2_typography-letter-spacing);\"><span class=\" fusion-imageframe imageframe-none imageframe-1 hover-type-none\"><img decoding=\"async\" width=\"600\" height=\"400\" alt=\"\u03a0\u03b1\u03bd\u03b1\u03b3\u03af\u03b1 \u03b5\u03ba\u03b1\u03bd\u03c4\u03bf\u03c0\u03c5\u03bb\u03b9\u03b1\u03bd\u03ae \u03a0\u03ac\u03c1\u03bf\u03c2\" src=\"https:\/\/rentacaringreece.eu\/wp-content\/uploads\/2026\/01\/\u03b5\u03ba\u03ba\u03bb\u03b7\u03c3\u03b9\u03b1-\u03bc\u03b1\u03c1\u03c0\u03b7\u03c3\u03c3\u03b1.jpg\" data-orig-src=\"https:\/\/rentacaringreece.eu\/wp-content\/uploads\/2026\/01\/\u03b5\u03ba\u03ba\u03bb\u03b7\u03c3\u03b9\u03b1-\u03bc\u03b1\u03c1\u03c0\u03b7\u03c3\u03c3\u03b1.jpg\" class=\"lazyload img-responsive wp-image-9817\" srcset=\"data:image\/svg+xml,%3Csvg%20xmlns%3D%27http%3A%2F%2Fwww.w3.org%2F2000%2Fsvg%27%20width%3D%27600%27%20height%3D%27400%27%20viewBox%3D%270%200%20600%20400%27%3E%3Crect%20width%3D%27600%27%20height%3D%27400%27%20fill-opacity%3D%220%22%2F%3E%3C%2Fsvg%3E\" data-srcset=\"https:\/\/rentacaringreece.eu\/wp-content\/uploads\/2026\/01\/\u03b5\u03ba\u03ba\u03bb\u03b7\u03c3\u03b9\u03b1-\u03bc\u03b1\u03c1\u03c0\u03b7\u03c3\u03c3\u03b1-200x133.jpg 200w, https:\/\/rentacaringreece.eu\/wp-content\/uploads\/2026\/01\/\u03b5\u03ba\u03ba\u03bb\u03b7\u03c3\u03b9\u03b1-\u03bc\u03b1\u03c1\u03c0\u03b7\u03c3\u03c3\u03b1-400x267.jpg 400w, https:\/\/rentacaringreece.eu\/wp-content\/uploads\/2026\/01\/\u03b5\u03ba\u03ba\u03bb\u03b7\u03c3\u03b9\u03b1-\u03bc\u03b1\u03c1\u03c0\u03b7\u03c3\u03c3\u03b1.jpg 600w\" data-sizes=\"auto\" data-orig-sizes=\"(max-width: 768px) 100vw, 600px\" \/><\/span><\/div><\/div><\/div><div class=\"fusion-layout-column fusion_builder_column fusion-builder-column-2 fusion_builder_column_1_2 1_2 fusion-flex-column\" style=\"--awb-bg-size:cover;--awb-width-large:50%;--awb-margin-top-large:0px;--awb-spacing-right-large:3.84%;--awb-margin-bottom-large:20px;--awb-spacing-left-large:3.84%;--awb-width-medium:50%;--awb-order-medium:0;--awb-spacing-right-medium:3.84%;--awb-spacing-left-medium:3.84%;--awb-width-small:100%;--awb-order-small:0;--awb-spacing-right-small:1.92%;--awb-spacing-left-small:1.92%;\"><div class=\"fusion-column-wrapper fusion-column-has-shadow fusion-flex-justify-content-flex-start fusion-content-layout-column\"><div class=\"fusion-image-element \" style=\"text-align:center;--awb-caption-title-font-family:var(--h2_typography-font-family);--awb-caption-title-font-weight:var(--h2_typography-font-weight);--awb-caption-title-font-style:var(--h2_typography-font-style);--awb-caption-title-size:var(--h2_typography-font-size);--awb-caption-title-transform:var(--h2_typography-text-transform);--awb-caption-title-line-height:var(--h2_typography-line-height);--awb-caption-title-letter-spacing:var(--h2_typography-letter-spacing);\"><span class=\" fusion-imageframe imageframe-none imageframe-2 hover-type-none\"><img decoding=\"async\" width=\"600\" height=\"400\" src=\"https:\/\/rentacaringreece.eu\/wp-content\/uploads\/2026\/01\/\u03b5\u03ba\u03b1\u03c4\u03bf\u03bd\u03c4\u03b1\u03c0\u03c5\u03bb\u03b9\u03b1\u03bd\u03b7.jpg\" data-orig-src=\"https:\/\/rentacaringreece.eu\/wp-content\/uploads\/2026\/01\/\u03b5\u03ba\u03b1\u03c4\u03bf\u03bd\u03c4\u03b1\u03c0\u03c5\u03bb\u03b9\u03b1\u03bd\u03b7.jpg\" alt class=\"lazyload img-responsive wp-image-10112\" srcset=\"data:image\/svg+xml,%3Csvg%20xmlns%3D%27http%3A%2F%2Fwww.w3.org%2F2000%2Fsvg%27%20width%3D%27600%27%20height%3D%27400%27%20viewBox%3D%270%200%20600%20400%27%3E%3Crect%20width%3D%27600%27%20height%3D%27400%27%20fill-opacity%3D%220%22%2F%3E%3C%2Fsvg%3E\" data-srcset=\"https:\/\/rentacaringreece.eu\/wp-content\/uploads\/2026\/01\/\u03b5\u03ba\u03b1\u03c4\u03bf\u03bd\u03c4\u03b1\u03c0\u03c5\u03bb\u03b9\u03b1\u03bd\u03b7-200x133.jpg 200w, https:\/\/rentacaringreece.eu\/wp-content\/uploads\/2026\/01\/\u03b5\u03ba\u03b1\u03c4\u03bf\u03bd\u03c4\u03b1\u03c0\u03c5\u03bb\u03b9\u03b1\u03bd\u03b7-400x267.jpg 400w, https:\/\/rentacaringreece.eu\/wp-content\/uploads\/2026\/01\/\u03b5\u03ba\u03b1\u03c4\u03bf\u03bd\u03c4\u03b1\u03c0\u03c5\u03bb\u03b9\u03b1\u03bd\u03b7.jpg 600w\" data-sizes=\"auto\" data-orig-sizes=\"(max-width: 768px) 100vw, 600px\" \/><\/span><\/div><\/div><\/div><div class=\"fusion-layout-column fusion_builder_column fusion-builder-column-3 fusion_builder_column_1_1 1_1 fusion-flex-column\" style=\"--awb-bg-size:cover;--awb-width-large:100%;--awb-margin-top-large:0px;--awb-spacing-right-large:1.92%;--awb-margin-bottom-large:20px;--awb-spacing-left-large:1.92%;--awb-width-medium:100%;--awb-order-medium:0;--awb-spacing-right-medium:1.92%;--awb-spacing-left-medium:1.92%;--awb-width-small:100%;--awb-order-small:0;--awb-spacing-right-small:1.92%;--awb-spacing-left-small:1.92%;\"><div class=\"fusion-column-wrapper fusion-column-has-shadow fusion-flex-justify-content-flex-start fusion-content-layout-column\"><div class=\"fusion-text fusion-text-2\"><p data-start=\"64\" data-end=\"446\">Die Panagia Ekatontapyliani, auch bekannt als \u201ePanagia Dormition der Theotokos\u201c, ist eines der bedeutendsten religi\u00f6sen und historischen Denkm\u00e4ler von Paros und ganz Griechenland. Sie befindet sich in Paroikia, an einem zentralen Punkt der Insel, und ist eines der emblematischsten Ziele f\u00fcr Besucher, die sich f\u00fcr Geschichte, Architektur und Spiritualit\u00e4t interessieren.<\/p>\n<h3 style=\"text-align: center;\" data-start=\"448\" data-end=\"484\"><strong>Historische und religi\u00f6se Bedeutung<\/strong><\/h3>\n<p data-start=\"486\" data-end=\"932\">Die Ekatontapyliani ist eine der \u00e4ltesten christlichen Kirchen in Griechenland und gilt als besonders wichtig f\u00fcr die Geschichte der Orthodoxie. Der \u00dcberlieferung zufolge wurde die Kirche im 4. Jahrhundert n. Chr. erbaut, w\u00e4hrend sp\u00e4tere Erg\u00e4nzungen und Renovierungen aus dem 6. bis zum 17. Jahrhundert stammen. Ihr Name leitet sich von der Tradition ab, dass sie \u201ehundert Tore\u201c hat, was die besondere Bedeutung und die gro\u00dfe Ausstrahlung des Denkmals symbolisiert.<\/p>\n<h3 style=\"text-align: center;\" data-start=\"934\" data-end=\"973\"><strong>Architektonischer und k\u00fcnstlerischer Wert<\/strong><\/h3>\n<p data-start=\"975\" data-end=\"1365\">Die Panagia Ekatontapyliani zeichnet sich durch ihre Architektur aus, die Elemente verschiedener Epochen und Stile vereint. Die Kirche hat eine kreuzf\u00f6rmige Basilikaform mit einer Kuppel, und im Inneren befinden sich bedeutende Fresken, Ikonen und antike architektonische Elemente. Das Gef\u00fchl von Gr\u00f6\u00dfe und die Ruhe, die der Raum ausstrahlt, machen den Besuch besonders bewegend und beeindruckend.<\/p>\n<h3 style=\"text-align: center;\" data-start=\"1367\" data-end=\"1392\"><strong>Besuch und Erlebnis<\/strong><\/h3>\n<p data-start=\"1394\" data-end=\"1816\">Der Besuch der Ekatontapyliani ist ein einzigartiges Erlebnis f\u00fcr jeden Besucher von Paros. Die Kirche liegt nahe dem Zentrum von Paroikia und ist sowohl zu Fu\u00df als auch mit dem Auto leicht erreichbar. Besucher k\u00f6nnen das Gel\u00e4nde erkunden, die Fresken bewundern und die Ruhe genie\u00dfen, die das Denkmal bietet. Sie ist auch ein bedeutender Ort der Verehrung und des Gebets f\u00fcr Gl\u00e4ubige.<\/p>\n<\/div><\/div><\/div><div class=\"fusion-layout-column fusion_builder_column fusion-builder-column-4 fusion_builder_column_1_2 1_2 fusion-flex-column\" style=\"--awb-bg-size:cover;--awb-width-large:50%;--awb-margin-top-large:0px;--awb-spacing-right-large:3.84%;--awb-margin-bottom-large:20px;--awb-spacing-left-large:3.84%;--awb-width-medium:50%;--awb-order-medium:0;--awb-spacing-right-medium:3.84%;--awb-spacing-left-medium:3.84%;--awb-width-small:100%;--awb-order-small:0;--awb-spacing-right-small:1.92%;--awb-spacing-left-small:1.92%;\"><div class=\"fusion-column-wrapper fusion-column-has-shadow fusion-flex-justify-content-flex-start fusion-content-layout-column\"><div class=\"fusion-image-element \" style=\"text-align:center;--awb-caption-title-font-family:var(--h2_typography-font-family);--awb-caption-title-font-weight:var(--h2_typography-font-weight);--awb-caption-title-font-style:var(--h2_typography-font-style);--awb-caption-title-size:var(--h2_typography-font-size);--awb-caption-title-transform:var(--h2_typography-text-transform);--awb-caption-title-line-height:var(--h2_typography-line-height);--awb-caption-title-letter-spacing:var(--h2_typography-letter-spacing);\"><span class=\" fusion-imageframe imageframe-none imageframe-3 hover-type-none\"><img decoding=\"async\" width=\"600\" height=\"400\" src=\"https:\/\/rentacaringreece.eu\/wp-content\/uploads\/2026\/01\/\u03b5\u03ba\u03b1\u03c4\u03bf\u03bd\u03c4\u03b1\u03c0\u03c5\u03bb\u03b9\u03b8\u03b1\u03bd\u03b7-42.jpg\" data-orig-src=\"https:\/\/rentacaringreece.eu\/wp-content\/uploads\/2026\/01\/\u03b5\u03ba\u03b1\u03c4\u03bf\u03bd\u03c4\u03b1\u03c0\u03c5\u03bb\u03b9\u03b8\u03b1\u03bd\u03b7-42.jpg\" alt class=\"lazyload img-responsive wp-image-10113\" srcset=\"data:image\/svg+xml,%3Csvg%20xmlns%3D%27http%3A%2F%2Fwww.w3.org%2F2000%2Fsvg%27%20width%3D%27600%27%20height%3D%27400%27%20viewBox%3D%270%200%20600%20400%27%3E%3Crect%20width%3D%27600%27%20height%3D%27400%27%20fill-opacity%3D%220%22%2F%3E%3C%2Fsvg%3E\" data-srcset=\"https:\/\/rentacaringreece.eu\/wp-content\/uploads\/2026\/01\/\u03b5\u03ba\u03b1\u03c4\u03bf\u03bd\u03c4\u03b1\u03c0\u03c5\u03bb\u03b9\u03b8\u03b1\u03bd\u03b7-42-200x133.jpg 200w, https:\/\/rentacaringreece.eu\/wp-content\/uploads\/2026\/01\/\u03b5\u03ba\u03b1\u03c4\u03bf\u03bd\u03c4\u03b1\u03c0\u03c5\u03bb\u03b9\u03b8\u03b1\u03bd\u03b7-42-400x267.jpg 400w, https:\/\/rentacaringreece.eu\/wp-content\/uploads\/2026\/01\/\u03b5\u03ba\u03b1\u03c4\u03bf\u03bd\u03c4\u03b1\u03c0\u03c5\u03bb\u03b9\u03b8\u03b1\u03bd\u03b7-42.jpg 600w\" data-sizes=\"auto\" data-orig-sizes=\"(max-width: 768px) 100vw, 600px\" \/><\/span><\/div><\/div><\/div><div class=\"fusion-layout-column fusion_builder_column fusion-builder-column-5 fusion_builder_column_1_2 1_2 fusion-flex-column\" style=\"--awb-bg-size:cover;--awb-width-large:50%;--awb-margin-top-large:0px;--awb-spacing-right-large:3.84%;--awb-margin-bottom-large:20px;--awb-spacing-left-large:3.84%;--awb-width-medium:50%;--awb-order-medium:0;--awb-spacing-right-medium:3.84%;--awb-spacing-left-medium:3.84%;--awb-width-small:100%;--awb-order-small:0;--awb-spacing-right-small:1.92%;--awb-spacing-left-small:1.92%;\"><div class=\"fusion-column-wrapper fusion-column-has-shadow fusion-flex-justify-content-flex-start fusion-content-layout-column\"><div class=\"fusion-image-element \" style=\"text-align:center;--awb-caption-title-font-family:var(--h2_typography-font-family);--awb-caption-title-font-weight:var(--h2_typography-font-weight);--awb-caption-title-font-style:var(--h2_typography-font-style);--awb-caption-title-size:var(--h2_typography-font-size);--awb-caption-title-transform:var(--h2_typography-text-transform);--awb-caption-title-line-height:var(--h2_typography-line-height);--awb-caption-title-letter-spacing:var(--h2_typography-letter-spacing);\"><span class=\" fusion-imageframe imageframe-none imageframe-4 hover-type-none\"><img decoding=\"async\" width=\"600\" height=\"400\" src=\"https:\/\/rentacaringreece.eu\/wp-content\/uploads\/2026\/01\/\u03b3\u03bb\u03c1\u03c2\u03be.jpg\" data-orig-src=\"https:\/\/rentacaringreece.eu\/wp-content\/uploads\/2026\/01\/\u03b3\u03bb\u03c1\u03c2\u03be.jpg\" alt class=\"lazyload img-responsive wp-image-10114\" srcset=\"data:image\/svg+xml,%3Csvg%20xmlns%3D%27http%3A%2F%2Fwww.w3.org%2F2000%2Fsvg%27%20width%3D%27600%27%20height%3D%27400%27%20viewBox%3D%270%200%20600%20400%27%3E%3Crect%20width%3D%27600%27%20height%3D%27400%27%20fill-opacity%3D%220%22%2F%3E%3C%2Fsvg%3E\" data-srcset=\"https:\/\/rentacaringreece.eu\/wp-content\/uploads\/2026\/01\/\u03b3\u03bb\u03c1\u03c2\u03be-200x133.jpg 200w, https:\/\/rentacaringreece.eu\/wp-content\/uploads\/2026\/01\/\u03b3\u03bb\u03c1\u03c2\u03be-400x267.jpg 400w, https:\/\/rentacaringreece.eu\/wp-content\/uploads\/2026\/01\/\u03b3\u03bb\u03c1\u03c2\u03be.jpg 600w\" data-sizes=\"auto\" data-orig-sizes=\"(max-width: 768px) 100vw, 600px\" \/><\/span><\/div><\/div><\/div><div class=\"fusion-layout-column fusion_builder_column fusion-builder-column-6 fusion_builder_column_1_1 1_1 fusion-flex-column\" style=\"--awb-bg-size:cover;--awb-width-large:100%;--awb-margin-top-large:0px;--awb-spacing-right-large:1.92%;--awb-margin-bottom-large:20px;--awb-spacing-left-large:1.92%;--awb-width-medium:100%;--awb-order-medium:0;--awb-spacing-right-medium:1.92%;--awb-spacing-left-medium:1.92%;--awb-width-small:100%;--awb-order-small:0;--awb-spacing-right-small:1.92%;--awb-spacing-left-small:1.92%;\"><div class=\"fusion-column-wrapper fusion-column-has-shadow fusion-flex-justify-content-flex-start fusion-content-layout-column\"><div class=\"fusion-text fusion-text-3\"><h3 style=\"text-align: center;\" data-start=\"1818\" data-end=\"1858\"><strong>Ein Denkmal, das Paros pr\u00e4gt<\/strong><\/h3>\n<p data-start=\"1860\" data-end=\"2214\" data-is-last-node=\"\" data-is-only-node=\"\">Die Panagia Ekatontapyliani ist ein integraler Bestandteil der kulturellen Identit\u00e4t von Paros. Ihre Geschichte, ihre Architektur und ihre religi\u00f6se Bedeutung machen sie zu einem der wichtigsten Ziele der Insel. Jeder Besucher, der nach Paros kommt, sollte sie besuchen und die tiefe Geschichte sowie die spirituelle Atmosph\u00e4re sp\u00fcren, die sie ausstrahlt.<\/p>\n<\/div><\/div><\/div><\/div><\/div>\n","protected":false},"excerpt":{"rendered":"","protected":false},"author":1,"featured_media":0,"parent":0,"menu_order":0,"comment_status":"closed","ping_status":"closed","template":"100-width.php","meta":{"footnotes":""},"class_list":["post-10115","page","type-page","status-publish","hentry"],"_links":{"self":[{"href":"https:\/\/rentacaringreece.eu\/de\/wp-json\/wp\/v2\/pages\/10115","targetHints":{"allow":["GET"]}}],"collection":[{"href":"https:\/\/rentacaringreece.eu\/de\/wp-json\/wp\/v2\/pages"}],"about":[{"href":"https:\/\/rentacaringreece.eu\/de\/wp-json\/wp\/v2\/types\/page"}],"author":[{"embeddable":true,"href":"https:\/\/rentacaringreece.eu\/de\/wp-json\/wp\/v2\/users\/1"}],"replies":[{"embeddable":true,"href":"https:\/\/rentacaringreece.eu\/de\/wp-json\/wp\/v2\/comments?post=10115"}],"version-history":[{"count":3,"href":"https:\/\/rentacaringreece.eu\/de\/wp-json\/wp\/v2\/pages\/10115\/revisions"}],"predecessor-version":[{"id":10118,"href":"https:\/\/rentacaringreece.eu\/de\/wp-json\/wp\/v2\/pages\/10115\/revisions\/10118"}],"wp:attachment":[{"href":"https:\/\/rentacaringreece.eu\/de\/wp-json\/wp\/v2\/media?parent=10115"}],"curies":[{"name":"wp","href":"https:\/\/api.w.org\/{rel}","templated":true}]}}