{"id":7226,"date":"2024-12-15T13:40:12","date_gmt":"2024-12-15T11:40:12","guid":{"rendered":"https:\/\/rentacaringreece.eu\/?page_id=7226"},"modified":"2025-01-19T12:06:27","modified_gmt":"2025-01-19T10:06:27","slug":"7226-2","status":"publish","type":"page","link":"https:\/\/rentacaringreece.eu\/de\/7226-2\/","title":{"rendered":""},"content":{"rendered":"<p><div class=\"fusion-fullwidth fullwidth-box fusion-builder-row-1 fusion-flex-container has-pattern-background has-mask-background nonhundred-percent-fullwidth non-hundred-percent-height-scrolling\" style=\"--awb-border-radius-top-left:0px;--awb-border-radius-top-right:0px;--awb-border-radius-bottom-right:0px;--awb-border-radius-bottom-left:0px;--awb-flex-wrap:wrap;\" ><div class=\"fusion-builder-row fusion-row fusion-flex-align-items-flex-start fusion-flex-content-wrap\" style=\"max-width:1497.6px;margin-left: calc(-4% \/ 2 );margin-right: calc(-4% \/ 2 );\"><div class=\"fusion-layout-column fusion_builder_column fusion-builder-column-0 fusion_builder_column_1_1 1_1 fusion-flex-column\" style=\"--awb-bg-size:cover;--awb-width-large:100%;--awb-margin-top-large:0px;--awb-spacing-right-large:1.92%;--awb-margin-bottom-large:20px;--awb-spacing-left-large:1.92%;--awb-width-medium:100%;--awb-order-medium:0;--awb-spacing-right-medium:1.92%;--awb-spacing-left-medium:1.92%;--awb-width-small:100%;--awb-order-small:0;--awb-spacing-right-small:1.92%;--awb-spacing-left-small:1.92%;\"><div class=\"fusion-column-wrapper fusion-column-has-shadow fusion-flex-justify-content-flex-start fusion-content-layout-column\"><div class=\"fusion-image-element \" style=\"text-align:center;--awb-caption-title-font-family:var(--h2_typography-font-family);--awb-caption-title-font-weight:var(--h2_typography-font-weight);--awb-caption-title-font-style:var(--h2_typography-font-style);--awb-caption-title-size:var(--h2_typography-font-size);--awb-caption-title-transform:var(--h2_typography-text-transform);--awb-caption-title-line-height:var(--h2_typography-line-height);--awb-caption-title-letter-spacing:var(--h2_typography-letter-spacing);\"><span class=\" fusion-imageframe imageframe-none imageframe-1 hover-type-none\"><img decoding=\"async\" width=\"1500\" height=\"844\" alt=\"\u03a0\u03b1\u03c1\u03ac\u03b4\u03bf\u03c3\u03b7 \u03ba\u03b1\u03b9 \u03a0\u03b1\u03c1\u03b1\u03bb\u03b1\u03b2\u03ae \u0391\u03c5\u03c4\u03bf\u03ba\u03b9\u03bd\u03ae\u03c4\u03bf\u03c5 \u03c3\u03c4\u03bf \u0391\u03b5\u03c1\u03bf\u03b4\u03c1\u03cc\u03bc\u03b9\u03bf \u0398\u03b5\u03c3\u03c3\u03b1\u03bb\u03bf\u03bd\u03af\u03ba\u03b7\u03c2\" title=\"\u03a0\u03b1\u03c1\u03ac\u03b4\u03bf\u03c3\u03b7 \u03ba\u03b1\u03b9 \u03a0\u03b1\u03c1\u03b1\u03bb\u03b1\u03b2\u03ae \u0391\u03c5\u03c4\u03bf\u03ba\u03b9\u03bd\u03ae\u03c4\u03bf\u03c5 \u03c3\u03c4\u03bf \u0391\u03b5\u03c1\u03bf\u03b4\u03c1\u03cc\u03bc\u03b9\u03bf \u0398\u03b5\u03c3\u03c3\u03b1\u03bb\u03bf\u03bd\u03af\u03ba\u03b7\u03c2\" src=\"https:\/\/rentacaringreece.eu\/wp-content\/uploads\/2024\/08\/\u03b1\u03b5\u03c1.jpg\" data-orig-src=\"https:\/\/rentacaringreece.eu\/wp-content\/uploads\/2024\/08\/\u03b1\u03b5\u03c1.jpg\" class=\"lazyload img-responsive wp-image-5307\" srcset=\"data:image\/svg+xml,%3Csvg%20xmlns%3D%27http%3A%2F%2Fwww.w3.org%2F2000%2Fsvg%27%20width%3D%271500%27%20height%3D%27844%27%20viewBox%3D%270%200%201500%20844%27%3E%3Crect%20width%3D%271500%27%20height%3D%27844%27%20fill-opacity%3D%220%22%2F%3E%3C%2Fsvg%3E\" data-srcset=\"https:\/\/rentacaringreece.eu\/wp-content\/uploads\/2024\/08\/\u03b1\u03b5\u03c1-200x113.jpg 200w, https:\/\/rentacaringreece.eu\/wp-content\/uploads\/2024\/08\/\u03b1\u03b5\u03c1-400x225.jpg 400w, https:\/\/rentacaringreece.eu\/wp-content\/uploads\/2024\/08\/\u03b1\u03b5\u03c1-600x338.jpg 600w, https:\/\/rentacaringreece.eu\/wp-content\/uploads\/2024\/08\/\u03b1\u03b5\u03c1-800x450.jpg 800w, https:\/\/rentacaringreece.eu\/wp-content\/uploads\/2024\/08\/\u03b1\u03b5\u03c1-1200x675.jpg 1200w, https:\/\/rentacaringreece.eu\/wp-content\/uploads\/2024\/08\/\u03b1\u03b5\u03c1.jpg 1500w\" data-sizes=\"auto\" data-orig-sizes=\"(max-width: 768px) 100vw, 1500px\" \/><\/span><\/div><div class=\"fusion-text fusion-text-1\"><h1 style=\"text-align: center;\">Lieferung und Abholung des Autos am Flughafen Thessaloniki: Komfort und Bequemlichkeit mit RentaCarinGreece<\/h1>\n<p style=\"text-align: left;\">Lieferung und Abholung des Autos am Flughafen Thessaloniki: Komfort und Bequemlichkeit mit RentaCarinGreeLieferung und Abholung des Autos am Flughafen Thessaloniki: Komfort und Bequemlichkeit mit RentaCarinGreeceLieferung und Abholung des Autos am Flughafen Thessaloniki: Komfort und Bequemlichkeit mit RentaCarinGreeceLieferung und Abholung des Autos am Flughafen Thessaloniki: Komfort und Bequemlichkeit mit RentaCarinGreeceLieferung und Abholung des Autos am Flughafen Thessaloniki: Komfort und Bequemlichkeit mit RentaCarinGreeceLieferung und Abholung des Autos am Flughafen Thessaloniki: Komfort und Bequemlichkeit mit RentaCarinGreece<\/p>\n<p>Wenn Sie nach Thessaloniki reisen, ist die Fahrzeug\u00fcbergabe und -abholung am Flughafen Thessaloniki die praktischste und bequemste Option, um Ihre Reise sofort ohne Verz\u00f6gerung zu beginnen. <a href=\"https:\/\/rentacaringreece.eu\/\">RentaCarinGreece<\/a> hat ihre Dienstleistungen mit dem Fokus auf die Bequemlichkeit und den Service f\u00fcr Reisende entwickelt und bietet einen einfachen und schnellen Mietprozess, der es Ihnen erm\u00f6glicht, Ihr Fahrzeug sofort nach Ihrer Ankunft am <a href=\"https:\/\/maps.app.goo.gl\/u7JZ9XbXpDAUjiMM8\" target=\"_blank\" rel=\"noopener\">Flughafen Thessaloniki Makedonia (SKG)<\/a> abzuholen.<\/p>\n<p>Warum die Fahrzeug\u00fcbergabe und -abholung am <a href=\"https:\/\/maps.app.goo.gl\/u7JZ9XbXpDAUjiMM8\" target=\"_blank\" rel=\"noopener\">Flughafen Thessaloniki SKG<\/a> w\u00e4hlen?<br \/>\nDie Wahl der Fahrzeug\u00fcbergabe und -abholung am Flughafen Thessaloniki bietet viele Vorteile, besonders f\u00fcr Reisende, die Zeit sparen und ihre Reise komfortabel genie\u00dfen m\u00f6chten. Sobald Sie aus dem Flugzeug steigen, ist Ihr Fahrzeug bereit zur Abholung, sodass Sie Ihre Reise sofort beginnen k\u00f6nnen, ohne zus\u00e4tzliche Transfers oder Verz\u00f6gerungen.<\/p>\n<p>Dieser Service bietet Ihnen auch die M\u00f6glichkeit, die M\u00fche zu vermeiden, nach anderen Verkehrsmitteln wie Taxis oder Bussen zu suchen, die insbesondere zu Sto\u00dfzeiten m\u00f6glicherweise schwer verf\u00fcgbar sind. Mit der Fahrzeug\u00fcbergabe und -abholung am Flughafen Thessaloniki stellt <a href=\"https:\/\/rentacaringreece.eu\/\">RentaCarinGreece<\/a> sicher, dass Sie Ihre Reise auf die beste Weise starten, ohne sich Sorgen machen zu m\u00fcssen, wie Sie zu Ihrem endg\u00fcltigen Ziel gelangen.<\/p>\n<p>Der Prozess der Fahrzeugabholung am <a href=\"https:\/\/maps.app.goo.gl\/u7JZ9XbXpDAUjiMM8\" target=\"_blank\" rel=\"noopener\">Flughafen Thessaloniki Makedonia SKG<\/a><br \/>\nDer Abholprozess am Flughafen Thessaloniki ist einfach und direkt. <a href=\"https:\/\/rentacaringreece.eu\/\">RentaCarinGreece<\/a> sorgt daf\u00fcr, dass das Fahrzeug, das Sie ausgew\u00e4hlt haben, bereit ist, wenn Sie am Flughafen ankommen. Informieren Sie uns einfach \u00fcber die genaue Ankunftszeit, und unser Team wird Sie an einem vorab festgelegten Treffpunkt im Flughafenbereich, im Parkhaus 5, erwarten, um Sie mit dem Minibus zum Parkplatz des Unternehmens zu bringen, wo Ihr Fahrzeug \u00fcbergeben wird.<\/p>\n<p>Bei der Abholung haben Sie die M\u00f6glichkeit, eine schnelle Inspektion des Fahrzeugs durchzuf\u00fchren, die n\u00f6tigen Informationen zum Fahrzeug zu erhalten und etwaige Fragen zu seiner Nutzung oder den Routen, die Sie befahren m\u00f6chten, zu stellen. Unser Team wird Ihnen bei allem helfen, damit Sie Ihre Reise ohne Probleme beginnen k\u00f6nnen.<\/p>\n<p>Vorteile der Fahrzeug\u00fcbergabe und -abholung am <a href=\"https:\/\/maps.app.goo.gl\/u7JZ9XbXpDAUjiMM8\" target=\"_blank\" rel=\"noopener\">Flughafen Thessaloniki Makedonia SKG<\/a><br \/>\nDie Fahrzeug\u00fcbergabe und -abholung am <a href=\"https:\/\/maps.app.goo.gl\/u7JZ9XbXpDAUjiMM8\" target=\"_blank\" rel=\"noopener\">Flughafen Thessaloniki SKG<\/a> bietet bedeutende Vorteile im Vergleich zu anderen Verkehrsmitteln. Erstens erm\u00f6glicht sie es Ihnen, Ihre Reise nach Ihren eigenen Bed\u00fcrfnissen und Vorlieben zu organisieren. Sie m\u00fcssen sich keine Gedanken \u00fcber die Fahrpl\u00e4ne \u00f6ffentlicher Verkehrsmittel oder die Suche nach Taxis an einem unbekannten Zielort machen.<\/p>\n<p>Ein weiteres gro\u00dfes Plus ist der Komfort und die Sicherheit, die dieser Transportservice bietet. Wenn Sie Ihr Fahrzeug direkt von unseren B\u00fcros im Flughafenbereich abholen, haben Sie die M\u00f6glichkeit, das Fahrzeug zu \u00fcberpr\u00fcfen und sicherzustellen, dass es sich in einwandfreiem Zustand befindet, bevor Sie Ihre Reise beginnen. Dar\u00fcber hinaus steht Ihnen das Team von <a href=\"https:\/\/rentacaringreece.eu\/\">RentaCarinGreece<\/a> jederzeit zur Verf\u00fcgung, um Sie bei etwaigen Bed\u00fcrfnissen w\u00e4hrend der Mietdauer zu unterst\u00fctzen.<\/p>\n<p>Au\u00dferdem erfolgt die R\u00fcckgabe des Fahrzeugs am Flughafen Thessaloniki in unserem B\u00fcro. Hier wird die Kaution zur\u00fcckerstattet, das Fahrzeug eingecheckt und Sie werden zur Abflugbr\u00fccke des Flughafens Thessaloniki zum Eingang der Abfl\u00fcge gebracht. Der gesamte Prozess findet im Flughafenbereich statt, ohne unn\u00f6tige Transfers oder Wartezeiten.<\/p>\n<p>Erkunden Sie Thessaloniki und Nordgriechenland mit Komfort<br \/>\nMit der Fahrzeug\u00fcbergabe und -abholung am Flughafen Thessaloniki k\u00f6nnen Sie sofort mit der Erkundung von Thessaloniki und der weiteren Region Nordgriechenland beginnen. Die Stadt bietet zahlreiche Sehensw\u00fcrdigkeiten und interessante Orte, vom emblematischen <a href=\"https:\/\/maps.app.goo.gl\/pThMQk2ZKFdXZRQe7\" target=\"_blank\" rel=\"noopener\">Wei\u00dfen Turm<\/a> und der Oberstadt bis hin zu den vielen Museen und malerischen Vierteln.<\/p>\n<p>Die M\u00f6glichkeit, Ihr eigenes Fahrzeug zur Verf\u00fcgung zu haben, bedeutet, dass Sie Ihre Routen nach Belieben planen k\u00f6nnen, w\u00e4hrend Sie die Freiheit genie\u00dfen, die Orte zu besuchen, die Sie am meisten interessieren, in Ihrem eigenen Tempo. Ob Sie die Str\u00e4nde von <a href=\"https:\/\/maps.app.goo.gl\/ZVrho15sYxDnE3jW7\" target=\"_blank\" rel=\"noopener\">Chalkidiki<\/a> besuchen oder das reiche kulturelle Erbe Makedoniens erkunden m\u00f6chten, Rent a Car in Greece bietet Ihnen die ideale L\u00f6sung.<\/p>\n<p>Wirtschaftlichkeit und Flexibilit\u00e4t mit Rent a Car in Greece<br \/>\nRent a Car in Greece bietet wettbewerbsf\u00e4hige Preise und flexible Mietpakete, die an die Bed\u00fcrfnisse jedes Reisenden angepasst sind. Die Fahrzeug\u00fcbergabe und -abholung am Flughafen Thessaloniki enth\u00e4lt keine versteckten Geb\u00fchren oder zus\u00e4tzlichen Kosten, sodass Sie Ihre Reise ohne unerwartete Ausgaben genie\u00dfen k\u00f6nnen.<\/p>\n<p>Au\u00dferdem bietet unser Unternehmen eine gro\u00dfe Flotte moderner und gut gewarteter Fahrzeuge, die allen Bed\u00fcrfnissen und Vorlieben gerecht werden. Ob Sie ein kleines Stadtfahrzeug oder ein ger\u00e4umiges SUV f\u00fcr Familienurlaub ben\u00f6tigen, wir haben die perfekte Wahl f\u00fcr Sie. Rent a Car in Greece gew\u00e4hrleistet Ihnen Komfort und Sicherheit auf jeder Fahrt.<\/p>\n<p>Fazit<br \/>\nDie Fahrzeug\u00fcbergabe und -abholung am Flughafen Thessaloniki ist die ideale L\u00f6sung f\u00fcr jeden Reisenden, der seine Reise mit Komfort, Bequemlichkeit und Sicherheit beginnen m\u00f6chte. Rent a Car in Greece bietet Ihnen einen umfassenden Transportservice, der es Ihnen erm\u00f6glicht, Ihr Fahrzeug direkt von unserem Parkplatz im Flughafenbereich abzuholen, wodurch Sie Zeit und Geld sparen und die Freiheit genie\u00dfen, Thessaloniki und Nordgriechenland auf eigene Faust zu erkunden.<\/p>\n<p>W\u00e4hlen Sie Rent a Car in Greece f\u00fcr Ihren n\u00e4chsten Besuch in Thessaloniki und entdecken Sie, wie die Fahrzeug\u00fcbergabe und -abholung am Flughafen Thessaloniki Ihre Reise angenehmer und unvergesslicher machen kann. Kontaktieren Sie uns noch heute, um Ihr Fahrzeug zu buchen und Ihr Abenteuer in Nordgriechenland mit Komfort und Sicherheit zu beginnen.<\/p>\n<\/div><\/div><\/div><\/div><\/div><div class=\"fusion-fullwidth fullwidth-box fusion-builder-row-2 fusion-flex-container nonhundred-percent-fullwidth non-hundred-percent-height-scrolling\" style=\"--awb-border-radius-top-left:0px;--awb-border-radius-top-right:0px;--awb-border-radius-bottom-right:0px;--awb-border-radius-bottom-left:0px;--awb-flex-wrap:wrap;\" ><div class=\"fusion-builder-row fusion-row fusion-flex-align-items-flex-start fusion-flex-content-wrap\" style=\"max-width:1497.6px;margin-left: calc(-4% \/ 2 );margin-right: calc(-4% \/ 2 );\"><div class=\"fusion-layout-column fusion_builder_column fusion-builder-column-1 fusion_builder_column_1_1 1_1 fusion-flex-column\" style=\"--awb-bg-size:cover;--awb-width-large:100%;--awb-margin-top-large:0px;--awb-spacing-right-large:1.92%;--awb-margin-bottom-large:0px;--awb-spacing-left-large:1.92%;--awb-width-medium:100%;--awb-spacing-right-medium:1.92%;--awb-spacing-left-medium:1.92%;--awb-width-small:100%;--awb-spacing-right-small:1.92%;--awb-spacing-left-small:1.92%;\"><div class=\"fusion-column-wrapper fusion-flex-justify-content-flex-start fusion-content-layout-column\"><div class=\"fusion-text fusion-text-2\"><p>\u03c3\u03c4\u03b1 \u03b3\u03b5\u03c1\u03bc\u03b1\u03bd\u03b9\u03ba\u03b1 \u03bc\u03b5\u03c4\u03b1\u03c6\u03c1\u03b1\u03c3\u03b7 \u03c3\u03ba\u03b1\u03b9 \u03b1\u03c3\u03b5 \u03c4\u03b7\u03bd html \u03bc\u03b5\u03c4\u03b1\u03c6\u03c1\u03b1\u03c3\u03b7\u03c3 \u03c4\u03b1 \u03b3\u03b5\u03c1\u03bc\u03b1\u03bd\u03b9\u03ba\u03b1 \u03ba\u03b1\u03b9\u03b1 \u03c3\u03b5 \u03c4\u03b7 html \u03bc\u03b5\u03c3\u03b1<\/p>\n<\/div><\/div><\/div><\/div><\/div><\/p>\n","protected":false},"excerpt":{"rendered":"","protected":false},"author":1,"featured_media":0,"parent":0,"menu_order":0,"comment_status":"closed","ping_status":"closed","template":"100-width.php","meta":{"footnotes":""},"class_list":["post-7226","page","type-page","status-publish","hentry"],"_links":{"self":[{"href":"https:\/\/rentacaringreece.eu\/de\/wp-json\/wp\/v2\/pages\/7226","targetHints":{"allow":["GET"]}}],"collection":[{"href":"https:\/\/rentacaringreece.eu\/de\/wp-json\/wp\/v2\/pages"}],"about":[{"href":"https:\/\/rentacaringreece.eu\/de\/wp-json\/wp\/v2\/types\/page"}],"author":[{"embeddable":true,"href":"https:\/\/rentacaringreece.eu\/de\/wp-json\/wp\/v2\/users\/1"}],"replies":[{"embeddable":true,"href":"https:\/\/rentacaringreece.eu\/de\/wp-json\/wp\/v2\/comments?post=7226"}],"version-history":[{"count":7,"href":"https:\/\/rentacaringreece.eu\/de\/wp-json\/wp\/v2\/pages\/7226\/revisions"}],"predecessor-version":[{"id":8008,"href":"https:\/\/rentacaringreece.eu\/de\/wp-json\/wp\/v2\/pages\/7226\/revisions\/8008"}],"wp:attachment":[{"href":"https:\/\/rentacaringreece.eu\/de\/wp-json\/wp\/v2\/media?parent=7226"}],"curies":[{"name":"wp","href":"https:\/\/api.w.org\/{rel}","templated":true}]}}