{"id":8194,"date":"2025-01-25T13:46:14","date_gmt":"2025-01-25T11:46:14","guid":{"rendered":"https:\/\/rentacaringreece.eu\/?page_id=8194"},"modified":"2025-01-25T15:19:21","modified_gmt":"2025-01-25T13:19:21","slug":"vorsichtsmassnahmen-rentacaringreece","status":"publish","type":"page","link":"https:\/\/rentacaringreece.eu\/de\/vorsichtsmassnahmen-rentacaringreece\/","title":{"rendered":"Vorsichtsma\u00dfnahmen rentacaringreece"},"content":{"rendered":"<div class=\"fusion-fullwidth fullwidth-box fusion-builder-row-1 fusion-flex-container has-pattern-background has-mask-background nonhundred-percent-fullwidth non-hundred-percent-height-scrolling\" style=\"--awb-border-radius-top-left:0px;--awb-border-radius-top-right:0px;--awb-border-radius-bottom-right:0px;--awb-border-radius-bottom-left:0px;--awb-margin-top:100px;--awb-flex-wrap:wrap;\" ><div class=\"fusion-builder-row fusion-row fusion-flex-align-items-flex-start fusion-flex-content-wrap\" style=\"max-width:1497.6px;margin-left: calc(-4% \/ 2 );margin-right: calc(-4% \/ 2 );\"><div class=\"fusion-layout-column fusion_builder_column fusion-builder-column-0 fusion_builder_column_1_1 1_1 fusion-flex-column\" style=\"--awb-bg-size:cover;--awb-width-large:100%;--awb-margin-top-large:0px;--awb-spacing-right-large:1.92%;--awb-margin-bottom-large:20px;--awb-spacing-left-large:1.92%;--awb-width-medium:100%;--awb-order-medium:0;--awb-spacing-right-medium:1.92%;--awb-spacing-left-medium:1.92%;--awb-width-small:100%;--awb-order-small:0;--awb-spacing-right-small:1.92%;--awb-spacing-left-small:1.92%;\"><div class=\"fusion-column-wrapper fusion-column-has-shadow fusion-flex-justify-content-flex-start fusion-content-layout-column\"><div class=\"fusion-image-element \" style=\"text-align:center;--awb-caption-title-font-family:var(--h2_typography-font-family);--awb-caption-title-font-weight:var(--h2_typography-font-weight);--awb-caption-title-font-style:var(--h2_typography-font-style);--awb-caption-title-size:var(--h2_typography-font-size);--awb-caption-title-transform:var(--h2_typography-text-transform);--awb-caption-title-line-height:var(--h2_typography-line-height);--awb-caption-title-letter-spacing:var(--h2_typography-letter-spacing);\"><span class=\" fusion-imageframe imageframe-none imageframe-1 hover-type-none\"><img decoding=\"async\" width=\"1100\" height=\"500\" alt=\"\u039c\u03ad\u03c4\u03c1\u03b1 \u03c0\u03c1\u03bf\u03c6\u03cd\u03bb\u03b1\u03be\u03b7\u03c2 rentacaringreece\" title=\"\u03c9\u03ba\u03bf\u03b5\u03c2\u03bd\u03bd\u03c2\" src=\"https:\/\/rentacaringreece.eu\/wp-content\/uploads\/2025\/01\/\u03c9\u03ba\u03bf\u03b5\u03c2\u03bd\u03bd\u03c2.jpg\" data-orig-src=\"https:\/\/rentacaringreece.eu\/wp-content\/uploads\/2025\/01\/\u03c9\u03ba\u03bf\u03b5\u03c2\u03bd\u03bd\u03c2.jpg\" class=\"lazyload img-responsive wp-image-8107\" srcset=\"data:image\/svg+xml,%3Csvg%20xmlns%3D%27http%3A%2F%2Fwww.w3.org%2F2000%2Fsvg%27%20width%3D%271100%27%20height%3D%27500%27%20viewBox%3D%270%200%201100%20500%27%3E%3Crect%20width%3D%271100%27%20height%3D%27500%27%20fill-opacity%3D%220%22%2F%3E%3C%2Fsvg%3E\" data-srcset=\"https:\/\/rentacaringreece.eu\/wp-content\/uploads\/2025\/01\/\u03c9\u03ba\u03bf\u03b5\u03c2\u03bd\u03bd\u03c2-200x91.jpg 200w, https:\/\/rentacaringreece.eu\/wp-content\/uploads\/2025\/01\/\u03c9\u03ba\u03bf\u03b5\u03c2\u03bd\u03bd\u03c2-400x182.jpg 400w, https:\/\/rentacaringreece.eu\/wp-content\/uploads\/2025\/01\/\u03c9\u03ba\u03bf\u03b5\u03c2\u03bd\u03bd\u03c2-600x273.jpg 600w, https:\/\/rentacaringreece.eu\/wp-content\/uploads\/2025\/01\/\u03c9\u03ba\u03bf\u03b5\u03c2\u03bd\u03bd\u03c2-800x364.jpg 800w, https:\/\/rentacaringreece.eu\/wp-content\/uploads\/2025\/01\/\u03c9\u03ba\u03bf\u03b5\u03c2\u03bd\u03bd\u03c2.jpg 1100w\" data-sizes=\"auto\" data-orig-sizes=\"(max-width: 768px) 100vw, 1100px\" \/><\/span><\/div><div class=\"fusion-text fusion-text-1\"><h3 style=\"text-align: center;\">Schutz- und Desinfektionsma\u00dfnahmen von Rent a Car in Greece<\/h3>\n<p>Bei <strong>Rent a Car in Greece<\/strong> hat die Sicherheit und Gesundheit unserer Kunden oberste Priorit\u00e4t. Deshalb haben wir strenge Reinigungs- und Desinfektionsprotokolle eingef\u00fchrt, um sicherzustellen, dass jedes Fahrzeug, das \u00fcbergeben wird, absolut sauber und sicher ist. Mit dem Fokus auf <strong>Innen- und Au\u00dfenreinigung<\/strong> sowie der <strong>Desinfektion der Bel\u00fcftung und der Klimaanlage<\/strong> garantieren wir eine hygienische und angenehme Umgebung f\u00fcr jede Fahrt.<\/p>\n<\/div><\/div><\/div><div class=\"fusion-layout-column fusion_builder_column fusion-builder-column-1 fusion_builder_column_1_1 1_1 fusion-flex-column\" style=\"--awb-bg-size:cover;--awb-width-large:100%;--awb-margin-top-large:0px;--awb-spacing-right-large:1.92%;--awb-margin-bottom-large:20px;--awb-spacing-left-large:1.92%;--awb-width-medium:100%;--awb-order-medium:0;--awb-spacing-right-medium:1.92%;--awb-spacing-left-medium:1.92%;--awb-width-small:100%;--awb-order-small:0;--awb-spacing-right-small:1.92%;--awb-spacing-left-small:1.92%;\"><div class=\"fusion-column-wrapper fusion-column-has-shadow fusion-flex-justify-content-flex-start fusion-content-layout-column\"><div class=\"fusion-image-element \" style=\"text-align:center;--awb-caption-title-font-family:var(--h2_typography-font-family);--awb-caption-title-font-weight:var(--h2_typography-font-weight);--awb-caption-title-font-style:var(--h2_typography-font-style);--awb-caption-title-size:var(--h2_typography-font-size);--awb-caption-title-transform:var(--h2_typography-text-transform);--awb-caption-title-line-height:var(--h2_typography-line-height);--awb-caption-title-letter-spacing:var(--h2_typography-letter-spacing);\"><span class=\" fusion-imageframe imageframe-none imageframe-2 hover-type-none\"><img decoding=\"async\" width=\"1100\" height=\"500\" alt=\"\u039c\u03ad\u03c4\u03c1\u03b1 \u03c0\u03c1\u03bf\u03c6\u03cd\u03bb\u03b1\u03be\u03b7\u03c2 rentacaringreece\" title=\"\u03b1\u03b8\u03c4\u03bf\u03b5\u03be\" src=\"https:\/\/rentacaringreece.eu\/wp-content\/uploads\/2025\/01\/\u03b1\u03b8\u03c4\u03bf\u03b5\u03be.jpg\" data-orig-src=\"https:\/\/rentacaringreece.eu\/wp-content\/uploads\/2025\/01\/\u03b1\u03b8\u03c4\u03bf\u03b5\u03be.jpg\" class=\"lazyload img-responsive wp-image-8112\" srcset=\"data:image\/svg+xml,%3Csvg%20xmlns%3D%27http%3A%2F%2Fwww.w3.org%2F2000%2Fsvg%27%20width%3D%271100%27%20height%3D%27500%27%20viewBox%3D%270%200%201100%20500%27%3E%3Crect%20width%3D%271100%27%20height%3D%27500%27%20fill-opacity%3D%220%22%2F%3E%3C%2Fsvg%3E\" data-srcset=\"https:\/\/rentacaringreece.eu\/wp-content\/uploads\/2025\/01\/\u03b1\u03b8\u03c4\u03bf\u03b5\u03be-200x91.jpg 200w, https:\/\/rentacaringreece.eu\/wp-content\/uploads\/2025\/01\/\u03b1\u03b8\u03c4\u03bf\u03b5\u03be-400x182.jpg 400w, https:\/\/rentacaringreece.eu\/wp-content\/uploads\/2025\/01\/\u03b1\u03b8\u03c4\u03bf\u03b5\u03be-600x273.jpg 600w, https:\/\/rentacaringreece.eu\/wp-content\/uploads\/2025\/01\/\u03b1\u03b8\u03c4\u03bf\u03b5\u03be-800x364.jpg 800w, https:\/\/rentacaringreece.eu\/wp-content\/uploads\/2025\/01\/\u03b1\u03b8\u03c4\u03bf\u03b5\u03be.jpg 1100w\" data-sizes=\"auto\" data-orig-sizes=\"(max-width: 768px) 100vw, 1100px\" \/><\/span><\/div><div class=\"fusion-text fusion-text-2\"><h3 style=\"text-align: center;\"><strong>Innen- und Au\u00dfenreinigung des Fahrzeugs<\/strong><\/h3>\n<h4><strong>Au\u00dfenreinigung<\/strong><\/h4>\n<p>Jedes Fahrzeug von Rent a Car in Greece wird vor jeder Vermietung gr\u00fcndlich au\u00dfen gewaschen. Wir verwenden hochwertige Reinigungsmittel und Seifen, die effektiv Staub, Schlamm, Verunreinigungen und m\u00f6gliche Bakterien von der Fahrzeugoberfl\u00e4che entfernen. Besonders sorgf\u00e4ltige Aufmerksamkeit gilt:<\/p>\n<ul>\n<li>Den T\u00fcrgriffen<\/li>\n<li>Den Fenstern und Spiegeln f\u00fcr bessere Sichtbarkeit<\/li>\n<li>Den R\u00e4dern und Kotfl\u00fcgeln, um R\u00fcckst\u00e4nde von der Stra\u00dfe zu entfernen<\/li>\n<li>Dem Dach und der Sto\u00dfstange, wo Staub sich ansammelt<\/li>\n<\/ul>\n<h4><strong>Innenreinigung<\/strong><\/h4>\n<p>Das Innere unserer Fahrzeuge wird mit gro\u00dfer Sorgfalt gereinigt, um Staub, Bakterien und m\u00f6gliche Verunreinigungen zu entfernen. Wir verwenden professionelle Staubsauger und spezielle Desinfektionsmittel f\u00fcr:<\/p>\n<ul>\n<li>Die Sitze (Stoff oder Leder)<\/li>\n<li>Die Polster und das Armaturenbrett<\/li>\n<li>Das Lenkrad, den Schalthebel und die Bedienelemente<\/li>\n<li>Die T\u00fcren und T\u00fcrgriffe<\/li>\n<\/ul>\n<\/div><\/div><\/div><div class=\"fusion-layout-column fusion_builder_column fusion-builder-column-2 fusion_builder_column_1_1 1_1 fusion-flex-column\" style=\"--awb-bg-size:cover;--awb-width-large:100%;--awb-margin-top-large:0px;--awb-spacing-right-large:1.92%;--awb-margin-bottom-large:20px;--awb-spacing-left-large:1.92%;--awb-width-medium:100%;--awb-order-medium:0;--awb-spacing-right-medium:1.92%;--awb-spacing-left-medium:1.92%;--awb-width-small:100%;--awb-order-small:0;--awb-spacing-right-small:1.92%;--awb-spacing-left-small:1.92%;\"><div class=\"fusion-column-wrapper fusion-column-has-shadow fusion-flex-justify-content-flex-start fusion-content-layout-column\"><div class=\"fusion-image-element \" style=\"text-align:center;--awb-caption-title-font-family:var(--h2_typography-font-family);--awb-caption-title-font-weight:var(--h2_typography-font-weight);--awb-caption-title-font-style:var(--h2_typography-font-style);--awb-caption-title-size:var(--h2_typography-font-size);--awb-caption-title-transform:var(--h2_typography-text-transform);--awb-caption-title-line-height:var(--h2_typography-line-height);--awb-caption-title-letter-spacing:var(--h2_typography-letter-spacing);\"><span class=\" fusion-imageframe imageframe-none imageframe-3 hover-type-none\"><img decoding=\"async\" width=\"1100\" height=\"500\" alt=\"\u039c\u03ad\u03c4\u03c1\u03b1 \u03c0\u03c1\u03bf\u03c6\u03cd\u03bb\u03b1\u03be\u03b7\u03c2 rentacaringreece\" title=\"\u03c9\u03b1\u03b42\" src=\"https:\/\/rentacaringreece.eu\/wp-content\/uploads\/2025\/01\/\u03c9\u03b1\u03b42.jpg\" data-orig-src=\"https:\/\/rentacaringreece.eu\/wp-content\/uploads\/2025\/01\/\u03c9\u03b1\u03b42.jpg\" class=\"lazyload img-responsive wp-image-8117\" srcset=\"data:image\/svg+xml,%3Csvg%20xmlns%3D%27http%3A%2F%2Fwww.w3.org%2F2000%2Fsvg%27%20width%3D%271100%27%20height%3D%27500%27%20viewBox%3D%270%200%201100%20500%27%3E%3Crect%20width%3D%271100%27%20height%3D%27500%27%20fill-opacity%3D%220%22%2F%3E%3C%2Fsvg%3E\" data-srcset=\"https:\/\/rentacaringreece.eu\/wp-content\/uploads\/2025\/01\/\u03c9\u03b1\u03b42-200x91.jpg 200w, https:\/\/rentacaringreece.eu\/wp-content\/uploads\/2025\/01\/\u03c9\u03b1\u03b42-400x182.jpg 400w, https:\/\/rentacaringreece.eu\/wp-content\/uploads\/2025\/01\/\u03c9\u03b1\u03b42-600x273.jpg 600w, https:\/\/rentacaringreece.eu\/wp-content\/uploads\/2025\/01\/\u03c9\u03b1\u03b42-800x364.jpg 800w, https:\/\/rentacaringreece.eu\/wp-content\/uploads\/2025\/01\/\u03c9\u03b1\u03b42.jpg 1100w\" data-sizes=\"auto\" data-orig-sizes=\"(max-width: 768px) 100vw, 1100px\" \/><\/span><\/div><div class=\"fusion-text fusion-text-3\"><h3 style=\"text-align: center;\"><strong>Desinfektion der Kabinenbel\u00fcftung und A\/C<\/strong><\/h3>\n<p>Die Bel\u00fcftung der Kabine und das Klimaanlagensystem (A\/C) k\u00f6nnen Brutst\u00e4tten f\u00fcr Mikroben und Bakterien sein, wenn sie nicht richtig gewartet werden. Zum Schutz unserer Passagiere wenden wir folgende Ma\u00dfnahmen an:<\/p>\n<h4 style=\"text-align: center;\"><strong>Reinigung des A\/C-Filters<\/strong><\/h4>\n<p>Der Klimafilter wird regelm\u00e4\u00dfig ersetzt oder gereinigt, um Staub, Allergene und Bakterien zu entfernen, die die Luftqualit\u00e4t im Fahrzeug beeintr\u00e4chtigen k\u00f6nnten.<\/p>\n<h4 style=\"text-align: center;\"><strong>Verwendung von Spezialdesinfektionssprays<\/strong><\/h4>\n<p>Zur Desinfektion der Luftkan\u00e4le verwenden wir spezielle Sprays, die Mikroben neutralisieren und unerw\u00fcnschte Ger\u00fcche beseitigen. Dieser Prozess stellt sicher, dass die Luft, die im Fahrzeug zirkuliert, sauber und sicher ist.<\/p>\n<h4 style=\"text-align: center;\"><strong>Ozonbehandlung f\u00fcr eine gr\u00fcndliche Reinigung<\/strong><\/h4>\n<p>Einige unserer Fahrzeuge werden mit <strong>Ozon<\/strong> desinfiziert, eine der effektivsten Sterilisierungsmethoden. Ozon neutralisiert Bakterien, Viren und Pilze, die sich im Innenraum des Fahrzeugs oder in den Luftkan\u00e4len befinden k\u00f6nnten.<\/p>\n<\/div><\/div><\/div><div class=\"fusion-layout-column fusion_builder_column fusion-builder-column-3 fusion_builder_column_1_1 1_1 fusion-flex-column\" style=\"--awb-bg-size:cover;--awb-width-large:100%;--awb-margin-top-large:0px;--awb-spacing-right-large:1.92%;--awb-margin-bottom-large:20px;--awb-spacing-left-large:1.92%;--awb-width-medium:100%;--awb-order-medium:0;--awb-spacing-right-medium:1.92%;--awb-spacing-left-medium:1.92%;--awb-width-small:100%;--awb-order-small:0;--awb-spacing-right-small:1.92%;--awb-spacing-left-small:1.92%;\"><div class=\"fusion-column-wrapper fusion-column-has-shadow fusion-flex-justify-content-flex-start fusion-content-layout-column\"><div class=\"fusion-text fusion-text-4\"><h3 style=\"text-align: center;\"><strong>Warum sind diese Ma\u00dfnahmen wichtig?<\/strong><\/h3>\n<p><strong>Schutz vor Viren und Bakterien<\/strong>: Gr\u00fcndliche Reinigung und Desinfektion reduzieren das Risiko der \u00dcbertragung von Mikroben und Allergenen.<br \/>\n<strong>Hygienische Umgebung f\u00fcr jeden Passagier<\/strong>: Saubere Luft im Fahrzeug verbessert das Fahrerlebnis und den Komfort der Passagiere.<br \/>\n<strong>Vermeidung unerw\u00fcnschter Ger\u00fcche<\/strong>: Richtiges Reinigen und Desinfizieren sorgt daf\u00fcr, dass das Fahrzeug angenehm riecht und angenehm zu fahren ist.<br \/>\n<strong>Verbesserung der A\/C-Leistung<\/strong>: Eine saubere Klimaanlage funktioniert effizienter und liefert frische, saubere Luft.<\/p>\n<h3 style=\"text-align: center;\"><strong><a href=\"https:\/\/rentacaringreece.eu\/\">Rentacaringreece<\/a>: Garantie f\u00fcr Sauberkeit und Sicherheit<\/strong><\/h3>\n<p>Bei <b><a href=\"https:\/\/rentacaringreece.eu\/\">rentacaringreece<\/a><\/b> m\u00f6chten wir Ihnen ein Fahrzeug bieten, das nicht nur zuverl\u00e4ssig, sondern auch <strong>absolut sicher und sauber<\/strong> ist. Die Schutzma\u00dfnahmen, die wir umsetzen, stellen sicher, dass jedes Mietfahrzeug <strong>sauber, desinfiziert und einsatzbereit<\/strong> ist.<\/p>\n<p>W\u00e4hlen Sie Rent a Car in Greece f\u00fcr Ihre Fahrten und reisen Sie mit <strong>Komfort, Sicherheit und absoluter Sauberkeit<\/strong>!<\/p>\n<\/div><\/div><\/div><\/div><\/div>\n","protected":false},"excerpt":{"rendered":"","protected":false},"author":1,"featured_media":0,"parent":0,"menu_order":0,"comment_status":"closed","ping_status":"closed","template":"100-width.php","meta":{"footnotes":""},"class_list":["post-8194","page","type-page","status-publish","hentry"],"_links":{"self":[{"href":"https:\/\/rentacaringreece.eu\/de\/wp-json\/wp\/v2\/pages\/8194","targetHints":{"allow":["GET"]}}],"collection":[{"href":"https:\/\/rentacaringreece.eu\/de\/wp-json\/wp\/v2\/pages"}],"about":[{"href":"https:\/\/rentacaringreece.eu\/de\/wp-json\/wp\/v2\/types\/page"}],"author":[{"embeddable":true,"href":"https:\/\/rentacaringreece.eu\/de\/wp-json\/wp\/v2\/users\/1"}],"replies":[{"embeddable":true,"href":"https:\/\/rentacaringreece.eu\/de\/wp-json\/wp\/v2\/comments?post=8194"}],"version-history":[{"count":3,"href":"https:\/\/rentacaringreece.eu\/de\/wp-json\/wp\/v2\/pages\/8194\/revisions"}],"predecessor-version":[{"id":8197,"href":"https:\/\/rentacaringreece.eu\/de\/wp-json\/wp\/v2\/pages\/8194\/revisions\/8197"}],"wp:attachment":[{"href":"https:\/\/rentacaringreece.eu\/de\/wp-json\/wp\/v2\/media?parent=8194"}],"curies":[{"name":"wp","href":"https:\/\/api.w.org\/{rel}","templated":true}]}}