{"id":8198,"date":"2025-01-25T13:55:37","date_gmt":"2025-01-25T11:55:37","guid":{"rendered":"https:\/\/rentacaringreece.eu\/?page_id=8198"},"modified":"2025-01-25T15:24:11","modified_gmt":"2025-01-25T13:24:11","slug":"strenge-technische-kontrolle","status":"publish","type":"page","link":"https:\/\/rentacaringreece.eu\/de\/strenge-technische-kontrolle\/","title":{"rendered":"Strenge technische Kontrolle"},"content":{"rendered":"<div class=\"fusion-fullwidth fullwidth-box fusion-builder-row-1 fusion-flex-container has-pattern-background has-mask-background nonhundred-percent-fullwidth non-hundred-percent-height-scrolling\" style=\"--awb-border-radius-top-left:0px;--awb-border-radius-top-right:0px;--awb-border-radius-bottom-right:0px;--awb-border-radius-bottom-left:0px;--awb-flex-wrap:wrap;\" ><div class=\"fusion-builder-row fusion-row fusion-flex-align-items-flex-start fusion-flex-content-wrap\" style=\"max-width:1497.6px;margin-left: calc(-4% \/ 2 );margin-right: calc(-4% \/ 2 );\"><div class=\"fusion-layout-column fusion_builder_column fusion-builder-column-0 fusion_builder_column_1_1 1_1 fusion-flex-column\" style=\"--awb-bg-size:cover;--awb-width-large:100%;--awb-margin-top-large:100px;--awb-spacing-right-large:1.92%;--awb-margin-bottom-large:20px;--awb-spacing-left-large:1.92%;--awb-width-medium:100%;--awb-order-medium:0;--awb-spacing-right-medium:1.92%;--awb-spacing-left-medium:1.92%;--awb-width-small:100%;--awb-order-small:0;--awb-spacing-right-small:1.92%;--awb-spacing-left-small:1.92%;\" data-scroll-devices=\"small-visibility,medium-visibility,large-visibility\"><div class=\"fusion-column-wrapper fusion-column-has-shadow fusion-flex-justify-content-flex-start fusion-content-layout-column\"><div class=\"fusion-image-element \" style=\"text-align:center;--awb-caption-title-font-family:var(--h2_typography-font-family);--awb-caption-title-font-weight:var(--h2_typography-font-weight);--awb-caption-title-font-style:var(--h2_typography-font-style);--awb-caption-title-size:var(--h2_typography-font-size);--awb-caption-title-transform:var(--h2_typography-text-transform);--awb-caption-title-line-height:var(--h2_typography-line-height);--awb-caption-title-letter-spacing:var(--h2_typography-letter-spacing);\"><span class=\" fusion-imageframe imageframe-none imageframe-1 hover-type-none\"><img decoding=\"async\" width=\"1100\" height=\"500\" alt=\"\u0391\u03c5\u03c3\u03c4\u03b7\u03c1\u03cc\u03c2 \u03c4\u03b5\u03c7\u03bd\u03b9\u03ba\u03cc\u03c2 \u03ad\u03bb\u03b5\u03b3\u03c7\u03bf\u03c2\" title=\"gwr1\" src=\"https:\/\/rentacaringreece.eu\/wp-content\/uploads\/2025\/01\/gwr1.jpg\" data-orig-src=\"https:\/\/rentacaringreece.eu\/wp-content\/uploads\/2025\/01\/gwr1.jpg\" class=\"lazyload img-responsive wp-image-8127\" srcset=\"data:image\/svg+xml,%3Csvg%20xmlns%3D%27http%3A%2F%2Fwww.w3.org%2F2000%2Fsvg%27%20width%3D%271100%27%20height%3D%27500%27%20viewBox%3D%270%200%201100%20500%27%3E%3Crect%20width%3D%271100%27%20height%3D%27500%27%20fill-opacity%3D%220%22%2F%3E%3C%2Fsvg%3E\" data-srcset=\"https:\/\/rentacaringreece.eu\/wp-content\/uploads\/2025\/01\/gwr1-200x91.jpg 200w, https:\/\/rentacaringreece.eu\/wp-content\/uploads\/2025\/01\/gwr1-400x182.jpg 400w, https:\/\/rentacaringreece.eu\/wp-content\/uploads\/2025\/01\/gwr1-600x273.jpg 600w, https:\/\/rentacaringreece.eu\/wp-content\/uploads\/2025\/01\/gwr1-800x364.jpg 800w, https:\/\/rentacaringreece.eu\/wp-content\/uploads\/2025\/01\/gwr1.jpg 1100w\" data-sizes=\"auto\" data-orig-sizes=\"(max-width: 768px) 100vw, 1100px\" \/><\/span><\/div><div class=\"fusion-text fusion-text-1\"><h3 style=\"text-align: center;\"><strong>Strenger Technischer Check von 32 Punkten bei unseren Mietfahrzeugen<\/strong><\/h3>\n<p>Bei Rent a Car in Greece ist die Sicherheit und Zuverl\u00e4ssigkeit unserer Fahrzeuge unsere h\u00f6chste Priorit\u00e4t. Aus diesem Grund wird jedes Fahrzeug, das wir anbieten, einer strengen technischen Inspektion von 32 Punkten unterzogen, um sicherzustellen, dass es sich in einwandfreiem mechanischen und funktionalen Zustand befindet, bevor es vermietet wird.<\/p>\n<p>Von den Reifen und Scheibenwischern bis hin zu den mechanischen und elektronischen Systemen \u00fcberpr\u00fcfen unsere spezialisierten Techniker jedes wichtige Element des Fahrzeugs sorgf\u00e4ltig, um Ihnen die Sicherheit zu geben, dass Sie ein sicheres und zuverl\u00e4ssiges Auto fahren.<\/p>\n<\/div><\/div><\/div><div class=\"fusion-layout-column fusion_builder_column fusion-builder-column-1 fusion_builder_column_1_1 1_1 fusion-flex-column\" style=\"--awb-bg-size:cover;--awb-width-large:100%;--awb-margin-top-large:0px;--awb-spacing-right-large:1.92%;--awb-margin-bottom-large:20px;--awb-spacing-left-large:1.92%;--awb-width-medium:100%;--awb-order-medium:0;--awb-spacing-right-medium:1.92%;--awb-spacing-left-medium:1.92%;--awb-width-small:100%;--awb-order-small:0;--awb-spacing-right-small:1.92%;--awb-spacing-left-small:1.92%;\"><div class=\"fusion-column-wrapper fusion-column-has-shadow fusion-flex-justify-content-flex-start fusion-content-layout-column\"><div class=\"fusion-image-element \" style=\"text-align:center;--awb-caption-title-font-family:var(--h2_typography-font-family);--awb-caption-title-font-weight:var(--h2_typography-font-weight);--awb-caption-title-font-style:var(--h2_typography-font-style);--awb-caption-title-size:var(--h2_typography-font-size);--awb-caption-title-transform:var(--h2_typography-text-transform);--awb-caption-title-line-height:var(--h2_typography-line-height);--awb-caption-title-letter-spacing:var(--h2_typography-letter-spacing);\"><span class=\" fusion-imageframe imageframe-none imageframe-2 hover-type-none\"><img decoding=\"async\" width=\"1100\" height=\"500\" alt=\"\u0391\u03c5\u03c3\u03c4\u03b7\u03c1\u03cc\u03c2 \u03c4\u03b5\u03c7\u03bd\u03b9\u03ba\u03cc\u03c2 \u03ad\u03bb\u03b5\u03b3\u03c7\u03bf\u03c2\" title=\"\u03b1\u03b3\u03b1\u03b5\" src=\"https:\/\/rentacaringreece.eu\/wp-content\/uploads\/2025\/01\/\u03b1\u03b3\u03b1\u03b5-1.jpg\" data-orig-src=\"https:\/\/rentacaringreece.eu\/wp-content\/uploads\/2025\/01\/\u03b1\u03b3\u03b1\u03b5-1.jpg\" class=\"lazyload img-responsive wp-image-8137\" srcset=\"data:image\/svg+xml,%3Csvg%20xmlns%3D%27http%3A%2F%2Fwww.w3.org%2F2000%2Fsvg%27%20width%3D%271100%27%20height%3D%27500%27%20viewBox%3D%270%200%201100%20500%27%3E%3Crect%20width%3D%271100%27%20height%3D%27500%27%20fill-opacity%3D%220%22%2F%3E%3C%2Fsvg%3E\" data-srcset=\"https:\/\/rentacaringreece.eu\/wp-content\/uploads\/2025\/01\/\u03b1\u03b3\u03b1\u03b5-1-200x91.jpg 200w, https:\/\/rentacaringreece.eu\/wp-content\/uploads\/2025\/01\/\u03b1\u03b3\u03b1\u03b5-1-400x182.jpg 400w, https:\/\/rentacaringreece.eu\/wp-content\/uploads\/2025\/01\/\u03b1\u03b3\u03b1\u03b5-1-600x273.jpg 600w, https:\/\/rentacaringreece.eu\/wp-content\/uploads\/2025\/01\/\u03b1\u03b3\u03b1\u03b5-1-800x364.jpg 800w, https:\/\/rentacaringreece.eu\/wp-content\/uploads\/2025\/01\/\u03b1\u03b3\u03b1\u03b5-1.jpg 1100w\" data-sizes=\"auto\" data-orig-sizes=\"(max-width: 768px) 100vw, 1100px\" \/><\/span><\/div><div class=\"fusion-text fusion-text-2\"><h3 style=\"text-align: center;\"><strong>Der 32-Punkte-Technische Check im Detail<\/strong><\/h3>\n<p>Unsere Inspektion umfasst eine vollst\u00e4ndige Bewertung der grundlegenden Fahrzeugfunktionen.<\/p>\n<h4><strong>Reifen- und Aufh\u00e4ngungssystem<\/strong><\/h4>\n<ul>\n<li>\u00dcberpr\u00fcfung des Reifendrucks und des Abnutzungsgrads<\/li>\n<li>Auswuchtung und Achsvermessung<\/li>\n<li>\u00dcberpr\u00fcfung von Ersatzr\u00e4dern und Wagenhebern<\/li>\n<\/ul>\n<h4><strong>Bremsen &amp; Fahrzeugsicherheit<\/strong><\/h4>\n<ul>\n<li>\u00dcberpr\u00fcfung der Bremsbel\u00e4ge und -scheiben<\/li>\n<li>\u00dcberpr\u00fcfung der Bremsfl\u00fcssigkeit und Funktion des ABS<\/li>\n<li>\u00dcberpr\u00fcfung der Handbremse<\/li>\n<\/ul>\n<h4><strong>Motor &amp; Fl\u00fcssigkeitssysteme<\/strong><\/h4>\n<ul>\n<li>\u00dcberpr\u00fcfung des \u00d6lstands und des \u00d6lfilters<\/li>\n<li>\u00dcberpr\u00fcfung des K\u00fchlsystems und des Frostschutzmittels<\/li>\n<li>\u00dcberpr\u00fcfung der Funktion der Keilriemen und der Batterie<\/li>\n<\/ul>\n<h4><strong>Beleuchtung &amp; Elektrische Systeme<\/strong><\/h4>\n<ul>\n<li>\u00dcberpr\u00fcfung der vorderen und hinteren Beleuchtung<\/li>\n<li>\u00dcberpr\u00fcfung der Funktion der Blinker, Bremslichter und Nebelscheinwerfer<\/li>\n<li>\u00dcberpr\u00fcfung der Fensterheber und Spiegel<\/li>\n<\/ul>\n<h4><strong>Wischsystem &amp; Sichtbarkeit<\/strong><\/h4>\n<ul>\n<li>\u00dcberpr\u00fcfung des Wischers auf Abnutzung und Leistung<\/li>\n<li>\u00dcberpr\u00fcfung des Fl\u00fcssigkeitsstands und Spr\u00fchfunktion des Scheibenwischers<\/li>\n<li>Inspektion der Scheiben auf Risse oder Besch\u00e4digungen<\/li>\n<\/ul>\n<h4><strong>Getriebe &amp; Abgassystem<\/strong><\/h4>\n<ul>\n<li>\u00dcberpr\u00fcfung des Getriebes und der Kupplung<\/li>\n<li>\u00dcberpr\u00fcfung des Abgassystems auf Lecks oder \u00fcberm\u00e4\u00dfige Emissionen<\/li>\n<li>Leistungspr\u00fcfung des Motors auf einwandfreie Funktion<\/li>\n<\/ul>\n<h4><strong>Innenraum-Check &amp; Komfort der Passagiere<\/strong><\/h4>\n<ul>\n<li>\u00dcberpr\u00fcfung der Klimaanlage (A\/C) und Heizung<\/li>\n<li>\u00dcberpr\u00fcfung der Sitze und Sicherheitsgurte<\/li>\n<li>\u00dcberpr\u00fcfung des Audiosystems und Infotainment<\/li>\n<\/ul>\n<\/div><\/div><\/div><div class=\"fusion-layout-column fusion_builder_column fusion-builder-column-2 fusion_builder_column_1_1 1_1 fusion-flex-column\" style=\"--awb-bg-size:cover;--awb-width-large:100%;--awb-margin-top-large:0px;--awb-spacing-right-large:1.92%;--awb-margin-bottom-large:20px;--awb-spacing-left-large:1.92%;--awb-width-medium:100%;--awb-order-medium:0;--awb-spacing-right-medium:1.92%;--awb-spacing-left-medium:1.92%;--awb-width-small:100%;--awb-order-small:0;--awb-spacing-right-small:1.92%;--awb-spacing-left-small:1.92%;\"><div class=\"fusion-column-wrapper fusion-column-has-shadow fusion-flex-justify-content-flex-start fusion-content-layout-column\"><div class=\"fusion-image-element \" style=\"text-align:center;--awb-caption-title-font-family:var(--h2_typography-font-family);--awb-caption-title-font-weight:var(--h2_typography-font-weight);--awb-caption-title-font-style:var(--h2_typography-font-style);--awb-caption-title-size:var(--h2_typography-font-size);--awb-caption-title-transform:var(--h2_typography-text-transform);--awb-caption-title-line-height:var(--h2_typography-line-height);--awb-caption-title-letter-spacing:var(--h2_typography-letter-spacing);\"><span class=\" fusion-imageframe imageframe-none imageframe-3 hover-type-none\"><img decoding=\"async\" width=\"1100\" height=\"500\" alt=\"\u0391\u03c5\u03c3\u03c4\u03b7\u03c1\u03cc\u03c2 \u03c4\u03b5\u03c7\u03bd\u03b9\u03ba\u03cc\u03c2 \u03ad\u03bb\u03b5\u03b3\u03c7\u03bf\u03c2\" title=\"\u03b1\u03b3\u03b1\u03b5\" src=\"https:\/\/rentacaringreece.eu\/wp-content\/uploads\/2025\/01\/\u03b1\u03b3\u03b1\u03b5-1.jpg\" data-orig-src=\"https:\/\/rentacaringreece.eu\/wp-content\/uploads\/2025\/01\/\u03b1\u03b3\u03b1\u03b5-1.jpg\" class=\"lazyload img-responsive wp-image-8137\" srcset=\"data:image\/svg+xml,%3Csvg%20xmlns%3D%27http%3A%2F%2Fwww.w3.org%2F2000%2Fsvg%27%20width%3D%271100%27%20height%3D%27500%27%20viewBox%3D%270%200%201100%20500%27%3E%3Crect%20width%3D%271100%27%20height%3D%27500%27%20fill-opacity%3D%220%22%2F%3E%3C%2Fsvg%3E\" data-srcset=\"https:\/\/rentacaringreece.eu\/wp-content\/uploads\/2025\/01\/\u03b1\u03b3\u03b1\u03b5-1-200x91.jpg 200w, https:\/\/rentacaringreece.eu\/wp-content\/uploads\/2025\/01\/\u03b1\u03b3\u03b1\u03b5-1-400x182.jpg 400w, https:\/\/rentacaringreece.eu\/wp-content\/uploads\/2025\/01\/\u03b1\u03b3\u03b1\u03b5-1-600x273.jpg 600w, https:\/\/rentacaringreece.eu\/wp-content\/uploads\/2025\/01\/\u03b1\u03b3\u03b1\u03b5-1-800x364.jpg 800w, https:\/\/rentacaringreece.eu\/wp-content\/uploads\/2025\/01\/\u03b1\u03b3\u03b1\u03b5-1.jpg 1100w\" data-sizes=\"auto\" data-orig-sizes=\"(max-width: 768px) 100vw, 1100px\" \/><\/span><\/div><div class=\"fusion-text fusion-text-3\"><h3 style=\"text-align: center;\"><strong>Expezialisierter Check f\u00fcr Reifen und Scheibenwischer<\/strong><\/h3>\n<h4><strong>Reifen:<\/strong><\/h4>\n<p>Die Reifen sind ein grundlegender Sicherheitsfaktor, deshalb f\u00fchren wir:<\/p>\n<ul>\n<li>\u00dcberpr\u00fcfung der Abnutzung und des Profilabstands<\/li>\n<li>Reifenluftdruckeinstellung f\u00fcr maximale Leistung und Stabilit\u00e4t<\/li>\n<li>Ersetzung bei \u00fcberm\u00e4\u00dfiger Abnutzung oder Besch\u00e4digung<\/li>\n<\/ul>\n<h4><strong>Scheibenwischer:<\/strong><\/h4>\n<p>Gute Sicht ist f\u00fcr das Fahren von entscheidender Bedeutung. Deshalb:<\/p>\n<ul>\n<li>Wir \u00fcberpr\u00fcfen die Abnutzung und Flexibilit\u00e4t der Wischbl\u00e4tter<\/li>\n<li>Wir ersetzen die Wischerbl\u00e4tter, wenn n\u00f6tig<\/li>\n<li>Wir stellen sicher, dass das Wasserspr\u00fchsystem richtig funktioniert<\/li>\n<\/ul>\n<h3 style=\"text-align: center;\"><strong>Warum ist diese Kontrolle wichtig?<\/strong><\/h3>\n<ol>\n<li><strong>Erh\u00f6hte Sicherheit:<\/strong> Wir minimieren das Risiko von mechanischen St\u00f6rungen und unvorhergesehenen Situationen auf der Stra\u00dfe.<\/li>\n<li><strong>Zuverl\u00e4ssiges Fahren:<\/strong> Wir stellen sicher, dass das Fahrzeug unter allen Stra\u00dfenbedingungen einwandfrei funktioniert.<\/li>\n<li><strong>Komfort und Ruhe:<\/strong> Der Kunde kann die Fahrt ohne Sorgen genie\u00dfen.<\/li>\n<li><strong>Vorbeugung von Sch\u00e4den:<\/strong> Regelm\u00e4\u00dfige Checks verringern die Wahrscheinlichkeit eines Ausfalls wichtiger Komponenten.<\/li>\n<\/ol>\n<h3 style=\"text-align: center;\"><strong><a href=\"https:\/\/rentacaringreece.eu\/\">Rentacaringreece<\/a> \u2013 Fahren Sie mit Sicherheit &amp; Vertrauen<\/strong><\/h3>\n<p>Bei <a href=\"https:\/\/rentacaringreece.eu\/\"><strong>Rentacaringreece<\/strong><\/a> verpflichten wir uns, Ihnen bestens gewartete und gepr\u00fcfte Fahrzeuge f\u00fcr jede Fahrt zur Verf\u00fcgung zu stellen. Der strenge 32-Punkte-Technische Check vor jeder Vermietung garantiert, dass jedes Auto fahrbereit, sicher und zuverl\u00e4ssig ist.<\/p>\n<p>W\u00e4hlen Sie Rent a Car in <a href=\"https:\/\/maps.app.goo.gl\/iA9XWW2EBsQD9Vu96\" target=\"_blank\" rel=\"noopener\">Greece<\/a> und genie\u00dfen Sie eine vollst\u00e4ndige und sichere Reise!<\/p>\n<\/div><\/div><\/div><\/div><\/div>\n","protected":false},"excerpt":{"rendered":"","protected":false},"author":1,"featured_media":0,"parent":0,"menu_order":0,"comment_status":"closed","ping_status":"closed","template":"100-width.php","meta":{"footnotes":""},"class_list":["post-8198","page","type-page","status-publish","hentry"],"_links":{"self":[{"href":"https:\/\/rentacaringreece.eu\/de\/wp-json\/wp\/v2\/pages\/8198","targetHints":{"allow":["GET"]}}],"collection":[{"href":"https:\/\/rentacaringreece.eu\/de\/wp-json\/wp\/v2\/pages"}],"about":[{"href":"https:\/\/rentacaringreece.eu\/de\/wp-json\/wp\/v2\/types\/page"}],"author":[{"embeddable":true,"href":"https:\/\/rentacaringreece.eu\/de\/wp-json\/wp\/v2\/users\/1"}],"replies":[{"embeddable":true,"href":"https:\/\/rentacaringreece.eu\/de\/wp-json\/wp\/v2\/comments?post=8198"}],"version-history":[{"count":3,"href":"https:\/\/rentacaringreece.eu\/de\/wp-json\/wp\/v2\/pages\/8198\/revisions"}],"predecessor-version":[{"id":8201,"href":"https:\/\/rentacaringreece.eu\/de\/wp-json\/wp\/v2\/pages\/8198\/revisions\/8201"}],"wp:attachment":[{"href":"https:\/\/rentacaringreece.eu\/de\/wp-json\/wp\/v2\/media?parent=8198"}],"curies":[{"name":"wp","href":"https:\/\/api.w.org\/{rel}","templated":true}]}}