{"id":9930,"date":"2026-01-24T12:43:59","date_gmt":"2026-01-24T10:43:59","guid":{"rendered":"https:\/\/rentacaringreece.eu\/?page_id=9930"},"modified":"2026-01-24T15:36:55","modified_gmt":"2026-01-24T13:36:55","slug":"autovermietung-am-flughafen-paros-pas","status":"publish","type":"page","link":"https:\/\/rentacaringreece.eu\/de\/autovermietung-am-flughafen-paros-pas\/","title":{"rendered":"Autovermietung am Flughafen Paros PAS"},"content":{"rendered":"<div class=\"fusion-fullwidth fullwidth-box fusion-builder-row-1 fusion-flex-container has-pattern-background has-mask-background nonhundred-percent-fullwidth non-hundred-percent-height-scrolling\" style=\"--awb-border-radius-top-left:0px;--awb-border-radius-top-right:0px;--awb-border-radius-bottom-right:0px;--awb-border-radius-bottom-left:0px;--awb-margin-top:100px;--awb-flex-wrap:wrap;\" ><div class=\"fusion-builder-row fusion-row fusion-flex-align-items-flex-start fusion-flex-content-wrap\" style=\"max-width:1497.6px;margin-left: calc(-4% \/ 2 );margin-right: calc(-4% \/ 2 );\"><div class=\"fusion-layout-column fusion_builder_column fusion-builder-column-0 fusion_builder_column_1_1 1_1 fusion-flex-column\" style=\"--awb-bg-size:cover;--awb-width-large:100%;--awb-margin-top-large:0px;--awb-spacing-right-large:1.92%;--awb-margin-bottom-large:20px;--awb-spacing-left-large:1.92%;--awb-width-medium:100%;--awb-order-medium:0;--awb-spacing-right-medium:1.92%;--awb-spacing-left-medium:1.92%;--awb-width-small:100%;--awb-order-small:0;--awb-spacing-right-small:1.92%;--awb-spacing-left-small:1.92%;\"><div class=\"fusion-column-wrapper fusion-column-has-shadow fusion-flex-justify-content-flex-start fusion-content-layout-column\"><div class=\"fusion-text fusion-text-1\"><h1 class=\"fusion-responsive-typography-calculated\" style=\"text-align: center; --fontsize: 46; line-height: 1.2;\" data-start=\"191\" data-end=\"257\" data-fontsize=\"46\" data-lineheight=\"55.2px\"><strong>Mietwagen am Flughafen Paros (PAS)<\/strong><\/h1>\n<\/div><\/div><\/div><div class=\"fusion-layout-column fusion_builder_column fusion-builder-column-1 fusion_builder_column_1_1 1_1 fusion-flex-column\" style=\"--awb-bg-size:cover;--awb-width-large:100%;--awb-margin-top-large:0px;--awb-spacing-right-large:1.92%;--awb-margin-bottom-large:20px;--awb-spacing-left-large:1.92%;--awb-width-medium:100%;--awb-order-medium:0;--awb-spacing-right-medium:1.92%;--awb-spacing-left-medium:1.92%;--awb-width-small:100%;--awb-order-small:0;--awb-spacing-right-small:1.92%;--awb-spacing-left-small:1.92%;\"><div class=\"fusion-column-wrapper fusion-column-has-shadow fusion-flex-justify-content-flex-start fusion-content-layout-column\"><div class=\"fusion-image-element \" style=\"text-align:center;--awb-caption-title-font-family:var(--h2_typography-font-family);--awb-caption-title-font-weight:var(--h2_typography-font-weight);--awb-caption-title-font-style:var(--h2_typography-font-style);--awb-caption-title-size:var(--h2_typography-font-size);--awb-caption-title-transform:var(--h2_typography-text-transform);--awb-caption-title-line-height:var(--h2_typography-line-height);--awb-caption-title-letter-spacing:var(--h2_typography-letter-spacing);\"><span class=\" fusion-imageframe imageframe-none imageframe-1 hover-type-none\"><img decoding=\"async\" width=\"600\" height=\"400\" alt=\"\u03c0\u03b1\u03c1\u03bf\u03c2-pas\" src=\"https:\/\/rentacaringreece.eu\/wp-content\/uploads\/2026\/01\/\u03c0\u03b1\u03c1\u03bf\u03c2-pas.jpg\" data-orig-src=\"https:\/\/rentacaringreece.eu\/wp-content\/uploads\/2026\/01\/\u03c0\u03b1\u03c1\u03bf\u03c2-pas.jpg\" class=\"lazyload img-responsive wp-image-9928\" srcset=\"data:image\/svg+xml,%3Csvg%20xmlns%3D%27http%3A%2F%2Fwww.w3.org%2F2000%2Fsvg%27%20width%3D%27600%27%20height%3D%27400%27%20viewBox%3D%270%200%20600%20400%27%3E%3Crect%20width%3D%27600%27%20height%3D%27400%27%20fill-opacity%3D%220%22%2F%3E%3C%2Fsvg%3E\" data-srcset=\"https:\/\/rentacaringreece.eu\/wp-content\/uploads\/2026\/01\/\u03c0\u03b1\u03c1\u03bf\u03c2-pas-200x133.jpg 200w, https:\/\/rentacaringreece.eu\/wp-content\/uploads\/2026\/01\/\u03c0\u03b1\u03c1\u03bf\u03c2-pas-400x267.jpg 400w, https:\/\/rentacaringreece.eu\/wp-content\/uploads\/2026\/01\/\u03c0\u03b1\u03c1\u03bf\u03c2-pas.jpg 600w\" data-sizes=\"auto\" data-orig-sizes=\"(max-width: 768px) 100vw, 600px\" \/><\/span><\/div><\/div><\/div><div class=\"fusion-layout-column fusion_builder_column fusion-builder-column-2 fusion_builder_column_1_1 1_1 fusion-flex-column\" style=\"--awb-bg-size:cover;--awb-width-large:100%;--awb-margin-top-large:0px;--awb-spacing-right-large:1.92%;--awb-margin-bottom-large:20px;--awb-spacing-left-large:1.92%;--awb-width-medium:100%;--awb-order-medium:0;--awb-spacing-right-medium:1.92%;--awb-spacing-left-medium:1.92%;--awb-width-small:100%;--awb-order-small:0;--awb-spacing-right-small:1.92%;--awb-spacing-left-small:1.92%;\"><div class=\"fusion-column-wrapper fusion-column-has-shadow fusion-flex-justify-content-flex-start fusion-content-layout-column\"><div class=\"fusion-text fusion-text-2\"><p data-start=\"259\" data-end=\"666\">Paros ist eines der beliebtesten Reiseziele der Kykladen und bekannt f\u00fcr seine wundersch\u00f6nen Str\u00e4nde, malerischen D\u00f6rfer und das lebendige Nachtleben. Um die Insel in vollen Z\u00fcgen zu genie\u00dfen und jede Ecke ganz entspannt zu erkunden, ist ein Mietwagen die beste Wahl. F\u00fcr noch mehr Komfort bieten wir Ihnen die <strong data-start=\"597\" data-end=\"665\">Fahrzeug\u00fcbergabe und -r\u00fcckgabe am Flughafen Paros (PAS)<\/strong>.<\/p>\n<h3 style=\"text-align: center;\" data-start=\"668\" data-end=\"722\"><strong>Komfort und Zeitersparnis vom ersten Moment an<\/strong><\/h3>\n<p data-start=\"724\" data-end=\"1121\">Der Flughafen Paros ist Ihre erste Station bei der Ankunft auf der Insel. Anstatt nach einem Taxi oder Bus zu suchen, in Warteschlangen zu stehen oder Gep\u00e4ck zu tragen, steht Ihr Mietwagen sofort nach der Landung f\u00fcr Sie bereit. Der Ablauf ist schnell und unkompliziert: Einer unserer Mitarbeiter empf\u00e4ngt Sie, die Buchung wird abgeschlossen und Sie erhalten die Schl\u00fcssel \u2013 ohne Verz\u00f6gerungen und ohne unn\u00f6tigen Stress.<\/p>\n<p data-start=\"1123\" data-end=\"1478\">So k\u00f6nnen Sie Ihren Urlaub sofort beginnen, ohne auf \u00f6ffentliche Verkehrsmittel angewiesen zu sein oder Ihren Zeitplan an Fahrpl\u00e4ne anpassen zu m\u00fcssen. Die Autovermietung am Flughafen Paros ist ideal f\u00fcr Familien, Paare und Freundesgruppen, die vom ersten Moment an volle Unabh\u00e4ngigkeit und Komfort genie\u00dfen m\u00f6chten.<\/p>\n<h3 style=\"text-align: center;\" data-start=\"1480\" data-end=\"1521\"><strong>Umfangreiche Fahrzeugauswahl f\u00fcr jeden Bedarf<\/strong><\/h3>\n<p data-start=\"1523\" data-end=\"1958\">In unserem Unternehmen finden Sie eine gro\u00dfe Auswahl an Fahrzeugen \u2013 von g\u00fcnstigen Modellen bis hin zu gr\u00f6\u00dferen und komfortableren Autos. Wir bieten L\u00f6sungen f\u00fcr jedes Budget und jeden Bedarf, wie z. B. kleine Stadtfahrzeuge f\u00fcr einfaches Fahren auf engen Stra\u00dfen sowie gr\u00f6\u00dfere Fahrzeuge f\u00fcr Familien oder f\u00fcr alle, die mehr Komfort w\u00fcnschen. Zudem stehen Fahrzeuge mit <strong data-start=\"1897\" data-end=\"1925\">Automatik- oder Schaltgetriebe<\/strong> zur Verf\u00fcgung, je nach Ihren Vorlieben.<\/p>\n<p data-start=\"1960\" data-end=\"2226\">Alle Fahrzeuge sind in ausgezeichnetem Zustand, sauber und gut gewartet, damit Sie sicher und sorgenfrei reisen k\u00f6nnen. Dar\u00fcber hinaus bieten wir eine umfassende Versicherung sowie Unterst\u00fctzung w\u00e4hrend der gesamten Mietdauer, damit Sie sich auf jeder Fahrt sicher f\u00fchlen.<\/p>\n<\/div><\/div><\/div><div class=\"fusion-layout-column fusion_builder_column fusion-builder-column-3 fusion_builder_column_1_1 1_1 fusion-flex-column\" style=\"--awb-bg-size:cover;--awb-width-large:100%;--awb-margin-top-large:0px;--awb-spacing-right-large:1.92%;--awb-margin-bottom-large:20px;--awb-spacing-left-large:1.92%;--awb-width-medium:100%;--awb-order-medium:0;--awb-spacing-right-medium:1.92%;--awb-spacing-left-medium:1.92%;--awb-width-small:100%;--awb-order-small:0;--awb-spacing-right-small:1.92%;--awb-spacing-left-small:1.92%;\"><div class=\"fusion-column-wrapper fusion-column-has-shadow fusion-flex-justify-content-flex-start fusion-content-layout-column\"><div class=\"fusion-image-element \" style=\"text-align:center;--awb-caption-title-font-family:var(--h2_typography-font-family);--awb-caption-title-font-weight:var(--h2_typography-font-weight);--awb-caption-title-font-style:var(--h2_typography-font-style);--awb-caption-title-size:var(--h2_typography-font-size);--awb-caption-title-transform:var(--h2_typography-text-transform);--awb-caption-title-line-height:var(--h2_typography-line-height);--awb-caption-title-letter-spacing:var(--h2_typography-letter-spacing);\"><span class=\" fusion-imageframe imageframe-none imageframe-2 hover-type-none\"><img decoding=\"async\" width=\"600\" height=\"400\" src=\"https:\/\/rentacaringreece.eu\/wp-content\/uploads\/2026\/01\/vq2.jpg\" data-orig-src=\"https:\/\/rentacaringreece.eu\/wp-content\/uploads\/2026\/01\/vq2.jpg\" alt class=\"lazyload img-responsive wp-image-9929\" srcset=\"data:image\/svg+xml,%3Csvg%20xmlns%3D%27http%3A%2F%2Fwww.w3.org%2F2000%2Fsvg%27%20width%3D%27600%27%20height%3D%27400%27%20viewBox%3D%270%200%20600%20400%27%3E%3Crect%20width%3D%27600%27%20height%3D%27400%27%20fill-opacity%3D%220%22%2F%3E%3C%2Fsvg%3E\" data-srcset=\"https:\/\/rentacaringreece.eu\/wp-content\/uploads\/2026\/01\/vq2-200x133.jpg 200w, https:\/\/rentacaringreece.eu\/wp-content\/uploads\/2026\/01\/vq2-400x267.jpg 400w, https:\/\/rentacaringreece.eu\/wp-content\/uploads\/2026\/01\/vq2.jpg 600w\" data-sizes=\"auto\" data-orig-sizes=\"(max-width: 768px) 100vw, 600px\" \/><\/span><\/div><\/div><\/div><div class=\"fusion-layout-column fusion_builder_column fusion-builder-column-4 fusion_builder_column_1_1 1_1 fusion-flex-column\" style=\"--awb-bg-size:cover;--awb-width-large:100%;--awb-margin-top-large:0px;--awb-spacing-right-large:1.92%;--awb-margin-bottom-large:20px;--awb-spacing-left-large:1.92%;--awb-width-medium:100%;--awb-order-medium:0;--awb-spacing-right-medium:1.92%;--awb-spacing-left-medium:1.92%;--awb-width-small:100%;--awb-order-small:0;--awb-spacing-right-small:1.92%;--awb-spacing-left-small:1.92%;\"><div class=\"fusion-column-wrapper fusion-column-has-shadow fusion-flex-justify-content-flex-start fusion-content-layout-column\"><div class=\"fusion-text fusion-text-3\"><h3 style=\"text-align: center;\" data-start=\"2228\" data-end=\"2273\"><strong>Schneller und flexibler Abholprozess<\/strong><\/h3>\n<p data-start=\"2275\" data-end=\"2782\">Die Abholung Ihres Mietwagens am Flughafen ist ein einfacher Vorgang, der nur wenig Zeit in Anspruch nimmt. Nach Ihrer Ankunft kontaktieren Sie unseren Mitarbeiter oder folgen den Anweisungen, die Sie bei der Buchung erhalten haben. Die \u00dcbergabe erfolgt sofort, mit klaren Informationen zum Fahrzeug, seiner Bedienung sowie zu den Verkehrsregeln auf der Insel. Wenn Sie Gep\u00e4ck haben oder mit Kindern reisen, ist der Ablauf besonders bequem, da Sie direkt in Ihr Fahrzeug einsteigen und Ihre Reise beginnen k\u00f6nnen.<\/p>\n<h3 style=\"text-align: center;\" data-start=\"2784\" data-end=\"2809\"><strong>Bequeme Fahrzeugr\u00fcckgabe<\/strong><\/h3>\n<p data-start=\"2811\" data-end=\"3155\">Nach Abschluss Ihres Urlaubs ist auch die R\u00fcckgabe des Fahrzeugs ebenso unkompliziert. Sie k\u00f6nnen das Auto am selben Punkt am Flughafen Paros (PAS) zur\u00fcckgeben, ohne nach einem anderen R\u00fcckgabeort suchen oder Zeit f\u00fcr zus\u00e4tzliche Wege verlieren zu m\u00fcssen. Falls erforderlich, bieten wir nach vorheriger Absprache auch die M\u00f6glichkeit der R\u00fcckgabe an einem anderen Ort auf der Insel an.<\/p>\n<h3 style=\"text-align: center;\" data-start=\"3157\" data-end=\"3216\"><strong>Buchen Sie jetzt und starten Sie entspannt in Ihren Urlaub<\/strong><\/h3>\n<p data-start=\"3218\" data-end=\"3553\">Die Autovermietung am Flughafen Paros ist die intelligenteste und komfortabelste Art, die Insel zu genie\u00dfen. Mit schneller Abholung, flexiblen Fahrzeugoptionen und exzellentem Service erm\u00f6glichen wir Ihnen, Paros in Ihrem eigenen Tempo zu entdecken. Buchen Sie noch heute und freuen Sie sich auf ein unvergessliches Erlebnis auf den Kykladen!<\/p>\n<\/div><\/div><\/div><\/div><\/div>\n","protected":false},"excerpt":{"rendered":"","protected":false},"author":1,"featured_media":0,"parent":0,"menu_order":0,"comment_status":"closed","ping_status":"closed","template":"100-width.php","meta":{"footnotes":""},"class_list":["post-9930","page","type-page","status-publish","hentry"],"_links":{"self":[{"href":"https:\/\/rentacaringreece.eu\/de\/wp-json\/wp\/v2\/pages\/9930","targetHints":{"allow":["GET"]}}],"collection":[{"href":"https:\/\/rentacaringreece.eu\/de\/wp-json\/wp\/v2\/pages"}],"about":[{"href":"https:\/\/rentacaringreece.eu\/de\/wp-json\/wp\/v2\/types\/page"}],"author":[{"embeddable":true,"href":"https:\/\/rentacaringreece.eu\/de\/wp-json\/wp\/v2\/users\/1"}],"replies":[{"embeddable":true,"href":"https:\/\/rentacaringreece.eu\/de\/wp-json\/wp\/v2\/comments?post=9930"}],"version-history":[{"count":3,"href":"https:\/\/rentacaringreece.eu\/de\/wp-json\/wp\/v2\/pages\/9930\/revisions"}],"predecessor-version":[{"id":9933,"href":"https:\/\/rentacaringreece.eu\/de\/wp-json\/wp\/v2\/pages\/9930\/revisions\/9933"}],"wp:attachment":[{"href":"https:\/\/rentacaringreece.eu\/de\/wp-json\/wp\/v2\/media?parent=9930"}],"curies":[{"name":"wp","href":"https:\/\/api.w.org\/{rel}","templated":true}]}}