{"id":9936,"date":"2026-01-24T12:52:39","date_gmt":"2026-01-24T10:52:39","guid":{"rendered":"https:\/\/rentacaringreece.eu\/?page_id=9936"},"modified":"2026-01-24T15:43:16","modified_gmt":"2026-01-24T13:43:16","slug":"autovermietung-am-hafen-von-paros","status":"publish","type":"page","link":"https:\/\/rentacaringreece.eu\/de\/autovermietung-am-hafen-von-paros\/","title":{"rendered":"Autovermietung am Hafen von Paros"},"content":{"rendered":"<div class=\"fusion-fullwidth fullwidth-box fusion-builder-row-1 fusion-flex-container has-pattern-background has-mask-background nonhundred-percent-fullwidth non-hundred-percent-height-scrolling\" style=\"--awb-border-radius-top-left:0px;--awb-border-radius-top-right:0px;--awb-border-radius-bottom-right:0px;--awb-border-radius-bottom-left:0px;--awb-margin-top:100px;--awb-flex-wrap:wrap;\" ><div class=\"fusion-builder-row fusion-row fusion-flex-align-items-flex-start fusion-flex-content-wrap\" style=\"max-width:1497.6px;margin-left: calc(-4% \/ 2 );margin-right: calc(-4% \/ 2 );\"><div class=\"fusion-layout-column fusion_builder_column fusion-builder-column-0 fusion_builder_column_1_1 1_1 fusion-flex-column\" style=\"--awb-bg-size:cover;--awb-width-large:100%;--awb-margin-top-large:0px;--awb-spacing-right-large:1.92%;--awb-margin-bottom-large:20px;--awb-spacing-left-large:1.92%;--awb-width-medium:100%;--awb-order-medium:0;--awb-spacing-right-medium:1.92%;--awb-spacing-left-medium:1.92%;--awb-width-small:100%;--awb-order-small:0;--awb-spacing-right-small:1.92%;--awb-spacing-left-small:1.92%;\"><div class=\"fusion-column-wrapper fusion-column-has-shadow fusion-flex-justify-content-flex-start fusion-content-layout-column\"><div class=\"fusion-text fusion-text-1\"><h1 style=\"text-align: center;\" data-start=\"275\" data-end=\"644\"><strong>Autovermietung im Hafen von Paros<\/strong><\/h1>\n<\/div><\/div><\/div><div class=\"fusion-layout-column fusion_builder_column fusion-builder-column-1 fusion_builder_column_1_1 1_1 fusion-flex-column\" style=\"--awb-bg-size:cover;--awb-width-large:100%;--awb-margin-top-large:0px;--awb-spacing-right-large:1.92%;--awb-margin-bottom-large:20px;--awb-spacing-left-large:1.92%;--awb-width-medium:100%;--awb-order-medium:0;--awb-spacing-right-medium:1.92%;--awb-spacing-left-medium:1.92%;--awb-width-small:100%;--awb-order-small:0;--awb-spacing-right-small:1.92%;--awb-spacing-left-small:1.92%;\"><div class=\"fusion-column-wrapper fusion-column-has-shadow fusion-flex-justify-content-flex-start fusion-content-layout-column\"><div class=\"fusion-image-element \" style=\"text-align:center;--awb-caption-title-font-family:var(--h2_typography-font-family);--awb-caption-title-font-weight:var(--h2_typography-font-weight);--awb-caption-title-font-style:var(--h2_typography-font-style);--awb-caption-title-size:var(--h2_typography-font-size);--awb-caption-title-transform:var(--h2_typography-text-transform);--awb-caption-title-line-height:var(--h2_typography-line-height);--awb-caption-title-letter-spacing:var(--h2_typography-letter-spacing);\"><span class=\" fusion-imageframe imageframe-none imageframe-1 hover-type-none\"><img decoding=\"async\" width=\"600\" height=\"400\" src=\"https:\/\/rentacaringreece.eu\/wp-content\/uploads\/2026\/01\/\u03bb\u03b9\u03bc\u03b1\u03bd-\u03b9\u03c0\u03b1\u03c1\u03bf\u03c5.jpg\" data-orig-src=\"https:\/\/rentacaringreece.eu\/wp-content\/uploads\/2026\/01\/\u03bb\u03b9\u03bc\u03b1\u03bd-\u03b9\u03c0\u03b1\u03c1\u03bf\u03c5.jpg\" alt class=\"lazyload img-responsive wp-image-9934\" srcset=\"data:image\/svg+xml,%3Csvg%20xmlns%3D%27http%3A%2F%2Fwww.w3.org%2F2000%2Fsvg%27%20width%3D%27600%27%20height%3D%27400%27%20viewBox%3D%270%200%20600%20400%27%3E%3Crect%20width%3D%27600%27%20height%3D%27400%27%20fill-opacity%3D%220%22%2F%3E%3C%2Fsvg%3E\" data-srcset=\"https:\/\/rentacaringreece.eu\/wp-content\/uploads\/2026\/01\/\u03bb\u03b9\u03bc\u03b1\u03bd-\u03b9\u03c0\u03b1\u03c1\u03bf\u03c5-200x133.jpg 200w, https:\/\/rentacaringreece.eu\/wp-content\/uploads\/2026\/01\/\u03bb\u03b9\u03bc\u03b1\u03bd-\u03b9\u03c0\u03b1\u03c1\u03bf\u03c5-400x267.jpg 400w, https:\/\/rentacaringreece.eu\/wp-content\/uploads\/2026\/01\/\u03bb\u03b9\u03bc\u03b1\u03bd-\u03b9\u03c0\u03b1\u03c1\u03bf\u03c5.jpg 600w\" data-sizes=\"auto\" data-orig-sizes=\"(max-width: 768px) 100vw, 600px\" \/><\/span><\/div><\/div><\/div><div class=\"fusion-layout-column fusion_builder_column fusion-builder-column-2 fusion_builder_column_1_1 1_1 fusion-flex-column\" style=\"--awb-bg-size:cover;--awb-width-large:100%;--awb-margin-top-large:0px;--awb-spacing-right-large:1.92%;--awb-margin-bottom-large:20px;--awb-spacing-left-large:1.92%;--awb-width-medium:100%;--awb-order-medium:0;--awb-spacing-right-medium:1.92%;--awb-spacing-left-medium:1.92%;--awb-width-small:100%;--awb-order-small:0;--awb-spacing-right-small:1.92%;--awb-spacing-left-small:1.92%;\"><div class=\"fusion-column-wrapper fusion-column-has-shadow fusion-flex-justify-content-flex-start fusion-content-layout-column\"><div class=\"fusion-text fusion-text-2\"><p data-start=\"275\" data-end=\"644\">Paros ist eine der beliebtesten Inseln der Kykladen und bekannt f\u00fcr ihre malerischen Str\u00e4nde, traditionellen D\u00f6rfer und ihre lebendige Atmosph\u00e4re. Wenn Sie die Insel mit der F\u00e4hre erreichen, ist der Hafen der erste Ankunftspunkt. Die beste Wahl, um Ihren Urlaub komfortabel zu beginnen, ist die <strong data-start=\"567\" data-end=\"641\">Autovermietung mit Lieferung und R\u00fcckgabe im Hafen von Paros<\/strong>.<\/p>\n<p data-start=\"646\" data-end=\"1044\">Die <strong data-start=\"649\" data-end=\"698\">Lieferung und R\u00fcckgabe von Mietwagen im Hafen von Paros<\/strong> ist die bequemste L\u00f6sung f\u00fcr alle, die Wartezeiten und Fahrten mit Taxis oder Bussen vermeiden m\u00f6chten. Direkt nach dem Aussteigen erwartet Sie ein sauberes und fahrbereites Fahrzeug, damit Sie sofort mit der Erkundung der Insel beginnen k\u00f6nnen. Der Ablauf ist einfach, schnell und stressfrei \u2013 besonders wenn Sie mit Familie oder viel Gep\u00e4ck reisen.<\/p>\n<h2 style=\"text-align: center;\" data-start=\"1046\" data-end=\"1089\"><strong>Komfort und Flexibilit\u00e4t ab der ersten Minute<\/strong><\/h2>\n<p data-start=\"1090\" data-end=\"1515\">Mit der <strong data-start=\"1097\" data-end=\"1154\">Lieferung und R\u00fcckgabe von Mietwagen im Hafen von Paros<\/strong> m\u00fcssen Sie Ihren Zeitplan nicht an \u00f6ffentliche Verkehrsmittel anpassen. Sie erreichen Ihr Fahrzeug direkt nach Ihrer Ankunft, laden Ihr Gep\u00e4ck ein und fahren sofort zu Ihrem Ziel. Dies ist besonders in der Hochsaison wichtig, wenn die Wartezeiten f\u00fcr Taxis lang und die \u00f6ffentlichen Verkehrsmittel \u00fcberf\u00fcllt sind.<\/p>\n<p data-start=\"1517\" data-end=\"1917\">Dar\u00fcber hinaus bietet Ihnen die Abholung im Hafen die M\u00f6glichkeit, Ihren Tag mit maximaler Freiheit zu planen. Sie k\u00f6nnen direkt zu Str\u00e4nden, D\u00f6rfern oder Sehensw\u00fcrdigkeiten fahren, ohne Zeit mit unn\u00f6tigen Transfers zu verlieren. Die <strong data-start=\"1754\" data-end=\"1803\">Lieferung und R\u00fcckgabe von Mietwagen im Hafen von Paros<\/strong> ist ideal f\u00fcr Paare, Familien und Freundesgruppen, die Paros in ihrem eigenen Tempo erleben m\u00f6chten.<\/p>\n<h2 style=\"text-align: center;\" data-start=\"1919\" data-end=\"1962\"><strong>Gro\u00dfe Fahrzeugauswahl f\u00fcr jeden Bedarf<\/strong><\/h2>\n<p data-start=\"1963\" data-end=\"2330\">Unser Unternehmen bietet eine gro\u00dfe Auswahl an Fahrzeugen \u2013 von g\u00fcnstigen Kleinwagen bis hin zu gr\u00f6\u00dferen und komfortableren Modellen. Sie k\u00f6nnen zwischen <strong data-start=\"2118\" data-end=\"2163\">Economy-, Mittelklasse- und Premium-Fahrzeugen<\/strong> w\u00e4hlen, mit der Option auf <strong data-start=\"2176\" data-end=\"2213\">Automatik- oder Schaltgetriebe<\/strong>. Alle Fahrzeuge sind modern, sauber und gut gewartet, um Sicherheit und Komfort bei jeder Fahrt zu gew\u00e4hrleisten.<\/p>\n<p data-start=\"2332\" data-end=\"2593\">Die <strong data-start=\"2335\" data-end=\"2384\">Lieferung und R\u00fcckgabe von Mietwagen im Hafen von Paros<\/strong> beinhaltet eine umfassende Versicherung sowie Unterst\u00fctzung w\u00e4hrend der gesamten Mietdauer. Sollten Sie Hilfe ben\u00f6tigen oder auf ein Problem sto\u00dfen, steht Ihnen unser Team jederzeit gerne zur Verf\u00fcgung.<\/p>\n<p data-start=\"275\" data-end=\"644\">Paros ist eine der beliebtesten Inseln der Kykladen und bekannt f\u00fcr ihre malerischen Str\u00e4nde, traditionellen D\u00f6rfer und ihre lebendige Atmosph\u00e4re. Wenn Sie die Insel mit der F\u00e4hre erreichen, ist der Hafen der erste Ankunftspunkt. Die beste Wahl, um Ihren Urlaub komfortabel zu beginnen, ist die <strong data-start=\"567\" data-end=\"641\">Autovermietung mit Lieferung und R\u00fcckgabe im Hafen von Paros<\/strong>.<\/p>\n<p data-start=\"646\" data-end=\"1044\">Die <strong data-start=\"649\" data-end=\"698\">Lieferung und R\u00fcckgabe von Mietwagen im Hafen von Paros<\/strong> ist die bequemste L\u00f6sung f\u00fcr alle, die Wartezeiten und Fahrten mit Taxis oder Bussen vermeiden m\u00f6chten. Direkt nach dem Aussteigen erwartet Sie ein sauberes und fahrbereites Fahrzeug, damit Sie sofort mit der Erkundung der Insel beginnen k\u00f6nnen. Der Ablauf ist einfach, schnell und stressfrei \u2013 besonders wenn Sie mit Familie oder viel Gep\u00e4ck reisen.<\/p>\n<h2 style=\"text-align: center;\" data-start=\"1046\" data-end=\"1089\"><strong>Komfort und Flexibilit\u00e4t ab der ersten Minute<\/strong><\/h2>\n<p data-start=\"1090\" data-end=\"1515\">Mit der <strong data-start=\"1097\" data-end=\"1154\">Lieferung und R\u00fcckgabe von Mietwagen im Hafen von Paros<\/strong> m\u00fcssen Sie Ihren Zeitplan nicht an \u00f6ffentliche Verkehrsmittel anpassen. Sie erreichen Ihr Fahrzeug direkt nach Ihrer Ankunft, laden Ihr Gep\u00e4ck ein und fahren sofort zu Ihrem Ziel. Dies ist besonders in der Hochsaison wichtig, wenn die Wartezeiten f\u00fcr Taxis lang und die \u00f6ffentlichen Verkehrsmittel \u00fcberf\u00fcllt sind.<\/p>\n<p data-start=\"1517\" data-end=\"1917\">Dar\u00fcber hinaus bietet Ihnen die Abholung im Hafen die M\u00f6glichkeit, Ihren Tag mit maximaler Freiheit zu planen. Sie k\u00f6nnen direkt zu Str\u00e4nden, D\u00f6rfern oder Sehensw\u00fcrdigkeiten fahren, ohne Zeit mit unn\u00f6tigen Transfers zu verlieren. Die <strong data-start=\"1754\" data-end=\"1803\">Lieferung und R\u00fcckgabe von Mietwagen im Hafen von Paros<\/strong> ist ideal f\u00fcr Paare, Familien und Freundesgruppen, die Paros in ihrem eigenen Tempo erleben m\u00f6chten.<\/p>\n<h2 style=\"text-align: center;\" data-start=\"1919\" data-end=\"1962\"><strong>Gro\u00dfe Fahrzeugauswahl f\u00fcr jeden Bedarf<\/strong><\/h2>\n<p data-start=\"1963\" data-end=\"2330\">Unser Unternehmen bietet eine gro\u00dfe Auswahl an Fahrzeugen \u2013 von g\u00fcnstigen Kleinwagen bis hin zu gr\u00f6\u00dferen und komfortableren Modellen. Sie k\u00f6nnen zwischen <strong data-start=\"2118\" data-end=\"2163\">Economy-, Mittelklasse- und Premium-Fahrzeugen<\/strong> w\u00e4hlen, mit der Option auf <strong data-start=\"2176\" data-end=\"2213\">Automatik- oder Schaltgetriebe<\/strong>. Alle Fahrzeuge sind modern, sauber und gut gewartet, um Sicherheit und Komfort bei jeder Fahrt zu gew\u00e4hrleisten.<\/p>\n<p data-start=\"2332\" data-end=\"2593\">Die <strong data-start=\"2335\" data-end=\"2384\">Lieferung und R\u00fcckgabe von Mietwagen im Hafen von Paros<\/strong> beinhaltet eine umfassende Versicherung sowie Unterst\u00fctzung w\u00e4hrend der gesamten Mietdauer. Sollten Sie Hilfe ben\u00f6tigen oder auf ein Problem sto\u00dfen, steht Ihnen unser Team jederzeit gerne zur Verf\u00fcgung.<\/p>\n<\/div><\/div><\/div><div class=\"fusion-layout-column fusion_builder_column fusion-builder-column-3 fusion_builder_column_1_1 1_1 fusion-flex-column\" style=\"--awb-bg-size:cover;--awb-width-large:100%;--awb-margin-top-large:0px;--awb-spacing-right-large:1.92%;--awb-margin-bottom-large:20px;--awb-spacing-left-large:1.92%;--awb-width-medium:100%;--awb-order-medium:0;--awb-spacing-right-medium:1.92%;--awb-spacing-left-medium:1.92%;--awb-width-small:100%;--awb-order-small:0;--awb-spacing-right-small:1.92%;--awb-spacing-left-small:1.92%;\"><div class=\"fusion-column-wrapper fusion-column-has-shadow fusion-flex-justify-content-flex-start fusion-content-layout-column\"><div class=\"fusion-image-element \" style=\"text-align:center;--awb-caption-title-font-family:var(--h2_typography-font-family);--awb-caption-title-font-weight:var(--h2_typography-font-weight);--awb-caption-title-font-style:var(--h2_typography-font-style);--awb-caption-title-size:var(--h2_typography-font-size);--awb-caption-title-transform:var(--h2_typography-text-transform);--awb-caption-title-line-height:var(--h2_typography-line-height);--awb-caption-title-letter-spacing:var(--h2_typography-letter-spacing);\"><span class=\" fusion-imageframe imageframe-none imageframe-2 hover-type-none\"><img decoding=\"async\" width=\"600\" height=\"400\" src=\"https:\/\/rentacaringreece.eu\/wp-content\/uploads\/2026\/01\/fae.jpg\" data-orig-src=\"https:\/\/rentacaringreece.eu\/wp-content\/uploads\/2026\/01\/fae.jpg\" alt class=\"lazyload img-responsive wp-image-9935\" srcset=\"data:image\/svg+xml,%3Csvg%20xmlns%3D%27http%3A%2F%2Fwww.w3.org%2F2000%2Fsvg%27%20width%3D%27600%27%20height%3D%27400%27%20viewBox%3D%270%200%20600%20400%27%3E%3Crect%20width%3D%27600%27%20height%3D%27400%27%20fill-opacity%3D%220%22%2F%3E%3C%2Fsvg%3E\" data-srcset=\"https:\/\/rentacaringreece.eu\/wp-content\/uploads\/2026\/01\/fae-200x133.jpg 200w, https:\/\/rentacaringreece.eu\/wp-content\/uploads\/2026\/01\/fae-400x267.jpg 400w, https:\/\/rentacaringreece.eu\/wp-content\/uploads\/2026\/01\/fae.jpg 600w\" data-sizes=\"auto\" data-orig-sizes=\"(max-width: 768px) 100vw, 600px\" \/><\/span><\/div><\/div><\/div><div class=\"fusion-layout-column fusion_builder_column fusion-builder-column-4 fusion_builder_column_1_1 1_1 fusion-flex-column\" style=\"--awb-bg-size:cover;--awb-width-large:100%;--awb-margin-top-large:0px;--awb-spacing-right-large:1.92%;--awb-margin-bottom-large:20px;--awb-spacing-left-large:1.92%;--awb-width-medium:100%;--awb-order-medium:0;--awb-spacing-right-medium:1.92%;--awb-spacing-left-medium:1.92%;--awb-width-small:100%;--awb-order-small:0;--awb-spacing-right-small:1.92%;--awb-spacing-left-small:1.92%;\"><div class=\"fusion-column-wrapper fusion-column-has-shadow fusion-flex-justify-content-flex-start fusion-content-layout-column\"><div class=\"fusion-text fusion-text-3\"><h2 style=\"text-align: center;\" data-start=\"2595\" data-end=\"2644\"><strong>Schnelle Abholung und R\u00fcckgabe<\/strong><\/h2>\n<p data-start=\"2645\" data-end=\"2927\">Die Abholung des Mietwagens im Hafen ist einfach und schnell. Nach Ihrer Ankunft kontaktieren Sie unseren Mitarbeiter und schlie\u00dfen den Vorgang innerhalb weniger Minuten ab. Unser Vertreter gibt Ihnen alle notwendigen Informationen zum Fahrzeug, zu den Routen sowie zu den Verkehrsregeln auf der Insel.<\/p>\n<p data-start=\"2929\" data-end=\"3204\">Am Ende Ihres Urlaubs k\u00f6nnen Sie das Fahrzeug am selben Ort, im Hafen von Paros, zur\u00fcckgeben, ohne nach einer anderen R\u00fcckgabestelle suchen zu m\u00fcssen. Der R\u00fcckgabeprozess ist ebenso unkompliziert, sodass Sie Ihre Reise komfortabel und stressfrei abschlie\u00dfen k\u00f6nnen.<\/p>\n<h2 style=\"text-align: center;\" data-start=\"3206\" data-end=\"3255\"><strong>Jetzt buchen und Ihren Urlaub beginnen<\/strong><\/h2>\n<p data-start=\"3256\" data-end=\"3605\">Die <strong data-start=\"3259\" data-end=\"3308\">Lieferung und R\u00fcckgabe von Mietwagen im Hafen von Paros<\/strong> ist die beste Wahl, um Ihren Urlaub auf die bequemste Weise zu starten. Mit schneller Abholung, flexiblen Fahrzeugoptionen und exzellentem Service bieten wir Ihnen die Freiheit, Paros in Ihrem eigenen Tempo zu entdecken. Buchen Sie jetzt und genie\u00dfen Sie eine unvergessliche Reise auf den Kykladen!<\/p>\n<\/div><\/div><\/div><\/div><\/div>\n","protected":false},"excerpt":{"rendered":"","protected":false},"author":1,"featured_media":0,"parent":0,"menu_order":0,"comment_status":"closed","ping_status":"closed","template":"100-width.php","meta":{"footnotes":""},"class_list":["post-9936","page","type-page","status-publish","hentry"],"_links":{"self":[{"href":"https:\/\/rentacaringreece.eu\/de\/wp-json\/wp\/v2\/pages\/9936","targetHints":{"allow":["GET"]}}],"collection":[{"href":"https:\/\/rentacaringreece.eu\/de\/wp-json\/wp\/v2\/pages"}],"about":[{"href":"https:\/\/rentacaringreece.eu\/de\/wp-json\/wp\/v2\/types\/page"}],"author":[{"embeddable":true,"href":"https:\/\/rentacaringreece.eu\/de\/wp-json\/wp\/v2\/users\/1"}],"replies":[{"embeddable":true,"href":"https:\/\/rentacaringreece.eu\/de\/wp-json\/wp\/v2\/comments?post=9936"}],"version-history":[{"count":3,"href":"https:\/\/rentacaringreece.eu\/de\/wp-json\/wp\/v2\/pages\/9936\/revisions"}],"predecessor-version":[{"id":9939,"href":"https:\/\/rentacaringreece.eu\/de\/wp-json\/wp\/v2\/pages\/9936\/revisions\/9939"}],"wp:attachment":[{"href":"https:\/\/rentacaringreece.eu\/de\/wp-json\/wp\/v2\/media?parent=9936"}],"curies":[{"name":"wp","href":"https:\/\/api.w.org\/{rel}","templated":true}]}}