{"id":9942,"date":"2026-01-24T13:00:09","date_gmt":"2026-01-24T11:00:09","guid":{"rendered":"https:\/\/rentacaringreece.eu\/?page_id=9942"},"modified":"2026-01-24T15:45:57","modified_gmt":"2026-01-24T13:45:57","slug":"autovermietung-naoussa-parou","status":"publish","type":"page","link":"https:\/\/rentacaringreece.eu\/de\/autovermietung-naoussa-parou\/","title":{"rendered":"Autovermietung Naoussa Parou"},"content":{"rendered":"<div class=\"fusion-fullwidth fullwidth-box fusion-builder-row-1 fusion-flex-container has-pattern-background has-mask-background nonhundred-percent-fullwidth non-hundred-percent-height-scrolling\" style=\"--awb-border-radius-top-left:0px;--awb-border-radius-top-right:0px;--awb-border-radius-bottom-right:0px;--awb-border-radius-bottom-left:0px;--awb-flex-wrap:wrap;\" ><div class=\"fusion-builder-row fusion-row fusion-flex-align-items-flex-start fusion-flex-content-wrap\" style=\"max-width:1497.6px;margin-left: calc(-4% \/ 2 );margin-right: calc(-4% \/ 2 );\"><div class=\"fusion-layout-column fusion_builder_column fusion-builder-column-0 fusion_builder_column_1_1 1_1 fusion-flex-column\" style=\"--awb-bg-size:cover;--awb-width-large:100%;--awb-margin-top-large:100px;--awb-spacing-right-large:1.92%;--awb-margin-bottom-large:20px;--awb-spacing-left-large:1.92%;--awb-width-medium:100%;--awb-order-medium:0;--awb-spacing-right-medium:1.92%;--awb-spacing-left-medium:1.92%;--awb-width-small:100%;--awb-order-small:0;--awb-spacing-right-small:1.92%;--awb-spacing-left-small:1.92%;\" data-scroll-devices=\"small-visibility,medium-visibility,large-visibility\"><div class=\"fusion-column-wrapper fusion-column-has-shadow fusion-flex-justify-content-flex-start fusion-content-layout-column\"><div class=\"fusion-text fusion-text-1\"><h2 style=\"text-align: center;\" data-start=\"242\" data-end=\"304\"><strong>Autovermietung in Naoussa, Paros<\/strong><\/h2>\n<\/div><\/div><\/div><div class=\"fusion-layout-column fusion_builder_column fusion-builder-column-1 fusion_builder_column_1_1 1_1 fusion-flex-column\" style=\"--awb-bg-size:cover;--awb-width-large:100%;--awb-margin-top-large:0px;--awb-spacing-right-large:1.92%;--awb-margin-bottom-large:20px;--awb-spacing-left-large:1.92%;--awb-width-medium:100%;--awb-order-medium:0;--awb-spacing-right-medium:1.92%;--awb-spacing-left-medium:1.92%;--awb-width-small:100%;--awb-order-small:0;--awb-spacing-right-small:1.92%;--awb-spacing-left-small:1.92%;\"><div class=\"fusion-column-wrapper fusion-column-has-shadow fusion-flex-justify-content-flex-start fusion-content-layout-column\"><div class=\"fusion-image-element \" style=\"text-align:center;--awb-caption-title-font-family:var(--h2_typography-font-family);--awb-caption-title-font-weight:var(--h2_typography-font-weight);--awb-caption-title-font-style:var(--h2_typography-font-style);--awb-caption-title-size:var(--h2_typography-font-size);--awb-caption-title-transform:var(--h2_typography-text-transform);--awb-caption-title-line-height:var(--h2_typography-line-height);--awb-caption-title-letter-spacing:var(--h2_typography-letter-spacing);\"><span class=\" fusion-imageframe imageframe-none imageframe-1 hover-type-none\"><img decoding=\"async\" width=\"600\" height=\"400\" src=\"https:\/\/rentacaringreece.eu\/wp-content\/uploads\/2026\/01\/\u039d\u0391\u039f\u03a5\u03a3\u0391-\u0391\u03a1\u039f\u03a5.jpg\" data-orig-src=\"https:\/\/rentacaringreece.eu\/wp-content\/uploads\/2026\/01\/\u039d\u0391\u039f\u03a5\u03a3\u0391-\u0391\u03a1\u039f\u03a5.jpg\" alt class=\"lazyload img-responsive wp-image-9940\" srcset=\"data:image\/svg+xml,%3Csvg%20xmlns%3D%27http%3A%2F%2Fwww.w3.org%2F2000%2Fsvg%27%20width%3D%27600%27%20height%3D%27400%27%20viewBox%3D%270%200%20600%20400%27%3E%3Crect%20width%3D%27600%27%20height%3D%27400%27%20fill-opacity%3D%220%22%2F%3E%3C%2Fsvg%3E\" data-srcset=\"https:\/\/rentacaringreece.eu\/wp-content\/uploads\/2026\/01\/\u039d\u0391\u039f\u03a5\u03a3\u0391-\u0391\u03a1\u039f\u03a5-200x133.jpg 200w, https:\/\/rentacaringreece.eu\/wp-content\/uploads\/2026\/01\/\u039d\u0391\u039f\u03a5\u03a3\u0391-\u0391\u03a1\u039f\u03a5-400x267.jpg 400w, https:\/\/rentacaringreece.eu\/wp-content\/uploads\/2026\/01\/\u039d\u0391\u039f\u03a5\u03a3\u0391-\u0391\u03a1\u039f\u03a5.jpg 600w\" data-sizes=\"auto\" data-orig-sizes=\"(max-width: 768px) 100vw, 600px\" \/><\/span><\/div><\/div><\/div><div class=\"fusion-layout-column fusion_builder_column fusion-builder-column-2 fusion_builder_column_1_1 1_1 fusion-flex-column\" style=\"--awb-bg-size:cover;--awb-width-large:100%;--awb-margin-top-large:0px;--awb-spacing-right-large:1.92%;--awb-margin-bottom-large:20px;--awb-spacing-left-large:1.92%;--awb-width-medium:100%;--awb-order-medium:0;--awb-spacing-right-medium:1.92%;--awb-spacing-left-medium:1.92%;--awb-width-small:100%;--awb-order-small:0;--awb-spacing-right-small:1.92%;--awb-spacing-left-small:1.92%;\"><div class=\"fusion-column-wrapper fusion-column-has-shadow fusion-flex-justify-content-flex-start fusion-content-layout-column\"><div class=\"fusion-text fusion-text-2\"><p data-start=\"306\" data-end=\"648\">Naoussa auf Paros ist einer der beliebtesten und sch\u00f6nsten Orte der Insel, bekannt f\u00fcr seine malerischen Gassen, traditionellen H\u00e4user und die kosmopolitische Atmosph\u00e4re. Wenn Sie planen, Ihren Urlaub dort zu verbringen, ist die beste Wahl, um die Insel komfortabel zu genie\u00dfen, die <strong data-start=\"578\" data-end=\"645\">Autovermietung mit Lieferung und Abholung in Naoussa Paros<\/strong>.<\/p>\n<p data-start=\"650\" data-end=\"1083\">Die <strong data-start=\"652\" data-end=\"717\">Autovermietung mit Lieferung und Abholung in Naoussa Paros<\/strong> bietet Ihnen die Flexibilit\u00e4t, Ihre Erkundungen zu beginnen, ohne Koffer transportieren oder nach einem Taxi suchen zu m\u00fcssen. Sobald Sie in Naoussa ankommen, kann Ihr Fahrzeug an einem vorher vereinbarten Ort f\u00fcr Sie bereitstehen, damit Sie sofort Ihre Inselrundfahrt starten k\u00f6nnen. Der Ablauf ist schnell und unkompliziert, besonders wenn Sie mit Familie oder Freunden reisen.<\/p>\n<h3 style=\"text-align: center;\" data-start=\"1085\" data-end=\"1126\"><strong>Komfort und Freiheit w\u00e4hrend Ihres Aufenthalts<\/strong><\/h3>\n<p data-start=\"1127\" data-end=\"1579\">Naoussa ist der ideale Ausgangspunkt, um Paros zu entdecken, da es sich in der N\u00e4he vieler beliebter Str\u00e4nde und Sehensw\u00fcrdigkeiten befindet. Mit dem Service <strong data-start=\"1268\" data-end=\"1332\">Autovermietung \u2013 Lieferung \u2013 Abholung in Naoussa Paros<\/strong> k\u00f6nnen Sie Ihre Tage mit gr\u00f6\u00dferer Flexibilit\u00e4t planen. Sie m\u00fcssen nicht auf \u00f6ffentliche Verkehrsmittel warten oder sich nach Fahrpl\u00e4nen richten. Stattdessen verf\u00fcgen Sie \u00fcber Ihr eigenes Fahrzeug und k\u00f6nnen fahren, wohin Sie m\u00f6chten und wann Sie m\u00f6chten.<\/p>\n<p data-start=\"1581\" data-end=\"1919\">Dar\u00fcber hinaus erm\u00f6glicht Ihnen die Abholung in Naoussa, Ihren Urlaub von der ersten Minute an entspannt zu beginnen. Ob Sie mit der F\u00e4hre im Hafen ankommen und nach Naoussa weiterfahren oder bereits eine Unterkunft in der Region haben \u2013 die Fahrzeug\u00fcbergabe an dem f\u00fcr Sie passenden Ort macht Ihren Aufenthalt einfacher und angenehmer.<\/p>\n<h3 style=\"text-align: center;\" data-start=\"1921\" data-end=\"1967\"><strong>Gro\u00dfe Fahrzeugauswahl f\u00fcr jeden Bedarf<\/strong><\/h3>\n<p data-start=\"1968\" data-end=\"2335\">Unser Unternehmen bietet eine gro\u00dfe Auswahl an Fahrzeugen \u2013 von g\u00fcnstigen Kleinwagen bis hin zu gr\u00f6\u00dferen und komfortableren Modellen. Sie k\u00f6nnen zwischen <strong data-start=\"2123\" data-end=\"2168\">Economy-, Mittelklasse- und Premiumfahrzeugen<\/strong> w\u00e4hlen, mit der Option auf <strong data-start=\"2181\" data-end=\"2218\">Automatik- oder Schaltgetriebe<\/strong>. Alle Fahrzeuge sind modern, sauber und gut gewartet, um Sicherheit und Komfort auf jeder Fahrt zu gew\u00e4hrleisten.<\/p>\n<p data-start=\"2337\" data-end=\"2612\">Der Service <strong data-start=\"2348\" data-end=\"2404\">Autovermietung mit Lieferung und Abholung in Naoussa Paros<\/strong> umfasst eine umfassende Versicherung sowie Unterst\u00fctzung w\u00e4hrend der gesamten Mietdauer. Sollten Sie Hilfe ben\u00f6tigen oder auf ein Problem sto\u00dfen, steht Ihnen unser Team jederzeit gerne zur Verf\u00fcgung.<\/p>\n<\/div><\/div><\/div><div class=\"fusion-layout-column fusion_builder_column fusion-builder-column-3 fusion_builder_column_1_1 1_1 fusion-flex-column\" style=\"--awb-bg-size:cover;--awb-width-large:100%;--awb-margin-top-large:0px;--awb-spacing-right-large:1.92%;--awb-margin-bottom-large:20px;--awb-spacing-left-large:1.92%;--awb-width-medium:100%;--awb-order-medium:0;--awb-spacing-right-medium:1.92%;--awb-spacing-left-medium:1.92%;--awb-width-small:100%;--awb-order-small:0;--awb-spacing-right-small:1.92%;--awb-spacing-left-small:1.92%;\"><div class=\"fusion-column-wrapper fusion-column-has-shadow fusion-flex-justify-content-flex-start fusion-content-layout-column\"><div class=\"fusion-image-element \" style=\"text-align:center;--awb-caption-title-font-family:var(--h2_typography-font-family);--awb-caption-title-font-weight:var(--h2_typography-font-weight);--awb-caption-title-font-style:var(--h2_typography-font-style);--awb-caption-title-size:var(--h2_typography-font-size);--awb-caption-title-transform:var(--h2_typography-text-transform);--awb-caption-title-line-height:var(--h2_typography-line-height);--awb-caption-title-letter-spacing:var(--h2_typography-letter-spacing);\"><span class=\" fusion-imageframe imageframe-none imageframe-2 hover-type-none\"><img decoding=\"async\" width=\"600\" height=\"400\" src=\"https:\/\/rentacaringreece.eu\/wp-content\/uploads\/2026\/01\/\u03c0\u03b1\u03c1\u03bf\u03b5-2.jpg\" data-orig-src=\"https:\/\/rentacaringreece.eu\/wp-content\/uploads\/2026\/01\/\u03c0\u03b1\u03c1\u03bf\u03b5-2.jpg\" alt class=\"lazyload img-responsive wp-image-9941\" srcset=\"data:image\/svg+xml,%3Csvg%20xmlns%3D%27http%3A%2F%2Fwww.w3.org%2F2000%2Fsvg%27%20width%3D%27600%27%20height%3D%27400%27%20viewBox%3D%270%200%20600%20400%27%3E%3Crect%20width%3D%27600%27%20height%3D%27400%27%20fill-opacity%3D%220%22%2F%3E%3C%2Fsvg%3E\" data-srcset=\"https:\/\/rentacaringreece.eu\/wp-content\/uploads\/2026\/01\/\u03c0\u03b1\u03c1\u03bf\u03b5-2-200x133.jpg 200w, https:\/\/rentacaringreece.eu\/wp-content\/uploads\/2026\/01\/\u03c0\u03b1\u03c1\u03bf\u03b5-2-400x267.jpg 400w, https:\/\/rentacaringreece.eu\/wp-content\/uploads\/2026\/01\/\u03c0\u03b1\u03c1\u03bf\u03b5-2.jpg 600w\" data-sizes=\"auto\" data-orig-sizes=\"(max-width: 768px) 100vw, 600px\" \/><\/span><\/div><\/div><\/div><div class=\"fusion-layout-column fusion_builder_column fusion-builder-column-4 fusion_builder_column_1_1 1_1 fusion-flex-column\" style=\"--awb-bg-size:cover;--awb-width-large:100%;--awb-margin-top-large:0px;--awb-spacing-right-large:1.92%;--awb-margin-bottom-large:20px;--awb-spacing-left-large:1.92%;--awb-width-medium:100%;--awb-order-medium:0;--awb-spacing-right-medium:1.92%;--awb-spacing-left-medium:1.92%;--awb-width-small:100%;--awb-order-small:0;--awb-spacing-right-small:1.92%;--awb-spacing-left-small:1.92%;\"><div class=\"fusion-column-wrapper fusion-column-has-shadow fusion-flex-justify-content-flex-start fusion-content-layout-column\"><div class=\"fusion-text fusion-text-3\"><h3 style=\"text-align: center;\" data-start=\"2614\" data-end=\"2663\"><strong>Schneller Ablauf bei Abholung und R\u00fcckgabe<\/strong><\/h3>\n<p data-start=\"2664\" data-end=\"2967\">Die Abholung des Fahrzeugs in Naoussa ist einfach und schnell. Nachdem Sie am Abholpunkt angekommen sind, kontaktieren Sie unseren Mitarbeiter und schlie\u00dfen den Vorgang innerhalb weniger Minuten ab. Unser Vertreter gibt Ihnen alle notwendigen Informationen zum Fahrzeug, zu den Routen sowie zu den Verkehrsregeln auf der Insel.<\/p>\n<p data-start=\"2969\" data-end=\"3230\">Nach Abschluss Ihres Urlaubs k\u00f6nnen Sie das Fahrzeug in Naoussa oder an einem anderen vorher vereinbarten Ort gem\u00e4\u00df Ihrer Vereinbarung zur\u00fcckgeben. Auch der R\u00fcckgabeprozess ist ebenso einfach und schnell, sodass Sie Ihren Urlaub entspannt und stressfrei abschlie\u00dfen k\u00f6nnen.<\/p>\n<h3 style=\"text-align: center;\" data-start=\"3232\" data-end=\"3282\"><strong>Jetzt buchen und Paros komfortabel genie\u00dfen<\/strong><\/h3>\n<p data-start=\"3283\" data-end=\"3634\">Die <strong data-start=\"3285\" data-end=\"3350\">Autovermietung mit Lieferung und Abholung in Naoussa Paros<\/strong> ist die cleverste Wahl, um die Insel in Ihrem eigenen Tempo zu erleben. Mit schneller Fahrzeug\u00fcbergabe, flexiblen Fahrzeugoptionen und exzellentem Service bieten wir Ihnen die Freiheit, Paros ohne Einschr\u00e4nkungen zu erkunden. Buchen Sie jetzt und starten Sie in ein unvergessliches Erlebnis auf den Kykladen!<\/p>\n<\/div><\/div><\/div><\/div><\/div>\n","protected":false},"excerpt":{"rendered":"","protected":false},"author":1,"featured_media":0,"parent":0,"menu_order":0,"comment_status":"closed","ping_status":"closed","template":"100-width.php","meta":{"footnotes":""},"class_list":["post-9942","page","type-page","status-publish","hentry"],"_links":{"self":[{"href":"https:\/\/rentacaringreece.eu\/de\/wp-json\/wp\/v2\/pages\/9942","targetHints":{"allow":["GET"]}}],"collection":[{"href":"https:\/\/rentacaringreece.eu\/de\/wp-json\/wp\/v2\/pages"}],"about":[{"href":"https:\/\/rentacaringreece.eu\/de\/wp-json\/wp\/v2\/types\/page"}],"author":[{"embeddable":true,"href":"https:\/\/rentacaringreece.eu\/de\/wp-json\/wp\/v2\/users\/1"}],"replies":[{"embeddable":true,"href":"https:\/\/rentacaringreece.eu\/de\/wp-json\/wp\/v2\/comments?post=9942"}],"version-history":[{"count":3,"href":"https:\/\/rentacaringreece.eu\/de\/wp-json\/wp\/v2\/pages\/9942\/revisions"}],"predecessor-version":[{"id":9945,"href":"https:\/\/rentacaringreece.eu\/de\/wp-json\/wp\/v2\/pages\/9942\/revisions\/9945"}],"wp:attachment":[{"href":"https:\/\/rentacaringreece.eu\/de\/wp-json\/wp\/v2\/media?parent=9942"}],"curies":[{"name":"wp","href":"https:\/\/api.w.org\/{rel}","templated":true}]}}