{"id":9948,"date":"2026-01-24T14:50:37","date_gmt":"2026-01-24T12:50:37","guid":{"rendered":"https:\/\/rentacaringreece.eu\/?page_id=9948"},"modified":"2026-01-24T15:51:17","modified_gmt":"2026-01-24T13:51:17","slug":"mietwagen-in-paros-hotels","status":"publish","type":"page","link":"https:\/\/rentacaringreece.eu\/de\/mietwagen-in-paros-hotels\/","title":{"rendered":"Mietwagen in Paros Hotels"},"content":{"rendered":"<div class=\"fusion-fullwidth fullwidth-box fusion-builder-row-1 fusion-flex-container has-pattern-background has-mask-background nonhundred-percent-fullwidth non-hundred-percent-height-scrolling\" style=\"--awb-border-radius-top-left:0px;--awb-border-radius-top-right:0px;--awb-border-radius-bottom-right:0px;--awb-border-radius-bottom-left:0px;--awb-margin-top:100px;--awb-flex-wrap:wrap;\" ><div class=\"fusion-builder-row fusion-row fusion-flex-align-items-flex-start fusion-flex-content-wrap\" style=\"max-width:1497.6px;margin-left: calc(-4% \/ 2 );margin-right: calc(-4% \/ 2 );\"><div class=\"fusion-layout-column fusion_builder_column fusion-builder-column-0 fusion_builder_column_1_1 1_1 fusion-flex-column\" style=\"--awb-bg-size:cover;--awb-width-large:100%;--awb-margin-top-large:0px;--awb-spacing-right-large:1.92%;--awb-margin-bottom-large:20px;--awb-spacing-left-large:1.92%;--awb-width-medium:100%;--awb-order-medium:0;--awb-spacing-right-medium:1.92%;--awb-spacing-left-medium:1.92%;--awb-width-small:100%;--awb-order-small:0;--awb-spacing-right-small:1.92%;--awb-spacing-left-small:1.92%;\"><div class=\"fusion-column-wrapper fusion-column-has-shadow fusion-flex-justify-content-flex-start fusion-content-layout-column\"><div class=\"fusion-text fusion-text-1\"><h1 style=\"text-align: center;\" data-start=\"692\" data-end=\"760\"><strong>Autovermietung bei Paros Hotels<\/strong><\/h1>\n<\/div><\/div><\/div><div class=\"fusion-layout-column fusion_builder_column fusion-builder-column-1 fusion_builder_column_1_1 1_1 fusion-flex-column\" style=\"--awb-bg-size:cover;--awb-width-large:100%;--awb-margin-top-large:0px;--awb-spacing-right-large:1.92%;--awb-margin-bottom-large:20px;--awb-spacing-left-large:1.92%;--awb-width-medium:100%;--awb-order-medium:0;--awb-spacing-right-medium:1.92%;--awb-spacing-left-medium:1.92%;--awb-width-small:100%;--awb-order-small:0;--awb-spacing-right-small:1.92%;--awb-spacing-left-small:1.92%;\"><div class=\"fusion-column-wrapper fusion-column-has-shadow fusion-flex-justify-content-flex-start fusion-content-layout-column\"><div class=\"fusion-image-element \" style=\"text-align:center;--awb-caption-title-font-family:var(--h2_typography-font-family);--awb-caption-title-font-weight:var(--h2_typography-font-weight);--awb-caption-title-font-style:var(--h2_typography-font-style);--awb-caption-title-size:var(--h2_typography-font-size);--awb-caption-title-transform:var(--h2_typography-text-transform);--awb-caption-title-line-height:var(--h2_typography-line-height);--awb-caption-title-letter-spacing:var(--h2_typography-letter-spacing);\"><span class=\" fusion-imageframe imageframe-none imageframe-1 hover-type-none\"><img decoding=\"async\" width=\"600\" height=\"400\" src=\"https:\/\/rentacaringreece.eu\/wp-content\/uploads\/2026\/01\/\u03c0\u03b1\u03c1\u03bf\u03c2-43.jpg\" data-orig-src=\"https:\/\/rentacaringreece.eu\/wp-content\/uploads\/2026\/01\/\u03c0\u03b1\u03c1\u03bf\u03c2-43.jpg\" alt class=\"lazyload img-responsive wp-image-9946\" srcset=\"data:image\/svg+xml,%3Csvg%20xmlns%3D%27http%3A%2F%2Fwww.w3.org%2F2000%2Fsvg%27%20width%3D%27600%27%20height%3D%27400%27%20viewBox%3D%270%200%20600%20400%27%3E%3Crect%20width%3D%27600%27%20height%3D%27400%27%20fill-opacity%3D%220%22%2F%3E%3C%2Fsvg%3E\" data-srcset=\"https:\/\/rentacaringreece.eu\/wp-content\/uploads\/2026\/01\/\u03c0\u03b1\u03c1\u03bf\u03c2-43-200x133.jpg 200w, https:\/\/rentacaringreece.eu\/wp-content\/uploads\/2026\/01\/\u03c0\u03b1\u03c1\u03bf\u03c2-43-400x267.jpg 400w, https:\/\/rentacaringreece.eu\/wp-content\/uploads\/2026\/01\/\u03c0\u03b1\u03c1\u03bf\u03c2-43.jpg 600w\" data-sizes=\"auto\" data-orig-sizes=\"(max-width: 768px) 100vw, 600px\" \/><\/span><\/div><\/div><\/div><div class=\"fusion-layout-column fusion_builder_column fusion-builder-column-2 fusion_builder_column_1_1 1_1 fusion-flex-column\" style=\"--awb-bg-size:cover;--awb-width-large:100%;--awb-margin-top-large:0px;--awb-spacing-right-large:1.92%;--awb-margin-bottom-large:20px;--awb-spacing-left-large:1.92%;--awb-width-medium:100%;--awb-order-medium:0;--awb-spacing-right-medium:1.92%;--awb-spacing-left-medium:1.92%;--awb-width-small:100%;--awb-order-small:0;--awb-spacing-right-small:1.92%;--awb-spacing-left-small:1.92%;\"><div class=\"fusion-column-wrapper fusion-column-has-shadow fusion-flex-justify-content-flex-start fusion-content-layout-column\"><div class=\"fusion-text fusion-text-2\"><p data-start=\"762\" data-end=\"1256\">Paros ist eine der beliebtesten Inseln der Kykladen und bekannt f\u00fcr ihre wundersch\u00f6nen Str\u00e4nde, malerischen D\u00f6rfer, das lebendige Nachtleben und ihre kosmopolitische Atmosph\u00e4re. Ob Sie einen romantischen Urlaub, Familienzeit oder eine Reise mit Freunden planen \u2013 Paros bietet Hotels f\u00fcr jeden Geschmack und jedes Budget. Von luxuri\u00f6sen Resorts mit Meerblick bis hin zu kleinen Boutique-Hotels im Zentrum der D\u00f6rfer finden Sie mit Sicherheit die Unterkunft, die Ihren Bed\u00fcrfnissen entspricht.<\/p>\n<h3 style=\"text-align: center;\" data-start=\"1258\" data-end=\"1302\"><strong>Unterkunftsm\u00f6glichkeiten f\u00fcr jede Art von Reise<\/strong><\/h3>\n<p data-start=\"1303\" data-end=\"1736\">Auf Paros finden Sie Hotels f\u00fcr jeden Reisetyp. Wenn Sie Luxus und absolute Entspannung suchen, stehen Ihnen hochwertige Hotels mit Pools, Spa-Bereichen und erstklassigen Services zur Verf\u00fcgung. F\u00fcr Familien gibt es familienfreundliche Hotels mit ger\u00e4umigen Zimmern, Kinderpools und Kinderbetreuung. Paare, die Romantik suchen, k\u00f6nnen zwischen Boutique-Hotels mit Sonnenuntergangsblick und einer ruhigen, entspannten Atmosph\u00e4re w\u00e4hlen.<\/p>\n<h3 style=\"text-align: center;\" data-start=\"1738\" data-end=\"1764\"><strong>Lage und Erreichbarkeit<\/strong><\/h3>\n<p data-start=\"1765\" data-end=\"2223\">Einer der gr\u00f6\u00dften Vorteile von Paros ist, dass sich viele Hotels in der N\u00e4he beliebter Gegenden wie Naoussa, Parikia, Pounta und dem Hafen befinden. So sind Sie nah an Str\u00e4nden, Restaurants und dem Nachtleben und haben gleichzeitig einfachen Zugang zu Sehensw\u00fcrdigkeiten und Ausfl\u00fcgen. Dar\u00fcber hinaus k\u00f6nnen Sie mit einem Mietwagen die gesamte Insel bequem und schnell erkunden, ohne von Busfahrpl\u00e4nen abh\u00e4ngig zu sein.<\/p>\n<\/div><\/div><\/div><div class=\"fusion-layout-column fusion_builder_column fusion-builder-column-3 fusion_builder_column_1_1 1_1 fusion-flex-column\" style=\"--awb-bg-size:cover;--awb-width-large:100%;--awb-margin-top-large:0px;--awb-spacing-right-large:1.92%;--awb-margin-bottom-large:20px;--awb-spacing-left-large:1.92%;--awb-width-medium:100%;--awb-order-medium:0;--awb-spacing-right-medium:1.92%;--awb-spacing-left-medium:1.92%;--awb-width-small:100%;--awb-order-small:0;--awb-spacing-right-small:1.92%;--awb-spacing-left-small:1.92%;\"><div class=\"fusion-column-wrapper fusion-column-has-shadow fusion-flex-justify-content-flex-start fusion-content-layout-column\"><div class=\"fusion-image-element \" style=\"text-align:center;--awb-caption-title-font-family:var(--h2_typography-font-family);--awb-caption-title-font-weight:var(--h2_typography-font-weight);--awb-caption-title-font-style:var(--h2_typography-font-style);--awb-caption-title-size:var(--h2_typography-font-size);--awb-caption-title-transform:var(--h2_typography-text-transform);--awb-caption-title-line-height:var(--h2_typography-line-height);--awb-caption-title-letter-spacing:var(--h2_typography-letter-spacing);\"><span class=\" fusion-imageframe imageframe-none imageframe-2 hover-type-none\"><img decoding=\"async\" width=\"600\" height=\"400\" src=\"https:\/\/rentacaringreece.eu\/wp-content\/uploads\/2026\/01\/\u03c0\u03b1\u03c1\u03bf\u03c5\u03c2-54.jpg\" data-orig-src=\"https:\/\/rentacaringreece.eu\/wp-content\/uploads\/2026\/01\/\u03c0\u03b1\u03c1\u03bf\u03c5\u03c2-54.jpg\" alt class=\"lazyload img-responsive wp-image-9947\" srcset=\"data:image\/svg+xml,%3Csvg%20xmlns%3D%27http%3A%2F%2Fwww.w3.org%2F2000%2Fsvg%27%20width%3D%27600%27%20height%3D%27400%27%20viewBox%3D%270%200%20600%20400%27%3E%3Crect%20width%3D%27600%27%20height%3D%27400%27%20fill-opacity%3D%220%22%2F%3E%3C%2Fsvg%3E\" data-srcset=\"https:\/\/rentacaringreece.eu\/wp-content\/uploads\/2026\/01\/\u03c0\u03b1\u03c1\u03bf\u03c5\u03c2-54-200x133.jpg 200w, https:\/\/rentacaringreece.eu\/wp-content\/uploads\/2026\/01\/\u03c0\u03b1\u03c1\u03bf\u03c5\u03c2-54-400x267.jpg 400w, https:\/\/rentacaringreece.eu\/wp-content\/uploads\/2026\/01\/\u03c0\u03b1\u03c1\u03bf\u03c5\u03c2-54.jpg 600w\" data-sizes=\"auto\" data-orig-sizes=\"(max-width: 768px) 100vw, 600px\" \/><\/span><\/div><\/div><\/div><div class=\"fusion-layout-column fusion_builder_column fusion-builder-column-4 fusion_builder_column_1_1 1_1 fusion-flex-column\" style=\"--awb-bg-size:cover;--awb-width-large:100%;--awb-margin-top-large:0px;--awb-spacing-right-large:1.92%;--awb-margin-bottom-large:20px;--awb-spacing-left-large:1.92%;--awb-width-medium:100%;--awb-order-medium:0;--awb-spacing-right-medium:1.92%;--awb-spacing-left-medium:1.92%;--awb-width-small:100%;--awb-order-small:0;--awb-spacing-right-small:1.92%;--awb-spacing-left-small:1.92%;\"><div class=\"fusion-column-wrapper fusion-column-has-shadow fusion-flex-justify-content-flex-start fusion-content-layout-column\"><div class=\"fusion-text fusion-text-3\"><h3 style=\"text-align: center;\" data-start=\"2225\" data-end=\"2251\"><strong>Qualit\u00e4t und Service<\/strong><\/h3>\n<p data-start=\"2252\" data-end=\"2600\">Die Hotels auf Paros zeichnen sich durch ihre hohe Qualit\u00e4t und herzliche Gastfreundschaft aus. Die Eigent\u00fcmer und das Personal bieten freundlichen Service, Sauberkeit und Komfort, damit Sie sich wie zu Hause f\u00fchlen. Dar\u00fcber hinaus bieten viele Hotels Fr\u00fchst\u00fcck, Transferservices, Mietwagen sowie Informationen zu Ausfl\u00fcgen und Aktivit\u00e4ten auf der Insel an.<\/p>\n<h3 style=\"text-align: center;\" data-start=\"2602\" data-end=\"2635\"><strong>Buchen Sie Ihre Unterkunft ganz einfach<\/strong><\/h3>\n<p data-start=\"2636\" data-end=\"3067\">Um das ideale Hotel auf Paros zu finden, k\u00f6nnen Sie aus zahlreichen Optionen w\u00e4hlen und bequem online buchen. Wenn Sie den Komfort Ihrer Unterkunft mit der Freiheit der Mobilit\u00e4t verbinden m\u00f6chten, ist ein Mietwagen die beste Wahl. Mit einem Auto k\u00f6nnen Sie Str\u00e4nde wie Chryssi Akti, Pounta, Kolymbithres und Alyki besuchen sowie D\u00f6rfer wie Lefkes, Marpissa und Dryopida erkunden.<\/p>\n<h3 style=\"text-align: center;\" data-start=\"3069\" data-end=\"3094\"><strong>Paros erwartet Sie<\/strong><\/h3>\n<p data-start=\"3095\" data-end=\"3398\">Die Hotels auf Paros bieten die perfekte Basis f\u00fcr einen unvergesslichen Urlaub. Mit sch\u00f6ner Aussicht, komfortablen Zimmern und einer einladenden Atmosph\u00e4re wird Ihr Aufenthalt auf der Insel einzigartig sein. W\u00e4hlen Sie das Hotel, das zu Ihnen passt, und machen Sie sich bereit, Paros mit Komfort, Entspannung und viel Spa\u00df zu entdecken.<\/p>\n<\/div><\/div><\/div><\/div><\/div>\n","protected":false},"excerpt":{"rendered":"","protected":false},"author":1,"featured_media":0,"parent":0,"menu_order":0,"comment_status":"closed","ping_status":"closed","template":"100-width.php","meta":{"footnotes":""},"class_list":["post-9948","page","type-page","status-publish","hentry"],"_links":{"self":[{"href":"https:\/\/rentacaringreece.eu\/de\/wp-json\/wp\/v2\/pages\/9948","targetHints":{"allow":["GET"]}}],"collection":[{"href":"https:\/\/rentacaringreece.eu\/de\/wp-json\/wp\/v2\/pages"}],"about":[{"href":"https:\/\/rentacaringreece.eu\/de\/wp-json\/wp\/v2\/types\/page"}],"author":[{"embeddable":true,"href":"https:\/\/rentacaringreece.eu\/de\/wp-json\/wp\/v2\/users\/1"}],"replies":[{"embeddable":true,"href":"https:\/\/rentacaringreece.eu\/de\/wp-json\/wp\/v2\/comments?post=9948"}],"version-history":[{"count":3,"href":"https:\/\/rentacaringreece.eu\/de\/wp-json\/wp\/v2\/pages\/9948\/revisions"}],"predecessor-version":[{"id":9951,"href":"https:\/\/rentacaringreece.eu\/de\/wp-json\/wp\/v2\/pages\/9948\/revisions\/9951"}],"wp:attachment":[{"href":"https:\/\/rentacaringreece.eu\/de\/wp-json\/wp\/v2\/media?parent=9948"}],"curies":[{"name":"wp","href":"https:\/\/api.w.org\/{rel}","templated":true}]}}