{"id":10018,"date":"2026-01-18T13:46:03","date_gmt":"2026-01-18T11:46:03","guid":{"rendered":"https:\/\/rentacaringreece.eu\/?page_id=10018"},"modified":"2026-01-24T16:25:58","modified_gmt":"2026-01-24T14:25:58","slug":"plage-dagia-irini","status":"publish","type":"page","link":"https:\/\/rentacaringreece.eu\/fr\/plage-dagia-irini\/","title":{"rendered":"Plage d&rsquo;Agia Irini"},"content":{"rendered":"<div class=\"fusion-fullwidth fullwidth-box fusion-builder-row-1 fusion-flex-container has-pattern-background has-mask-background nonhundred-percent-fullwidth non-hundred-percent-height-scrolling\" style=\"--awb-border-radius-top-left:0px;--awb-border-radius-top-right:0px;--awb-border-radius-bottom-right:0px;--awb-border-radius-bottom-left:0px;--awb-margin-top:100px;--awb-flex-wrap:wrap;\" ><div class=\"fusion-builder-row fusion-row fusion-flex-align-items-flex-start fusion-flex-content-wrap\" style=\"max-width:1497.6px;margin-left: calc(-4% \/ 2 );margin-right: calc(-4% \/ 2 );\"><div class=\"fusion-layout-column fusion_builder_column fusion-builder-column-0 fusion_builder_column_1_1 1_1 fusion-flex-column\" style=\"--awb-bg-size:cover;--awb-width-large:100%;--awb-margin-top-large:0px;--awb-spacing-right-large:1.92%;--awb-margin-bottom-large:20px;--awb-spacing-left-large:1.92%;--awb-width-medium:100%;--awb-order-medium:0;--awb-spacing-right-medium:1.92%;--awb-spacing-left-medium:1.92%;--awb-width-small:100%;--awb-order-small:0;--awb-spacing-right-small:1.92%;--awb-spacing-left-small:1.92%;\"><div class=\"fusion-column-wrapper fusion-column-has-shadow fusion-flex-justify-content-flex-start fusion-content-layout-column\"><div class=\"fusion-text fusion-text-1\"><h1 style=\"text-align: center;\" data-start=\"0\" data-end=\"62\">Plage d&rsquo;Agia Irini, Paros \u2013 Une exp\u00e9rience de baignade unique<\/h1>\n<\/div><\/div><\/div><div class=\"fusion-layout-column fusion_builder_column fusion-builder-column-1 fusion_builder_column_1_1 1_1 fusion-flex-column\" style=\"--awb-bg-size:cover;--awb-width-large:100%;--awb-margin-top-large:0px;--awb-spacing-right-large:1.92%;--awb-margin-bottom-large:20px;--awb-spacing-left-large:1.92%;--awb-width-medium:100%;--awb-order-medium:0;--awb-spacing-right-medium:1.92%;--awb-spacing-left-medium:1.92%;--awb-width-small:100%;--awb-order-small:0;--awb-spacing-right-small:1.92%;--awb-spacing-left-small:1.92%;\"><div class=\"fusion-column-wrapper fusion-column-has-shadow fusion-flex-justify-content-flex-start fusion-content-layout-column\"><div class=\"fusion-image-element \" style=\"text-align:center;--awb-caption-title-font-family:var(--h2_typography-font-family);--awb-caption-title-font-weight:var(--h2_typography-font-weight);--awb-caption-title-font-style:var(--h2_typography-font-style);--awb-caption-title-size:var(--h2_typography-font-size);--awb-caption-title-transform:var(--h2_typography-text-transform);--awb-caption-title-line-height:var(--h2_typography-line-height);--awb-caption-title-letter-spacing:var(--h2_typography-letter-spacing);\"><span class=\" fusion-imageframe imageframe-none imageframe-1 hover-type-none\"><img decoding=\"async\" width=\"600\" height=\"400\" src=\"https:\/\/rentacaringreece.eu\/wp-content\/uploads\/2026\/01\/\u03c0\u03b1\u03c1\u03bf\u03c2-3.jpg\" data-orig-src=\"https:\/\/rentacaringreece.eu\/wp-content\/uploads\/2026\/01\/\u03c0\u03b1\u03c1\u03bf\u03c2-3.jpg\" alt class=\"lazyload img-responsive wp-image-9777\" srcset=\"data:image\/svg+xml,%3Csvg%20xmlns%3D%27http%3A%2F%2Fwww.w3.org%2F2000%2Fsvg%27%20width%3D%27600%27%20height%3D%27400%27%20viewBox%3D%270%200%20600%20400%27%3E%3Crect%20width%3D%27600%27%20height%3D%27400%27%20fill-opacity%3D%220%22%2F%3E%3C%2Fsvg%3E\" data-srcset=\"https:\/\/rentacaringreece.eu\/wp-content\/uploads\/2026\/01\/\u03c0\u03b1\u03c1\u03bf\u03c2-3-200x133.jpg 200w, https:\/\/rentacaringreece.eu\/wp-content\/uploads\/2026\/01\/\u03c0\u03b1\u03c1\u03bf\u03c2-3-400x267.jpg 400w, https:\/\/rentacaringreece.eu\/wp-content\/uploads\/2026\/01\/\u03c0\u03b1\u03c1\u03bf\u03c2-3.jpg 600w\" data-sizes=\"auto\" data-orig-sizes=\"(max-width: 768px) 100vw, 600px\" \/><\/span><\/div><\/div><\/div><div class=\"fusion-layout-column fusion_builder_column fusion-builder-column-2 fusion_builder_column_1_1 1_1 fusion-flex-column\" style=\"--awb-bg-size:cover;--awb-width-large:100%;--awb-margin-top-large:0px;--awb-spacing-right-large:1.92%;--awb-margin-bottom-large:20px;--awb-spacing-left-large:1.92%;--awb-width-medium:100%;--awb-order-medium:0;--awb-spacing-right-medium:1.92%;--awb-spacing-left-medium:1.92%;--awb-width-small:100%;--awb-order-small:0;--awb-spacing-right-small:1.92%;--awb-spacing-left-small:1.92%;\"><div class=\"fusion-column-wrapper fusion-column-has-shadow fusion-flex-justify-content-flex-start fusion-content-layout-column\"><div class=\"fusion-text fusion-text-2\"><p data-start=\"64\" data-end=\"545\">La plage d\u2019Agia Eirini \u00e0 Paros est une destination merveilleuse pour les touristes qui souhaitent profiter de moments paisibles au bord de la mer et d\u2019une eau claire aux reflets bleu-vert. Elle se trouve \u00e0 une courte distance de Paroikia et constitue un choix id\u00e9al pour ceux qui recherchent la d\u00e9tente dans un environnement naturel beau et accueillant. L\u2019acc\u00e8s est facile et peut se faire confortablement avec une <strong data-start=\"435\" data-end=\"506\">location de voiture pas ch\u00e8re \u00e0 Paros pour vous rendre \u00e0 cette destination<\/strong>, tout en profitant du trajet.<\/p>\n<h3 style=\"text-align: center;\" data-start=\"547\" data-end=\"579\"><strong>Eaux Claires et Baignade Confortable<\/strong><\/h3>\n<p data-start=\"581\" data-end=\"910\">La baignade \u00e0 la plage d\u2019Agia Eirini est un v\u00e9ritable plaisir. Les eaux sont d\u2019une propret\u00e9 impeccable, calmes et id\u00e9ales pour nager, tandis que la c\u00f4te sablonneuse offre du confort tant pour les adultes que pour les enfants. La pente douce du fond marin rend la plage s\u00fbre et relaxante, permettant aux visiteurs de profiter de leur baignade sans souci.<\/p>\n<h3 style=\"text-align: center;\" data-start=\"912\" data-end=\"950\"><strong>Id\u00e9ale pour la D\u00e9tente et le Repos<\/strong><\/h3>\n<p data-start=\"952\" data-end=\"1277\">Agia Eirini se distingue par son atmosph\u00e8re paisible, loin de l\u2019agitation. Elle est id\u00e9ale pour ceux qui souhaitent \u00e9tendre leur serviette, profiter du soleil et se d\u00e9tendre face \u00e0 l\u2019immensit\u00e9 bleue. \u00c0 proximit\u00e9, il y a des tavernes et des caf\u00e9s o\u00f9 vous pouvez savourer des sp\u00e9cialit\u00e9s locales apr\u00e8s votre baignade.<\/p>\n<h3 style=\"text-align: center;\" data-start=\"1279\" data-end=\"1324\"><strong>Acc\u00e8s Facile pour Tous les Visiteurs<\/strong><\/h3>\n<p data-start=\"1326\" data-end=\"1587\">La plage est facilement accessible et constitue un choix id\u00e9al pour une excursion d\u2019une journ\u00e9e. Avec une <strong data-start=\"1414\" data-end=\"1485\">location de voiture pas ch\u00e8re \u00e0 Paros pour vous rendre \u00e0 cette destination<\/strong>, vous pouvez vous d\u00e9placer avec confort et flexibilit\u00e9, sans d\u00e9pendre des horaires ou des transports en commun.<\/p>\n<h3 style=\"text-align: center;\" data-start=\"1589\" data-end=\"1626\"><strong>Une Exp\u00e9rience qui Vaut le D\u00e9tour<\/strong><\/h3>\n<p data-start=\"1628\" data-end=\"1948\" data-is-last-node=\"\" data-is-only-node=\"\">En r\u00e9sum\u00e9, la plage d\u2019Agia Eirini est id\u00e9ale pour une baignade relaxante et un moment de qualit\u00e9 en pleine nature. En combinant votre visite avec une <strong>location de voiture pas ch\u00e8re \u00e0 Paros pour vous rendre \u00e0 cette destination<\/strong>, vous pouvez profiter de la beaut\u00e9 de Paros avec confort et libert\u00e9, cr\u00e9ant des souvenirs d\u2019\u00e9t\u00e9 inoubliables.<\/p>\n<\/div><\/div><\/div><\/div><\/div>\n","protected":false},"excerpt":{"rendered":"","protected":false},"author":1,"featured_media":0,"parent":0,"menu_order":0,"comment_status":"closed","ping_status":"closed","template":"100-width.php","meta":{"footnotes":""},"class_list":["post-10018","page","type-page","status-publish","hentry"],"_links":{"self":[{"href":"https:\/\/rentacaringreece.eu\/fr\/wp-json\/wp\/v2\/pages\/10018","targetHints":{"allow":["GET"]}}],"collection":[{"href":"https:\/\/rentacaringreece.eu\/fr\/wp-json\/wp\/v2\/pages"}],"about":[{"href":"https:\/\/rentacaringreece.eu\/fr\/wp-json\/wp\/v2\/types\/page"}],"author":[{"embeddable":true,"href":"https:\/\/rentacaringreece.eu\/fr\/wp-json\/wp\/v2\/users\/1"}],"replies":[{"embeddable":true,"href":"https:\/\/rentacaringreece.eu\/fr\/wp-json\/wp\/v2\/comments?post=10018"}],"version-history":[{"count":4,"href":"https:\/\/rentacaringreece.eu\/fr\/wp-json\/wp\/v2\/pages\/10018\/revisions"}],"predecessor-version":[{"id":10022,"href":"https:\/\/rentacaringreece.eu\/fr\/wp-json\/wp\/v2\/pages\/10018\/revisions\/10022"}],"wp:attachment":[{"href":"https:\/\/rentacaringreece.eu\/fr\/wp-json\/wp\/v2\/media?parent=10018"}],"curies":[{"name":"wp","href":"https:\/\/api.w.org\/{rel}","templated":true}]}}