{"id":10108,"date":"2026-01-18T16:00:08","date_gmt":"2026-01-18T14:00:08","guid":{"rendered":"https:\/\/rentacaringreece.eu\/?page_id=10108"},"modified":"2026-01-24T16:56:18","modified_gmt":"2026-01-24T14:56:18","slug":"vierge-marie-dekatontapiliani","status":"publish","type":"page","link":"https:\/\/rentacaringreece.eu\/fr\/vierge-marie-dekatontapiliani\/","title":{"rendered":"Vierge Marie d&rsquo;Ekatontapiliani"},"content":{"rendered":"<div class=\"fusion-fullwidth fullwidth-box fusion-builder-row-1 fusion-flex-container has-pattern-background has-mask-background nonhundred-percent-fullwidth non-hundred-percent-height-scrolling\" style=\"--awb-border-radius-top-left:0px;--awb-border-radius-top-right:0px;--awb-border-radius-bottom-right:0px;--awb-border-radius-bottom-left:0px;--awb-margin-top:100px;--awb-flex-wrap:wrap;\" ><div class=\"fusion-builder-row fusion-row fusion-flex-align-items-flex-start fusion-flex-content-wrap\" style=\"max-width:1497.6px;margin-left: calc(-4% \/ 2 );margin-right: calc(-4% \/ 2 );\"><div class=\"fusion-layout-column fusion_builder_column fusion-builder-column-0 fusion_builder_column_1_1 1_1 fusion-flex-column\" style=\"--awb-bg-size:cover;--awb-width-large:100%;--awb-margin-top-large:0px;--awb-spacing-right-large:1.92%;--awb-margin-bottom-large:20px;--awb-spacing-left-large:1.92%;--awb-width-medium:100%;--awb-order-medium:0;--awb-spacing-right-medium:1.92%;--awb-spacing-left-medium:1.92%;--awb-width-small:100%;--awb-order-small:0;--awb-spacing-right-small:1.92%;--awb-spacing-left-small:1.92%;\"><div class=\"fusion-column-wrapper fusion-column-has-shadow fusion-flex-justify-content-flex-start fusion-content-layout-column\"><div class=\"fusion-text fusion-text-1\"><h1 style=\"text-align: center;\" data-start=\"0\" data-end=\"62\">Vierge Marie d&rsquo;Ekatontapyliani \u2013 L&rsquo;\u00e9glise catholique historique de Paros<\/h1>\n<h1 data-start=\"64\" data-end=\"446\"><\/h1>\n<\/div><\/div><\/div><div class=\"fusion-layout-column fusion_builder_column fusion-builder-column-1 fusion_builder_column_1_2 1_2 fusion-flex-column\" style=\"--awb-bg-size:cover;--awb-width-large:50%;--awb-margin-top-large:0px;--awb-spacing-right-large:3.84%;--awb-margin-bottom-large:20px;--awb-spacing-left-large:3.84%;--awb-width-medium:50%;--awb-order-medium:0;--awb-spacing-right-medium:3.84%;--awb-spacing-left-medium:3.84%;--awb-width-small:100%;--awb-order-small:0;--awb-spacing-right-small:1.92%;--awb-spacing-left-small:1.92%;\"><div class=\"fusion-column-wrapper fusion-column-has-shadow fusion-flex-justify-content-flex-start fusion-content-layout-column\"><div class=\"fusion-image-element \" style=\"text-align:center;--awb-caption-title-font-family:var(--h2_typography-font-family);--awb-caption-title-font-weight:var(--h2_typography-font-weight);--awb-caption-title-font-style:var(--h2_typography-font-style);--awb-caption-title-size:var(--h2_typography-font-size);--awb-caption-title-transform:var(--h2_typography-text-transform);--awb-caption-title-line-height:var(--h2_typography-line-height);--awb-caption-title-letter-spacing:var(--h2_typography-letter-spacing);\"><span class=\" fusion-imageframe imageframe-none imageframe-1 hover-type-none\"><img decoding=\"async\" width=\"600\" height=\"400\" alt=\"\u03a0\u03b1\u03bd\u03b1\u03b3\u03af\u03b1 \u03b5\u03ba\u03b1\u03bd\u03c4\u03bf\u03c0\u03c5\u03bb\u03b9\u03b1\u03bd\u03ae \u03a0\u03ac\u03c1\u03bf\u03c2\" src=\"https:\/\/rentacaringreece.eu\/wp-content\/uploads\/2026\/01\/\u03b5\u03ba\u03ba\u03bb\u03b7\u03c3\u03b9\u03b1-\u03bc\u03b1\u03c1\u03c0\u03b7\u03c3\u03c3\u03b1.jpg\" data-orig-src=\"https:\/\/rentacaringreece.eu\/wp-content\/uploads\/2026\/01\/\u03b5\u03ba\u03ba\u03bb\u03b7\u03c3\u03b9\u03b1-\u03bc\u03b1\u03c1\u03c0\u03b7\u03c3\u03c3\u03b1.jpg\" class=\"lazyload img-responsive wp-image-9791\" srcset=\"data:image\/svg+xml,%3Csvg%20xmlns%3D%27http%3A%2F%2Fwww.w3.org%2F2000%2Fsvg%27%20width%3D%27600%27%20height%3D%27400%27%20viewBox%3D%270%200%20600%20400%27%3E%3Crect%20width%3D%27600%27%20height%3D%27400%27%20fill-opacity%3D%220%22%2F%3E%3C%2Fsvg%3E\" data-srcset=\"https:\/\/rentacaringreece.eu\/wp-content\/uploads\/2026\/01\/\u03b5\u03ba\u03ba\u03bb\u03b7\u03c3\u03b9\u03b1-\u03bc\u03b1\u03c1\u03c0\u03b7\u03c3\u03c3\u03b1-200x133.jpg 200w, https:\/\/rentacaringreece.eu\/wp-content\/uploads\/2026\/01\/\u03b5\u03ba\u03ba\u03bb\u03b7\u03c3\u03b9\u03b1-\u03bc\u03b1\u03c1\u03c0\u03b7\u03c3\u03c3\u03b1-400x267.jpg 400w, https:\/\/rentacaringreece.eu\/wp-content\/uploads\/2026\/01\/\u03b5\u03ba\u03ba\u03bb\u03b7\u03c3\u03b9\u03b1-\u03bc\u03b1\u03c1\u03c0\u03b7\u03c3\u03c3\u03b1.jpg 600w\" data-sizes=\"auto\" data-orig-sizes=\"(max-width: 768px) 100vw, 600px\" \/><\/span><\/div><\/div><\/div><div class=\"fusion-layout-column fusion_builder_column fusion-builder-column-2 fusion_builder_column_1_2 1_2 fusion-flex-column\" style=\"--awb-bg-size:cover;--awb-width-large:50%;--awb-margin-top-large:0px;--awb-spacing-right-large:3.84%;--awb-margin-bottom-large:20px;--awb-spacing-left-large:3.84%;--awb-width-medium:50%;--awb-order-medium:0;--awb-spacing-right-medium:3.84%;--awb-spacing-left-medium:3.84%;--awb-width-small:100%;--awb-order-small:0;--awb-spacing-right-small:1.92%;--awb-spacing-left-small:1.92%;\"><div class=\"fusion-column-wrapper fusion-column-has-shadow fusion-flex-justify-content-flex-start fusion-content-layout-column\"><div class=\"fusion-image-element \" style=\"text-align:center;--awb-caption-title-font-family:var(--h2_typography-font-family);--awb-caption-title-font-weight:var(--h2_typography-font-weight);--awb-caption-title-font-style:var(--h2_typography-font-style);--awb-caption-title-size:var(--h2_typography-font-size);--awb-caption-title-transform:var(--h2_typography-text-transform);--awb-caption-title-line-height:var(--h2_typography-line-height);--awb-caption-title-letter-spacing:var(--h2_typography-letter-spacing);\"><span class=\" fusion-imageframe imageframe-none imageframe-2 hover-type-none\"><img decoding=\"async\" width=\"600\" height=\"400\" src=\"https:\/\/rentacaringreece.eu\/wp-content\/uploads\/2026\/01\/\u03b5\u03ba\u03b1\u03c4\u03bf\u03bd\u03c4\u03b1\u03c0\u03c5\u03bb\u03b9\u03b1\u03bd\u03b7.jpg\" data-orig-src=\"https:\/\/rentacaringreece.eu\/wp-content\/uploads\/2026\/01\/\u03b5\u03ba\u03b1\u03c4\u03bf\u03bd\u03c4\u03b1\u03c0\u03c5\u03bb\u03b9\u03b1\u03bd\u03b7.jpg\" alt class=\"lazyload img-responsive wp-image-10105\" srcset=\"data:image\/svg+xml,%3Csvg%20xmlns%3D%27http%3A%2F%2Fwww.w3.org%2F2000%2Fsvg%27%20width%3D%27600%27%20height%3D%27400%27%20viewBox%3D%270%200%20600%20400%27%3E%3Crect%20width%3D%27600%27%20height%3D%27400%27%20fill-opacity%3D%220%22%2F%3E%3C%2Fsvg%3E\" data-srcset=\"https:\/\/rentacaringreece.eu\/wp-content\/uploads\/2026\/01\/\u03b5\u03ba\u03b1\u03c4\u03bf\u03bd\u03c4\u03b1\u03c0\u03c5\u03bb\u03b9\u03b1\u03bd\u03b7-200x133.jpg 200w, https:\/\/rentacaringreece.eu\/wp-content\/uploads\/2026\/01\/\u03b5\u03ba\u03b1\u03c4\u03bf\u03bd\u03c4\u03b1\u03c0\u03c5\u03bb\u03b9\u03b1\u03bd\u03b7-400x267.jpg 400w, https:\/\/rentacaringreece.eu\/wp-content\/uploads\/2026\/01\/\u03b5\u03ba\u03b1\u03c4\u03bf\u03bd\u03c4\u03b1\u03c0\u03c5\u03bb\u03b9\u03b1\u03bd\u03b7.jpg 600w\" data-sizes=\"auto\" data-orig-sizes=\"(max-width: 768px) 100vw, 600px\" \/><\/span><\/div><\/div><\/div><div class=\"fusion-layout-column fusion_builder_column fusion-builder-column-3 fusion_builder_column_1_1 1_1 fusion-flex-column\" style=\"--awb-bg-size:cover;--awb-width-large:100%;--awb-margin-top-large:0px;--awb-spacing-right-large:1.92%;--awb-margin-bottom-large:20px;--awb-spacing-left-large:1.92%;--awb-width-medium:100%;--awb-order-medium:0;--awb-spacing-right-medium:1.92%;--awb-spacing-left-medium:1.92%;--awb-width-small:100%;--awb-order-small:0;--awb-spacing-right-small:1.92%;--awb-spacing-left-small:1.92%;\"><div class=\"fusion-column-wrapper fusion-column-has-shadow fusion-flex-justify-content-flex-start fusion-content-layout-column\"><div class=\"fusion-text fusion-text-2\"><p data-start=\"64\" data-end=\"446\">La Panagia Ekatontapyliani, connue \u00e9galement sous le nom de \u00ab Panagia de la Dormition de la Th\u00e9otokos \u00bb, est l\u2019un des monuments religieux et historiques les plus importants de Paros et de toute la Gr\u00e8ce. Elle se trouve \u00e0 Paroikia, en un lieu central de l\u2019\u00eele, et constitue l\u2019une des destinations les plus embl\u00e9matiques pour les visiteurs int\u00e9ress\u00e9s par l\u2019histoire, l\u2019architecture et la spiritualit\u00e9.<\/p>\n<h3 style=\"text-align: center;\" data-start=\"448\" data-end=\"484\"><strong>Importance historique et religieuse<\/strong><\/h3>\n<p data-start=\"486\" data-end=\"932\">L\u2019Ekatontapyliani est l\u2019une des plus anciennes \u00e9glises chr\u00e9tiennes de Gr\u00e8ce et est consid\u00e9r\u00e9e comme particuli\u00e8rement importante pour l\u2019histoire de l\u2019orthodoxie. La tradition rapporte que l\u2019\u00e9glise a \u00e9t\u00e9 construite au IVe si\u00e8cle apr\u00e8s J.-C., tandis que les ajouts et r\u00e9novations ult\u00e9rieurs datent du VIe au XVIIe si\u00e8cle. Son nom provient de la tradition selon laquelle elle \u00ab poss\u00e8de cent portes \u00bb, symbolisant l\u2019importance particuli\u00e8re et le rayonnement du monument.<\/p>\n<h3 style=\"text-align: center;\" data-start=\"934\" data-end=\"973\"><strong>Valeur architecturale et artistique<\/strong><\/h3>\n<p data-start=\"975\" data-end=\"1365\">La Panagia Ekatontapyliani se distingue par son architecture, qui combine des \u00e9l\u00e9ments de diff\u00e9rentes \u00e9poques et styles. L\u2019\u00e9glise a la forme d\u2019une basilique cruciforme avec un d\u00f4me, et \u00e0 l\u2019int\u00e9rieur se trouvent d\u2019importantes fresques, ic\u00f4nes et \u00e9l\u00e9ments architecturaux antiques. Le sentiment de grandeur et la tranquillit\u00e9 qui se d\u00e9gagent du lieu rendent la visite particuli\u00e8rement \u00e9mouvante et impressionnante.<\/p>\n<h3 style=\"text-align: center;\" data-start=\"1367\" data-end=\"1392\"><strong>Visite et exp\u00e9rience<\/strong><\/h3>\n<p data-start=\"1394\" data-end=\"1816\">La visite de l\u2019Ekatontapyliani constitue une exp\u00e9rience unique pour tout visiteur de Paros. L\u2019\u00e9glise est situ\u00e9e \u00e0 proximit\u00e9 du centre de Paroikia, ce qui la rend facilement accessible \u00e0 pied ou en voiture. Les visiteurs peuvent se promener dans le site, admirer les fresques et profiter de la s\u00e9r\u00e9nit\u00e9 offerte par le monument. C\u2019est \u00e9galement un lieu important de culte et de pri\u00e8re pour les fid\u00e8les.<\/p>\n<\/div><\/div><\/div><div class=\"fusion-layout-column fusion_builder_column fusion-builder-column-4 fusion_builder_column_1_2 1_2 fusion-flex-column\" style=\"--awb-bg-size:cover;--awb-width-large:50%;--awb-margin-top-large:0px;--awb-spacing-right-large:3.84%;--awb-margin-bottom-large:20px;--awb-spacing-left-large:3.84%;--awb-width-medium:50%;--awb-order-medium:0;--awb-spacing-right-medium:3.84%;--awb-spacing-left-medium:3.84%;--awb-width-small:100%;--awb-order-small:0;--awb-spacing-right-small:1.92%;--awb-spacing-left-small:1.92%;\"><div class=\"fusion-column-wrapper fusion-column-has-shadow fusion-flex-justify-content-flex-start fusion-content-layout-column\"><div class=\"fusion-image-element \" style=\"text-align:center;--awb-caption-title-font-family:var(--h2_typography-font-family);--awb-caption-title-font-weight:var(--h2_typography-font-weight);--awb-caption-title-font-style:var(--h2_typography-font-style);--awb-caption-title-size:var(--h2_typography-font-size);--awb-caption-title-transform:var(--h2_typography-text-transform);--awb-caption-title-line-height:var(--h2_typography-line-height);--awb-caption-title-letter-spacing:var(--h2_typography-letter-spacing);\"><span class=\" fusion-imageframe imageframe-none imageframe-3 hover-type-none\"><img decoding=\"async\" width=\"600\" height=\"400\" src=\"https:\/\/rentacaringreece.eu\/wp-content\/uploads\/2026\/01\/\u03b5\u03ba\u03b1\u03c4\u03bf\u03bd\u03c4\u03b1\u03c0\u03c5\u03bb\u03b9\u03b8\u03b1\u03bd\u03b7-42.jpg\" data-orig-src=\"https:\/\/rentacaringreece.eu\/wp-content\/uploads\/2026\/01\/\u03b5\u03ba\u03b1\u03c4\u03bf\u03bd\u03c4\u03b1\u03c0\u03c5\u03bb\u03b9\u03b8\u03b1\u03bd\u03b7-42.jpg\" alt class=\"lazyload img-responsive wp-image-10106\" srcset=\"data:image\/svg+xml,%3Csvg%20xmlns%3D%27http%3A%2F%2Fwww.w3.org%2F2000%2Fsvg%27%20width%3D%27600%27%20height%3D%27400%27%20viewBox%3D%270%200%20600%20400%27%3E%3Crect%20width%3D%27600%27%20height%3D%27400%27%20fill-opacity%3D%220%22%2F%3E%3C%2Fsvg%3E\" data-srcset=\"https:\/\/rentacaringreece.eu\/wp-content\/uploads\/2026\/01\/\u03b5\u03ba\u03b1\u03c4\u03bf\u03bd\u03c4\u03b1\u03c0\u03c5\u03bb\u03b9\u03b8\u03b1\u03bd\u03b7-42-200x133.jpg 200w, https:\/\/rentacaringreece.eu\/wp-content\/uploads\/2026\/01\/\u03b5\u03ba\u03b1\u03c4\u03bf\u03bd\u03c4\u03b1\u03c0\u03c5\u03bb\u03b9\u03b8\u03b1\u03bd\u03b7-42-400x267.jpg 400w, https:\/\/rentacaringreece.eu\/wp-content\/uploads\/2026\/01\/\u03b5\u03ba\u03b1\u03c4\u03bf\u03bd\u03c4\u03b1\u03c0\u03c5\u03bb\u03b9\u03b8\u03b1\u03bd\u03b7-42.jpg 600w\" data-sizes=\"auto\" data-orig-sizes=\"(max-width: 768px) 100vw, 600px\" \/><\/span><\/div><\/div><\/div><div class=\"fusion-layout-column fusion_builder_column fusion-builder-column-5 fusion_builder_column_1_2 1_2 fusion-flex-column\" style=\"--awb-bg-size:cover;--awb-width-large:50%;--awb-margin-top-large:0px;--awb-spacing-right-large:3.84%;--awb-margin-bottom-large:20px;--awb-spacing-left-large:3.84%;--awb-width-medium:50%;--awb-order-medium:0;--awb-spacing-right-medium:3.84%;--awb-spacing-left-medium:3.84%;--awb-width-small:100%;--awb-order-small:0;--awb-spacing-right-small:1.92%;--awb-spacing-left-small:1.92%;\"><div class=\"fusion-column-wrapper fusion-column-has-shadow fusion-flex-justify-content-flex-start fusion-content-layout-column\"><div class=\"fusion-image-element \" style=\"text-align:center;--awb-caption-title-font-family:var(--h2_typography-font-family);--awb-caption-title-font-weight:var(--h2_typography-font-weight);--awb-caption-title-font-style:var(--h2_typography-font-style);--awb-caption-title-size:var(--h2_typography-font-size);--awb-caption-title-transform:var(--h2_typography-text-transform);--awb-caption-title-line-height:var(--h2_typography-line-height);--awb-caption-title-letter-spacing:var(--h2_typography-letter-spacing);\"><span class=\" fusion-imageframe imageframe-none imageframe-4 hover-type-none\"><img decoding=\"async\" width=\"600\" height=\"400\" src=\"https:\/\/rentacaringreece.eu\/wp-content\/uploads\/2026\/01\/\u03b3\u03bb\u03c1\u03c2\u03be.jpg\" data-orig-src=\"https:\/\/rentacaringreece.eu\/wp-content\/uploads\/2026\/01\/\u03b3\u03bb\u03c1\u03c2\u03be.jpg\" alt class=\"lazyload img-responsive wp-image-10107\" srcset=\"data:image\/svg+xml,%3Csvg%20xmlns%3D%27http%3A%2F%2Fwww.w3.org%2F2000%2Fsvg%27%20width%3D%27600%27%20height%3D%27400%27%20viewBox%3D%270%200%20600%20400%27%3E%3Crect%20width%3D%27600%27%20height%3D%27400%27%20fill-opacity%3D%220%22%2F%3E%3C%2Fsvg%3E\" data-srcset=\"https:\/\/rentacaringreece.eu\/wp-content\/uploads\/2026\/01\/\u03b3\u03bb\u03c1\u03c2\u03be-200x133.jpg 200w, https:\/\/rentacaringreece.eu\/wp-content\/uploads\/2026\/01\/\u03b3\u03bb\u03c1\u03c2\u03be-400x267.jpg 400w, https:\/\/rentacaringreece.eu\/wp-content\/uploads\/2026\/01\/\u03b3\u03bb\u03c1\u03c2\u03be.jpg 600w\" data-sizes=\"auto\" data-orig-sizes=\"(max-width: 768px) 100vw, 600px\" \/><\/span><\/div><\/div><\/div><div class=\"fusion-layout-column fusion_builder_column fusion-builder-column-6 fusion_builder_column_1_1 1_1 fusion-flex-column\" style=\"--awb-bg-size:cover;--awb-width-large:100%;--awb-margin-top-large:0px;--awb-spacing-right-large:1.92%;--awb-margin-bottom-large:20px;--awb-spacing-left-large:1.92%;--awb-width-medium:100%;--awb-order-medium:0;--awb-spacing-right-medium:1.92%;--awb-spacing-left-medium:1.92%;--awb-width-small:100%;--awb-order-small:0;--awb-spacing-right-small:1.92%;--awb-spacing-left-small:1.92%;\"><div class=\"fusion-column-wrapper fusion-column-has-shadow fusion-flex-justify-content-flex-start fusion-content-layout-column\"><div class=\"fusion-text fusion-text-3\"><h3 style=\"text-align: center;\" data-start=\"1818\" data-end=\"1858\"><strong>Un monument qui marque Paros<\/strong><\/h3>\n<p data-start=\"1860\" data-end=\"2214\" data-is-last-node=\"\" data-is-only-node=\"\">La Panagia Ekatontapyliani fait partie int\u00e9grante de l\u2019identit\u00e9 culturelle de Paros. Son histoire, son architecture et son importance religieuse en font l\u2019une des principales destinations de l\u2019\u00eele. Tout visiteur qui passe par Paros m\u00e9rite de la visiter et de ressentir la profonde histoire et l\u2019aura spirituelle qu\u2019elle d\u00e9gage.<\/p>\n<\/div><\/div><\/div><\/div><\/div>\n","protected":false},"excerpt":{"rendered":"","protected":false},"author":1,"featured_media":0,"parent":0,"menu_order":0,"comment_status":"closed","ping_status":"closed","template":"100-width.php","meta":{"footnotes":""},"class_list":["post-10108","page","type-page","status-publish","hentry"],"_links":{"self":[{"href":"https:\/\/rentacaringreece.eu\/fr\/wp-json\/wp\/v2\/pages\/10108","targetHints":{"allow":["GET"]}}],"collection":[{"href":"https:\/\/rentacaringreece.eu\/fr\/wp-json\/wp\/v2\/pages"}],"about":[{"href":"https:\/\/rentacaringreece.eu\/fr\/wp-json\/wp\/v2\/types\/page"}],"author":[{"embeddable":true,"href":"https:\/\/rentacaringreece.eu\/fr\/wp-json\/wp\/v2\/users\/1"}],"replies":[{"embeddable":true,"href":"https:\/\/rentacaringreece.eu\/fr\/wp-json\/wp\/v2\/comments?post=10108"}],"version-history":[{"count":3,"href":"https:\/\/rentacaringreece.eu\/fr\/wp-json\/wp\/v2\/pages\/10108\/revisions"}],"predecessor-version":[{"id":10111,"href":"https:\/\/rentacaringreece.eu\/fr\/wp-json\/wp\/v2\/pages\/10108\/revisions\/10111"}],"wp:attachment":[{"href":"https:\/\/rentacaringreece.eu\/fr\/wp-json\/wp\/v2\/media?parent=10108"}],"curies":[{"name":"wp","href":"https:\/\/api.w.org\/{rel}","templated":true}]}}