{"id":6455,"date":"2022-07-18T15:21:52","date_gmt":"2022-07-18T12:21:52","guid":{"rendered":"https:\/\/rentacaringreece.eu\/?page_id=6455"},"modified":"2025-01-25T16:49:58","modified_gmt":"2025-01-25T14:49:58","slug":"flotte","status":"publish","type":"page","link":"https:\/\/rentacaringreece.eu\/fr\/flotte\/","title":{"rendered":"flotte"},"content":{"rendered":"<div class=\"fusion-fullwidth fullwidth-box fusion-builder-row-1 fusion-flex-container nonhundred-percent-fullwidth non-hundred-percent-height-scrolling\" style=\"--awb-border-radius-top-left:0px;--awb-border-radius-top-right:0px;--awb-border-radius-bottom-right:0px;--awb-border-radius-bottom-left:0px;--awb-flex-wrap:wrap;\" ><div class=\"fusion-builder-row fusion-row fusion-flex-align-items-flex-start fusion-flex-content-wrap\" style=\"max-width:1497.6px;margin-left: calc(-4% \/ 2 );margin-right: calc(-4% \/ 2 );\"><div class=\"fusion-layout-column fusion_builder_column fusion-builder-column-0 fusion-flex-column\" style=\"--awb-bg-blend:overlay;--awb-bg-size:cover;--awb-width-large:105%;--awb-margin-top-large:100px;--awb-spacing-right-large:-15px;--awb-margin-bottom-large:0px;--awb-spacing-left-large:1px;--awb-width-medium:105%;--awb-order-medium:0;--awb-spacing-right-medium:-15px;--awb-spacing-left-medium:1px;--awb-width-small:100%;--awb-order-small:0;--awb-spacing-right-small:1.92%;--awb-spacing-left-small:1.92%;\" data-scroll-devices=\"small-visibility,medium-visibility,large-visibility\"><div class=\"fusion-column-wrapper fusion-column-has-shadow fusion-flex-justify-content-flex-start fusion-content-layout-column\"><div class=\"fusion-title title fusion-title-1 fusion-sep-none fusion-title-text fusion-title-size-one\" style=\"--awb-margin-top-small:10px;--awb-margin-right-small:0px;--awb-margin-bottom-small:10px;--awb-margin-left-small:0px;--awb-font-size:25px;\"><h1 class=\"fusion-title-heading title-heading-left fusion-responsive-typography-calculated\" style=\"margin:0;text-transform:capitalize;font-size:1em;--fontSize:25;--minFontSize:25;line-height:var(--awb-typography1-line-height);\"><h4 style=\"text-align: left; font-size: 30px;\">Super Offre : 18% de r\u00e9duction sur toutes les voitures de location \u00e0 Thessalonique !!<\/h4>\n<h3 style=\"text-align: center;\">Flotte de voitures de location \u00e0 Thessalonique. Choisissez des voitures:<\/h3><\/h1><\/div><div class=\"fusion-text fusion-text-1\">\n<\/div><\/div><\/div><div class=\"fusion-layout-column fusion_builder_column fusion-builder-column-1 fusion-flex-column\" style=\"--awb-bg-blend:overlay;--awb-bg-size:cover;--awb-width-large:105%;--awb-margin-top-large:0px;--awb-spacing-right-large:-15px;--awb-margin-bottom-large:0px;--awb-spacing-left-large:1px;--awb-width-medium:105%;--awb-order-medium:0;--awb-spacing-right-medium:-15px;--awb-spacing-left-medium:1px;--awb-width-small:100%;--awb-order-small:0;--awb-spacing-right-small:1.92%;--awb-spacing-left-small:1.92%;\" data-scroll-devices=\"small-visibility,medium-visibility,large-visibility\"><div class=\"fusion-column-wrapper fusion-column-has-shadow fusion-flex-justify-content-flex-start fusion-content-layout-column\"><div class=\"fusion-title title fusion-title-2 fusion-sep-none fusion-title-text fusion-title-size-one\" style=\"--awb-margin-top-small:10px;--awb-margin-right-small:0px;--awb-margin-bottom-small:10px;--awb-margin-left-small:0px;--awb-font-size:25px;\"><h1 class=\"fusion-title-heading title-heading-left fusion-responsive-typography-calculated\" style=\"margin:0;text-transform:capitalize;font-size:1em;--fontSize:25;--minFontSize:25;line-height:var(--awb-typography1-line-height);\"><h4 style=\"font-size: 35px; text-align: center;\">Voitures de location pour particuliers\/professionnels\/entreprises<\/h4><\/h1><\/div><\/div><\/div><div class=\"fusion-layout-column fusion_builder_column fusion-builder-column-2 fusion_builder_column_1_3 1_3 fusion-flex-column\" style=\"--awb-padding-top:1px;--awb-overflow:hidden;--awb-bg-color:#ffffff;--awb-bg-color-hover:#ffffff;--awb-bg-blend:overlay;--awb-bg-size:cover;--awb-box-shadow:10px 10px 57px -5px rgba(0,0,0,0.59);;--awb-border-color:#ffffff;--awb-border-top:10px;--awb-border-right:10px;--awb-border-bottom:10px;--awb-border-left:10px;--awb-border-style:solid;--awb-border-radius:15px 15px 15px 15px;--awb-width-large:33.333333333333%;--awb-margin-top-large:0px;--awb-spacing-right-large:5.76%;--awb-margin-bottom-large:0px;--awb-spacing-left-large:5.76%;--awb-width-medium:33.333333333333%;--awb-order-medium:0;--awb-spacing-right-medium:5.76%;--awb-spacing-left-medium:5.76%;--awb-width-small:100%;--awb-order-small:0;--awb-spacing-right-small:1.92%;--awb-spacing-left-small:1.92%;\" data-scroll-devices=\"small-visibility,medium-visibility,large-visibility\"><div class=\"fusion-column-wrapper fusion-column-has-shadow fusion-flex-justify-content-flex-start fusion-content-layout-column\"><div class=\"fusion-title title fusion-title-3 fusion-sep-none fusion-title-text fusion-title-size-one\" style=\"--awb-margin-top-small:10px;--awb-margin-right-small:0px;--awb-margin-bottom-small:10px;--awb-margin-left-small:0px;--awb-font-size:25px;\"><h1 class=\"fusion-title-heading title-heading-left fusion-responsive-typography-calculated\" style=\"margin:0;text-transform:capitalize;font-size:1em;--fontSize:25;--minFontSize:25;line-height:var(--awb-typography1-line-height);\"><p><img decoding=\"async\" class=\"lazyload wp-image-8037 alignleft\" src=\"https:\/\/rentacaringreece.eu\/wp-content\/uploads\/2025\/01\/43112.jpg\" data-orig-src=\"https:\/\/rentacaringreece.eu\/wp-content\/uploads\/2025\/01\/43112.jpg\" alt=\"\" width=\"106\" height=\"106\" srcset=\"data:image\/svg+xml,%3Csvg%20xmlns%3D%27http%3A%2F%2Fwww.w3.org%2F2000%2Fsvg%27%20width%3D%27106%27%20height%3D%27106%27%20viewBox%3D%270%200%20106%20106%27%3E%3Crect%20width%3D%27106%27%20height%3D%27106%27%20fill-opacity%3D%220%22%2F%3E%3C%2Fsvg%3E\" data-srcset=\"https:\/\/rentacaringreece.eu\/wp-content\/uploads\/2025\/01\/43112-66x66.jpg 66w, https:\/\/rentacaringreece.eu\/wp-content\/uploads\/2025\/01\/43112-150x150.jpg 150w, https:\/\/rentacaringreece.eu\/wp-content\/uploads\/2025\/01\/43112-200x200.jpg 200w, https:\/\/rentacaringreece.eu\/wp-content\/uploads\/2025\/01\/43112-300x300.jpg 300w, https:\/\/rentacaringreece.eu\/wp-content\/uploads\/2025\/01\/43112-400x400.jpg 400w, https:\/\/rentacaringreece.eu\/wp-content\/uploads\/2025\/01\/43112.jpg 512w\" data-sizes=\"auto\" data-orig-sizes=\"(max-width: 106px) 100vw, 106px\" \/><\/p>\n<h4 style=\"text-align: center;\"><strong>R\u00e9servation avec un seul frais de location<\/strong><\/h4>\n<div class=\"card\">\n<div class=\"card-content\">\n<p>Nous couvrons tout. Toute notre flotte de voitures subit un entretien complet, un nettoyage, une assurance tous risques avec exon\u00e9ration, un contr\u00f4le technique, et tout ce que la voiture pourrait n\u00e9cessiter.<\/p>\n<\/div>\n<\/div><\/h1><\/div><\/div><\/div><div class=\"fusion-layout-column fusion_builder_column fusion-builder-column-3 fusion_builder_column_1_3 1_3 fusion-flex-column\" style=\"--awb-padding-top:1px;--awb-overflow:hidden;--awb-bg-color:#ffffff;--awb-bg-color-hover:#ffffff;--awb-bg-blend:overlay;--awb-bg-size:cover;--awb-box-shadow:10px 10px 57px -5px rgba(0,0,0,0.59);;--awb-border-color:#ffffff;--awb-border-top:10px;--awb-border-right:10px;--awb-border-bottom:10px;--awb-border-left:10px;--awb-border-style:solid;--awb-border-radius:15px 15px 15px 15px;--awb-width-large:33.333333333333%;--awb-margin-top-large:0px;--awb-spacing-right-large:5.76%;--awb-margin-bottom-large:0px;--awb-spacing-left-large:5.76%;--awb-width-medium:33.333333333333%;--awb-order-medium:0;--awb-spacing-right-medium:5.76%;--awb-spacing-left-medium:5.76%;--awb-width-small:100%;--awb-order-small:0;--awb-spacing-right-small:1.92%;--awb-spacing-left-small:1.92%;\" data-scroll-devices=\"small-visibility,medium-visibility,large-visibility\"><div class=\"fusion-column-wrapper fusion-column-has-shadow fusion-flex-justify-content-flex-start fusion-content-layout-column\"><div class=\"fusion-title title fusion-title-4 fusion-sep-none fusion-title-text fusion-title-size-one\" style=\"--awb-margin-top-small:10px;--awb-margin-right-small:0px;--awb-margin-bottom-small:10px;--awb-margin-left-small:0px;--awb-font-size:25px;\"><h1 class=\"fusion-title-heading title-heading-left fusion-responsive-typography-calculated\" style=\"margin:0;text-transform:capitalize;font-size:1em;--fontSize:25;--minFontSize:25;line-height:var(--awb-typography1-line-height);\"><p><img decoding=\"async\" class=\"lazyload wp-image-8048 alignleft\" src=\"https:\/\/rentacaringreece.eu\/wp-content\/uploads\/2025\/01\/fw12.jpg\" data-orig-src=\"https:\/\/rentacaringreece.eu\/wp-content\/uploads\/2025\/01\/fw12.jpg\" alt=\"\" width=\"107\" height=\"107\" srcset=\"data:image\/svg+xml,%3Csvg%20xmlns%3D%27http%3A%2F%2Fwww.w3.org%2F2000%2Fsvg%27%20width%3D%27107%27%20height%3D%27107%27%20viewBox%3D%270%200%20107%20107%27%3E%3Crect%20width%3D%27107%27%20height%3D%27107%27%20fill-opacity%3D%220%22%2F%3E%3C%2Fsvg%3E\" data-srcset=\"https:\/\/rentacaringreece.eu\/wp-content\/uploads\/2025\/01\/fw12-66x66.jpg 66w, https:\/\/rentacaringreece.eu\/wp-content\/uploads\/2025\/01\/fw12-150x150.jpg 150w, https:\/\/rentacaringreece.eu\/wp-content\/uploads\/2025\/01\/fw12-200x200.jpg 200w, https:\/\/rentacaringreece.eu\/wp-content\/uploads\/2025\/01\/fw12-300x300.jpg 300w, https:\/\/rentacaringreece.eu\/wp-content\/uploads\/2025\/01\/fw12-400x400.jpg 400w, https:\/\/rentacaringreece.eu\/wp-content\/uploads\/2025\/01\/fw12.jpg 512w\" data-sizes=\"auto\" data-orig-sizes=\"(max-width: 107px) 100vw, 107px\" \/><\/p>\n<h4 style=\"text-align: center;\"><strong>Obtenez de la valeur pour votre argent<\/strong><\/h4>\n<div class=\"card\">\n<div class=\"card-content\">\n<p>Louez l&rsquo;une des voitures s\u00e9lectionn\u00e9es de <a href=\"https:\/\/rentacaringreece.eu\/\">rentacaringreece<\/a> \u00e0 un prix abordable et bas. Nous proposons les meilleurs tarifs de location de voitures \u00e0 Thessalonique.<\/p>\n<\/div>\n<\/div><\/h1><\/div><\/div><\/div><div class=\"fusion-layout-column fusion_builder_column fusion-builder-column-4 fusion_builder_column_1_3 1_3 fusion-flex-column\" style=\"--awb-padding-top:1px;--awb-overflow:hidden;--awb-bg-color:#ffffff;--awb-bg-color-hover:#ffffff;--awb-bg-blend:overlay;--awb-bg-size:cover;--awb-box-shadow:10px 10px 57px -5px rgba(0,0,0,0.59);;--awb-border-color:#ffffff;--awb-border-top:10px;--awb-border-right:10px;--awb-border-bottom:10px;--awb-border-left:10px;--awb-border-style:solid;--awb-border-radius:15px 15px 15px 15px;--awb-width-large:33.333333333333%;--awb-margin-top-large:0px;--awb-spacing-right-large:5.76%;--awb-margin-bottom-large:0px;--awb-spacing-left-large:5.76%;--awb-width-medium:33.333333333333%;--awb-order-medium:0;--awb-spacing-right-medium:5.76%;--awb-spacing-left-medium:5.76%;--awb-width-small:100%;--awb-order-small:0;--awb-spacing-right-small:1.92%;--awb-spacing-left-small:1.92%;\" data-scroll-devices=\"small-visibility,medium-visibility,large-visibility\"><div class=\"fusion-column-wrapper fusion-column-has-shadow fusion-flex-justify-content-flex-start fusion-content-layout-column\"><div class=\"fusion-title title fusion-title-5 fusion-sep-none fusion-title-text fusion-title-size-one\" style=\"--awb-margin-top-small:10px;--awb-margin-right-small:0px;--awb-margin-bottom-small:10px;--awb-margin-left-small:0px;--awb-font-size:25px;\"><h1 class=\"fusion-title-heading title-heading-left fusion-responsive-typography-calculated\" style=\"margin:0;text-transform:capitalize;font-size:1em;--fontSize:25;--minFontSize:25;line-height:var(--awb-typography1-line-height);\"><img decoding=\"async\" class=\"lazyload wp-image-8054 alignleft\" src=\"https:\/\/rentacaringreece.eu\/wp-content\/uploads\/2025\/01\/\u03c4\u03b9\u03bc\u03b5.jpg\" data-orig-src=\"https:\/\/rentacaringreece.eu\/wp-content\/uploads\/2025\/01\/\u03c4\u03b9\u03bc\u03b5.jpg\" alt=\"\" width=\"105\" height=\"105\" srcset=\"data:image\/svg+xml,%3Csvg%20xmlns%3D%27http%3A%2F%2Fwww.w3.org%2F2000%2Fsvg%27%20width%3D%27105%27%20height%3D%27105%27%20viewBox%3D%270%200%20105%20105%27%3E%3Crect%20width%3D%27105%27%20height%3D%27105%27%20fill-opacity%3D%220%22%2F%3E%3C%2Fsvg%3E\" data-srcset=\"https:\/\/rentacaringreece.eu\/wp-content\/uploads\/2025\/01\/\u03c4\u03b9\u03bc\u03b5-66x66.jpg 66w, https:\/\/rentacaringreece.eu\/wp-content\/uploads\/2025\/01\/\u03c4\u03b9\u03bc\u03b5-150x150.jpg 150w, https:\/\/rentacaringreece.eu\/wp-content\/uploads\/2025\/01\/\u03c4\u03b9\u03bc\u03b5-200x200.jpg 200w, https:\/\/rentacaringreece.eu\/wp-content\/uploads\/2025\/01\/\u03c4\u03b9\u03bc\u03b5-300x300.jpg 300w, https:\/\/rentacaringreece.eu\/wp-content\/uploads\/2025\/01\/\u03c4\u03b9\u03bc\u03b5-400x400.jpg 400w, https:\/\/rentacaringreece.eu\/wp-content\/uploads\/2025\/01\/\u03c4\u03b9\u03bc\u03b5.jpg 512w\" data-sizes=\"auto\" data-orig-sizes=\"(max-width: 105px) 100vw, 105px\" \/><\/p>\n<h4 style=\"text-align: center;\"><strong>Dur\u00e9e de location flexible<\/strong><\/h4>\n<div class=\"card\">\n<div class=\"card-content\">\n<p>Choisissez entre une flexibilit\u00e9 totale ou une dur\u00e9e sp\u00e9cifique. Le choix est v\u00f4tre. Vous pouvez louer votre voiture \u00e0 <a href=\"https:\/\/maps.app.goo.gl\/KgCMzPtJeL2nd54c6\" target=\"_blank\" rel=\"noopener\">Thessalonique<\/a> SKG pour une p\u00e9riode allant de 1 jour \u00e0 3 ans.<\/p>\n<\/div>\n<\/div><\/h1><\/div><\/div><\/div><div class=\"fusion-layout-column fusion_builder_column fusion-builder-column-5 fusion_builder_column_1_3 1_3 fusion-flex-column\" style=\"--awb-padding-top:1px;--awb-overflow:hidden;--awb-bg-color:#ffffff;--awb-bg-color-hover:#ffffff;--awb-bg-blend:overlay;--awb-bg-size:cover;--awb-box-shadow:10px 10px 57px -5px rgba(0,0,0,0.59);;--awb-border-color:#ffffff;--awb-border-top:10px;--awb-border-right:10px;--awb-border-bottom:10px;--awb-border-left:10px;--awb-border-style:solid;--awb-border-radius:15px 15px 15px 15px;--awb-width-large:33.333333333333%;--awb-margin-top-large:30px;--awb-spacing-right-large:5.76%;--awb-margin-bottom-large:0px;--awb-spacing-left-large:5.76%;--awb-width-medium:33.333333333333%;--awb-order-medium:0;--awb-spacing-right-medium:5.76%;--awb-spacing-left-medium:5.76%;--awb-width-small:100%;--awb-order-small:0;--awb-spacing-right-small:1.92%;--awb-spacing-left-small:1.92%;\" data-scroll-devices=\"small-visibility,medium-visibility,large-visibility\"><div class=\"fusion-column-wrapper fusion-column-has-shadow fusion-flex-justify-content-flex-start fusion-content-layout-column\"><div class=\"fusion-title title fusion-title-6 fusion-sep-none fusion-title-text fusion-title-size-one\" style=\"--awb-margin-top-small:10px;--awb-margin-right-small:0px;--awb-margin-bottom-small:10px;--awb-margin-left-small:0px;--awb-font-size:25px;\"><h1 class=\"fusion-title-heading title-heading-left fusion-responsive-typography-calculated\" style=\"margin:0;text-transform:capitalize;font-size:1em;--fontSize:25;--minFontSize:25;line-height:var(--awb-typography1-line-height);\"><img decoding=\"async\" class=\"lazyload wp-image-8060 alignleft\" src=\"https:\/\/rentacaringreece.eu\/wp-content\/uploads\/2025\/01\/fw12313.jpg\" data-orig-src=\"https:\/\/rentacaringreece.eu\/wp-content\/uploads\/2025\/01\/fw12313.jpg\" alt=\"\" width=\"95\" height=\"95\" srcset=\"data:image\/svg+xml,%3Csvg%20xmlns%3D%27http%3A%2F%2Fwww.w3.org%2F2000%2Fsvg%27%20width%3D%2795%27%20height%3D%2795%27%20viewBox%3D%270%200%2095%2095%27%3E%3Crect%20width%3D%2795%27%20height%3D%2795%27%20fill-opacity%3D%220%22%2F%3E%3C%2Fsvg%3E\" data-srcset=\"https:\/\/rentacaringreece.eu\/wp-content\/uploads\/2025\/01\/fw12313-66x66.jpg 66w, https:\/\/rentacaringreece.eu\/wp-content\/uploads\/2025\/01\/fw12313-150x150.jpg 150w, https:\/\/rentacaringreece.eu\/wp-content\/uploads\/2025\/01\/fw12313-200x200.jpg 200w, https:\/\/rentacaringreece.eu\/wp-content\/uploads\/2025\/01\/fw12313-300x300.jpg 300w, https:\/\/rentacaringreece.eu\/wp-content\/uploads\/2025\/01\/fw12313-400x400.jpg 400w, https:\/\/rentacaringreece.eu\/wp-content\/uploads\/2025\/01\/fw12313.jpg 512w\" data-sizes=\"auto\" data-orig-sizes=\"(max-width: 95px) 100vw, 95px\" \/><\/p>\n<h4 style=\"text-align: center;\">Location &#8211; Achat<\/h4>\n<div class=\"card\">\n<div class=\"card-content\">\n<p>Vous avez lou\u00e9 une voiture et vous avez chang\u00e9 d&rsquo;avis parce que vous ne l&rsquo;aimez pas ? Aucun probl\u00e8me, vous pouvez l&rsquo;\u00e9changer. Si vous aimez la voiture, vous pouvez l&rsquo;acheter et en faire votre propre v\u00e9hicule quand vous le souhaitez.<\/p>\n<\/div>\n<\/div><\/h1><\/div><\/div><\/div><div class=\"fusion-layout-column fusion_builder_column fusion-builder-column-6 fusion_builder_column_1_3 1_3 fusion-flex-column\" style=\"--awb-padding-top:1px;--awb-overflow:hidden;--awb-bg-color:#ffffff;--awb-bg-color-hover:#ffffff;--awb-bg-blend:overlay;--awb-bg-size:cover;--awb-box-shadow:10px 10px 57px -5px rgba(0,0,0,0.59);;--awb-border-color:#ffffff;--awb-border-top:10px;--awb-border-right:10px;--awb-border-bottom:10px;--awb-border-left:10px;--awb-border-style:solid;--awb-border-radius:15px 15px 15px 15px;--awb-width-large:33.333333333333%;--awb-margin-top-large:30px;--awb-spacing-right-large:5.76%;--awb-margin-bottom-large:0px;--awb-spacing-left-large:5.76%;--awb-width-medium:33.333333333333%;--awb-order-medium:0;--awb-spacing-right-medium:5.76%;--awb-spacing-left-medium:5.76%;--awb-width-small:100%;--awb-order-small:0;--awb-spacing-right-small:1.92%;--awb-spacing-left-small:1.92%;\" data-scroll-devices=\"small-visibility,medium-visibility,large-visibility\"><div class=\"fusion-column-wrapper fusion-column-has-shadow fusion-flex-justify-content-flex-start fusion-content-layout-column\"><div class=\"fusion-title title fusion-title-7 fusion-sep-none fusion-title-text fusion-title-size-one\" style=\"--awb-margin-top-small:10px;--awb-margin-right-small:0px;--awb-margin-bottom-small:10px;--awb-margin-left-small:0px;--awb-font-size:25px;\"><h1 class=\"fusion-title-heading title-heading-left fusion-responsive-typography-calculated\" style=\"margin:0;text-transform:capitalize;font-size:1em;--fontSize:25;--minFontSize:25;line-height:var(--awb-typography1-line-height);\"><img decoding=\"async\" class=\"lazyload wp-image-8066 alignleft\" src=\"https:\/\/rentacaringreece.eu\/wp-content\/uploads\/2025\/01\/gvwrgrw.jpg\" data-orig-src=\"https:\/\/rentacaringreece.eu\/wp-content\/uploads\/2025\/01\/gvwrgrw.jpg\" alt=\"\" width=\"100\" height=\"100\" srcset=\"data:image\/svg+xml,%3Csvg%20xmlns%3D%27http%3A%2F%2Fwww.w3.org%2F2000%2Fsvg%27%20width%3D%27100%27%20height%3D%27100%27%20viewBox%3D%270%200%20100%20100%27%3E%3Crect%20width%3D%27100%27%20height%3D%27100%27%20fill-opacity%3D%220%22%2F%3E%3C%2Fsvg%3E\" data-srcset=\"https:\/\/rentacaringreece.eu\/wp-content\/uploads\/2025\/01\/gvwrgrw-66x66.jpg 66w, https:\/\/rentacaringreece.eu\/wp-content\/uploads\/2025\/01\/gvwrgrw-150x150.jpg 150w, https:\/\/rentacaringreece.eu\/wp-content\/uploads\/2025\/01\/gvwrgrw-200x200.jpg 200w, https:\/\/rentacaringreece.eu\/wp-content\/uploads\/2025\/01\/gvwrgrw-300x300.jpg 300w, https:\/\/rentacaringreece.eu\/wp-content\/uploads\/2025\/01\/gvwrgrw-400x400.jpg 400w, https:\/\/rentacaringreece.eu\/wp-content\/uploads\/2025\/01\/gvwrgrw.jpg 512w\" data-sizes=\"auto\" data-orig-sizes=\"(max-width: 100px) 100vw, 100px\" \/><\/p>\n<h4 style=\"text-align: center;\"><strong>Sans acompte<\/strong><\/h4>\n<div class=\"card\">\n<div class=\"card-content\">\n<p>Oubliez les acomptes. Choisissez la voiture qui vous convient, et \u00e0 la r\u00e9ception, vous payez le loyer et la caution. Cela s&rsquo;applique pour l&rsquo;automne, l&rsquo;hiver et le printemps. Cela ne s&rsquo;applique pas pour l&rsquo;\u00e9t\u00e9.<\/p>\n<\/div>\n<\/div><\/h1><\/div><\/div><\/div><div class=\"fusion-layout-column fusion_builder_column fusion-builder-column-7 fusion_builder_column_1_3 1_3 fusion-flex-column\" style=\"--awb-padding-top:1px;--awb-overflow:hidden;--awb-bg-color:#ffffff;--awb-bg-color-hover:#ffffff;--awb-bg-blend:overlay;--awb-bg-size:cover;--awb-box-shadow:10px 10px 57px -5px rgba(0,0,0,0.59);;--awb-border-color:#ffffff;--awb-border-top:10px;--awb-border-right:10px;--awb-border-bottom:10px;--awb-border-left:10px;--awb-border-style:solid;--awb-border-radius:15px 15px 15px 15px;--awb-width-large:33.333333333333%;--awb-margin-top-large:30px;--awb-spacing-right-large:5.76%;--awb-margin-bottom-large:0px;--awb-spacing-left-large:5.76%;--awb-width-medium:33.333333333333%;--awb-order-medium:0;--awb-spacing-right-medium:5.76%;--awb-spacing-left-medium:5.76%;--awb-width-small:100%;--awb-order-small:0;--awb-spacing-right-small:1.92%;--awb-spacing-left-small:1.92%;\" data-scroll-devices=\"small-visibility,medium-visibility,large-visibility\"><div class=\"fusion-column-wrapper fusion-column-has-shadow fusion-flex-justify-content-flex-start fusion-content-layout-column\"><div class=\"fusion-title title fusion-title-8 fusion-sep-none fusion-title-text fusion-title-size-one\" style=\"--awb-margin-top-small:10px;--awb-margin-right-small:0px;--awb-margin-bottom-small:10px;--awb-margin-left-small:0px;--awb-font-size:25px;\"><h1 class=\"fusion-title-heading title-heading-left fusion-responsive-typography-calculated\" style=\"margin:0;text-transform:capitalize;font-size:1em;--fontSize:25;--minFontSize:25;line-height:var(--awb-typography1-line-height);\"><img decoding=\"async\" class=\"lazyload  wp-image-8080 alignleft\" src=\"data:image\/svg+xml,%3Csvg%20xmlns%3D%27http%3A%2F%2Fwww.w3.org%2F2000%2Fsvg%27%20width%3D%27171%27%20height%3D%27114%27%20viewBox%3D%270%200%20171%20114%27%3E%3Crect%20width%3D%27171%27%20height%3D%27114%27%20fill-opacity%3D%220%22%2F%3E%3C%2Fsvg%3E\" data-orig-src=\"https:\/\/rentacaringreece.eu\/wp-content\/uploads\/2025\/01\/va321.jpg\" alt=\"\" width=\"171\" height=\"114\" \/><\/p>\n<h4 style=\"text-align: center;\">Disponibles imm\u00e9diatement<\/h4>\n<div class=\"card\">\n<div class=\"card-content\">\n<p>Vous venez, vous choisissez, vous aimez, vous le prenez. Toute notre flotte de v\u00e9hicules est disponible et pr\u00eate \u00e0 \u00eatre livr\u00e9e. Il y a une grande disponibilit\u00e9 ainsi qu&rsquo;une vari\u00e9t\u00e9 de voitures de location.<\/p>\n<\/div>\n<\/div><\/h1><\/div><\/div><\/div><\/div><\/div>\n","protected":false},"excerpt":{"rendered":"","protected":false},"author":1,"featured_media":0,"parent":0,"menu_order":0,"comment_status":"closed","ping_status":"closed","template":"100-width.php","meta":{"footnotes":""},"class_list":["post-6455","page","type-page","status-publish","hentry"],"_links":{"self":[{"href":"https:\/\/rentacaringreece.eu\/fr\/wp-json\/wp\/v2\/pages\/6455","targetHints":{"allow":["GET"]}}],"collection":[{"href":"https:\/\/rentacaringreece.eu\/fr\/wp-json\/wp\/v2\/pages"}],"about":[{"href":"https:\/\/rentacaringreece.eu\/fr\/wp-json\/wp\/v2\/types\/page"}],"author":[{"embeddable":true,"href":"https:\/\/rentacaringreece.eu\/fr\/wp-json\/wp\/v2\/users\/1"}],"replies":[{"embeddable":true,"href":"https:\/\/rentacaringreece.eu\/fr\/wp-json\/wp\/v2\/comments?post=6455"}],"version-history":[{"count":5,"href":"https:\/\/rentacaringreece.eu\/fr\/wp-json\/wp\/v2\/pages\/6455\/revisions"}],"predecessor-version":[{"id":8250,"href":"https:\/\/rentacaringreece.eu\/fr\/wp-json\/wp\/v2\/pages\/6455\/revisions\/8250"}],"wp:attachment":[{"href":"https:\/\/rentacaringreece.eu\/fr\/wp-json\/wp\/v2\/media?parent=6455"}],"curies":[{"name":"wp","href":"https:\/\/api.w.org\/{rel}","templated":true}]}}