{"id":6531,"date":"2024-08-23T19:28:40","date_gmt":"2024-08-23T16:28:40","guid":{"rendered":"https:\/\/rentacaringreece.eu\/?page_id=6531"},"modified":"2024-12-07T18:26:17","modified_gmt":"2024-12-07T16:26:17","slug":"livraison-et-recuperation-de-voiture-au-centre-de-thessalonique-aggelaki-15","status":"publish","type":"page","link":"https:\/\/rentacaringreece.eu\/fr\/livraison-et-recuperation-de-voiture-au-centre-de-thessalonique-aggelaki-15\/","title":{"rendered":"Livraison et r\u00e9cup\u00e9ration de voiture au centre de Thessalonique, Aggelaki 15"},"content":{"rendered":"<div class=\"fusion-fullwidth fullwidth-box fusion-builder-row-1 fusion-flex-container has-pattern-background has-mask-background nonhundred-percent-fullwidth non-hundred-percent-height-scrolling\" style=\"--awb-border-radius-top-left:0px;--awb-border-radius-top-right:0px;--awb-border-radius-bottom-right:0px;--awb-border-radius-bottom-left:0px;--awb-flex-wrap:wrap;\" ><div class=\"fusion-builder-row fusion-row fusion-flex-align-items-flex-start fusion-flex-content-wrap\" style=\"max-width:1497.6px;margin-left: calc(-4% \/ 2 );margin-right: calc(-4% \/ 2 );\"><div class=\"fusion-layout-column fusion_builder_column fusion-builder-column-0 fusion_builder_column_1_1 1_1 fusion-flex-column\" style=\"--awb-bg-size:cover;--awb-width-large:100%;--awb-margin-top-large:0px;--awb-spacing-right-large:1.92%;--awb-margin-bottom-large:20px;--awb-spacing-left-large:1.92%;--awb-width-medium:100%;--awb-order-medium:0;--awb-spacing-right-medium:1.92%;--awb-spacing-left-medium:1.92%;--awb-width-small:100%;--awb-order-small:0;--awb-spacing-right-small:1.92%;--awb-spacing-left-small:1.92%;\"><div class=\"fusion-column-wrapper fusion-column-has-shadow fusion-flex-justify-content-flex-start fusion-content-layout-column\"><div class=\"fusion-image-element \" style=\"text-align:center;--awb-caption-title-font-family:var(--h2_typography-font-family);--awb-caption-title-font-weight:var(--h2_typography-font-weight);--awb-caption-title-font-style:var(--h2_typography-font-style);--awb-caption-title-size:var(--h2_typography-font-size);--awb-caption-title-transform:var(--h2_typography-text-transform);--awb-caption-title-line-height:var(--h2_typography-line-height);--awb-caption-title-letter-spacing:var(--h2_typography-letter-spacing);\"><span class=\" fusion-imageframe imageframe-none imageframe-1 hover-type-none\"><img decoding=\"async\" width=\"1500\" height=\"844\" title=\"\u03a0\u03b1\u03c1\u03ac\u03b4\u03bf\u03c3\u03b7 \u03ba\u03b1\u03b9 \u03a0\u03b1\u03c1\u03b1\u03bb\u03b1\u03b2\u03ae \u0391\u03c5\u03c4\u03bf\u03ba\u03b9\u03bd\u03ae\u03c4\u03bf\u03c5 \u03c3\u03c4\u03bf \u0391\u03b5\u03c1\u03bf\u03b4\u03c1\u03cc\u03bc\u03b9\u03bf \u0398\u03b5\u03c3\u03c3\u03b1\u03bb\u03bf\u03bd\u03af\u03ba\u03b7\u03c2\" src=\"https:\/\/rentacaringreece.eu\/wp-content\/uploads\/2024\/08\/\u03c6\u03c2\u03b5.jpg\" data-orig-src=\"https:\/\/rentacaringreece.eu\/wp-content\/uploads\/2024\/08\/\u03c6\u03c2\u03b5.jpg\" alt class=\"lazyload img-responsive wp-image-6569\" srcset=\"data:image\/svg+xml,%3Csvg%20xmlns%3D%27http%3A%2F%2Fwww.w3.org%2F2000%2Fsvg%27%20width%3D%271500%27%20height%3D%27844%27%20viewBox%3D%270%200%201500%20844%27%3E%3Crect%20width%3D%271500%27%20height%3D%27844%27%20fill-opacity%3D%220%22%2F%3E%3C%2Fsvg%3E\" data-srcset=\"https:\/\/rentacaringreece.eu\/wp-content\/uploads\/2024\/08\/\u03c6\u03c2\u03b5-200x113.jpg 200w, https:\/\/rentacaringreece.eu\/wp-content\/uploads\/2024\/08\/\u03c6\u03c2\u03b5-400x225.jpg 400w, https:\/\/rentacaringreece.eu\/wp-content\/uploads\/2024\/08\/\u03c6\u03c2\u03b5-600x338.jpg 600w, https:\/\/rentacaringreece.eu\/wp-content\/uploads\/2024\/08\/\u03c6\u03c2\u03b5-800x450.jpg 800w, https:\/\/rentacaringreece.eu\/wp-content\/uploads\/2024\/08\/\u03c6\u03c2\u03b5-1200x675.jpg 1200w, https:\/\/rentacaringreece.eu\/wp-content\/uploads\/2024\/08\/\u03c6\u03c2\u03b5.jpg 1500w\" data-sizes=\"auto\" data-orig-sizes=\"(max-width: 768px) 100vw, 1500px\" \/><\/span><\/div><div class=\"fusion-text fusion-text-1\"><p style=\"text-align: center;\">Livraison et R\u00e9cup\u00e9ration de Voiture au Centre de Thessalonique, Angelaki 15 : Le Meilleur Choix avec Rent a Car in Greece<\/p>\n<p style=\"text-align: center;\">Lorsque vous visitez Thessalonique, la livraison et la r\u00e9cup\u00e9ration de votre voiture au centre de la ville, \u00e0 Angelaki 15, est l&rsquo;option id\u00e9ale pour explorer la ville avec confort et facilit\u00e9. Rent a Car in Greece propose un service bien organis\u00e9 qui vous permet de r\u00e9cup\u00e9rer votre v\u00e9hicule d\u00e8s votre arriv\u00e9e au centre de Thessalonique, sans retard ni d\u00e9placements inutiles.<\/p>\n<p style=\"text-align: center;\">Pourquoi Choisir la Livraison et la R\u00e9cup\u00e9ration de Voiture au Centre de Thessalonique<\/p>\n<p style=\"text-align: center;\">Choisir la livraison et la r\u00e9cup\u00e9ration de votre voiture au centre de Thessalonique, particuli\u00e8rement \u00e0 Angelaki 15, offre une grande commodit\u00e9, surtout pour les voyageurs qui souhaitent se d\u00e9placer rapidement et confortablement dans la ville. Le centre de Thessalonique est un point vivant, rempli de monuments culturels, de magasins, de restaurants et de caf\u00e9s. Avoir acc\u00e8s \u00e0 cette zone en voiture vous permet de profiter de tout ce que la ville a \u00e0 offrir \u00e0 votre propre rythme.<\/p>\n<p style=\"text-align: center;\">Avec le service de livraison et de r\u00e9cup\u00e9ration de voiture au centre de Thessalonique, vous \u00e9vitez le tracas de trouver une place de parking ou d&rsquo;utiliser les transports publics. Votre voiture sera pr\u00eate pour vous au moment o\u00f9 vous en avez besoin, vous permettant ainsi de commencer votre exploration de la ville sans aucun retard.<\/p>\n<p style=\"text-align: center;\">Le Processus de Livraison et de R\u00e9cup\u00e9ration de Voiture \u00e0 Angelaki 15<\/p>\n<p style=\"text-align: center;\">Rent a Car in Greece veille \u00e0 rendre le processus de livraison et de r\u00e9cup\u00e9ration de voiture au centre de Thessalonique aussi simple et rapide que possible. Il vous suffit de nous informer de votre heure d&rsquo;arriv\u00e9e, et notre \u00e9quipe vous attendra \u00e0 Angelaki 15 pour vous remettre votre voiture.<\/p>\n<p style=\"text-align: center;\">Lors de la r\u00e9cup\u00e9ration, vous effectuerez un court contr\u00f4le du v\u00e9hicule, en recevant toutes les informations n\u00e9cessaires concernant la voiture. Notre \u00e9quipe sera disponible pour r\u00e9pondre \u00e0 toutes vos questions concernant l&rsquo;utilisation du v\u00e9hicule, les trajets dans la ville, ou m\u00eame pour vous recommander des sites \u00e0 visiter.<\/p>\n<p style=\"text-align: center;\">Avantages de la Livraison et de la R\u00e9cup\u00e9ration de Voiture au Centre de Thessalonique<\/p>\n<p style=\"text-align: center;\">Confort et commodit\u00e9 : Vous r\u00e9cup\u00e9rez votre voiture \u00e0 un emplacement central, sans avoir besoin de vous d\u00e9placer vers un autre endroit.<br \/>\nGain de temps : Vous \u00e9vitez la perte de temps li\u00e9e aux d\u00e9placements ou \u00e0 la recherche de stationnement.<br \/>\nFlexibilit\u00e9 : Vous pouvez r\u00e9cup\u00e9rer et rendre votre voiture \u00e0 l&rsquo;heure et \u00e0 l&rsquo;endroit qui vous conviennent.<br \/>\nService personnalis\u00e9 : Notre \u00e9quipe vous accompagne tout au long du processus, r\u00e9pondant \u00e0 vos questions et vous offrant des conseils utiles pour votre voyage.<\/p>\n<p style=\"text-align: center;\">Conclusion<\/p>\n<p style=\"text-align: center;\">La livraison et la r\u00e9cup\u00e9ration de voiture au centre de Thessalonique \u00e0 Angelaki 15 est un service tr\u00e8s pratique pour les voyageurs qui veulent explorer Thessalonique et ses environs avec un maximum de confort. Avec Rent a Car in Greece, vous pouvez profiter de la ville sans tracas, en r\u00e9cup\u00e9rant votre voiture dans un endroit central et en la rendant au moment qui vous convient.<\/p>\n<p style=\"text-align: center;\">R\u00e9servez votre voiture d\u00e8s aujourd&rsquo;hui et commencez votre aventure \u00e0 Thessalonique avec Rent a Car in Greece!<\/p>\n<\/div><\/div><\/div><\/div><div class=\"fusion-builder-row fusion-row fusion-flex-align-items-flex-start fusion-flex-content-wrap\" style=\"max-width:1497.6px;margin-left: calc(-4% \/ 2 );margin-right: calc(-4% \/ 2 );\"><\/div><\/div>\n","protected":false},"excerpt":{"rendered":"","protected":false},"author":1,"featured_media":0,"parent":0,"menu_order":0,"comment_status":"closed","ping_status":"closed","template":"100-width.php","meta":{"footnotes":""},"class_list":["post-6531","page","type-page","status-publish","hentry"],"_links":{"self":[{"href":"https:\/\/rentacaringreece.eu\/fr\/wp-json\/wp\/v2\/pages\/6531","targetHints":{"allow":["GET"]}}],"collection":[{"href":"https:\/\/rentacaringreece.eu\/fr\/wp-json\/wp\/v2\/pages"}],"about":[{"href":"https:\/\/rentacaringreece.eu\/fr\/wp-json\/wp\/v2\/types\/page"}],"author":[{"embeddable":true,"href":"https:\/\/rentacaringreece.eu\/fr\/wp-json\/wp\/v2\/users\/1"}],"replies":[{"embeddable":true,"href":"https:\/\/rentacaringreece.eu\/fr\/wp-json\/wp\/v2\/comments?post=6531"}],"version-history":[{"count":4,"href":"https:\/\/rentacaringreece.eu\/fr\/wp-json\/wp\/v2\/pages\/6531\/revisions"}],"predecessor-version":[{"id":6535,"href":"https:\/\/rentacaringreece.eu\/fr\/wp-json\/wp\/v2\/pages\/6531\/revisions\/6535"}],"wp:attachment":[{"href":"https:\/\/rentacaringreece.eu\/fr\/wp-json\/wp\/v2\/media?parent=6531"}],"curies":[{"name":"wp","href":"https:\/\/api.w.org\/{rel}","templated":true}]}}