{"id":6552,"date":"2024-12-07T18:35:32","date_gmt":"2024-12-07T16:35:32","guid":{"rendered":"https:\/\/rentacaringreece.eu\/?page_id=6552"},"modified":"2024-12-07T18:35:32","modified_gmt":"2024-12-07T16:35:32","slug":"livraison-et-recuperation-de-voiture-au-centre-de-thessalonique-angelaki-15","status":"publish","type":"page","link":"https:\/\/rentacaringreece.eu\/fr\/livraison-et-recuperation-de-voiture-au-centre-de-thessalonique-angelaki-15\/","title":{"rendered":"Livraison et r\u00e9cup\u00e9ration de voiture au centre de Thessalonique, Angelaki 15"},"content":{"rendered":"<div class=\"fusion-fullwidth fullwidth-box fusion-builder-row-1 fusion-flex-container has-pattern-background has-mask-background nonhundred-percent-fullwidth non-hundred-percent-height-scrolling\" style=\"--awb-border-radius-top-left:0px;--awb-border-radius-top-right:0px;--awb-border-radius-bottom-right:0px;--awb-border-radius-bottom-left:0px;--awb-flex-wrap:wrap;\" ><div class=\"fusion-builder-row fusion-row fusion-flex-align-items-flex-start fusion-flex-content-wrap\" style=\"max-width:1497.6px;margin-left: calc(-4% \/ 2 );margin-right: calc(-4% \/ 2 );\"><div class=\"fusion-layout-column fusion_builder_column fusion-builder-column-0 fusion_builder_column_1_1 1_1 fusion-flex-column\" style=\"--awb-bg-size:cover;--awb-width-large:100%;--awb-margin-top-large:0px;--awb-spacing-right-large:1.92%;--awb-margin-bottom-large:20px;--awb-spacing-left-large:1.92%;--awb-width-medium:100%;--awb-order-medium:0;--awb-spacing-right-medium:1.92%;--awb-spacing-left-medium:1.92%;--awb-width-small:100%;--awb-order-small:0;--awb-spacing-right-small:1.92%;--awb-spacing-left-small:1.92%;\"><div class=\"fusion-column-wrapper fusion-column-has-shadow fusion-flex-justify-content-flex-start fusion-content-layout-column\"><div class=\"fusion-image-element \" style=\"--awb-caption-title-font-family:var(--h2_typography-font-family);--awb-caption-title-font-weight:var(--h2_typography-font-weight);--awb-caption-title-font-style:var(--h2_typography-font-style);--awb-caption-title-size:var(--h2_typography-font-size);--awb-caption-title-transform:var(--h2_typography-text-transform);--awb-caption-title-line-height:var(--h2_typography-line-height);--awb-caption-title-letter-spacing:var(--h2_typography-letter-spacing);\"><span class=\" fusion-imageframe imageframe-none imageframe-1 hover-type-none\"><img decoding=\"async\" width=\"1500\" height=\"844\" title=\"\u03a0\u03b1\u03c1\u03ac\u03b4\u03bf\u03c3\u03b7 \u03ba\u03b1\u03b9 \u03a0\u03b1\u03c1\u03b1\u03bb\u03b1\u03b2\u03ae \u0391\u03c5\u03c4\u03bf\u03ba\u03b9\u03bd\u03ae\u03c4\u03bf\u03c5 \u03c3\u03c4\u03bf \u0391\u03b5\u03c1\u03bf\u03b4\u03c1\u03cc\u03bc\u03b9\u03bf \u0398\u03b5\u03c3\u03c3\u03b1\u03bb\u03bf\u03bd\u03af\u03ba\u03b7\u03c2\" src=\"https:\/\/rentacaringreece.eu\/wp-content\/uploads\/2024\/08\/\u03c6\u03c2\u03b5.jpg\" data-orig-src=\"https:\/\/rentacaringreece.eu\/wp-content\/uploads\/2024\/08\/\u03c6\u03c2\u03b5.jpg\" alt class=\"lazyload img-responsive wp-image-6569\" srcset=\"data:image\/svg+xml,%3Csvg%20xmlns%3D%27http%3A%2F%2Fwww.w3.org%2F2000%2Fsvg%27%20width%3D%271500%27%20height%3D%27844%27%20viewBox%3D%270%200%201500%20844%27%3E%3Crect%20width%3D%271500%27%20height%3D%27844%27%20fill-opacity%3D%220%22%2F%3E%3C%2Fsvg%3E\" data-srcset=\"https:\/\/rentacaringreece.eu\/wp-content\/uploads\/2024\/08\/\u03c6\u03c2\u03b5-200x113.jpg 200w, https:\/\/rentacaringreece.eu\/wp-content\/uploads\/2024\/08\/\u03c6\u03c2\u03b5-400x225.jpg 400w, https:\/\/rentacaringreece.eu\/wp-content\/uploads\/2024\/08\/\u03c6\u03c2\u03b5-600x338.jpg 600w, https:\/\/rentacaringreece.eu\/wp-content\/uploads\/2024\/08\/\u03c6\u03c2\u03b5-800x450.jpg 800w, https:\/\/rentacaringreece.eu\/wp-content\/uploads\/2024\/08\/\u03c6\u03c2\u03b5-1200x675.jpg 1200w, https:\/\/rentacaringreece.eu\/wp-content\/uploads\/2024\/08\/\u03c6\u03c2\u03b5.jpg 1500w\" data-sizes=\"auto\" data-orig-sizes=\"(max-width: 768px) 100vw, 1500px\" \/><\/span><\/div><div class=\"fusion-text fusion-text-1\"><h2 style=\"text-align: center;\">Livraison et r\u00e9cup\u00e9ration de voiture au centre de Thessalonique, Angelaki 15 : La meilleure option avec Rent a Car in Greece<\/h2>\n<p>Lorsque vous visitez Thessalonique, la livraison et la r\u00e9cup\u00e9ration de votre voiture au centre de la ville, \u00e0 Angelaki 15, est l&rsquo;option id\u00e9ale pour explorer la ville avec confort et facilit\u00e9. Rent a Car in Greece propose un service bien organis\u00e9 qui vous permet de r\u00e9cup\u00e9rer votre voiture d\u00e8s votre arriv\u00e9e au centre de Thessalonique, sans aucune attente ni d\u00e9placements inutiles.<\/p>\n<p>Pourquoi choisir la livraison et la r\u00e9cup\u00e9ration de voiture au centre de Thessalonique<\/p>\n<p>Choisir la livraison et la r\u00e9cup\u00e9ration de votre voiture au centre de Thessalonique, sp\u00e9cialement \u00e0 Angelaki 15, offre une grande commodit\u00e9, particuli\u00e8rement pour les voyageurs qui souhaitent se d\u00e9placer rapidement et confortablement dans la ville. Le centre de Thessalonique est un carrefour anim\u00e9, plein de monuments culturels, de magasins, de restaurants et de caf\u00e9s. L&rsquo;acc\u00e8s \u00e0 ce lieu avec une voiture vous permet de profiter pleinement de tout ce que la ville a \u00e0 offrir, selon votre propre emploi du temps.<\/p>\n<p>Avec le service de livraison et de r\u00e9cup\u00e9ration de voiture au centre de Thessalonique, vous \u00e9vitez les tracas li\u00e9s \u00e0 la recherche d&rsquo;une place de parking ou \u00e0 l&rsquo;utilisation des transports en commun. Votre voiture sera pr\u00eate \u00e0 l&rsquo;endroit o\u00f9 vous en avez besoin, vous permettant ainsi de commencer l&rsquo;exploration de la ville sans retard.<\/p>\n<h3 style=\"text-align: center;\">Le processus de livraison et de r\u00e9cup\u00e9ration de voiture \u00e0 Angelaki 15<\/h3>\n<p>Rent a Car in Greece veille \u00e0 rendre le processus de livraison et de r\u00e9cup\u00e9ration de voiture au centre de Thessalonique aussi simple et rapide que possible. Il vous suffit de nous informer de votre heure d&rsquo;arriv\u00e9e exacte, et notre \u00e9quipe vous attendra \u00e0 Angelaki 15 pour vous remettre votre voiture.<\/p>\n<p>Lors de la r\u00e9cup\u00e9ration, un rapide contr\u00f4le du v\u00e9hicule sera effectu\u00e9, et vous recevrez toutes les informations n\u00e9cessaires concernant la voiture. Notre \u00e9quipe sera disponible pour r\u00e9pondre \u00e0 toutes vos questions sur l&rsquo;utilisation du v\u00e9hicule, les trajets dans la ville ou pour vous recommander des lieux \u00e0 visiter.<\/p>\n<p>Avantages de la livraison et de la r\u00e9cup\u00e9ration de voiture au centre de Thessalonique<\/p>\n<p>La livraison et la r\u00e9cup\u00e9ration de voiture au centre de Thessalonique offre plusieurs avantages. Tout d&rsquo;abord, elle vous permet de g\u00e9rer votre temps efficacement, en \u00e9vitant les attentes et les d\u00e9placements vers des lieux \u00e9loign\u00e9s pour r\u00e9cup\u00e9rer votre voiture. Rent a Car in Greece veille \u00e0 ce que votre voiture soit pr\u00eate \u00e0 l&rsquo;instant o\u00f9 vous en avez besoin, au c\u0153ur de la ville.<\/p>\n<p>De plus, la localisation \u00e0 Angelaki 15 est strat\u00e9gique pour commencer votre visite de la ville. De l\u00e0, vous pouvez facilement vous rendre aux principaux sites touristiques de Thessalonique, tels que la Tour Blanche, la plage et les nombreux mus\u00e9es, tout en explorant les quartiers anim\u00e9s et les march\u00e9s de la ville.<\/p>\n<p>Un autre avantage est la flexibilit\u00e9 offerte par Rent a Car in Greece. En fonction de vos besoins, vous pouvez choisir la voiture qui correspond le mieux \u00e0 votre profil de voyage, que ce soit une petite voiture \u00e9conomique pour faciliter vos d\u00e9placements dans la ville ou un v\u00e9hicule plus grand pour plus de confort lors de longs trajets.<\/p>\n<h3 style=\"text-align: center;\">Explorez Thessalonique \u00e0 votre propre rythme<\/h3>\n<p>La livraison et la r\u00e9cup\u00e9ration de voiture au centre de Thessalonique vous permet d&rsquo;explorer la ville \u00e0 votre propre rythme, sans pression de temps ou n\u00e9cessit\u00e9 d&rsquo;ajuster votre emploi du temps aux horaires des transports publics. Vous pouvez vous arr\u00eater o\u00f9 vous voulez, visiter les endroits qui vous int\u00e9ressent le plus et profiter de Thessalonique \u00e0 votre mani\u00e8re.<\/p>\n<p>De plus, la facilit\u00e9 que propose Rent a Car in Greece avec la livraison et la r\u00e9cup\u00e9ration de voiture \u00e0 Angelaki 15 est id\u00e9ale pour les voyages d&rsquo;affaires, car vous avez un acc\u00e8s direct \u00e0 votre v\u00e9hicule et pouvez vous rendre rapidement \u00e0 vos r\u00e9unions ou \u00e9v\u00e9nements professionnels au centre de la ville. Pour les voyageurs d&rsquo;agr\u00e9ment, cette commodit\u00e9 signifie plus de temps pour profiter de la ville et moins de temps perdu \u00e0 attendre.<\/p>\n<h3 style=\"text-align: center;\">Solutions \u00e9conomiques avec Rent a Car in Greece<\/h3>\n<p>Rent a Car in Greece offre des prix comp\u00e9titifs et des forfaits de location flexibles, adapt\u00e9s aux besoins de chaque voyageur. La livraison et la r\u00e9cup\u00e9ration de voiture au centre de Thessalonique ne comporte pas de frais cach\u00e9s, vous permettant ainsi de profiter de votre voyage sans d\u00e9penses impr\u00e9vues.<\/p>\n<p>Notre entreprise dispose d&rsquo;une grande flotte de v\u00e9hicules modernes et bien entretenus, capables de r\u00e9pondre \u00e0 tous vos besoins et pr\u00e9f\u00e9rences. Des petites voitures id\u00e9ales pour circuler dans les rues \u00e9troites de la ville aux v\u00e9hicules de luxe pour une exp\u00e9rience de conduite plus confortable, Rent a Car in Greece a le v\u00e9hicule qu&rsquo;il vous faut.<\/p>\n<h3 style=\"text-align: center;\">Conclusion<\/h3>\n<p>La livraison et la r\u00e9cup\u00e9ration de voiture au centre de Thessalonique, \u00e0 Angelaki 15, est l&rsquo;option id\u00e9ale pour les voyageurs qui souhaitent commencer leur aventure avec confort et facilit\u00e9, au c\u0153ur de la ville. Avec Rent a Car in Greece, vous profitez d&rsquo;un service complet qui vous garantit un acc\u00e8s imm\u00e9diat \u00e0 votre v\u00e9hicule, sans retard ni d\u00e9placements inutiles.<\/p>\n<p>Choisissez Rent a Car in Greece pour votre prochain s\u00e9jour \u00e0 Thessalonique et d\u00e9couvrez \u00e0 quel point la livraison et la r\u00e9cup\u00e9ration de voiture au centre de la ville peut \u00eatre facile et agr\u00e9able. Contactez-nous d\u00e8s aujourd&rsquo;hui pour r\u00e9server votre voiture et commencer l&rsquo;exploration de Thessalonique avec confort et tranquillit\u00e9 d&rsquo;esprit.<\/p>\n<\/div><\/div><\/div><\/div><\/div>\n","protected":false},"excerpt":{"rendered":"","protected":false},"author":1,"featured_media":0,"parent":0,"menu_order":0,"comment_status":"closed","ping_status":"closed","template":"100-width.php","meta":{"footnotes":""},"class_list":["post-6552","page","type-page","status-publish","hentry"],"_links":{"self":[{"href":"https:\/\/rentacaringreece.eu\/fr\/wp-json\/wp\/v2\/pages\/6552","targetHints":{"allow":["GET"]}}],"collection":[{"href":"https:\/\/rentacaringreece.eu\/fr\/wp-json\/wp\/v2\/pages"}],"about":[{"href":"https:\/\/rentacaringreece.eu\/fr\/wp-json\/wp\/v2\/types\/page"}],"author":[{"embeddable":true,"href":"https:\/\/rentacaringreece.eu\/fr\/wp-json\/wp\/v2\/users\/1"}],"replies":[{"embeddable":true,"href":"https:\/\/rentacaringreece.eu\/fr\/wp-json\/wp\/v2\/comments?post=6552"}],"version-history":[{"count":1,"href":"https:\/\/rentacaringreece.eu\/fr\/wp-json\/wp\/v2\/pages\/6552\/revisions"}],"predecessor-version":[{"id":6553,"href":"https:\/\/rentacaringreece.eu\/fr\/wp-json\/wp\/v2\/pages\/6552\/revisions\/6553"}],"wp:attachment":[{"href":"https:\/\/rentacaringreece.eu\/fr\/wp-json\/wp\/v2\/media?parent=6552"}],"curies":[{"name":"wp","href":"https:\/\/api.w.org\/{rel}","templated":true}]}}