{"id":6554,"date":"2024-12-07T18:38:23","date_gmt":"2024-12-07T16:38:23","guid":{"rendered":"https:\/\/rentacaringreece.eu\/?page_id=6554"},"modified":"2024-12-07T18:38:23","modified_gmt":"2024-12-07T16:38:23","slug":"location-de-voiture-a-thessalonique","status":"publish","type":"page","link":"https:\/\/rentacaringreece.eu\/fr\/location-de-voiture-a-thessalonique\/","title":{"rendered":"Location de Voiture \u00e0 Thessalonique"},"content":{"rendered":"<div class=\"fusion-fullwidth fullwidth-box fusion-builder-row-1 fusion-flex-container has-pattern-background has-mask-background nonhundred-percent-fullwidth non-hundred-percent-height-scrolling\" style=\"--awb-border-radius-top-left:0px;--awb-border-radius-top-right:0px;--awb-border-radius-bottom-right:0px;--awb-border-radius-bottom-left:0px;--awb-flex-wrap:wrap;\" ><div class=\"fusion-builder-row fusion-row fusion-flex-align-items-flex-start fusion-flex-content-wrap\" style=\"max-width:1497.6px;margin-left: calc(-4% \/ 2 );margin-right: calc(-4% \/ 2 );\"><div class=\"fusion-layout-column fusion_builder_column fusion-builder-column-0 fusion_builder_column_1_1 1_1 fusion-flex-column\" style=\"--awb-bg-size:cover;--awb-width-large:100%;--awb-margin-top-large:0px;--awb-spacing-right-large:1.92%;--awb-margin-bottom-large:20px;--awb-spacing-left-large:1.92%;--awb-width-medium:100%;--awb-order-medium:0;--awb-spacing-right-medium:1.92%;--awb-spacing-left-medium:1.92%;--awb-width-small:100%;--awb-order-small:0;--awb-spacing-right-small:1.92%;--awb-spacing-left-small:1.92%;\"><div class=\"fusion-column-wrapper fusion-column-has-shadow fusion-flex-justify-content-flex-start fusion-content-layout-column\"><div class=\"fusion-image-element \" style=\"text-align:center;--awb-caption-title-font-family:var(--h2_typography-font-family);--awb-caption-title-font-weight:var(--h2_typography-font-weight);--awb-caption-title-font-style:var(--h2_typography-font-style);--awb-caption-title-size:var(--h2_typography-font-size);--awb-caption-title-transform:var(--h2_typography-text-transform);--awb-caption-title-line-height:var(--h2_typography-line-height);--awb-caption-title-letter-spacing:var(--h2_typography-letter-spacing);\"><span class=\" fusion-imageframe imageframe-none imageframe-1 hover-type-none\"><img decoding=\"async\" width=\"900\" height=\"540\" alt=\"\u0395\u03bd\u03bf\u03b9\u03ba\u03af\u03b1\u03c3\u03b7 \u0391\u03c5\u03c4\u03bf\u03ba\u03b9\u03bd\u03ae\u03c4\u03bf\u03c5 \u03c3\u03c4\u03b7 \u0398\u03b5\u03c3\u03c3\u03b1\u03bb\u03bf\u03bd\u03af\u03ba\u03b7\" title=\"\u0395\u03bd\u03bf\u03b9\u03ba\u03af\u03b1\u03c3\u03b7 \u0391\u03c5\u03c4\u03bf\u03ba\u03b9\u03bd\u03ae\u03c4\u03bf\u03c5 \u03c3\u03c4\u03b7 \u0398\u03b5\u03c3\u03c3\u03b1\u03bb\u03bf\u03bd\u03af\u03ba\u03b7\" src=\"https:\/\/rentacaringreece.eu\/wp-content\/uploads\/2024\/08\/\u03b5\u03bd\u03bf\u03b9\u03ba\u03b9\u03b1\u03c3\u03b7-\u03b1\u03c5\u03c4\u03bf\u03ba\u03b9\u03bd\u03b7\u03c4\u03c5\u03bf-\u03b8\u03b5\u03c3\u03c3\u03b1\u03bb\u03bf\u03bd\u03b9\u03ba\u03b7.jpg\" data-orig-src=\"https:\/\/rentacaringreece.eu\/wp-content\/uploads\/2024\/08\/\u03b5\u03bd\u03bf\u03b9\u03ba\u03b9\u03b1\u03c3\u03b7-\u03b1\u03c5\u03c4\u03bf\u03ba\u03b9\u03bd\u03b7\u03c4\u03c5\u03bf-\u03b8\u03b5\u03c3\u03c3\u03b1\u03bb\u03bf\u03bd\u03b9\u03ba\u03b7.jpg\" class=\"lazyload img-responsive wp-image-5183\" srcset=\"data:image\/svg+xml,%3Csvg%20xmlns%3D%27http%3A%2F%2Fwww.w3.org%2F2000%2Fsvg%27%20width%3D%27900%27%20height%3D%27540%27%20viewBox%3D%270%200%20900%20540%27%3E%3Crect%20width%3D%27900%27%20height%3D%27540%27%20fill-opacity%3D%220%22%2F%3E%3C%2Fsvg%3E\" data-srcset=\"https:\/\/rentacaringreece.eu\/wp-content\/uploads\/2024\/08\/\u03b5\u03bd\u03bf\u03b9\u03ba\u03b9\u03b1\u03c3\u03b7-\u03b1\u03c5\u03c4\u03bf\u03ba\u03b9\u03bd\u03b7\u03c4\u03c5\u03bf-\u03b8\u03b5\u03c3\u03c3\u03b1\u03bb\u03bf\u03bd\u03b9\u03ba\u03b7-200x120.jpg 200w, https:\/\/rentacaringreece.eu\/wp-content\/uploads\/2024\/08\/\u03b5\u03bd\u03bf\u03b9\u03ba\u03b9\u03b1\u03c3\u03b7-\u03b1\u03c5\u03c4\u03bf\u03ba\u03b9\u03bd\u03b7\u03c4\u03c5\u03bf-\u03b8\u03b5\u03c3\u03c3\u03b1\u03bb\u03bf\u03bd\u03b9\u03ba\u03b7-400x240.jpg 400w, https:\/\/rentacaringreece.eu\/wp-content\/uploads\/2024\/08\/\u03b5\u03bd\u03bf\u03b9\u03ba\u03b9\u03b1\u03c3\u03b7-\u03b1\u03c5\u03c4\u03bf\u03ba\u03b9\u03bd\u03b7\u03c4\u03c5\u03bf-\u03b8\u03b5\u03c3\u03c3\u03b1\u03bb\u03bf\u03bd\u03b9\u03ba\u03b7-600x360.jpg 600w, https:\/\/rentacaringreece.eu\/wp-content\/uploads\/2024\/08\/\u03b5\u03bd\u03bf\u03b9\u03ba\u03b9\u03b1\u03c3\u03b7-\u03b1\u03c5\u03c4\u03bf\u03ba\u03b9\u03bd\u03b7\u03c4\u03c5\u03bf-\u03b8\u03b5\u03c3\u03c3\u03b1\u03bb\u03bf\u03bd\u03b9\u03ba\u03b7-800x480.jpg 800w, https:\/\/rentacaringreece.eu\/wp-content\/uploads\/2024\/08\/\u03b5\u03bd\u03bf\u03b9\u03ba\u03b9\u03b1\u03c3\u03b7-\u03b1\u03c5\u03c4\u03bf\u03ba\u03b9\u03bd\u03b7\u03c4\u03c5\u03bf-\u03b8\u03b5\u03c3\u03c3\u03b1\u03bb\u03bf\u03bd\u03b9\u03ba\u03b7.jpg 900w\" data-sizes=\"auto\" data-orig-sizes=\"(max-width: 768px) 100vw, 900px\" \/><\/span><\/div><div class=\"fusion-text fusion-text-1\"><h2 style=\"text-align: center;\">Location de Voiture \u00e0 Thessalonique avec Rent a Car in Greece : Le Choix Id\u00e9al pour Explorer le Nord de la Gr\u00e8ce<\/h2>\n<p>La location de voiture \u00e0 Thessalonique est facile et rapide avec Rent a Car in Greece. Thessalonique, le c\u0153ur de la Mac\u00e9doine et la deuxi\u00e8me plus grande ville de Gr\u00e8ce, est l&rsquo;une des destinations les plus attrayantes du pays. Remplie d\u2019histoire, de culture et d\u2019une richesse de plaisirs gastronomiques, Thessalonique n\u2019est pas seulement une ville \u00e0 visiter, mais une exp\u00e9rience \u00e0 vivre en profondeur. Que vous soyez un visiteur pour quelques jours ou que vous pr\u00e9voyez de rester plus longtemps, la location de voiture est la mani\u00e8re la plus confortable et pratique d&rsquo;explorer non seulement la ville, mais aussi ses environs.<\/p>\n<p>Vous cherchez une location de voiture bon march\u00e9 \u00e0 Thessalonique ? Rent a Car in Greece est l&rsquo;entreprise qui peut rendre la location de voiture \u00e0 Thessalonique simple, agr\u00e9able et abordable. Avec de nombreuses ann\u00e9es d&rsquo;exp\u00e9rience dans le domaine de la location de voitures et un engagement envers le service client, Rent a Car in Greece s&rsquo;est \u00e9tablie comme l&rsquo;une des meilleures entreprises du secteur. Voici pourquoi Rent a Car in Greece est le meilleur choix pour vos besoins.<\/p>\n<h3 style=\"text-align: center;\">Explorez Thessalonique avec Confort et Facilit\u00e9<\/h3>\n<p>Thessalonique est une ville qui offre une grande vari\u00e9t\u00e9 d\u2019attractions. Du c\u00e9l\u00e8bre Tour Blanche, embl\u00e8me de la ville, \u00e0 l&rsquo;Agora antique et au Forum romain, Thessalonique combine vie moderne et histoire. Le meilleur moyen de tout voir est de conduire, ce qui vous permet de vous d\u00e9placer librement en ville et d&rsquo;atteindre rapidement chaque coin.<\/p>\n<p>Louez une voiture \u00e0 Thessalonique avec Rent a Car in Greece, qui vous propose une grande flotte de v\u00e9hicules, afin que vous puissiez choisir la voiture id\u00e9ale pour vos besoins. Vous avez \u00e9galement la possibilit\u00e9 de louer une voiture \u00e0 Kalamaria. Nous vous offrons la possibilit\u00e9 de louer une petite voiture \u00e9conomique id\u00e9ale pour circuler en ville, ou de louer un SUV \u00e0 Thessalonique, parfait pour des vacances en famille, ou encore de louer une voiture de luxe. Nous avons la solution pour vous. Tous nos v\u00e9hicules sont bien entretenus, modernes et \u00e9quip\u00e9s de toutes les commodit\u00e9s pour un voyage confortable.<\/p>\n<h3 style=\"text-align: center;\">Service Client Exceptionnel et Tarifs Comp\u00e9titifs<\/h3>\n<p>Le service client est notre priorit\u00e9. Chez Rent a Car in Greece, nous savons \u00e0 quel point il est important de se sentir \u00e0 l\u2019aise et s\u00fbr de son choix. Notre \u00e9quipe amicale et professionnelle est toujours \u00e0 votre disposition pour vous aider \u00e0 chaque \u00e9tape de la location, de la r\u00e9servation \u00e0 la restitution du v\u00e9hicule. Que vous ayez besoin d&rsquo;aide pour choisir la voiture qui vous convient ou que vous ayez des questions sur les itin\u00e9raires et les attractions de Thessalonique, vous pouvez compter sur notre soutien.<\/p>\n<p>Un autre avantage de Rent a Car in Greece est la location de voiture pas ch\u00e8re \u00e0 Thessalonique, gr\u00e2ce \u00e0 nos prix comp\u00e9titifs. Nous nous engageons \u00e0 fournir des services de haute qualit\u00e9 \u00e0 des prix abordables, sans frais cach\u00e9s. Cela signifie que vous pouvez profiter de votre voyage sans vous soucier de frais suppl\u00e9mentaires. De plus, nous offrons des forfaits de location flexibles qui s\u2019adaptent \u00e0 vos besoins, que vous ayez besoin de la voiture pour un jour, une semaine ou plus.<\/p>\n<h3 style=\"text-align: center;\">Confort et Libert\u00e9 pour Explorer les Environs<\/h3>\n<p>Thessalonique n&rsquo;est pas seulement une destination \u00e0 d\u00e9couvrir, mais aussi la porte d&rsquo;entr\u00e9e de certaines des plus belles r\u00e9gions du nord de la Gr\u00e8ce. Avec une voiture de location de Rent a Car in Greece, vous pouvez facilement vous rendre dans des destinations proches comme la Chalcidique, avec ses plages magnifiques, ou le Mont Olympe, le plus haut sommet de Gr\u00e8ce, qui allie beaut\u00e9 naturelle et mythologie ancienne.<\/p>\n<p>De plus, avec votre voiture, vous pouvez visiter les villages pittoresques de la r\u00e9gion, go\u00fbter des sp\u00e9cialit\u00e9s locales et d\u00e9couvrir des tr\u00e9sors cach\u00e9s qui ne figurent pas dans les guides touristiques habituels. Louer une voiture \u00e0 Thessalonique avec Rent a Car in Greece vous offre la libert\u00e9 de cr\u00e9er votre propre programme et de voyager \u00e0 votre propre rythme, profitant pleinement de votre exp\u00e9rience.<\/p>\n<h3 style=\"text-align: center;\">Livraison et Prise en Charge Gratuites<\/h3>\n<p>Rent a Car in Greece propose des voitures de location dans l&rsquo;ouest et l&rsquo;est de Thessalonique, ainsi qu\u2019un service de livraison et de prise en charge gratuites dans divers endroits de Thessalonique, tels que l&rsquo;a\u00e9roport de Thessalonique Mac\u00e9doine SKG, votre h\u00f4tel ou tout autre point de votre choix. Cela signifie que vous pouvez commencer votre voyage d\u00e8s votre arriv\u00e9e, sans aucune attente. Cette commodit\u00e9 est particuli\u00e8rement utile pour ceux qui ont peu de temps et veulent maximiser leur s\u00e9jour en ville.<\/p>\n<h3 style=\"text-align: center;\">Conclusion<\/h3>\n<p>La location de voiture \u00e0 Thessalonique avec Rent a Car in Greece est le choix le plus confortable, flexible et \u00e9conomique pour explorer Thessalonique et la r\u00e9gion environnante du nord de la Gr\u00e8ce. Avec notre exp\u00e9rience, notre professionnalisme et notre engagement envers le service client, nous nous assurons que votre voyage sera aussi agr\u00e9able et m\u00e9morable que possible. Choisissez Rent a Car in Greece pour votre prochaine visite \u00e0 Thessalonique et d\u00e9couvrez la ville et ses environs avec confort, facilit\u00e9 et confiance. Contactez-nous au +30 2310 250735 pour des offres sp\u00e9ciales.<\/p>\n<\/div><\/div><\/div><\/div><\/div>\n","protected":false},"excerpt":{"rendered":"","protected":false},"author":1,"featured_media":0,"parent":0,"menu_order":0,"comment_status":"closed","ping_status":"closed","template":"100-width.php","meta":{"footnotes":""},"class_list":["post-6554","page","type-page","status-publish","hentry"],"_links":{"self":[{"href":"https:\/\/rentacaringreece.eu\/fr\/wp-json\/wp\/v2\/pages\/6554","targetHints":{"allow":["GET"]}}],"collection":[{"href":"https:\/\/rentacaringreece.eu\/fr\/wp-json\/wp\/v2\/pages"}],"about":[{"href":"https:\/\/rentacaringreece.eu\/fr\/wp-json\/wp\/v2\/types\/page"}],"author":[{"embeddable":true,"href":"https:\/\/rentacaringreece.eu\/fr\/wp-json\/wp\/v2\/users\/1"}],"replies":[{"embeddable":true,"href":"https:\/\/rentacaringreece.eu\/fr\/wp-json\/wp\/v2\/comments?post=6554"}],"version-history":[{"count":1,"href":"https:\/\/rentacaringreece.eu\/fr\/wp-json\/wp\/v2\/pages\/6554\/revisions"}],"predecessor-version":[{"id":6555,"href":"https:\/\/rentacaringreece.eu\/fr\/wp-json\/wp\/v2\/pages\/6554\/revisions\/6555"}],"wp:attachment":[{"href":"https:\/\/rentacaringreece.eu\/fr\/wp-json\/wp\/v2\/media?parent=6554"}],"curies":[{"name":"wp","href":"https:\/\/api.w.org\/{rel}","templated":true}]}}