{"id":6567,"date":"2024-08-23T19:18:35","date_gmt":"2024-08-23T16:18:35","guid":{"rendered":"https:\/\/rentacaringreece.eu\/?page_id=6567"},"modified":"2025-01-19T11:58:58","modified_gmt":"2025-01-19T09:58:58","slug":"remise-et-recuperation-de-voiture-a-laeroport-de-thessalonique","status":"publish","type":"page","link":"https:\/\/rentacaringreece.eu\/fr\/remise-et-recuperation-de-voiture-a-laeroport-de-thessalonique\/","title":{"rendered":"Remise et r\u00e9cup\u00e9ration de voiture \u00e0 l&rsquo;A\u00e9roport de Thessalonique"},"content":{"rendered":"<div class=\"fusion-fullwidth fullwidth-box fusion-builder-row-1 fusion-flex-container has-pattern-background has-mask-background nonhundred-percent-fullwidth non-hundred-percent-height-scrolling\" style=\"--awb-border-radius-top-left:0px;--awb-border-radius-top-right:0px;--awb-border-radius-bottom-right:0px;--awb-border-radius-bottom-left:0px;--awb-flex-wrap:wrap;\" ><div class=\"fusion-builder-row fusion-row fusion-flex-align-items-flex-start fusion-flex-content-wrap\" style=\"max-width:1497.6px;margin-left: calc(-4% \/ 2 );margin-right: calc(-4% \/ 2 );\"><div class=\"fusion-layout-column fusion_builder_column fusion-builder-column-0 fusion_builder_column_1_1 1_1 fusion-flex-column\" style=\"--awb-bg-size:cover;--awb-width-large:100%;--awb-margin-top-large:0px;--awb-spacing-right-large:1.92%;--awb-margin-bottom-large:20px;--awb-spacing-left-large:1.92%;--awb-width-medium:100%;--awb-order-medium:0;--awb-spacing-right-medium:1.92%;--awb-spacing-left-medium:1.92%;--awb-width-small:100%;--awb-order-small:0;--awb-spacing-right-small:1.92%;--awb-spacing-left-small:1.92%;\"><div class=\"fusion-column-wrapper fusion-column-has-shadow fusion-flex-justify-content-flex-start fusion-content-layout-column\"><div class=\"fusion-image-element \" style=\"text-align:center;--awb-caption-title-font-family:var(--h2_typography-font-family);--awb-caption-title-font-weight:var(--h2_typography-font-weight);--awb-caption-title-font-style:var(--h2_typography-font-style);--awb-caption-title-size:var(--h2_typography-font-size);--awb-caption-title-transform:var(--h2_typography-text-transform);--awb-caption-title-line-height:var(--h2_typography-line-height);--awb-caption-title-letter-spacing:var(--h2_typography-letter-spacing);\"><span class=\" fusion-imageframe imageframe-none imageframe-1 hover-type-none\"><img decoding=\"async\" width=\"1500\" height=\"844\" title=\"\u03a0\u03b1\u03c1\u03ac\u03b4\u03bf\u03c3\u03b7 \u03ba\u03b1\u03b9 \u03a0\u03b1\u03c1\u03b1\u03bb\u03b1\u03b2\u03ae \u0391\u03c5\u03c4\u03bf\u03ba\u03b9\u03bd\u03ae\u03c4\u03bf\u03c5 \u03c3\u03c4\u03bf \u0391\u03b5\u03c1\u03bf\u03b4\u03c1\u03cc\u03bc\u03b9\u03bf \u0398\u03b5\u03c3\u03c3\u03b1\u03bb\u03bf\u03bd\u03af\u03ba\u03b7\u03c2\" src=\"https:\/\/rentacaringreece.eu\/wp-content\/uploads\/2024\/08\/\u03b1\u03b5\u03c1.jpg\" data-orig-src=\"https:\/\/rentacaringreece.eu\/wp-content\/uploads\/2024\/08\/\u03b1\u03b5\u03c1.jpg\" alt class=\"lazyload img-responsive wp-image-6570\" srcset=\"data:image\/svg+xml,%3Csvg%20xmlns%3D%27http%3A%2F%2Fwww.w3.org%2F2000%2Fsvg%27%20width%3D%271500%27%20height%3D%27844%27%20viewBox%3D%270%200%201500%20844%27%3E%3Crect%20width%3D%271500%27%20height%3D%27844%27%20fill-opacity%3D%220%22%2F%3E%3C%2Fsvg%3E\" data-srcset=\"https:\/\/rentacaringreece.eu\/wp-content\/uploads\/2024\/08\/\u03b1\u03b5\u03c1-200x113.jpg 200w, https:\/\/rentacaringreece.eu\/wp-content\/uploads\/2024\/08\/\u03b1\u03b5\u03c1-400x225.jpg 400w, https:\/\/rentacaringreece.eu\/wp-content\/uploads\/2024\/08\/\u03b1\u03b5\u03c1-600x338.jpg 600w, https:\/\/rentacaringreece.eu\/wp-content\/uploads\/2024\/08\/\u03b1\u03b5\u03c1-800x450.jpg 800w, https:\/\/rentacaringreece.eu\/wp-content\/uploads\/2024\/08\/\u03b1\u03b5\u03c1-1200x675.jpg 1200w, https:\/\/rentacaringreece.eu\/wp-content\/uploads\/2024\/08\/\u03b1\u03b5\u03c1.jpg 1500w\" data-sizes=\"auto\" data-orig-sizes=\"(max-width: 768px) 100vw, 1500px\" \/><\/span><\/div><div class=\"fusion-text fusion-text-1\"><h1 style=\"text-align: center;\">Livraison et r\u00e9cup\u00e9ration de voiture \u00e0 l&rsquo;a\u00e9roport de Thessalonique : Confort et facilit\u00e9 avec RentaCarinGreece<\/h1>\n<p>Lorsque vous voyagez \u00e0 Thessalonique, la livraison et le retrait de votre voiture \u00e0 l&rsquo;A\u00e9roport de Thessalonique est l&rsquo;option la plus pratique et confortable pour commencer votre voyage sans retard. <a href=\"https:\/\/rentacaringreece.eu\/\">RentaCarinGreece<\/a> a con\u00e7u ses services en mettant l&rsquo;accent sur la commodit\u00e9 et le service aux voyageurs, offrant un processus de location simple et rapide qui vous permet de r\u00e9cup\u00e9rer votre voiture d\u00e8s votre arriv\u00e9e \u00e0 <a href=\"https:\/\/maps.app.goo.gl\/u7JZ9XbXpDAUjiMM8\" target=\"_blank\" rel=\"noopener\">l&rsquo;A\u00e9roport de Thessalonique Makedonia (SKG)<\/a>.<\/p>\n<p>Pourquoi Choisir la Livraison et le Retrait de Voiture \u00e0 l&rsquo;A\u00e9roport de <a href=\"https:\/\/maps.app.goo.gl\/u7JZ9XbXpDAUjiMM8\" target=\"_blank\" rel=\"noopener\">Thessalonique SKG<\/a> ?<br \/>\nChoisir la livraison et le retrait de voiture \u00e0 l&rsquo;A\u00e9roport de Thessalonique offre de nombreux avantages, surtout pour les voyageurs qui souhaitent gagner du temps et profiter de leur voyage en toute commodit\u00e9. D\u00e8s que vous descendrez de l&rsquo;avion, votre voiture sera pr\u00eate \u00e0 \u00eatre r\u00e9cup\u00e9r\u00e9e, vous permettant de commencer imm\u00e9diatement votre voyage sans avoir besoin de d\u00e9placements suppl\u00e9mentaires ou de retards.<\/p>\n<p>Ce service vous permet \u00e9galement d&rsquo;\u00e9viter les tracas li\u00e9s \u00e0 la recherche d&rsquo;autres moyens de transport, tels que les taxis ou les bus, qui peuvent \u00eatre limit\u00e9s en disponibilit\u00e9, surtout aux heures de pointe. Avec la livraison et le retrait de voiture \u00e0 l&rsquo;A\u00e9roport de Thessalonique, <a href=\"https:\/\/rentacaringreece.eu\/\">RentaCarinGreece<\/a> s&rsquo;assure que vous commencerez votre voyage de la meilleure fa\u00e7on possible, sans vous soucier de comment arriver \u00e0 votre destination finale.<\/p>\n<p>Le Processus de Retrait de Voiture \u00e0 l&rsquo;A\u00e9roport de <a href=\"https:\/\/maps.app.goo.gl\/u7JZ9XbXpDAUjiMM8\" target=\"_blank\" rel=\"noopener\">Thessalonique Makedonia SKG<\/a><br \/>\nLe processus de retrait de voiture \u00e0 l&rsquo;A\u00e9roport de Thessalonique est simple et direct. <a href=\"https:\/\/rentacaringreece.eu\/\">RentaCarinGreece<\/a> veille \u00e0 ce que la voiture que vous avez choisie soit pr\u00eate pour vous d\u00e8s votre arriv\u00e9e \u00e0 l&rsquo;a\u00e9roport. Il vous suffit de nous informer de votre heure d&rsquo;arriv\u00e9e exacte, et notre \u00e9quipe vous attendra \u00e0 un endroit pr\u00e9d\u00e9termin\u00e9 dans l&rsquo;a\u00e9roport, au Parking 5, pour vous r\u00e9cup\u00e9rer en minibus et vous transporter jusqu&rsquo;au parking de l&rsquo;entreprise afin de proc\u00e9der \u00e0 la remise de votre voiture.<\/p>\n<p>Lors du retrait, vous aurez l&rsquo;opportunit\u00e9 de faire un contr\u00f4le rapide du v\u00e9hicule, de recevoir les informations n\u00e9cessaires concernant la voiture et de poser toutes les questions que vous pourriez avoir concernant son utilisation ou les trajets que vous pr\u00e9voyez de suivre. Notre \u00e9quipe sera \u00e0 votre disposition pour toute aide n\u00e9cessaire afin de commencer votre voyage sans aucun souci.<\/p>\n<p>Avantages de la Livraison et du Retrait de Voiture \u00e0 l&rsquo;A\u00e9roport de <a href=\"https:\/\/maps.app.goo.gl\/u7JZ9XbXpDAUjiMM8\" target=\"_blank\" rel=\"noopener\">Thessalonique Makedonia SKG<\/a><br \/>\nLa livraison et le retrait de voiture \u00e0 <a href=\"https:\/\/maps.app.goo.gl\/u7JZ9XbXpDAUjiMM8\" target=\"_blank\" rel=\"noopener\">l&rsquo;A\u00e9roport de Thessalonique SKG<\/a> offre des avantages consid\u00e9rables par rapport \u00e0 d&rsquo;autres moyens de transport. Premi\u00e8rement, il vous permet d&rsquo;organiser votre voyage en fonction de vos propres besoins et pr\u00e9f\u00e9rences. Vous n&rsquo;aurez pas \u00e0 vous soucier des horaires des transports en commun ou de la recherche d&rsquo;un taxi dans une destination inconnue.<\/p>\n<p>Un autre grand avantage est le confort et la s\u00e9curit\u00e9 offerts par ce service de transport. Lorsque vous r\u00e9cup\u00e9rez votre voiture directement dans nos bureaux de l&rsquo;a\u00e9roport, vous avez la possibilit\u00e9 de v\u00e9rifier le v\u00e9hicule et de vous assurer qu&rsquo;il est en parfait \u00e9tat avant de commencer votre voyage. De plus, l&rsquo;\u00e9quipe de <a href=\"https:\/\/rentacaringreece.eu\/\">RentaCarinGreece<\/a> est toujours disponible pour vous assister en cas de besoin pendant la p\u00e9riode de location.<\/p>\n<p>En outre, la restitution de la voiture \u00e0 l&rsquo;A\u00e9roport de Thessalonique se fait dans nos bureaux. Vous y recevrez votre caution, effectuerez le check-in de la voiture et nous vous accompagnerons jusqu&rsquo;\u00e0 la porte d&#8217;embarquement de l&rsquo;A\u00e9roport de Thessalonique, \u00e0 l&rsquo;entr\u00e9e des d\u00e9parts. L&rsquo;ensemble du processus se d\u00e9roule dans la zone de l&rsquo;a\u00e9roport, sans d\u00e9placements ou attentes inutiles.<\/p>\n<p>Explorez Thessalonique et le Nord de la Gr\u00e8ce en Confort<br \/>\nAvec la livraison et le retrait de votre voiture \u00e0 l&rsquo;A\u00e9roport de Thessalonique, vous pouvez imm\u00e9diatement commencer \u00e0 explorer Thessalonique et la r\u00e9gion environnante du Nord de la <a href=\"https:\/\/maps.app.goo.gl\/hAWr3pu2f9gDWJZx5\" target=\"_blank\" rel=\"noopener\">Gr\u00e8ce<\/a>. La ville offre une multitude d&rsquo;attractions et de sites d&rsquo;int\u00e9r\u00eat, de la c\u00e9l\u00e8bre <a href=\"https:\/\/maps.app.goo.gl\/pThMQk2ZKFdXZRQe7\" target=\"_blank\" rel=\"noopener\">Tour Blanche<\/a> et la vieille ville aux nombreux mus\u00e9es et quartiers pittoresques.<\/p>\n<p>Avoir votre propre voiture vous permet de planifier vos trajets comme vous le souhaitez, en profitant de la libert\u00e9 de visiter les lieux qui vous int\u00e9ressent le plus, \u00e0 votre rythme. Que vous souhaitiez d\u00e9couvrir les plages de <a href=\"https:\/\/maps.app.goo.gl\/ZVrho15sYxDnE3jW7\" target=\"_blank\" rel=\"noopener\">Chalcidique<\/a> ou explorer le riche patrimoine culturel de la Mac\u00e9doine, Rent a Car in Greece vous offre la solution id\u00e9ale.<\/p>\n<p>\u00c9conomie et Flexibilit\u00e9 avec Rent a Car in Greece<br \/>\nRent a Car in Greece propose des tarifs comp\u00e9titifs et des forfaits de location flexibles adapt\u00e9s aux besoins de chaque voyageur. La livraison et le retrait de voiture \u00e0 l&rsquo;A\u00e9roport de Thessalonique ne comportent pas de frais cach\u00e9s ou de co\u00fbts suppl\u00e9mentaires, vous permettant de profiter de votre voyage sans d\u00e9penses impr\u00e9vues.<\/p>\n<p>De plus, notre soci\u00e9t\u00e9 offre une flotte de v\u00e9hicules modernes et bien entretenus, couvrant tous les besoins et pr\u00e9f\u00e9rences. Que vous ayez besoin d&rsquo;une petite voiture pour la ville ou d&rsquo;un SUV spacieux pour des vacances en famille, nous avons l&rsquo;option id\u00e9ale pour vous. Rent a Car in Greece vous garantit confort et s\u00e9curit\u00e9 \u00e0 chaque trajet.<\/p>\n<p>Conclusion<br \/>\nLa livraison et le retrait de voiture \u00e0 l&rsquo;A\u00e9roport de Thessalonique est la solution id\u00e9ale pour tout voyageur souhaitant commencer son voyage en toute commodit\u00e9, confort et s\u00e9curit\u00e9. Rent a Car in Greece offre un service complet de transport vous permettant de r\u00e9cup\u00e9rer votre voiture directement depuis notre parking dans la zone de l&rsquo;a\u00e9roport, \u00e9conomisant ainsi du temps et de l&rsquo;argent, tout en profitant de la libert\u00e9 d&rsquo;explorer Thessalonique et le Nord de la Gr\u00e8ce \u00e0 votre propre rythme.<\/p>\n<p>Choisissez Rent a Car in Greece pour votre prochaine visite \u00e0 Thessalonique et d\u00e9couvrez comment la livraison et le retrait de voiture \u00e0 l&rsquo;A\u00e9roport de Thessalonique peuvent rendre votre voyage plus agr\u00e9able et m\u00e9morable. Contactez-nous d\u00e8s aujourd&rsquo;hui pour r\u00e9server votre voiture et commencer votre aventure dans le Nord de la Gr\u00e8ce en toute confiance et confort.<\/p>\n<\/div><\/div><\/div><\/div><\/div>\n","protected":false},"excerpt":{"rendered":"","protected":false},"author":1,"featured_media":0,"parent":0,"menu_order":0,"comment_status":"closed","ping_status":"closed","template":"100-width.php","meta":{"footnotes":""},"class_list":["post-6567","page","type-page","status-publish","hentry"],"_links":{"self":[{"href":"https:\/\/rentacaringreece.eu\/fr\/wp-json\/wp\/v2\/pages\/6567","targetHints":{"allow":["GET"]}}],"collection":[{"href":"https:\/\/rentacaringreece.eu\/fr\/wp-json\/wp\/v2\/pages"}],"about":[{"href":"https:\/\/rentacaringreece.eu\/fr\/wp-json\/wp\/v2\/types\/page"}],"author":[{"embeddable":true,"href":"https:\/\/rentacaringreece.eu\/fr\/wp-json\/wp\/v2\/users\/1"}],"replies":[{"embeddable":true,"href":"https:\/\/rentacaringreece.eu\/fr\/wp-json\/wp\/v2\/comments?post=6567"}],"version-history":[{"count":6,"href":"https:\/\/rentacaringreece.eu\/fr\/wp-json\/wp\/v2\/pages\/6567\/revisions"}],"predecessor-version":[{"id":8003,"href":"https:\/\/rentacaringreece.eu\/fr\/wp-json\/wp\/v2\/pages\/6567\/revisions\/8003"}],"wp:attachment":[{"href":"https:\/\/rentacaringreece.eu\/fr\/wp-json\/wp\/v2\/media?parent=6567"}],"curies":[{"name":"wp","href":"https:\/\/api.w.org\/{rel}","templated":true}]}}