{"id":8179,"date":"2025-01-25T13:55:37","date_gmt":"2025-01-25T11:55:37","guid":{"rendered":"https:\/\/rentacaringreece.eu\/?page_id=8179"},"modified":"2025-01-25T15:16:11","modified_gmt":"2025-01-25T13:16:11","slug":"strict-technical-control","status":"publish","type":"page","link":"https:\/\/rentacaringreece.eu\/fr\/strict-technical-control\/","title":{"rendered":"Contr\u00f4le technique strict"},"content":{"rendered":"<div class=\"fusion-fullwidth fullwidth-box fusion-builder-row-1 fusion-flex-container has-pattern-background has-mask-background nonhundred-percent-fullwidth non-hundred-percent-height-scrolling\" style=\"--awb-border-radius-top-left:0px;--awb-border-radius-top-right:0px;--awb-border-radius-bottom-right:0px;--awb-border-radius-bottom-left:0px;--awb-flex-wrap:wrap;\" ><div class=\"fusion-builder-row fusion-row fusion-flex-align-items-flex-start fusion-flex-content-wrap\" style=\"max-width:1497.6px;margin-left: calc(-4% \/ 2 );margin-right: calc(-4% \/ 2 );\"><div class=\"fusion-layout-column fusion_builder_column fusion-builder-column-0 fusion_builder_column_1_1 1_1 fusion-flex-column\" style=\"--awb-bg-size:cover;--awb-width-large:100%;--awb-margin-top-large:100px;--awb-spacing-right-large:1.92%;--awb-margin-bottom-large:20px;--awb-spacing-left-large:1.92%;--awb-width-medium:100%;--awb-order-medium:0;--awb-spacing-right-medium:1.92%;--awb-spacing-left-medium:1.92%;--awb-width-small:100%;--awb-order-small:0;--awb-spacing-right-small:1.92%;--awb-spacing-left-small:1.92%;\" data-scroll-devices=\"small-visibility,medium-visibility,large-visibility\"><div class=\"fusion-column-wrapper fusion-column-has-shadow fusion-flex-justify-content-flex-start fusion-content-layout-column\"><div class=\"fusion-image-element \" style=\"text-align:center;--awb-caption-title-font-family:var(--h2_typography-font-family);--awb-caption-title-font-weight:var(--h2_typography-font-weight);--awb-caption-title-font-style:var(--h2_typography-font-style);--awb-caption-title-size:var(--h2_typography-font-size);--awb-caption-title-transform:var(--h2_typography-text-transform);--awb-caption-title-line-height:var(--h2_typography-line-height);--awb-caption-title-letter-spacing:var(--h2_typography-letter-spacing);\"><span class=\" fusion-imageframe imageframe-none imageframe-1 hover-type-none\"><img decoding=\"async\" width=\"1100\" height=\"500\" alt=\"\u0391\u03c5\u03c3\u03c4\u03b7\u03c1\u03cc\u03c2 \u03c4\u03b5\u03c7\u03bd\u03b9\u03ba\u03cc\u03c2 \u03ad\u03bb\u03b5\u03b3\u03c7\u03bf\u03c2\" title=\"gwr1\" src=\"https:\/\/rentacaringreece.eu\/wp-content\/uploads\/2025\/01\/gwr1.jpg\" data-orig-src=\"https:\/\/rentacaringreece.eu\/wp-content\/uploads\/2025\/01\/gwr1.jpg\" class=\"lazyload img-responsive wp-image-8126\" srcset=\"data:image\/svg+xml,%3Csvg%20xmlns%3D%27http%3A%2F%2Fwww.w3.org%2F2000%2Fsvg%27%20width%3D%271100%27%20height%3D%27500%27%20viewBox%3D%270%200%201100%20500%27%3E%3Crect%20width%3D%271100%27%20height%3D%27500%27%20fill-opacity%3D%220%22%2F%3E%3C%2Fsvg%3E\" data-srcset=\"https:\/\/rentacaringreece.eu\/wp-content\/uploads\/2025\/01\/gwr1-200x91.jpg 200w, https:\/\/rentacaringreece.eu\/wp-content\/uploads\/2025\/01\/gwr1-400x182.jpg 400w, https:\/\/rentacaringreece.eu\/wp-content\/uploads\/2025\/01\/gwr1-600x273.jpg 600w, https:\/\/rentacaringreece.eu\/wp-content\/uploads\/2025\/01\/gwr1-800x364.jpg 800w, https:\/\/rentacaringreece.eu\/wp-content\/uploads\/2025\/01\/gwr1.jpg 1100w\" data-sizes=\"auto\" data-orig-sizes=\"(max-width: 768px) 100vw, 1100px\" \/><\/span><\/div><div class=\"fusion-text fusion-text-1\"><h3 style=\"text-align: center;\"><strong>Contr\u00f4le Technique Strict de 32 Points sur Nos V\u00e9hicules de Location<\/strong><\/h3>\n<p>Chez <strong>Rent a Car in Greece<\/strong>, la s\u00e9curit\u00e9 et la fiabilit\u00e9 de nos v\u00e9hicules sont notre priorit\u00e9 absolue. C&rsquo;est pourquoi chaque v\u00e9hicule que nous proposons passe par un <strong>contr\u00f4le technique strict de 32 points<\/strong> afin de garantir qu&rsquo;il est en <strong>parfait \u00e9tat m\u00e9canique et fonctionnel<\/strong> avant chaque location.<\/p>\n<p>Des <strong>pneus et essuie-glaces<\/strong> aux <strong>syst\u00e8mes m\u00e9caniques et \u00e9lectroniques<\/strong>, nos techniciens sp\u00e9cialis\u00e9s v\u00e9rifient minutieusement chaque \u00e9l\u00e9ment cl\u00e9 du v\u00e9hicule, vous assurant ainsi que vous conduisez une <strong>voiture s\u00fbre et fiable<\/strong>.<\/p>\n<\/div><\/div><\/div><div class=\"fusion-layout-column fusion_builder_column fusion-builder-column-1 fusion_builder_column_1_1 1_1 fusion-flex-column\" style=\"--awb-bg-size:cover;--awb-width-large:100%;--awb-margin-top-large:0px;--awb-spacing-right-large:1.92%;--awb-margin-bottom-large:20px;--awb-spacing-left-large:1.92%;--awb-width-medium:100%;--awb-order-medium:0;--awb-spacing-right-medium:1.92%;--awb-spacing-left-medium:1.92%;--awb-width-small:100%;--awb-order-small:0;--awb-spacing-right-small:1.92%;--awb-spacing-left-small:1.92%;\"><div class=\"fusion-column-wrapper fusion-column-has-shadow fusion-flex-justify-content-flex-start fusion-content-layout-column\"><div class=\"fusion-image-element \" style=\"text-align:center;--awb-caption-title-font-family:var(--h2_typography-font-family);--awb-caption-title-font-weight:var(--h2_typography-font-weight);--awb-caption-title-font-style:var(--h2_typography-font-style);--awb-caption-title-size:var(--h2_typography-font-size);--awb-caption-title-transform:var(--h2_typography-text-transform);--awb-caption-title-line-height:var(--h2_typography-line-height);--awb-caption-title-letter-spacing:var(--h2_typography-letter-spacing);\"><span class=\" fusion-imageframe imageframe-none imageframe-2 hover-type-none\"><img decoding=\"async\" width=\"1100\" height=\"500\" alt=\"\u0391\u03c5\u03c3\u03c4\u03b7\u03c1\u03cc\u03c2 \u03c4\u03b5\u03c7\u03bd\u03b9\u03ba\u03cc\u03c2 \u03ad\u03bb\u03b5\u03b3\u03c7\u03bf\u03c2\" title=\"\u03b1\u03b3\u03b1\u03b5\" src=\"https:\/\/rentacaringreece.eu\/wp-content\/uploads\/2025\/01\/\u03b1\u03b3\u03b1\u03b5-1.jpg\" data-orig-src=\"https:\/\/rentacaringreece.eu\/wp-content\/uploads\/2025\/01\/\u03b1\u03b3\u03b1\u03b5-1.jpg\" class=\"lazyload img-responsive wp-image-8136\" srcset=\"data:image\/svg+xml,%3Csvg%20xmlns%3D%27http%3A%2F%2Fwww.w3.org%2F2000%2Fsvg%27%20width%3D%271100%27%20height%3D%27500%27%20viewBox%3D%270%200%201100%20500%27%3E%3Crect%20width%3D%271100%27%20height%3D%27500%27%20fill-opacity%3D%220%22%2F%3E%3C%2Fsvg%3E\" data-srcset=\"https:\/\/rentacaringreece.eu\/wp-content\/uploads\/2025\/01\/\u03b1\u03b3\u03b1\u03b5-1-200x91.jpg 200w, https:\/\/rentacaringreece.eu\/wp-content\/uploads\/2025\/01\/\u03b1\u03b3\u03b1\u03b5-1-400x182.jpg 400w, https:\/\/rentacaringreece.eu\/wp-content\/uploads\/2025\/01\/\u03b1\u03b3\u03b1\u03b5-1-600x273.jpg 600w, https:\/\/rentacaringreece.eu\/wp-content\/uploads\/2025\/01\/\u03b1\u03b3\u03b1\u03b5-1-800x364.jpg 800w, https:\/\/rentacaringreece.eu\/wp-content\/uploads\/2025\/01\/\u03b1\u03b3\u03b1\u03b5-1.jpg 1100w\" data-sizes=\"auto\" data-orig-sizes=\"(max-width: 768px) 100vw, 1100px\" \/><\/span><\/div><div class=\"fusion-text fusion-text-2\"><h3 style=\"text-align: center;\"><strong>Contr\u00f4le Technique D\u00e9tail de 32 Points<\/strong><\/h3>\n<p>Notre contr\u00f4le comprend une \u00e9valuation compl\u00e8te des principales fonctions du v\u00e9hicule.<\/p>\n<h4><strong>Syst\u00e8me de Pneus et Suspension<\/strong><\/h4>\n<ul>\n<li>V\u00e9rification de la pression des pneus et de l&rsquo;usure<\/li>\n<li>Alignement et \u00e9quilibrage<\/li>\n<li>Inspection des roues de secours et du cric<\/li>\n<\/ul>\n<h4><strong>Freins et S\u00e9curit\u00e9 de Conduite<\/strong><\/h4>\n<ul>\n<li>V\u00e9rification des disques et des plaquettes de frein<\/li>\n<li>V\u00e9rification du liquide de frein et du bon fonctionnement de l&rsquo;ABS<\/li>\n<li>V\u00e9rification du frein \u00e0 main<\/li>\n<\/ul>\n<h4><strong>Moteur et Fluides du Syst\u00e8me<\/strong><\/h4>\n<ul>\n<li>V\u00e9rification du niveau d&rsquo;huile et de l&rsquo;\u00e9tat du filtre \u00e0 huile<\/li>\n<li>V\u00e9rification du syst\u00e8me de refroidissement et du liquide antigel<\/li>\n<li>V\u00e9rification du bon fonctionnement des courroies et de la batterie<\/li>\n<\/ul>\n<h4><strong>\u00c9clairage et Syst\u00e8mes \u00c9lectriques<\/strong><\/h4>\n<ul>\n<li>V\u00e9rification des phares avant et arri\u00e8re<\/li>\n<li>V\u00e9rification des clignotants, des feux de stop et des phares antibrouillard<\/li>\n<li>V\u00e9rification du bon fonctionnement des fen\u00eatres \u00e9lectriques et des r\u00e9troviseurs<\/li>\n<\/ul>\n<h4><strong>Syst\u00e8me de Balais Essuie-Glace et Visibilit\u00e9<\/strong><\/h4>\n<ul>\n<li>V\u00e9rification de l&rsquo;usure et de la performance des balais essuie-glaces<\/li>\n<li>V\u00e9rification du niveau de liquide de lavage et de la fonctionnalit\u00e9 du pulv\u00e9risateur<\/li>\n<li>Inspection des vitres pour d\u00e9tecter d&rsquo;\u00e9ventuelles fissures ou dommages<\/li>\n<\/ul>\n<h4><strong>Syst\u00e8me de Transmission et d&rsquo;\u00c9chappement<\/strong><\/h4>\n<ul>\n<li>V\u00e9rification de la bo\u00eete de vitesses et de l&#8217;embrayage<\/li>\n<li>V\u00e9rification du syst\u00e8me d&rsquo;\u00e9chappement pour d\u00e9tecter des fuites ou des \u00e9missions excessives<\/li>\n<li>Test de performance du moteur pour un fonctionnement fluide<\/li>\n<\/ul>\n<h4><strong>Contr\u00f4le Int\u00e9rieur et Confort des Passagers<\/strong><\/h4>\n<ul>\n<li>V\u00e9rification du bon fonctionnement de la climatisation et du chauffage<\/li>\n<li>V\u00e9rification des si\u00e8ges et des ceintures de s\u00e9curit\u00e9<\/li>\n<li>V\u00e9rification du syst\u00e8me audio et de l&rsquo;infodivertissement<\/li>\n<\/ul>\n<\/div><\/div><\/div><div class=\"fusion-layout-column fusion_builder_column fusion-builder-column-2 fusion_builder_column_1_1 1_1 fusion-flex-column\" style=\"--awb-bg-size:cover;--awb-width-large:100%;--awb-margin-top-large:0px;--awb-spacing-right-large:1.92%;--awb-margin-bottom-large:20px;--awb-spacing-left-large:1.92%;--awb-width-medium:100%;--awb-order-medium:0;--awb-spacing-right-medium:1.92%;--awb-spacing-left-medium:1.92%;--awb-width-small:100%;--awb-order-small:0;--awb-spacing-right-small:1.92%;--awb-spacing-left-small:1.92%;\"><div class=\"fusion-column-wrapper fusion-column-has-shadow fusion-flex-justify-content-flex-start fusion-content-layout-column\"><div class=\"fusion-image-element \" style=\"text-align:center;--awb-caption-title-font-family:var(--h2_typography-font-family);--awb-caption-title-font-weight:var(--h2_typography-font-weight);--awb-caption-title-font-style:var(--h2_typography-font-style);--awb-caption-title-size:var(--h2_typography-font-size);--awb-caption-title-transform:var(--h2_typography-text-transform);--awb-caption-title-line-height:var(--h2_typography-line-height);--awb-caption-title-letter-spacing:var(--h2_typography-letter-spacing);\"><span class=\" fusion-imageframe imageframe-none imageframe-3 hover-type-none\"><img decoding=\"async\" width=\"1100\" height=\"500\" alt=\"\u0391\u03c5\u03c3\u03c4\u03b7\u03c1\u03cc\u03c2 \u03c4\u03b5\u03c7\u03bd\u03b9\u03ba\u03cc\u03c2 \u03ad\u03bb\u03b5\u03b3\u03c7\u03bf\u03c2\" title=\"\u03b1\u03b3\u03b1\u03b5\" src=\"https:\/\/rentacaringreece.eu\/wp-content\/uploads\/2025\/01\/\u03b1\u03b3\u03b1\u03b5-1.jpg\" data-orig-src=\"https:\/\/rentacaringreece.eu\/wp-content\/uploads\/2025\/01\/\u03b1\u03b3\u03b1\u03b5-1.jpg\" class=\"lazyload img-responsive wp-image-8136\" srcset=\"data:image\/svg+xml,%3Csvg%20xmlns%3D%27http%3A%2F%2Fwww.w3.org%2F2000%2Fsvg%27%20width%3D%271100%27%20height%3D%27500%27%20viewBox%3D%270%200%201100%20500%27%3E%3Crect%20width%3D%271100%27%20height%3D%27500%27%20fill-opacity%3D%220%22%2F%3E%3C%2Fsvg%3E\" data-srcset=\"https:\/\/rentacaringreece.eu\/wp-content\/uploads\/2025\/01\/\u03b1\u03b3\u03b1\u03b5-1-200x91.jpg 200w, https:\/\/rentacaringreece.eu\/wp-content\/uploads\/2025\/01\/\u03b1\u03b3\u03b1\u03b5-1-400x182.jpg 400w, https:\/\/rentacaringreece.eu\/wp-content\/uploads\/2025\/01\/\u03b1\u03b3\u03b1\u03b5-1-600x273.jpg 600w, https:\/\/rentacaringreece.eu\/wp-content\/uploads\/2025\/01\/\u03b1\u03b3\u03b1\u03b5-1-800x364.jpg 800w, https:\/\/rentacaringreece.eu\/wp-content\/uploads\/2025\/01\/\u03b1\u03b3\u03b1\u03b5-1.jpg 1100w\" data-sizes=\"auto\" data-orig-sizes=\"(max-width: 768px) 100vw, 1100px\" \/><\/span><\/div><div class=\"fusion-text fusion-text-3\"><h3 style=\"text-align: center;\"><strong>Contr\u00f4le Sp\u00e9cialis\u00e9 des Pneus et des Essuie-Glaces<\/strong><\/h3>\n<p><strong>Pneus :<\/strong><br \/>\nLes pneus sont un <strong>\u00e9l\u00e9ment cl\u00e9 de s\u00e9curit\u00e9<\/strong>, c&rsquo;est pourquoi nous effectuons :<\/p>\n<ul>\n<li>Contr\u00f4le de l&rsquo;usure et de la profondeur de la bande de roulement<\/li>\n<li>Ajustement de la pression pour des performances et une stabilit\u00e9 maximales<\/li>\n<li>Remplacement en cas d&rsquo;usure excessive ou de dommages<\/li>\n<\/ul>\n<p><strong>Essuie-glaces :<\/strong><br \/>\nUne bonne visibilit\u00e9 est essentielle pour conduire en toute s\u00e9curit\u00e9. C&rsquo;est pourquoi :<\/p>\n<ul>\n<li>Nous v\u00e9rifions l&rsquo;usure et la flexibilit\u00e9 des balais<\/li>\n<li>Nous rempla\u00e7ons les essuie-glaces lorsque cela est n\u00e9cessaire<\/li>\n<li>Nous nous assurons que le syst\u00e8me de pulv\u00e9risation d&rsquo;eau fonctionne correctement<\/li>\n<\/ul>\n<h3 style=\"text-align: center;\"><strong>Pourquoi ce Contr\u00f4le est-il Important ?<\/strong><\/h3>\n<ol>\n<li><strong>S\u00e9curit\u00e9 accrue :<\/strong> Nous minimisons le risque de pannes m\u00e9caniques et d&rsquo;incidents impr\u00e9vus sur la route.<\/li>\n<li><strong>Conduite fiable :<\/strong> Nous garantissons que le v\u00e9hicule fonctionne parfaitement, quelles que soient les conditions de la route.<\/li>\n<li><strong>Confort et tranquillit\u00e9 :<\/strong> Le client peut profiter du trajet sans inqui\u00e9tude.<\/li>\n<li><strong>Pr\u00e9vention des pannes :<\/strong> Les contr\u00f4les r\u00e9guliers r\u00e9duisent les risques de d\u00e9faillances de composants essentiels.<\/li>\n<\/ol>\n<h3 style=\"text-align: center;\"><strong><a href=\"https:\/\/rentacaringreece.eu\/\">Rentacaringreece<\/a> \u2013 Conduisez en Toute S\u00e9curit\u00e9 et Confiance<\/strong><\/h3>\n<p>Chez <a href=\"https:\/\/rentacaringreece.eu\/\"><strong>Rentacaringreece<\/strong><\/a>, nous nous engageons \u00e0 vous fournir des v\u00e9hicules <strong>bien entretenus et contr\u00f4l\u00e9s<\/strong> pour chaque trajet. Le contr\u00f4le technique strict de 32 points <strong>avant chaque location<\/strong> garantit que chaque voiture est <strong>pr\u00eate \u00e0 conduire, s\u00fbre et fiable<\/strong>.<\/p>\n<p>Choisissez Rent a Car in <a href=\"https:\/\/maps.app.goo.gl\/iA9XWW2EBsQD9Vu96\" target=\"_blank\" rel=\"noopener\">Greece<\/a> et profitez d&rsquo;un <strong>voyage complet et s\u00e9curis\u00e9<\/strong> !<\/p>\n<\/div><\/div><\/div><\/div><\/div>\n","protected":false},"excerpt":{"rendered":"","protected":false},"author":1,"featured_media":0,"parent":0,"menu_order":0,"comment_status":"closed","ping_status":"closed","template":"100-width.php","meta":{"footnotes":""},"class_list":["post-8179","page","type-page","status-publish","hentry"],"_links":{"self":[{"href":"https:\/\/rentacaringreece.eu\/fr\/wp-json\/wp\/v2\/pages\/8179","targetHints":{"allow":["GET"]}}],"collection":[{"href":"https:\/\/rentacaringreece.eu\/fr\/wp-json\/wp\/v2\/pages"}],"about":[{"href":"https:\/\/rentacaringreece.eu\/fr\/wp-json\/wp\/v2\/types\/page"}],"author":[{"embeddable":true,"href":"https:\/\/rentacaringreece.eu\/fr\/wp-json\/wp\/v2\/users\/1"}],"replies":[{"embeddable":true,"href":"https:\/\/rentacaringreece.eu\/fr\/wp-json\/wp\/v2\/comments?post=8179"}],"version-history":[{"count":2,"href":"https:\/\/rentacaringreece.eu\/fr\/wp-json\/wp\/v2\/pages\/8179\/revisions"}],"predecessor-version":[{"id":8191,"href":"https:\/\/rentacaringreece.eu\/fr\/wp-json\/wp\/v2\/pages\/8179\/revisions\/8191"}],"wp:attachment":[{"href":"https:\/\/rentacaringreece.eu\/fr\/wp-json\/wp\/v2\/media?parent=8179"}],"curies":[{"name":"wp","href":"https:\/\/api.w.org\/{rel}","templated":true}]}}