{"id":8180,"date":"2025-01-25T13:46:14","date_gmt":"2025-01-25T11:46:14","guid":{"rendered":"https:\/\/rentacaringreece.eu\/?page_id=8180"},"modified":"2025-01-25T15:12:30","modified_gmt":"2025-01-25T13:12:30","slug":"precautions-locationcaringrece","status":"publish","type":"page","link":"https:\/\/rentacaringreece.eu\/fr\/precautions-locationcaringrece\/","title":{"rendered":"Pr\u00e9cautions locationcaringr\u00e8ce"},"content":{"rendered":"<div class=\"fusion-fullwidth fullwidth-box fusion-builder-row-1 fusion-flex-container has-pattern-background has-mask-background nonhundred-percent-fullwidth non-hundred-percent-height-scrolling\" style=\"--awb-border-radius-top-left:0px;--awb-border-radius-top-right:0px;--awb-border-radius-bottom-right:0px;--awb-border-radius-bottom-left:0px;--awb-margin-top:100px;--awb-flex-wrap:wrap;\" ><div class=\"fusion-builder-row fusion-row fusion-flex-align-items-flex-start fusion-flex-content-wrap\" style=\"max-width:1497.6px;margin-left: calc(-4% \/ 2 );margin-right: calc(-4% \/ 2 );\"><div class=\"fusion-layout-column fusion_builder_column fusion-builder-column-0 fusion_builder_column_1_1 1_1 fusion-flex-column\" style=\"--awb-bg-size:cover;--awb-width-large:100%;--awb-margin-top-large:0px;--awb-spacing-right-large:1.92%;--awb-margin-bottom-large:20px;--awb-spacing-left-large:1.92%;--awb-width-medium:100%;--awb-order-medium:0;--awb-spacing-right-medium:1.92%;--awb-spacing-left-medium:1.92%;--awb-width-small:100%;--awb-order-small:0;--awb-spacing-right-small:1.92%;--awb-spacing-left-small:1.92%;\"><div class=\"fusion-column-wrapper fusion-column-has-shadow fusion-flex-justify-content-flex-start fusion-content-layout-column\"><div class=\"fusion-image-element \" style=\"text-align:center;--awb-caption-title-font-family:var(--h2_typography-font-family);--awb-caption-title-font-weight:var(--h2_typography-font-weight);--awb-caption-title-font-style:var(--h2_typography-font-style);--awb-caption-title-size:var(--h2_typography-font-size);--awb-caption-title-transform:var(--h2_typography-text-transform);--awb-caption-title-line-height:var(--h2_typography-line-height);--awb-caption-title-letter-spacing:var(--h2_typography-letter-spacing);\"><span class=\" fusion-imageframe imageframe-none imageframe-1 hover-type-none\"><img decoding=\"async\" width=\"1100\" height=\"500\" alt=\"\u039c\u03ad\u03c4\u03c1\u03b1 \u03c0\u03c1\u03bf\u03c6\u03cd\u03bb\u03b1\u03be\u03b7\u03c2 rentacaringreece\" title=\"\u03c9\u03ba\u03bf\u03b5\u03c2\u03bd\u03bd\u03c2\" src=\"https:\/\/rentacaringreece.eu\/wp-content\/uploads\/2025\/01\/\u03c9\u03ba\u03bf\u03b5\u03c2\u03bd\u03bd\u03c2.jpg\" data-orig-src=\"https:\/\/rentacaringreece.eu\/wp-content\/uploads\/2025\/01\/\u03c9\u03ba\u03bf\u03b5\u03c2\u03bd\u03bd\u03c2.jpg\" class=\"lazyload img-responsive wp-image-8106\" srcset=\"data:image\/svg+xml,%3Csvg%20xmlns%3D%27http%3A%2F%2Fwww.w3.org%2F2000%2Fsvg%27%20width%3D%271100%27%20height%3D%27500%27%20viewBox%3D%270%200%201100%20500%27%3E%3Crect%20width%3D%271100%27%20height%3D%27500%27%20fill-opacity%3D%220%22%2F%3E%3C%2Fsvg%3E\" data-srcset=\"https:\/\/rentacaringreece.eu\/wp-content\/uploads\/2025\/01\/\u03c9\u03ba\u03bf\u03b5\u03c2\u03bd\u03bd\u03c2-200x91.jpg 200w, https:\/\/rentacaringreece.eu\/wp-content\/uploads\/2025\/01\/\u03c9\u03ba\u03bf\u03b5\u03c2\u03bd\u03bd\u03c2-400x182.jpg 400w, https:\/\/rentacaringreece.eu\/wp-content\/uploads\/2025\/01\/\u03c9\u03ba\u03bf\u03b5\u03c2\u03bd\u03bd\u03c2-600x273.jpg 600w, https:\/\/rentacaringreece.eu\/wp-content\/uploads\/2025\/01\/\u03c9\u03ba\u03bf\u03b5\u03c2\u03bd\u03bd\u03c2-800x364.jpg 800w, https:\/\/rentacaringreece.eu\/wp-content\/uploads\/2025\/01\/\u03c9\u03ba\u03bf\u03b5\u03c2\u03bd\u03bd\u03c2.jpg 1100w\" data-sizes=\"auto\" data-orig-sizes=\"(max-width: 768px) 100vw, 1100px\" \/><\/span><\/div><div class=\"fusion-text fusion-text-1\"><h3 style=\"text-align: center;\">Mesures de Pr\u00e9vention et de D\u00e9sinfection par Rent a Car in Greece<\/h3>\n<p>Chez <strong>Rent a Car in Greece<\/strong>, la s\u00e9curit\u00e9 et la sant\u00e9 de nos clients sont notre priorit\u00e9 absolue. C\u2019est pourquoi nous avons adopt\u00e9 des protocoles stricts de nettoyage et de d\u00e9sinfection, garantissant que chaque v\u00e9hicule livr\u00e9 est parfaitement propre et s\u00e9curis\u00e9. Avec un accent particulier sur <strong>le lavage int\u00e9rieur et ext\u00e9rieur<\/strong> et <strong>la d\u00e9sinfection du syst\u00e8me de ventilation de l\u2019habitacle et de la climatisation<\/strong>, nous assurons un environnement sain et agr\u00e9able pour chaque trajet.<\/p>\n<\/div><\/div><\/div><div class=\"fusion-layout-column fusion_builder_column fusion-builder-column-1 fusion_builder_column_1_1 1_1 fusion-flex-column\" style=\"--awb-bg-size:cover;--awb-width-large:100%;--awb-margin-top-large:0px;--awb-spacing-right-large:1.92%;--awb-margin-bottom-large:20px;--awb-spacing-left-large:1.92%;--awb-width-medium:100%;--awb-order-medium:0;--awb-spacing-right-medium:1.92%;--awb-spacing-left-medium:1.92%;--awb-width-small:100%;--awb-order-small:0;--awb-spacing-right-small:1.92%;--awb-spacing-left-small:1.92%;\"><div class=\"fusion-column-wrapper fusion-column-has-shadow fusion-flex-justify-content-flex-start fusion-content-layout-column\"><div class=\"fusion-image-element \" style=\"text-align:center;--awb-caption-title-font-family:var(--h2_typography-font-family);--awb-caption-title-font-weight:var(--h2_typography-font-weight);--awb-caption-title-font-style:var(--h2_typography-font-style);--awb-caption-title-size:var(--h2_typography-font-size);--awb-caption-title-transform:var(--h2_typography-text-transform);--awb-caption-title-line-height:var(--h2_typography-line-height);--awb-caption-title-letter-spacing:var(--h2_typography-letter-spacing);\"><span class=\" fusion-imageframe imageframe-none imageframe-2 hover-type-none\"><img decoding=\"async\" width=\"1100\" height=\"500\" alt=\"\u039c\u03ad\u03c4\u03c1\u03b1 \u03c0\u03c1\u03bf\u03c6\u03cd\u03bb\u03b1\u03be\u03b7\u03c2 rentacaringreece\" title=\"\u03b1\u03b8\u03c4\u03bf\u03b5\u03be\" src=\"https:\/\/rentacaringreece.eu\/wp-content\/uploads\/2025\/01\/\u03b1\u03b8\u03c4\u03bf\u03b5\u03be.jpg\" data-orig-src=\"https:\/\/rentacaringreece.eu\/wp-content\/uploads\/2025\/01\/\u03b1\u03b8\u03c4\u03bf\u03b5\u03be.jpg\" class=\"lazyload img-responsive wp-image-8111\" srcset=\"data:image\/svg+xml,%3Csvg%20xmlns%3D%27http%3A%2F%2Fwww.w3.org%2F2000%2Fsvg%27%20width%3D%271100%27%20height%3D%27500%27%20viewBox%3D%270%200%201100%20500%27%3E%3Crect%20width%3D%271100%27%20height%3D%27500%27%20fill-opacity%3D%220%22%2F%3E%3C%2Fsvg%3E\" data-srcset=\"https:\/\/rentacaringreece.eu\/wp-content\/uploads\/2025\/01\/\u03b1\u03b8\u03c4\u03bf\u03b5\u03be-200x91.jpg 200w, https:\/\/rentacaringreece.eu\/wp-content\/uploads\/2025\/01\/\u03b1\u03b8\u03c4\u03bf\u03b5\u03be-400x182.jpg 400w, https:\/\/rentacaringreece.eu\/wp-content\/uploads\/2025\/01\/\u03b1\u03b8\u03c4\u03bf\u03b5\u03be-600x273.jpg 600w, https:\/\/rentacaringreece.eu\/wp-content\/uploads\/2025\/01\/\u03b1\u03b8\u03c4\u03bf\u03b5\u03be-800x364.jpg 800w, https:\/\/rentacaringreece.eu\/wp-content\/uploads\/2025\/01\/\u03b1\u03b8\u03c4\u03bf\u03b5\u03be.jpg 1100w\" data-sizes=\"auto\" data-orig-sizes=\"(max-width: 768px) 100vw, 1100px\" \/><\/span><\/div><div class=\"fusion-text fusion-text-2\"><h3 style=\"text-align: center;\"><strong>Nettoyage Int\u00e9rieur et Ext\u00e9rieur du V\u00e9hicule<\/strong><\/h3>\n<h4><strong>Nettoyage Ext\u00e9rieur<\/strong><\/h4>\n<p>Chaque v\u00e9hicule de Rent a Car in Greece subit un nettoyage ext\u00e9rieur minutieux avant chaque location. Nous utilisons des produits de nettoyage et des savons de haute qualit\u00e9 qui \u00e9liminent efficacement la poussi\u00e8re, la boue, les impuret\u00e9s et les \u00e9ventuels germes de la surface de la voiture. Une attention particuli\u00e8re est port\u00e9e \u00e0 :<\/p>\n<ul>\n<li>Les poign\u00e9es de porte<\/li>\n<li>Les fen\u00eatres et les miroirs pour une meilleure visibilit\u00e9<\/li>\n<li>Les roues et les ailes pour \u00e9liminer les r\u00e9sidus de la chauss\u00e9e<\/li>\n<li>Le toit et le pare-chocs, o\u00f9 la poussi\u00e8re s&rsquo;accumule<\/li>\n<\/ul>\n<h4><strong>Nettoyage Int\u00e9rieur<\/strong><\/h4>\n<p>L&rsquo;int\u00e9rieur de nos v\u00e9hicules est nettoy\u00e9 avec grand soin afin d&rsquo;\u00e9liminer la poussi\u00e8re, les germes et les \u00e9ventuelles impuret\u00e9s. Nous utilisons des aspirateurs professionnels et des d\u00e9sinfectants sp\u00e9cialis\u00e9s pour :<\/p>\n<ul>\n<li>Les si\u00e8ges (tissu ou cuir)<\/li>\n<li>Les tapis et le tableau de bord<\/li>\n<li>Le volant, le levier de vitesses et les commandes<\/li>\n<li>Les portes et les poign\u00e9es<\/li>\n<\/ul>\n<\/div><\/div><\/div><div class=\"fusion-layout-column fusion_builder_column fusion-builder-column-2 fusion_builder_column_1_1 1_1 fusion-flex-column\" style=\"--awb-bg-size:cover;--awb-width-large:100%;--awb-margin-top-large:0px;--awb-spacing-right-large:1.92%;--awb-margin-bottom-large:20px;--awb-spacing-left-large:1.92%;--awb-width-medium:100%;--awb-order-medium:0;--awb-spacing-right-medium:1.92%;--awb-spacing-left-medium:1.92%;--awb-width-small:100%;--awb-order-small:0;--awb-spacing-right-small:1.92%;--awb-spacing-left-small:1.92%;\"><div class=\"fusion-column-wrapper fusion-column-has-shadow fusion-flex-justify-content-flex-start fusion-content-layout-column\"><div class=\"fusion-image-element \" style=\"text-align:center;--awb-caption-title-font-family:var(--h2_typography-font-family);--awb-caption-title-font-weight:var(--h2_typography-font-weight);--awb-caption-title-font-style:var(--h2_typography-font-style);--awb-caption-title-size:var(--h2_typography-font-size);--awb-caption-title-transform:var(--h2_typography-text-transform);--awb-caption-title-line-height:var(--h2_typography-line-height);--awb-caption-title-letter-spacing:var(--h2_typography-letter-spacing);\"><span class=\" fusion-imageframe imageframe-none imageframe-3 hover-type-none\"><img decoding=\"async\" width=\"1100\" height=\"500\" alt=\"\u039c\u03ad\u03c4\u03c1\u03b1 \u03c0\u03c1\u03bf\u03c6\u03cd\u03bb\u03b1\u03be\u03b7\u03c2 rentacaringreece\" title=\"\u03c9\u03b1\u03b42\" src=\"https:\/\/rentacaringreece.eu\/wp-content\/uploads\/2025\/01\/\u03c9\u03b1\u03b42.jpg\" data-orig-src=\"https:\/\/rentacaringreece.eu\/wp-content\/uploads\/2025\/01\/\u03c9\u03b1\u03b42.jpg\" class=\"lazyload img-responsive wp-image-8116\" srcset=\"data:image\/svg+xml,%3Csvg%20xmlns%3D%27http%3A%2F%2Fwww.w3.org%2F2000%2Fsvg%27%20width%3D%271100%27%20height%3D%27500%27%20viewBox%3D%270%200%201100%20500%27%3E%3Crect%20width%3D%271100%27%20height%3D%27500%27%20fill-opacity%3D%220%22%2F%3E%3C%2Fsvg%3E\" data-srcset=\"https:\/\/rentacaringreece.eu\/wp-content\/uploads\/2025\/01\/\u03c9\u03b1\u03b42-200x91.jpg 200w, https:\/\/rentacaringreece.eu\/wp-content\/uploads\/2025\/01\/\u03c9\u03b1\u03b42-400x182.jpg 400w, https:\/\/rentacaringreece.eu\/wp-content\/uploads\/2025\/01\/\u03c9\u03b1\u03b42-600x273.jpg 600w, https:\/\/rentacaringreece.eu\/wp-content\/uploads\/2025\/01\/\u03c9\u03b1\u03b42-800x364.jpg 800w, https:\/\/rentacaringreece.eu\/wp-content\/uploads\/2025\/01\/\u03c9\u03b1\u03b42.jpg 1100w\" data-sizes=\"auto\" data-orig-sizes=\"(max-width: 768px) 100vw, 1100px\" \/><\/span><\/div><div class=\"fusion-text fusion-text-3\"><h3 style=\"text-align: center;\"><strong>\u0391\u03c0\u03bf\u03bb\u03cd\u03bc\u03b1\u03bd\u03c3\u03b7 \u0395\u03be\u03b1\u03b5\u03c1\u03b9\u03c3\u03bc\u03bf\u03cd \u039a\u03b1\u03bc\u03c0\u03af\u03bd\u03b1\u03c2 \u03ba\u03b1\u03b9 A\/C<\/strong><\/h3>\n<p>\u039f \u03b5\u03be\u03b1\u03b5\u03c1\u03b9\u03c3\u03bc\u03cc\u03c2 \u03c4\u03b7\u03c2 \u03ba\u03b1\u03bc\u03c0\u03af\u03bd\u03b1\u03c2 \u03ba\u03b1\u03b9 \u03c4\u03bf \u03c3\u03cd\u03c3\u03c4\u03b7\u03bc\u03b1 \u03ba\u03bb\u03b9\u03bc\u03b1\u03c4\u03b9\u03c3\u03bc\u03bf\u03cd (A\/C) \u03bc\u03c0\u03bf\u03c1\u03b5\u03af \u03bd\u03b1 \u03b1\u03c0\u03bf\u03c4\u03b5\u03bb\u03ad\u03c3\u03bf\u03c5\u03bd \u03b5\u03c3\u03c4\u03af\u03b5\u03c2 \u03bc\u03b9\u03ba\u03c1\u03bf\u03b2\u03af\u03c9\u03bd \u03ba\u03b1\u03b9 \u03b2\u03b1\u03ba\u03c4\u03b7\u03c1\u03af\u03c9\u03bd \u03b1\u03bd \u03b4\u03b5\u03bd \u03c3\u03c5\u03bd\u03c4\u03b7\u03c1\u03bf\u03cd\u03bd\u03c4\u03b1\u03b9 \u03c3\u03c9\u03c3\u03c4\u03ac. \u0393\u03b9\u03b1 \u03c4\u03b7\u03bd \u03c0\u03c1\u03bf\u03c3\u03c4\u03b1\u03c3\u03af\u03b1 \u03c4\u03c9\u03bd \u03b5\u03c0\u03b9\u03b2\u03b1\u03c4\u03ce\u03bd \u03bc\u03b1\u03c2, \u03b5\u03c6\u03b1\u03c1\u03bc\u03cc\u03b6\u03bf\u03c5\u03bc\u03b5:<\/p>\n<h4 style=\"text-align: center;\"><strong>\u039a\u03b1\u03b8\u03b1\u03c1\u03b9\u03c3\u03bc\u03cc\u03c2 \u03a6\u03af\u03bb\u03c4\u03c1\u03bf\u03c5 A\/C<\/strong><\/h4>\n<p>\u03a4\u03bf \u03c6\u03af\u03bb\u03c4\u03c1\u03bf \u03c4\u03bf\u03c5 \u03ba\u03bb\u03b9\u03bc\u03b1\u03c4\u03b9\u03c3\u03bc\u03bf\u03cd \u03b1\u03bd\u03c4\u03b9\u03ba\u03b1\u03b8\u03af\u03c3\u03c4\u03b1\u03c4\u03b1\u03b9 \u03ae \u03ba\u03b1\u03b8\u03b1\u03c1\u03af\u03b6\u03b5\u03c4\u03b1\u03b9 \u03c4\u03b1\u03ba\u03c4\u03b9\u03ba\u03ac, \u03b1\u03c0\u03bf\u03bc\u03b1\u03ba\u03c1\u03cd\u03bd\u03bf\u03bd\u03c4\u03b1\u03c2 \u03c3\u03ba\u03cc\u03bd\u03b7, \u03b1\u03bb\u03bb\u03b5\u03c1\u03b3\u03b9\u03bf\u03b3\u03cc\u03bd\u03b1 \u03ba\u03b1\u03b9 \u03b2\u03b1\u03ba\u03c4\u03ae\u03c1\u03b9\u03b1 \u03c0\u03bf\u03c5 \u03bc\u03c0\u03bf\u03c1\u03b5\u03af \u03bd\u03b1 \u03b5\u03c0\u03b9\u03b2\u03b1\u03c1\u03cd\u03bd\u03bf\u03c5\u03bd \u03c4\u03b7\u03bd \u03c0\u03bf\u03b9\u03cc\u03c4\u03b7\u03c4\u03b1 \u03c4\u03bf\u03c5 \u03b1\u03ad\u03c1\u03b1 \u03bc\u03ad\u03c3\u03b1 \u03c3\u03c4\u03bf \u03b1\u03c5\u03c4\u03bf\u03ba\u03af\u03bd\u03b7\u03c4\u03bf.<\/p>\n<h4 style=\"text-align: center;\"><strong>\u03a7\u03c1\u03ae\u03c3\u03b7 \u0395\u03be\u03b5\u03b9\u03b4\u03b9\u03ba\u03b5\u03c5\u03bc\u03ad\u03bd\u03c9\u03bd \u0391\u03c0\u03bf\u03bb\u03c5\u03bc\u03b1\u03bd\u03c4\u03b9\u03ba\u03ce\u03bd Spray<\/strong><\/h4>\n<p>\u0393\u03b9\u03b1 \u03c4\u03b7\u03bd \u03b1\u03c0\u03bf\u03bb\u03cd\u03bc\u03b1\u03bd\u03c3\u03b7 \u03c4\u03c9\u03bd \u03b1\u03b5\u03c1\u03b1\u03b3\u03c9\u03b3\u03ce\u03bd, \u03c7\u03c1\u03b7\u03c3\u03b9\u03bc\u03bf\u03c0\u03bf\u03b9\u03bf\u03cd\u03bc\u03b5 \u03b5\u03b9\u03b4\u03b9\u03ba\u03ac \u03c3\u03c0\u03c1\u03ad\u03b9 \u03c0\u03bf\u03c5 \u03b5\u03be\u03bf\u03c5\u03b4\u03b5\u03c4\u03b5\u03c1\u03ce\u03bd\u03bf\u03c5\u03bd \u03c4\u03b1 \u03bc\u03b9\u03ba\u03c1\u03cc\u03b2\u03b9\u03b1 \u03ba\u03b1\u03b9 \u03b1\u03c0\u03bf\u03bc\u03b1\u03ba\u03c1\u03cd\u03bd\u03bf\u03c5\u03bd \u03c4\u03b9\u03c2 \u03b1\u03bd\u03b5\u03c0\u03b9\u03b8\u03cd\u03bc\u03b7\u03c4\u03b5\u03c2 \u03bf\u03c3\u03bc\u03ad\u03c2. \u0391\u03c5\u03c4\u03ae \u03b7 \u03b4\u03b9\u03b1\u03b4\u03b9\u03ba\u03b1\u03c3\u03af\u03b1 \u03b4\u03b9\u03b1\u03c3\u03c6\u03b1\u03bb\u03af\u03b6\u03b5\u03b9 \u03cc\u03c4\u03b9 \u03bf \u03b1\u03ad\u03c1\u03b1\u03c2 \u03c0\u03bf\u03c5 \u03ba\u03c5\u03ba\u03bb\u03bf\u03c6\u03bf\u03c1\u03b5\u03af \u03bc\u03ad\u03c3\u03b1 \u03c3\u03c4\u03bf \u03b1\u03c5\u03c4\u03bf\u03ba\u03af\u03bd\u03b7\u03c4\u03bf \u03b5\u03af\u03bd\u03b1\u03b9 \u03ba\u03b1\u03b8\u03b1\u03c1\u03cc\u03c2 \u03ba\u03b1\u03b9 \u03b1\u03c3\u03c6\u03b1\u03bb\u03ae\u03c2.<\/p>\n<h4 style=\"text-align: center;\"><strong>\u039f\u03b6\u03bf\u03bd\u03bf\u03b8\u03b5\u03c1\u03b1\u03c0\u03b5\u03af\u03b1 \u03b3\u03b9\u03b1 \u0392\u03b1\u03b8\u03cd \u039a\u03b1\u03b8\u03b1\u03c1\u03b9\u03c3\u03bc\u03cc<\/strong><\/h4>\n<p>\u039f\u03c1\u03b9\u03c3\u03bc\u03ad\u03bd\u03b1 \u03b1\u03c0\u03cc \u03c4\u03b1 \u03bf\u03c7\u03ae\u03bc\u03b1\u03c4\u03ac \u03bc\u03b1\u03c2 \u03c5\u03c6\u03af\u03c3\u03c4\u03b1\u03bd\u03c4\u03b1\u03b9 \u03b1\u03c0\u03bf\u03bb\u03cd\u03bc\u03b1\u03bd\u03c3\u03b7 \u03bc\u03b5 <strong>\u03cc\u03b6\u03bf\u03bd<\/strong>, \u03bc\u03b9\u03b1 \u03b1\u03c0\u03cc \u03c4\u03b9\u03c2 \u03c0\u03b9\u03bf \u03b1\u03c0\u03bf\u03c4\u03b5\u03bb\u03b5\u03c3\u03bc\u03b1\u03c4\u03b9\u03ba\u03ad\u03c2 \u03bc\u03b5\u03b8\u03cc\u03b4\u03bf\u03c5\u03c2 \u03b1\u03c0\u03bf\u03c3\u03c4\u03b5\u03af\u03c1\u03c9\u03c3\u03b7\u03c2. \u03a4\u03bf \u03cc\u03b6\u03bf\u03bd \u03b5\u03be\u03bf\u03c5\u03b4\u03b5\u03c4\u03b5\u03c1\u03ce\u03bd\u03b5\u03b9 \u03b2\u03b1\u03ba\u03c4\u03ae\u03c1\u03b9\u03b1, \u03b9\u03bf\u03cd\u03c2 \u03ba\u03b1\u03b9 \u03bc\u03cd\u03ba\u03b7\u03c4\u03b5\u03c2 \u03c0\u03bf\u03c5 \u03bc\u03c0\u03bf\u03c1\u03b5\u03af \u03bd\u03b1 \u03b2\u03c1\u03af\u03c3\u03ba\u03bf\u03bd\u03c4\u03b1\u03b9 \u03c3\u03c4\u03bf \u03b5\u03c3\u03c9\u03c4\u03b5\u03c1\u03b9\u03ba\u03cc \u03c4\u03bf\u03c5 \u03bf\u03c7\u03ae\u03bc\u03b1\u03c4\u03bf\u03c2 \u03ae \u03c3\u03c4\u03bf\u03c5\u03c2 \u03b1\u03b5\u03c1\u03b1\u03b3\u03c9\u03b3\u03bf\u03cd\u03c2.<\/p>\n<\/div><\/div><\/div><div class=\"fusion-layout-column fusion_builder_column fusion-builder-column-3 fusion_builder_column_1_1 1_1 fusion-flex-column\" style=\"--awb-bg-size:cover;--awb-width-large:100%;--awb-margin-top-large:0px;--awb-spacing-right-large:1.92%;--awb-margin-bottom-large:20px;--awb-spacing-left-large:1.92%;--awb-width-medium:100%;--awb-order-medium:0;--awb-spacing-right-medium:1.92%;--awb-spacing-left-medium:1.92%;--awb-width-small:100%;--awb-order-small:0;--awb-spacing-right-small:1.92%;--awb-spacing-left-small:1.92%;\"><div class=\"fusion-column-wrapper fusion-column-has-shadow fusion-flex-justify-content-flex-start fusion-content-layout-column\"><div class=\"fusion-text fusion-text-4\"><h3 style=\"text-align: center;\"><strong>Nettoyage Int\u00e9rieur et Ext\u00e9rieur du V\u00e9hicule<\/strong><\/h3>\n<h4><strong>Nettoyage Ext\u00e9rieur<\/strong><\/h4>\n<p>Chaque v\u00e9hicule de Rent a Car in Greece subit un nettoyage ext\u00e9rieur minutieux avant chaque location. Nous utilisons des produits de nettoyage et des savons de haute qualit\u00e9 qui \u00e9liminent efficacement la poussi\u00e8re, la boue, les impuret\u00e9s et les \u00e9ventuels germes de la surface de la voiture. Une attention particuli\u00e8re est port\u00e9e \u00e0 :<\/p>\n<ul>\n<li>Les poign\u00e9es de porte<\/li>\n<li>Les fen\u00eatres et les miroirs pour une meilleure visibilit\u00e9<\/li>\n<li>Les roues et les ailes pour \u00e9liminer les r\u00e9sidus de la chauss\u00e9e<\/li>\n<li>Le toit et le pare-chocs, o\u00f9 la poussi\u00e8re s&rsquo;accumule<\/li>\n<\/ul>\n<h4><strong>Nettoyage Int\u00e9rieur<\/strong><\/h4>\n<p>L&rsquo;int\u00e9rieur de nos v\u00e9hicules est nettoy\u00e9 avec grand soin afin d&rsquo;\u00e9liminer la poussi\u00e8re, les germes et les \u00e9ventuelles impuret\u00e9s. Nous utilisons des aspirateurs professionnels et des d\u00e9sinfectants sp\u00e9cialis\u00e9s pour :<\/p>\n<ul>\n<li>Les si\u00e8ges (tissu ou cuir)<\/li>\n<li>Les tapis et le tableau de bord<\/li>\n<li>Le volant, le levier de vitesses et les commandes<\/li>\n<li>Les portes et les poign\u00e9es<\/li>\n<\/ul>\n<\/div><\/div><\/div><\/div><\/div>\n","protected":false},"excerpt":{"rendered":"","protected":false},"author":1,"featured_media":0,"parent":0,"menu_order":0,"comment_status":"closed","ping_status":"closed","template":"100-width.php","meta":{"footnotes":""},"class_list":["post-8180","page","type-page","status-publish","hentry"],"_links":{"self":[{"href":"https:\/\/rentacaringreece.eu\/fr\/wp-json\/wp\/v2\/pages\/8180","targetHints":{"allow":["GET"]}}],"collection":[{"href":"https:\/\/rentacaringreece.eu\/fr\/wp-json\/wp\/v2\/pages"}],"about":[{"href":"https:\/\/rentacaringreece.eu\/fr\/wp-json\/wp\/v2\/types\/page"}],"author":[{"embeddable":true,"href":"https:\/\/rentacaringreece.eu\/fr\/wp-json\/wp\/v2\/users\/1"}],"replies":[{"embeddable":true,"href":"https:\/\/rentacaringreece.eu\/fr\/wp-json\/wp\/v2\/comments?post=8180"}],"version-history":[{"count":3,"href":"https:\/\/rentacaringreece.eu\/fr\/wp-json\/wp\/v2\/pages\/8180\/revisions"}],"predecessor-version":[{"id":8189,"href":"https:\/\/rentacaringreece.eu\/fr\/wp-json\/wp\/v2\/pages\/8180\/revisions\/8189"}],"wp:attachment":[{"href":"https:\/\/rentacaringreece.eu\/fr\/wp-json\/wp\/v2\/media?parent=8180"}],"curies":[{"name":"wp","href":"https:\/\/api.w.org\/{rel}","templated":true}]}}