{"id":8650,"date":"2025-02-23T11:27:14","date_gmt":"2025-02-23T09:27:14","guid":{"rendered":"https:\/\/rentacaringreece.eu\/?page_id=8650"},"modified":"2025-02-23T17:25:30","modified_gmt":"2025-02-23T15:25:30","slug":"location-de-voitures-kassandra","status":"publish","type":"page","link":"https:\/\/rentacaringreece.eu\/fr\/location-de-voitures-kassandra\/","title":{"rendered":"Location de voitures Kassandra, Sithonia et Athos"},"content":{"rendered":"<div class=\"fusion-fullwidth fullwidth-box fusion-builder-row-1 fusion-flex-container has-pattern-background has-mask-background nonhundred-percent-fullwidth non-hundred-percent-height-scrolling\" style=\"--awb-border-radius-top-left:0px;--awb-border-radius-top-right:0px;--awb-border-radius-bottom-right:0px;--awb-border-radius-bottom-left:0px;--awb-margin-top:80px;--awb-flex-wrap:wrap;\" ><div class=\"fusion-builder-row fusion-row fusion-flex-align-items-flex-start fusion-flex-content-wrap\" style=\"max-width:1497.6px;margin-left: calc(-4% \/ 2 );margin-right: calc(-4% \/ 2 );\"><div class=\"fusion-layout-column fusion_builder_column fusion-builder-column-0 fusion_builder_column_1_1 1_1 fusion-flex-column\" style=\"--awb-bg-size:cover;--awb-width-large:100%;--awb-margin-top-large:0px;--awb-spacing-right-large:1.92%;--awb-margin-bottom-large:20px;--awb-spacing-left-large:1.92%;--awb-width-medium:100%;--awb-order-medium:0;--awb-spacing-right-medium:1.92%;--awb-spacing-left-medium:1.92%;--awb-width-small:100%;--awb-order-small:0;--awb-spacing-right-small:1.92%;--awb-spacing-left-small:1.92%;\"><div class=\"fusion-column-wrapper fusion-column-has-shadow fusion-flex-justify-content-flex-start fusion-content-layout-column\"><div class=\"fusion-text fusion-text-1\"><h1 style=\"text-align: center;\"><strong>D\u00e9couvrez la Chalcidique avec une voiture de location de RentaCarinGreece !<\/strong><\/h1>\n<p>Bienvenue en Gr\u00e8ce ! Si vous passez vos vacances \u00e0 Thessalonique, vous avez l&rsquo;occasion id\u00e9ale pour explorer l&rsquo;une des plus belles r\u00e9gions de Gr\u00e8ce : <strong>la Chalcidique<\/strong>. Avec ses trois magnifiques p\u00e9ninsules \u2013 <strong>Kassandra, Sithonia et le Mont Athos<\/strong> \u2013 ainsi que l&rsquo;\u00eele pittoresque <strong>d&rsquo;Amouliani<\/strong>, la Chalcidique offre des paysages \u00e0 couper le souffle, des plages de r\u00eave et des exp\u00e9riences authentiques en Gr\u00e8ce. Une <strong>voiture de location de RentaCarinGreece<\/strong> vous offre la libert\u00e9 d&rsquo;explorer confortablement et en toute flexibilit\u00e9 toutes ces destinations.<\/p>\n<\/div><\/div><\/div><div class=\"fusion-layout-column fusion_builder_column fusion-builder-column-1 fusion_builder_column_1_2 1_2 fusion-flex-column\" style=\"--awb-bg-size:cover;--awb-width-large:50%;--awb-margin-top-large:0px;--awb-spacing-right-large:3.84%;--awb-margin-bottom-large:20px;--awb-spacing-left-large:3.84%;--awb-width-medium:50%;--awb-order-medium:0;--awb-spacing-right-medium:3.84%;--awb-spacing-left-medium:3.84%;--awb-width-small:100%;--awb-order-small:0;--awb-spacing-right-small:1.92%;--awb-spacing-left-small:1.92%;\"><div class=\"fusion-column-wrapper fusion-column-has-shadow fusion-flex-justify-content-flex-start fusion-content-layout-column\"><div class=\"fusion-image-element \" style=\"text-align:center;--awb-caption-title-font-family:var(--h2_typography-font-family);--awb-caption-title-font-weight:var(--h2_typography-font-weight);--awb-caption-title-font-style:var(--h2_typography-font-style);--awb-caption-title-size:var(--h2_typography-font-size);--awb-caption-title-transform:var(--h2_typography-text-transform);--awb-caption-title-line-height:var(--h2_typography-line-height);--awb-caption-title-letter-spacing:var(--h2_typography-letter-spacing);\"><span class=\" fusion-imageframe imageframe-none imageframe-1 hover-type-none\"><img decoding=\"async\" src=\"data:image\/gif;base64,R0lGODlhAQABAAAAACH5BAEKAAEALAAAAAABAAEAAAICTAEAOw==\" data-orig-src=\"https:\/\/rentacaringreece.de\/wp-content\/uploads\/2025\/01\/EWGWEGW.jpg\" alt class=\"lazyload img-responsive\"\/><\/span><\/div><\/div><\/div><div class=\"fusion-layout-column fusion_builder_column fusion-builder-column-2 fusion_builder_column_1_2 1_2 fusion-flex-column\" style=\"--awb-bg-size:cover;--awb-width-large:50%;--awb-margin-top-large:0px;--awb-spacing-right-large:3.84%;--awb-margin-bottom-large:20px;--awb-spacing-left-large:3.84%;--awb-width-medium:50%;--awb-order-medium:0;--awb-spacing-right-medium:3.84%;--awb-spacing-left-medium:3.84%;--awb-width-small:100%;--awb-order-small:0;--awb-spacing-right-small:1.92%;--awb-spacing-left-small:1.92%;\"><div class=\"fusion-column-wrapper fusion-column-has-shadow fusion-flex-justify-content-flex-start fusion-content-layout-column\"><div class=\"fusion-image-element \" style=\"text-align:center;--awb-caption-title-font-family:var(--h2_typography-font-family);--awb-caption-title-font-weight:var(--h2_typography-font-weight);--awb-caption-title-font-style:var(--h2_typography-font-style);--awb-caption-title-size:var(--h2_typography-font-size);--awb-caption-title-transform:var(--h2_typography-text-transform);--awb-caption-title-line-height:var(--h2_typography-line-height);--awb-caption-title-letter-spacing:var(--h2_typography-letter-spacing);\"><span class=\" fusion-imageframe imageframe-none imageframe-2 hover-type-none\"><img decoding=\"async\" src=\"data:image\/gif;base64,R0lGODlhAQABAAAAACH5BAEKAAEALAAAAAABAAEAAAICTAEAOw==\" data-orig-src=\"https:\/\/rentacaringreece.de\/wp-content\/uploads\/2025\/01\/Kassandra-21.jpg\" alt class=\"lazyload img-responsive\"\/><\/span><\/div><\/div><\/div><div class=\"fusion-layout-column fusion_builder_column fusion-builder-column-3 fusion_builder_column_1_1 1_1 fusion-flex-column\" style=\"--awb-bg-size:cover;--awb-width-large:100%;--awb-margin-top-large:0px;--awb-spacing-right-large:1.92%;--awb-margin-bottom-large:20px;--awb-spacing-left-large:1.92%;--awb-width-medium:100%;--awb-order-medium:0;--awb-spacing-right-medium:1.92%;--awb-spacing-left-medium:1.92%;--awb-width-small:100%;--awb-order-small:0;--awb-spacing-right-small:1.92%;--awb-spacing-left-small:1.92%;\"><div class=\"fusion-column-wrapper fusion-column-has-shadow fusion-flex-justify-content-flex-start fusion-content-layout-column\"><div class=\"fusion-text fusion-text-2\"><h3 style=\"text-align: center;\"><strong>Kassandra \u2013 Plages, D\u00e9tente et Vie Nocturne<\/strong><\/h3>\n<p>Kassandra, la p\u00e9ninsule la plus \u00e0 l&rsquo;ouest, est connue pour ses plages de sable dor\u00e9, ses complexes de luxe et sa vie nocturne anim\u00e9e. Si vous aimez les eaux cristallines et les plages am\u00e9nag\u00e9es, il vaut la peine de visiter <strong>Sani Beach, Poseidi et Pefkochori<\/strong>. Ici, vous pouvez non seulement nager et vous d\u00e9tendre, mais aussi essayer des sports nautiques comme le jet-ski et la plong\u00e9e. Le soir, Kallithea vous invite \u00e0 vivre des moments inoubliables dans ses c\u00e9l\u00e8bres bars de plage et bo\u00eetes de nuit. Avec une voiture de location, vous pouvez vous d\u00e9placer facilement entre les diff\u00e9rentes zones et profiter pleinement de votre s\u00e9jour.<\/p>\n<\/div><\/div><\/div><div class=\"fusion-layout-column fusion_builder_column fusion-builder-column-4 fusion_builder_column_1_2 1_2 fusion-flex-column\" style=\"--awb-bg-size:cover;--awb-width-large:50%;--awb-margin-top-large:0px;--awb-spacing-right-large:3.84%;--awb-margin-bottom-large:20px;--awb-spacing-left-large:3.84%;--awb-width-medium:50%;--awb-order-medium:0;--awb-spacing-right-medium:3.84%;--awb-spacing-left-medium:3.84%;--awb-width-small:100%;--awb-order-small:0;--awb-spacing-right-small:1.92%;--awb-spacing-left-small:1.92%;\"><div class=\"fusion-column-wrapper fusion-column-has-shadow fusion-flex-justify-content-flex-start fusion-content-layout-column\"><div class=\"fusion-image-element \" style=\"text-align:center;--awb-caption-title-font-family:var(--h2_typography-font-family);--awb-caption-title-font-weight:var(--h2_typography-font-weight);--awb-caption-title-font-style:var(--h2_typography-font-style);--awb-caption-title-size:var(--h2_typography-font-size);--awb-caption-title-transform:var(--h2_typography-text-transform);--awb-caption-title-line-height:var(--h2_typography-line-height);--awb-caption-title-letter-spacing:var(--h2_typography-letter-spacing);\"><span class=\" fusion-imageframe imageframe-none imageframe-3 hover-type-none\"><img decoding=\"async\" src=\"data:image\/gif;base64,R0lGODlhAQABAAAAACH5BAEKAAEALAAAAAABAAEAAAICTAEAOw==\" data-orig-src=\"https:\/\/rentacaringreece.de\/wp-content\/uploads\/2025\/01\/Sithoniae12.jpg\" alt class=\"lazyload img-responsive\"\/><\/span><\/div><\/div><\/div><div class=\"fusion-layout-column fusion_builder_column fusion-builder-column-5 fusion_builder_column_1_2 1_2 fusion-flex-column\" style=\"--awb-bg-size:cover;--awb-width-large:50%;--awb-margin-top-large:0px;--awb-spacing-right-large:3.84%;--awb-margin-bottom-large:20px;--awb-spacing-left-large:3.84%;--awb-width-medium:50%;--awb-order-medium:0;--awb-spacing-right-medium:3.84%;--awb-spacing-left-medium:3.84%;--awb-width-small:100%;--awb-order-small:0;--awb-spacing-right-small:1.92%;--awb-spacing-left-small:1.92%;\"><div class=\"fusion-column-wrapper fusion-column-has-shadow fusion-flex-justify-content-flex-start fusion-content-layout-column\"><div class=\"fusion-image-element \" style=\"text-align:center;--awb-caption-title-font-family:var(--h2_typography-font-family);--awb-caption-title-font-weight:var(--h2_typography-font-weight);--awb-caption-title-font-style:var(--h2_typography-font-style);--awb-caption-title-size:var(--h2_typography-font-size);--awb-caption-title-transform:var(--h2_typography-text-transform);--awb-caption-title-line-height:var(--h2_typography-line-height);--awb-caption-title-letter-spacing:var(--h2_typography-letter-spacing);\"><span class=\" fusion-imageframe imageframe-none imageframe-4 hover-type-none\"><img decoding=\"async\" src=\"data:image\/gif;base64,R0lGODlhAQABAAAAACH5BAEKAAEALAAAAAABAAEAAAICTAEAOw==\" data-orig-src=\"https:\/\/rentacaringreece.de\/wp-content\/uploads\/2025\/01\/Sithonia.jpg\" alt class=\"lazyload img-responsive\"\/><\/span><\/div><\/div><\/div><div class=\"fusion-layout-column fusion_builder_column fusion-builder-column-6 fusion_builder_column_1_1 1_1 fusion-flex-column\" style=\"--awb-bg-size:cover;--awb-width-large:100%;--awb-margin-top-large:0px;--awb-spacing-right-large:1.92%;--awb-margin-bottom-large:20px;--awb-spacing-left-large:1.92%;--awb-width-medium:100%;--awb-order-medium:0;--awb-spacing-right-medium:1.92%;--awb-spacing-left-medium:1.92%;--awb-width-small:100%;--awb-order-small:0;--awb-spacing-right-small:1.92%;--awb-spacing-left-small:1.92%;\"><div class=\"fusion-column-wrapper fusion-column-has-shadow fusion-flex-justify-content-flex-start fusion-content-layout-column\"><div class=\"fusion-text fusion-text-3\"><h3 style=\"text-align: center;\"><strong>Sithonia \u2013 Le paradis de la nature en Chalcidique<\/strong><\/h3>\n<p>La p\u00e9ninsule centrale, <strong>Sithonia<\/strong>, offre une atmosph\u00e8re compl\u00e8tement diff\u00e9rente. Ici, vous trouverez une nature pr\u00e9serv\u00e9e, des villages pittoresques et certaines des plus belles plages de Gr\u00e8ce. Conduisez le long de la route c\u00f4ti\u00e8re avec votre voiture de location et d\u00e9couvrez des criques secr\u00e8tes aux eaux turquoise, comme <strong>les Cavouri, la plage de Karydi et Kalamitsi<\/strong>. Sithonia est id\u00e9ale pour les amoureux de la nature et ceux qui souhaitent \u00e9chapper \u00e0 l&rsquo;agitation. \u00c0 Porto Koufo, l&rsquo;un des plus grands ports naturels de Gr\u00e8ce, vous pouvez d\u00e9guster du poisson frais et vous d\u00e9tendre dans une atmosph\u00e8re paisible.<\/p>\n<\/div><\/div><\/div><div class=\"fusion-layout-column fusion_builder_column fusion-builder-column-7 fusion_builder_column_1_2 1_2 fusion-flex-column\" style=\"--awb-bg-size:cover;--awb-width-large:50%;--awb-margin-top-large:0px;--awb-spacing-right-large:3.84%;--awb-margin-bottom-large:20px;--awb-spacing-left-large:3.84%;--awb-width-medium:50%;--awb-order-medium:0;--awb-spacing-right-medium:3.84%;--awb-spacing-left-medium:3.84%;--awb-width-small:100%;--awb-order-small:0;--awb-spacing-right-small:1.92%;--awb-spacing-left-small:1.92%;\"><div class=\"fusion-column-wrapper fusion-column-has-shadow fusion-flex-justify-content-flex-start fusion-content-layout-column\"><div class=\"fusion-image-element \" style=\"text-align:center;--awb-caption-title-font-family:var(--h2_typography-font-family);--awb-caption-title-font-weight:var(--h2_typography-font-weight);--awb-caption-title-font-style:var(--h2_typography-font-style);--awb-caption-title-size:var(--h2_typography-font-size);--awb-caption-title-transform:var(--h2_typography-text-transform);--awb-caption-title-line-height:var(--h2_typography-line-height);--awb-caption-title-letter-spacing:var(--h2_typography-letter-spacing);\"><span class=\" fusion-imageframe imageframe-none imageframe-5 hover-type-none\"><img decoding=\"async\" src=\"data:image\/gif;base64,R0lGODlhAQABAAAAACH5BAEKAAEALAAAAAABAAEAAAICTAEAOw==\" data-orig-src=\"https:\/\/rentacaringreece.de\/wp-content\/uploads\/2025\/01\/Amoul.jpg\" alt class=\"lazyload img-responsive\"\/><\/span><\/div><\/div><\/div><div class=\"fusion-layout-column fusion_builder_column fusion-builder-column-8 fusion_builder_column_1_2 1_2 fusion-flex-column\" style=\"--awb-bg-size:cover;--awb-width-large:50%;--awb-margin-top-large:0px;--awb-spacing-right-large:3.84%;--awb-margin-bottom-large:20px;--awb-spacing-left-large:3.84%;--awb-width-medium:50%;--awb-order-medium:0;--awb-spacing-right-medium:3.84%;--awb-spacing-left-medium:3.84%;--awb-width-small:100%;--awb-order-small:0;--awb-spacing-right-small:1.92%;--awb-spacing-left-small:1.92%;\"><div class=\"fusion-column-wrapper fusion-column-has-shadow fusion-flex-justify-content-flex-start fusion-content-layout-column\"><div class=\"fusion-image-element \" style=\"--awb-caption-title-font-family:var(--h2_typography-font-family);--awb-caption-title-font-weight:var(--h2_typography-font-weight);--awb-caption-title-font-style:var(--h2_typography-font-style);--awb-caption-title-size:var(--h2_typography-font-size);--awb-caption-title-transform:var(--h2_typography-text-transform);--awb-caption-title-line-height:var(--h2_typography-line-height);--awb-caption-title-letter-spacing:var(--h2_typography-letter-spacing);\"><span class=\" fusion-imageframe imageframe-none imageframe-6 hover-type-none\"><img decoding=\"async\" src=\"data:image\/gif;base64,R0lGODlhAQABAAAAACH5BAEKAAEALAAAAAABAAEAAAICTAEAOw==\" data-orig-src=\"https:\/\/rentacaringreece.de\/wp-content\/uploads\/2025\/01\/Amoeuw.jpg\" alt class=\"lazyload img-responsive\"\/><\/span><\/div><\/div><\/div><div class=\"fusion-layout-column fusion_builder_column fusion-builder-column-9 fusion_builder_column_1_1 1_1 fusion-flex-column\" style=\"--awb-bg-size:cover;--awb-width-large:100%;--awb-margin-top-large:0px;--awb-spacing-right-large:1.92%;--awb-margin-bottom-large:20px;--awb-spacing-left-large:1.92%;--awb-width-medium:100%;--awb-order-medium:0;--awb-spacing-right-medium:1.92%;--awb-spacing-left-medium:1.92%;--awb-width-small:100%;--awb-order-small:0;--awb-spacing-right-small:1.92%;--awb-spacing-left-small:1.92%;\"><div class=\"fusion-column-wrapper fusion-column-has-shadow fusion-flex-justify-content-flex-start fusion-content-layout-column\"><div class=\"fusion-text fusion-text-4\"><h3 style=\"text-align: center;\"><strong>Amouliani \u2013 Le diamant cach\u00e9 des \u00eeles<\/strong><\/h3>\n<p>Si vous souhaitez vivre une exp\u00e9rience vraiment unique, il vaut la peine de visiter la petite \u00eele <strong>Amouliani<\/strong>. Situ\u00e9e en face d&rsquo;Uranopolis, c&rsquo;est la seule \u00eele habit\u00e9e de Chalcidique. Prenez le ferry depuis Tripiti et d\u00e9couvrez les plages \u00e9tonnantes de <strong>Alikes, Karagatsia et Megali Ammos<\/strong>. Amouliani se distingue par son atmosph\u00e8re relaxante, ses eaux cristallines et ses tavernes traditionnelles o\u00f9 vous pouvez d\u00e9guster des poissons frais et des fruits de mer.<\/p>\n<h3 style=\"text-align: center;\"><strong>Pourquoi louer une voiture chez RentaCarinGreece ?<\/strong><\/h3>\n<p>Pour explorer la Chalcidique \u00e0 votre rythme, une <strong>voiture de location est le meilleur choix<\/strong>. Les transports en commun ne sont pas toujours fiables ou bien connect\u00e9s, donc avec votre propre v\u00e9hicule, vous avez beaucoup plus de libert\u00e9. Voici quelques-uns des avantages de la location de voiture chez <strong>RentaCarinGreece<\/strong> :<\/p>\n<ul>\n<li><strong>Flexibilit\u00e9 maximale<\/strong> \u2013 Voyagez selon votre propre emploi du temps et d\u00e9couvrez m\u00eame les endroits les plus \u00e9loign\u00e9s.<\/li>\n<li><strong>Confort &amp; s\u00e9curit\u00e9<\/strong> \u2013 Des v\u00e9hicules modernes et bien entretenus, id\u00e9aux pour les routes grecques.<\/li>\n<li><strong>Facilit\u00e9 de prise en charge &amp; de retour<\/strong> \u2013 \u00c0 l&rsquo;a\u00e9roport de Thessalonique ou \u00e0 l&rsquo;endroit de votre choix.<\/li>\n<li><strong>Tarifs \u00e9conomiques &amp; service exceptionnel<\/strong> \u2013 Profitez de nos offres attractives et d&rsquo;un service client de qualit\u00e9 sup\u00e9rieure.<\/li>\n<\/ul>\n<h3 style=\"text-align: center;\"><strong>Conseils pour votre circuit routier en Chalcidique<\/strong><\/h3>\n<ul>\n<li>Planifiez un <strong>itin\u00e9raire d&rsquo;une journ\u00e9e<\/strong> pour visiter plusieurs plages et villages en une journ\u00e9e.<\/li>\n<li>Ne manquez pas le coucher de soleil \u00e0 <strong>Posidi<\/strong> ou \u00e0 <strong>Neos Marmaras<\/strong> \u2013 une exp\u00e9rience inoubliable.<\/li>\n<li>Visitez des villages traditionnels comme <strong>Afitos<\/strong> pour d\u00e9couvrir l&rsquo;authentique culture grecque.<\/li>\n<li>Apportez votre \u00e9quipement de plong\u00e9e \u2013 le monde sous-marin \u00e0 Sithonia et Amouliani est fascinant.<\/li>\n<li>Conduisez sur les <strong>routes panoramiques<\/strong> de Chalcidique, qui offrent une vue imprenable.<\/li>\n<\/ul>\n<h3 style=\"text-align: center;\"><strong>R\u00e9servez maintenant votre voiture et d\u00e9couvrez la Chalcidique !<\/strong><\/h3>\n<p>Louez d\u00e8s aujourd&rsquo;hui votre v\u00e9hicule chez <strong>RentaCarinGreece<\/strong> et profitez d&rsquo;un voyage inoubliable en Chalcidique. Que vous souhaitiez vous d\u00e9tendre, vivre des aventures ou d\u00e9couvrir de nouveaux lieux, avec une voiture de location, il n&rsquo;y a aucune limite \u00e0 vos exp\u00e9riences.<\/p>\n<p><strong>Vos vacances de r\u00eave en Chalcidique commencent avec RentaCarinGreece !<\/strong><\/p>\n<\/div><\/div><\/div><div class=\"fusion-layout-column fusion_builder_column fusion-builder-column-10 fusion_builder_column_1_1 1_1 fusion-flex-column fusion-flex-align-self-center\" style=\"--awb-bg-size:cover;--awb-width-large:100%;--awb-margin-top-large:0px;--awb-spacing-right-large:1.92%;--awb-margin-bottom-large:20px;--awb-spacing-left-large:1.92%;--awb-width-medium:100%;--awb-order-medium:0;--awb-spacing-right-medium:1.92%;--awb-spacing-left-medium:1.92%;--awb-width-small:100%;--awb-order-small:0;--awb-spacing-right-small:1.92%;--awb-spacing-left-small:1.92%;\" data-scroll-devices=\"small-visibility,medium-visibility,large-visibility\"><div class=\"fusion-column-wrapper fusion-column-has-shadow fusion-flex-justify-content-flex-start fusion-content-layout-column\"><iframe class=\"fusion-hidden\" data-privacy-type=\"gmaps\" src=\"\" style=\"border: 0;\" data-privacy-src=\"https:\/\/www.google.com\/maps\/embed?pb=!1m18!1m12!1m3!1d779293.1662450107!2d23.02690951056697!3d40.2732193139458!2m3!1f0!2f0!3f0!3m2!1i1024!2i768!4f13.1!3m3!1m2!1s0x14a88f04f98cc323%3A0x300bd2ce2b9c3b0!2zzqfOsc67zrrOuc60zrnOus6u!5e0!3m2!1sel!2sgr!4v1737300352778!5m2!1sel!2sgr\" width=\"600\" height=\"450\" style=\"border:0;\" allowfullscreen=\"\" loading=\"lazy\" referrerpolicy=\"no-referrer-when-downgrade\"><\/iframe><div class=\"fusion-privacy-placeholder\" style=\"width:600px; height:450px;\" data-privacy-type=\"gmaps\"><div class=\"fusion-privacy-placeholder-content\"><div class=\"fusion-privacy-label\">For privacy reasons Google Maps needs your permission to be loaded.<\/div><button data-privacy-type=\"gmaps\" class=\"fusion-button button-default fusion-button-default-size button fusion-privacy-consent\">I Accept<\/button><\/div><\/div> <\/div><\/div><\/div><\/div>\n","protected":false},"excerpt":{"rendered":"","protected":false},"author":1,"featured_media":0,"parent":0,"menu_order":0,"comment_status":"closed","ping_status":"closed","template":"100-width.php","meta":{"footnotes":""},"class_list":["post-8650","page","type-page","status-publish","hentry"],"_links":{"self":[{"href":"https:\/\/rentacaringreece.eu\/fr\/wp-json\/wp\/v2\/pages\/8650","targetHints":{"allow":["GET"]}}],"collection":[{"href":"https:\/\/rentacaringreece.eu\/fr\/wp-json\/wp\/v2\/pages"}],"about":[{"href":"https:\/\/rentacaringreece.eu\/fr\/wp-json\/wp\/v2\/types\/page"}],"author":[{"embeddable":true,"href":"https:\/\/rentacaringreece.eu\/fr\/wp-json\/wp\/v2\/users\/1"}],"replies":[{"embeddable":true,"href":"https:\/\/rentacaringreece.eu\/fr\/wp-json\/wp\/v2\/comments?post=8650"}],"version-history":[{"count":3,"href":"https:\/\/rentacaringreece.eu\/fr\/wp-json\/wp\/v2\/pages\/8650\/revisions"}],"predecessor-version":[{"id":8653,"href":"https:\/\/rentacaringreece.eu\/fr\/wp-json\/wp\/v2\/pages\/8650\/revisions\/8653"}],"wp:attachment":[{"href":"https:\/\/rentacaringreece.eu\/fr\/wp-json\/wp\/v2\/media?parent=8650"}],"curies":[{"name":"wp","href":"https:\/\/api.w.org\/{rel}","templated":true}]}}