{"id":8659,"date":"2025-02-23T11:38:36","date_gmt":"2025-02-23T09:38:36","guid":{"rendered":"https:\/\/rentacaringreece.eu\/?page_id=8659"},"modified":"2025-02-23T17:31:23","modified_gmt":"2025-02-23T15:31:23","slug":"location-de-voiture-volos-pelion-skiathos","status":"publish","type":"page","link":"https:\/\/rentacaringreece.eu\/fr\/location-de-voiture-volos-pelion-skiathos\/","title":{"rendered":"Location de voiture Volos \/ P\u00e9lion \/ Skiathos"},"content":{"rendered":"<div class=\"fusion-fullwidth fullwidth-box fusion-builder-row-1 fusion-flex-container has-pattern-background has-mask-background nonhundred-percent-fullwidth non-hundred-percent-height-scrolling\" style=\"--awb-border-radius-top-left:0px;--awb-border-radius-top-right:0px;--awb-border-radius-bottom-right:0px;--awb-border-radius-bottom-left:0px;--awb-margin-top:80px;--awb-flex-wrap:wrap;\" ><div class=\"fusion-builder-row fusion-row fusion-flex-align-items-flex-start fusion-flex-content-wrap\" style=\"max-width:1497.6px;margin-left: calc(-4% \/ 2 );margin-right: calc(-4% \/ 2 );\"><div class=\"fusion-layout-column fusion_builder_column fusion-builder-column-0 fusion_builder_column_1_1 1_1 fusion-flex-column\" style=\"--awb-bg-size:cover;--awb-width-large:100%;--awb-margin-top-large:0px;--awb-spacing-right-large:1.92%;--awb-margin-bottom-large:20px;--awb-spacing-left-large:1.92%;--awb-width-medium:100%;--awb-order-medium:0;--awb-spacing-right-medium:1.92%;--awb-spacing-left-medium:1.92%;--awb-width-small:100%;--awb-order-small:0;--awb-spacing-right-small:1.92%;--awb-spacing-left-small:1.92%;\"><div class=\"fusion-column-wrapper fusion-column-has-shadow fusion-flex-justify-content-flex-start fusion-content-layout-column\"><div class=\"fusion-text fusion-text-1\"><h1 style=\"text-align: center;\"><strong>D\u00e9couvrez Volos, Pilio et Skiathos avec une voiture de location de RentaCarinGreece !<\/strong><\/h1>\n<p>Bienvenue en Gr\u00e8ce ! Si vous planifiez un voyage dans une r\u00e9gion avec une nature impressionnante, de magnifiques plages et une riche histoire, alors <strong>Volos, Pilio et Skiathos<\/strong> sont des destinations id\u00e9ales. Avec une <strong>voiture de location de RentaCarinGreece<\/strong>, vous avez la libert\u00e9 d&rsquo;explorer ces lieux enchanteurs \u00e0 votre propre rythme et de vivre chaque jour une nouvelle aventure.<\/p>\n<\/div><\/div><\/div><div class=\"fusion-layout-column fusion_builder_column fusion-builder-column-1 fusion_builder_column_1_2 1_2 fusion-flex-column\" style=\"--awb-bg-size:cover;--awb-width-large:50%;--awb-margin-top-large:0px;--awb-spacing-right-large:3.84%;--awb-margin-bottom-large:20px;--awb-spacing-left-large:3.84%;--awb-width-medium:50%;--awb-order-medium:0;--awb-spacing-right-medium:3.84%;--awb-spacing-left-medium:3.84%;--awb-width-small:100%;--awb-order-small:0;--awb-spacing-right-small:1.92%;--awb-spacing-left-small:1.92%;\"><div class=\"fusion-column-wrapper fusion-column-has-shadow fusion-flex-justify-content-flex-start fusion-content-layout-column\"><div class=\"fusion-image-element \" style=\"text-align:center;--awb-caption-title-font-family:var(--h2_typography-font-family);--awb-caption-title-font-weight:var(--h2_typography-font-weight);--awb-caption-title-font-style:var(--h2_typography-font-style);--awb-caption-title-size:var(--h2_typography-font-size);--awb-caption-title-transform:var(--h2_typography-text-transform);--awb-caption-title-line-height:var(--h2_typography-line-height);--awb-caption-title-letter-spacing:var(--h2_typography-letter-spacing);\"><span class=\" fusion-imageframe imageframe-none imageframe-1 hover-type-none\"><img decoding=\"async\" src=\"data:image\/gif;base64,R0lGODlhAQABAAAAACH5BAEKAAEALAAAAAABAAEAAAICTAEAOw==\" data-orig-src=\"https:\/\/rentacaringreece.de\/wp-content\/uploads\/2025\/01\/ev1.jpg\" alt class=\"lazyload img-responsive\"\/><\/span><\/div><\/div><\/div><div class=\"fusion-layout-column fusion_builder_column fusion-builder-column-2 fusion_builder_column_1_2 1_2 fusion-flex-column\" style=\"--awb-bg-size:cover;--awb-width-large:50%;--awb-margin-top-large:0px;--awb-spacing-right-large:3.84%;--awb-margin-bottom-large:20px;--awb-spacing-left-large:3.84%;--awb-width-medium:50%;--awb-order-medium:0;--awb-spacing-right-medium:3.84%;--awb-spacing-left-medium:3.84%;--awb-width-small:100%;--awb-order-small:0;--awb-spacing-right-small:1.92%;--awb-spacing-left-small:1.92%;\"><div class=\"fusion-column-wrapper fusion-column-has-shadow fusion-flex-justify-content-flex-start fusion-content-layout-column\"><div class=\"fusion-image-element \" style=\"text-align:center;--awb-caption-title-font-family:var(--h2_typography-font-family);--awb-caption-title-font-weight:var(--h2_typography-font-weight);--awb-caption-title-font-style:var(--h2_typography-font-style);--awb-caption-title-size:var(--h2_typography-font-size);--awb-caption-title-transform:var(--h2_typography-text-transform);--awb-caption-title-line-height:var(--h2_typography-line-height);--awb-caption-title-letter-spacing:var(--h2_typography-letter-spacing);\"><span class=\" fusion-imageframe imageframe-none imageframe-2 hover-type-none\"><img decoding=\"async\" src=\"data:image\/gif;base64,R0lGODlhAQABAAAAACH5BAEKAAEALAAAAAABAAEAAAICTAEAOw==\" data-orig-src=\"https:\/\/rentacaringreece.de\/wp-content\/uploads\/2025\/01\/Voldfkw.jpg\" alt class=\"lazyload img-responsive\"\/><\/span><\/div><\/div><\/div><div class=\"fusion-layout-column fusion_builder_column fusion-builder-column-3 fusion_builder_column_1_1 1_1 fusion-flex-column\" style=\"--awb-bg-size:cover;--awb-width-large:100%;--awb-margin-top-large:0px;--awb-spacing-right-large:1.92%;--awb-margin-bottom-large:20px;--awb-spacing-left-large:1.92%;--awb-width-medium:100%;--awb-order-medium:0;--awb-spacing-right-medium:1.92%;--awb-spacing-left-medium:1.92%;--awb-width-small:100%;--awb-order-small:0;--awb-spacing-right-small:1.92%;--awb-spacing-left-small:1.92%;\"><div class=\"fusion-column-wrapper fusion-column-has-shadow fusion-flex-justify-content-flex-start fusion-content-layout-column\"><div class=\"fusion-text fusion-text-2\"><h3 style=\"text-align: center;\"><strong>Volos \u2013 La charmante ville c\u00f4ti\u00e8re avec une riche histoire<\/strong><\/h3>\n<p>Volos, une ville c\u00f4ti\u00e8re anim\u00e9e situ\u00e9e dans le golfe Pagas\u00e9tique, est la porte d&rsquo;entr\u00e9e id\u00e9ale pour la p\u00e9ninsule de Pilio. La ville est connue pour sa <strong>culture du tsipouro<\/strong>, ses nombreuses tavernes et sa magnifique plage. Avec votre voiture de location, vous pouvez explorer les sites arch\u00e9ologiques de <strong>Dimini et Sesklo<\/strong> ou partir en excursion sur la montagne Pilio.<\/p>\n<\/div><\/div><\/div><div class=\"fusion-layout-column fusion_builder_column fusion-builder-column-4 fusion_builder_column_1_2 1_2 fusion-flex-column\" style=\"--awb-bg-size:cover;--awb-width-large:50%;--awb-margin-top-large:0px;--awb-spacing-right-large:3.84%;--awb-margin-bottom-large:20px;--awb-spacing-left-large:3.84%;--awb-width-medium:50%;--awb-order-medium:0;--awb-spacing-right-medium:3.84%;--awb-spacing-left-medium:3.84%;--awb-width-small:100%;--awb-order-small:0;--awb-spacing-right-small:1.92%;--awb-spacing-left-small:1.92%;\"><div class=\"fusion-column-wrapper fusion-column-has-shadow fusion-flex-justify-content-flex-start fusion-content-layout-column\"><div class=\"fusion-image-element \" style=\"text-align:center;--awb-caption-title-font-family:var(--h2_typography-font-family);--awb-caption-title-font-weight:var(--h2_typography-font-weight);--awb-caption-title-font-style:var(--h2_typography-font-style);--awb-caption-title-size:var(--h2_typography-font-size);--awb-caption-title-transform:var(--h2_typography-text-transform);--awb-caption-title-line-height:var(--h2_typography-line-height);--awb-caption-title-letter-spacing:var(--h2_typography-letter-spacing);\"><span class=\" fusion-imageframe imageframe-none imageframe-3 hover-type-none\"><img decoding=\"async\" src=\"data:image\/gif;base64,R0lGODlhAQABAAAAACH5BAEKAAEALAAAAAABAAEAAAICTAEAOw==\" data-orig-src=\"https:\/\/rentacaringreece.de\/wp-content\/uploads\/2025\/01\/Vili.jpg\" alt class=\"lazyload img-responsive\"\/><\/span><\/div><\/div><\/div><div class=\"fusion-layout-column fusion_builder_column fusion-builder-column-5 fusion_builder_column_1_2 1_2 fusion-flex-column\" style=\"--awb-bg-size:cover;--awb-width-large:50%;--awb-margin-top-large:0px;--awb-spacing-right-large:3.84%;--awb-margin-bottom-large:20px;--awb-spacing-left-large:3.84%;--awb-width-medium:50%;--awb-order-medium:0;--awb-spacing-right-medium:3.84%;--awb-spacing-left-medium:3.84%;--awb-width-small:100%;--awb-order-small:0;--awb-spacing-right-small:1.92%;--awb-spacing-left-small:1.92%;\"><div class=\"fusion-column-wrapper fusion-column-has-shadow fusion-flex-justify-content-flex-start fusion-content-layout-column\"><div class=\"fusion-image-element \" style=\"text-align:center;--awb-caption-title-font-family:var(--h2_typography-font-family);--awb-caption-title-font-weight:var(--h2_typography-font-weight);--awb-caption-title-font-style:var(--h2_typography-font-style);--awb-caption-title-size:var(--h2_typography-font-size);--awb-caption-title-transform:var(--h2_typography-text-transform);--awb-caption-title-line-height:var(--h2_typography-line-height);--awb-caption-title-letter-spacing:var(--h2_typography-letter-spacing);\"><span class=\" fusion-imageframe imageframe-none imageframe-4 hover-type-none\"><img decoding=\"async\" src=\"data:image\/gif;base64,R0lGODlhAQABAAAAACH5BAEKAAEALAAAAAABAAEAAAICTAEAOw==\" data-orig-src=\"https:\/\/rentacaringreece.de\/wp-content\/uploads\/2025\/01\/piliowe.jpg\" alt class=\"lazyload img-responsive\"\/><\/span><\/div><\/div><\/div><div class=\"fusion-layout-column fusion_builder_column fusion-builder-column-6 fusion_builder_column_1_1 1_1 fusion-flex-column\" style=\"--awb-bg-size:cover;--awb-width-large:100%;--awb-margin-top-large:0px;--awb-spacing-right-large:1.92%;--awb-margin-bottom-large:20px;--awb-spacing-left-large:1.92%;--awb-width-medium:100%;--awb-order-medium:0;--awb-spacing-right-medium:1.92%;--awb-spacing-left-medium:1.92%;--awb-width-small:100%;--awb-order-small:0;--awb-spacing-right-small:1.92%;--awb-spacing-left-small:1.92%;\"><div class=\"fusion-column-wrapper fusion-column-has-shadow fusion-flex-justify-content-flex-start fusion-content-layout-column\"><div class=\"fusion-text fusion-text-3\"><h3 style=\"text-align: center;\"><strong>P\u00e9lion \u2013 Le paradis montagnard magique<\/strong><\/h3>\n<p>Le P\u00e9lion est un v\u00e9ritable paradis naturel et offre une multitude d&rsquo;activit\u00e9s aussi bien en \u00e9t\u00e9 qu&rsquo;en hiver. Les pittoresques villages de montagne <strong>Makrinitsa, Tsagarada et Portaria<\/strong> impressionnent par leur architecture traditionnelle et leur vue imprenable. D\u00e9couvrez avec votre voiture de location des plages comme <strong>Mylopotamos, Agios Ioannis et Fakistra<\/strong>, connues pour leurs eaux cristallines et leurs formations rocheuses impressionnantes. Le P\u00e9lion est id\u00e9al pour les amoureux de la nature, les randonneurs et tous ceux qui souhaitent vivre la Gr\u00e8ce authentique.<\/p>\n<\/div><\/div><\/div><div class=\"fusion-layout-column fusion_builder_column fusion-builder-column-7 fusion_builder_column_1_2 1_2 fusion-flex-column\" style=\"--awb-bg-size:cover;--awb-width-large:50%;--awb-margin-top-large:0px;--awb-spacing-right-large:3.84%;--awb-margin-bottom-large:20px;--awb-spacing-left-large:3.84%;--awb-width-medium:50%;--awb-order-medium:0;--awb-spacing-right-medium:3.84%;--awb-spacing-left-medium:3.84%;--awb-width-small:100%;--awb-order-small:0;--awb-spacing-right-small:1.92%;--awb-spacing-left-small:1.92%;\"><div class=\"fusion-column-wrapper fusion-column-has-shadow fusion-flex-justify-content-flex-start fusion-content-layout-column\"><div class=\"fusion-image-element \" style=\"text-align:center;--awb-caption-title-font-family:var(--h2_typography-font-family);--awb-caption-title-font-weight:var(--h2_typography-font-weight);--awb-caption-title-font-style:var(--h2_typography-font-style);--awb-caption-title-size:var(--h2_typography-font-size);--awb-caption-title-transform:var(--h2_typography-text-transform);--awb-caption-title-line-height:var(--h2_typography-line-height);--awb-caption-title-letter-spacing:var(--h2_typography-letter-spacing);\"><span class=\" fusion-imageframe imageframe-none imageframe-5 hover-type-none\"><img decoding=\"async\" src=\"data:image\/gif;base64,R0lGODlhAQABAAAAACH5BAEKAAEALAAAAAABAAEAAAICTAEAOw==\" data-orig-src=\"https:\/\/rentacaringreece.de\/wp-content\/uploads\/2025\/01\/Skiathos.jpg\" alt class=\"lazyload img-responsive\"\/><\/span><\/div><\/div><\/div><div class=\"fusion-layout-column fusion_builder_column fusion-builder-column-8 fusion_builder_column_1_2 1_2 fusion-flex-column\" style=\"--awb-bg-size:cover;--awb-width-large:50%;--awb-margin-top-large:0px;--awb-spacing-right-large:3.84%;--awb-margin-bottom-large:20px;--awb-spacing-left-large:3.84%;--awb-width-medium:50%;--awb-order-medium:0;--awb-spacing-right-medium:3.84%;--awb-spacing-left-medium:3.84%;--awb-width-small:100%;--awb-order-small:0;--awb-spacing-right-small:1.92%;--awb-spacing-left-small:1.92%;\"><div class=\"fusion-column-wrapper fusion-column-has-shadow fusion-flex-justify-content-flex-start fusion-content-layout-column\"><div class=\"fusion-image-element \" style=\"text-align:center;--awb-caption-title-font-family:var(--h2_typography-font-family);--awb-caption-title-font-weight:var(--h2_typography-font-weight);--awb-caption-title-font-style:var(--h2_typography-font-style);--awb-caption-title-size:var(--h2_typography-font-size);--awb-caption-title-transform:var(--h2_typography-text-transform);--awb-caption-title-line-height:var(--h2_typography-line-height);--awb-caption-title-letter-spacing:var(--h2_typography-letter-spacing);\"><span class=\" fusion-imageframe imageframe-none imageframe-6 hover-type-none\"><img decoding=\"async\" width=\"1500\" height=\"844\" title=\"Thessaloniki\" src=\"data:image\/svg+xml,%3Csvg%20xmlns%3D%27http%3A%2F%2Fwww.w3.org%2F2000%2Fsvg%27%20width%3D%271500%27%20height%3D%27844%27%20viewBox%3D%270%200%201500%20844%27%3E%3Crect%20width%3D%271500%27%20height%3D%27844%27%20fill-opacity%3D%220%22%2F%3E%3C%2Fsvg%3E\" data-orig-src=\"https:\/\/rentacaringreece.de\/wp-content\/uploads\/2025\/01\/saihew.jpg\" alt class=\"lazyload img-responsive wp-image-9474\"\/><\/span><\/div><\/div><\/div><div class=\"fusion-layout-column fusion_builder_column fusion-builder-column-9 fusion_builder_column_1_1 1_1 fusion-flex-column\" style=\"--awb-bg-size:cover;--awb-width-large:100%;--awb-margin-top-large:0px;--awb-spacing-right-large:1.92%;--awb-margin-bottom-large:20px;--awb-spacing-left-large:1.92%;--awb-width-medium:100%;--awb-order-medium:0;--awb-spacing-right-medium:1.92%;--awb-spacing-left-medium:1.92%;--awb-width-small:100%;--awb-order-small:0;--awb-spacing-right-small:1.92%;--awb-spacing-left-small:1.92%;\"><div class=\"fusion-column-wrapper fusion-column-has-shadow fusion-flex-justify-content-flex-start fusion-content-layout-column\"><div class=\"fusion-text fusion-text-4\"><h3 style=\"text-align: center;\"><strong>Skiathos \u2013 Le joyau des Sporades<\/strong><\/h3>\n<p>\u00c0 seulement une courte travers\u00e9e en ferry depuis Volos, se trouve la magnifique \u00eele de <strong>Skiathos<\/strong>. R\u00e9put\u00e9e pour ses <strong>plages de sable dor\u00e9 et sa vie nocturne anim\u00e9e<\/strong>, Skiathos est l&rsquo;une des destinations les plus populaires de Gr\u00e8ce. Avec votre voiture de location, vous pouvez visiter les plus belles plages comme <strong>Koukounaries, Lalaria et Banana Beach<\/strong>. La vieille ville de Skiathos, avec ses ruelles \u00e9troites, ses caf\u00e9s chaleureux et ses tavernes traditionnelles, vous invite \u00e0 de paisibles promenades.<\/p>\n<h3 style=\"text-align: center;\"><strong>Pourquoi choisir une voiture de location chez RentaCarinGreece ?<\/strong><\/h3>\n<p>Avec une voiture de location, vous pouvez explorer la beaut\u00e9 de Volos, du P\u00e9lion et de Skiathos sans aucune contrainte. Les transports publics sont souvent limit\u00e9s, c&rsquo;est pourquoi une voiture est la meilleure option pour votre voyage. Les avantages de la location chez <strong>RentaCarinGreece<\/strong> :<\/p>\n<ul>\n<li><strong>Libert\u00e9 totale<\/strong> \u2013 Explorez la r\u00e9gion \u00e0 votre propre rythme et d\u00e9couvrez des tr\u00e9sors cach\u00e9s.<\/li>\n<li><strong>Confort &#038; s\u00e9curit\u00e9<\/strong> \u2013 Nos v\u00e9hicules modernes sont parfaits pour les conditions de conduite grecques.<\/li>\n<li><strong>Prise en charge &#038; retour pratiques<\/strong> \u2013 Directement \u00e0 l&rsquo;a\u00e9roport ou \u00e0 l&rsquo;endroit de votre choix.<\/li>\n<li><strong>Offres exceptionnelles &#038; service client de qualit\u00e9<\/strong> \u2013 Profitez de nos tarifs attractifs et de notre service client amical.<\/li>\n<\/ul>\n<h3 style=\"text-align: center;\"><strong>Conseils pour votre voyage \u00e0 Volos, P\u00e9lion et Skiathos<\/strong><\/h3>\n<ul>\n<li>Essayez l&rsquo;exp\u00e9rience authentique du <strong>tsipouro et des mezz\u00e9s<\/strong> \u00e0 Volos, dans l&rsquo;une des nombreuses tavernes.<\/li>\n<li>Visitez les villages traditionnels du P\u00e9lion et profitez de la vue imprenable.<\/li>\n<li>Faites une excursion en bateau vers les plages cach\u00e9es de Skiathos, notamment <strong>Lalaria Beach<\/strong>.<\/li>\n<li>D\u00e9couvrez les <strong>sentiers de montagne et de plage<\/strong> du P\u00e9lion pour une exp\u00e9rience inoubliable en pleine nature.<\/li>\n<li>Planifiez une <strong>excursion en ferry de Volos \u00e0 Skiathos<\/strong>, pour d\u00e9couvrir la beaut\u00e9 des Sporades.<\/li>\n<\/ul>\n<h3 style=\"text-align: center;\"><strong>R\u00e9servez d\u00e8s maintenant votre voiture et d\u00e9couvrez la magie de Volos, P\u00e9lion et Skiathos !<\/strong><\/h3>\n<p>Louez votre v\u00e9hicule aujourd&rsquo;hui chez <strong>RentaCarinGreece<\/strong> et vivez un voyage inoubliable \u00e0 travers <strong>Volos, P\u00e9lion et Skiathos<\/strong>. Que vous souhaitiez vous d\u00e9tendre, explorer ou vivre une aventure, avec une voiture de location, il n&rsquo;y a aucune limite !<\/p>\n<p style=\"text-align: left;\"><strong>Vos vacances de r\u00eave commencent avec RentaCarinGreece !<\/strong><\/p>\n<\/div><\/div><\/div><div class=\"fusion-layout-column fusion_builder_column fusion-builder-column-10 fusion_builder_column_1_1 1_1 fusion-flex-column\" style=\"--awb-bg-size:cover;--awb-width-large:100%;--awb-margin-top-large:0px;--awb-spacing-right-large:1.92%;--awb-margin-bottom-large:20px;--awb-spacing-left-large:1.92%;--awb-width-medium:100%;--awb-order-medium:0;--awb-spacing-right-medium:1.92%;--awb-spacing-left-medium:1.92%;--awb-width-small:100%;--awb-order-small:0;--awb-spacing-right-small:1.92%;--awb-spacing-left-small:1.92%;\"><div class=\"fusion-column-wrapper fusion-column-has-shadow fusion-flex-justify-content-flex-start fusion-content-layout-column\"><iframe class=\"fusion-hidden\" data-privacy-type=\"gmaps\" src=\"\" style=\"border: 0;\" data-privacy-src=\"https:\/\/www.google.com\/maps\/embed?pb=!1m18!1m12!1m3!1d24676.83192387048!2d22.92672060618199!3d39.36520363415373!2m3!1f0!2f0!3f0!3m2!1i1024!2i768!4f13.1!3m3!1m2!1s0x14a76c60e1af6cf1%3A0x5d6e8e390219aae2!2zzpLPjM67zr_Pgg!5e0!3m2!1sel!2sgr!4v1737304001749!5m2!1sel!2sgr\" width=\"600\" height=\"450\" style=\"border:0;\" allowfullscreen=\"\" loading=\"lazy\" referrerpolicy=\"no-referrer-when-downgrade\"><\/iframe><div class=\"fusion-privacy-placeholder\" style=\"width:600px; height:450px;\" data-privacy-type=\"gmaps\"><div class=\"fusion-privacy-placeholder-content\"><div class=\"fusion-privacy-label\">For privacy reasons Google Maps needs your permission to be loaded.<\/div><button data-privacy-type=\"gmaps\" class=\"fusion-button button-default fusion-button-default-size button fusion-privacy-consent\">I Accept<\/button><\/div><\/div> <\/div><\/div><\/div><\/div>\n","protected":false},"excerpt":{"rendered":"","protected":false},"author":1,"featured_media":0,"parent":0,"menu_order":0,"comment_status":"closed","ping_status":"closed","template":"100-width.php","meta":{"footnotes":""},"class_list":["post-8659","page","type-page","status-publish","hentry"],"_links":{"self":[{"href":"https:\/\/rentacaringreece.eu\/fr\/wp-json\/wp\/v2\/pages\/8659","targetHints":{"allow":["GET"]}}],"collection":[{"href":"https:\/\/rentacaringreece.eu\/fr\/wp-json\/wp\/v2\/pages"}],"about":[{"href":"https:\/\/rentacaringreece.eu\/fr\/wp-json\/wp\/v2\/types\/page"}],"author":[{"embeddable":true,"href":"https:\/\/rentacaringreece.eu\/fr\/wp-json\/wp\/v2\/users\/1"}],"replies":[{"embeddable":true,"href":"https:\/\/rentacaringreece.eu\/fr\/wp-json\/wp\/v2\/comments?post=8659"}],"version-history":[{"count":3,"href":"https:\/\/rentacaringreece.eu\/fr\/wp-json\/wp\/v2\/pages\/8659\/revisions"}],"predecessor-version":[{"id":8662,"href":"https:\/\/rentacaringreece.eu\/fr\/wp-json\/wp\/v2\/pages\/8659\/revisions\/8662"}],"wp:attachment":[{"href":"https:\/\/rentacaringreece.eu\/fr\/wp-json\/wp\/v2\/media?parent=8659"}],"curies":[{"name":"wp","href":"https:\/\/api.w.org\/{rel}","templated":true}]}}