{"id":9905,"date":"2026-01-24T12:43:59","date_gmt":"2026-01-24T10:43:59","guid":{"rendered":"https:\/\/rentacaringreece.eu\/?page_id=9905"},"modified":"2026-01-24T15:23:32","modified_gmt":"2026-01-24T13:23:32","slug":"location-de-voiture-a-laeroport-de-paros-pas","status":"publish","type":"page","link":"https:\/\/rentacaringreece.eu\/fr\/location-de-voiture-a-laeroport-de-paros-pas\/","title":{"rendered":"Location de voiture \u00e0 l&rsquo;a\u00e9roport de Paros PAS"},"content":{"rendered":"<div class=\"fusion-fullwidth fullwidth-box fusion-builder-row-1 fusion-flex-container has-pattern-background has-mask-background nonhundred-percent-fullwidth non-hundred-percent-height-scrolling\" style=\"--awb-border-radius-top-left:0px;--awb-border-radius-top-right:0px;--awb-border-radius-bottom-right:0px;--awb-border-radius-bottom-left:0px;--awb-margin-top:100px;--awb-flex-wrap:wrap;\" ><div class=\"fusion-builder-row fusion-row fusion-flex-align-items-flex-start fusion-flex-content-wrap\" style=\"max-width:1497.6px;margin-left: calc(-4% \/ 2 );margin-right: calc(-4% \/ 2 );\"><div class=\"fusion-layout-column fusion_builder_column fusion-builder-column-0 fusion_builder_column_1_1 1_1 fusion-flex-column\" style=\"--awb-bg-size:cover;--awb-width-large:100%;--awb-margin-top-large:0px;--awb-spacing-right-large:1.92%;--awb-margin-bottom-large:20px;--awb-spacing-left-large:1.92%;--awb-width-medium:100%;--awb-order-medium:0;--awb-spacing-right-medium:1.92%;--awb-spacing-left-medium:1.92%;--awb-width-small:100%;--awb-order-small:0;--awb-spacing-right-small:1.92%;--awb-spacing-left-small:1.92%;\"><div class=\"fusion-column-wrapper fusion-column-has-shadow fusion-flex-justify-content-flex-start fusion-content-layout-column\"><div class=\"fusion-text fusion-text-1\"><h1 class=\"fusion-responsive-typography-calculated\" style=\"text-align: center; --fontsize: 46; line-height: 1.2;\" data-start=\"191\" data-end=\"257\" data-fontsize=\"46\" data-lineheight=\"55.2px\"><strong>Location de voiture \u00e0 l&rsquo;a\u00e9roport de Paros (PAS)<\/strong><\/h1>\n<\/div><\/div><\/div><div class=\"fusion-layout-column fusion_builder_column fusion-builder-column-1 fusion_builder_column_1_1 1_1 fusion-flex-column\" style=\"--awb-bg-size:cover;--awb-width-large:100%;--awb-margin-top-large:0px;--awb-spacing-right-large:1.92%;--awb-margin-bottom-large:20px;--awb-spacing-left-large:1.92%;--awb-width-medium:100%;--awb-order-medium:0;--awb-spacing-right-medium:1.92%;--awb-spacing-left-medium:1.92%;--awb-width-small:100%;--awb-order-small:0;--awb-spacing-right-small:1.92%;--awb-spacing-left-small:1.92%;\"><div class=\"fusion-column-wrapper fusion-column-has-shadow fusion-flex-justify-content-flex-start fusion-content-layout-column\"><div class=\"fusion-image-element \" style=\"text-align:center;--awb-caption-title-font-family:var(--h2_typography-font-family);--awb-caption-title-font-weight:var(--h2_typography-font-weight);--awb-caption-title-font-style:var(--h2_typography-font-style);--awb-caption-title-size:var(--h2_typography-font-size);--awb-caption-title-transform:var(--h2_typography-text-transform);--awb-caption-title-line-height:var(--h2_typography-line-height);--awb-caption-title-letter-spacing:var(--h2_typography-letter-spacing);\"><span class=\" fusion-imageframe imageframe-none imageframe-1 hover-type-none\"><img decoding=\"async\" width=\"600\" height=\"400\" alt=\"\u03c0\u03b1\u03c1\u03bf\u03c2-pas\" src=\"https:\/\/rentacaringreece.eu\/wp-content\/uploads\/2026\/01\/\u03c0\u03b1\u03c1\u03bf\u03c2-pas.jpg\" data-orig-src=\"https:\/\/rentacaringreece.eu\/wp-content\/uploads\/2026\/01\/\u03c0\u03b1\u03c1\u03bf\u03c2-pas.jpg\" class=\"lazyload img-responsive wp-image-9903\" srcset=\"data:image\/svg+xml,%3Csvg%20xmlns%3D%27http%3A%2F%2Fwww.w3.org%2F2000%2Fsvg%27%20width%3D%27600%27%20height%3D%27400%27%20viewBox%3D%270%200%20600%20400%27%3E%3Crect%20width%3D%27600%27%20height%3D%27400%27%20fill-opacity%3D%220%22%2F%3E%3C%2Fsvg%3E\" data-srcset=\"https:\/\/rentacaringreece.eu\/wp-content\/uploads\/2026\/01\/\u03c0\u03b1\u03c1\u03bf\u03c2-pas-200x133.jpg 200w, https:\/\/rentacaringreece.eu\/wp-content\/uploads\/2026\/01\/\u03c0\u03b1\u03c1\u03bf\u03c2-pas-400x267.jpg 400w, https:\/\/rentacaringreece.eu\/wp-content\/uploads\/2026\/01\/\u03c0\u03b1\u03c1\u03bf\u03c2-pas.jpg 600w\" data-sizes=\"auto\" data-orig-sizes=\"(max-width: 768px) 100vw, 600px\" \/><\/span><\/div><\/div><\/div><div class=\"fusion-layout-column fusion_builder_column fusion-builder-column-2 fusion_builder_column_1_1 1_1 fusion-flex-column\" style=\"--awb-bg-size:cover;--awb-width-large:100%;--awb-margin-top-large:0px;--awb-spacing-right-large:1.92%;--awb-margin-bottom-large:20px;--awb-spacing-left-large:1.92%;--awb-width-medium:100%;--awb-order-medium:0;--awb-spacing-right-medium:1.92%;--awb-spacing-left-medium:1.92%;--awb-width-small:100%;--awb-order-small:0;--awb-spacing-right-small:1.92%;--awb-spacing-left-small:1.92%;\"><div class=\"fusion-column-wrapper fusion-column-has-shadow fusion-flex-justify-content-flex-start fusion-content-layout-column\"><div class=\"fusion-text fusion-text-2\"><p data-start=\"259\" data-end=\"666\">Paros est l&rsquo;une des destinations les plus appr\u00e9ci\u00e9es des Cyclades, connue pour ses magnifiques plages, ses villages pittoresques et sa vie nocturne anim\u00e9e. Pour profiter pleinement de l&rsquo;\u00eele et explorer chaque recoin sans stress, la meilleure option est la location de voiture. Et pour encore plus de commodit\u00e9, nous vous proposons la <strong data-start=\"597\" data-end=\"665\">livraison et la restitution de la voiture \u00e0 l&rsquo;a\u00e9roport de Paros (PAS)<\/strong>.<\/p>\n<h3 style=\"text-align: center;\" data-start=\"668\" data-end=\"722\"><strong>Confort et gain de temps d\u00e8s le premier instant<\/strong><\/h3>\n<p data-start=\"724\" data-end=\"1121\">L&rsquo;a\u00e9roport de Paros est votre premi\u00e8re \u00e9tape lorsque vous arrivez sur l&rsquo;\u00eele. Au lieu de chercher un taxi ou un bus, d&rsquo;attendre dans les files ou de transporter vos bagages, vous pouvez avoir votre voiture pr\u00eate d\u00e8s que vous atterrissez. Le processus est rapide et simple : un de nos repr\u00e9sentants vous accueille, vous finalisez la r\u00e9servation et vous r\u00e9cup\u00e9rez les cl\u00e9s, sans retard et sans stress inutile.<\/p>\n<p data-start=\"1123\" data-end=\"1478\">Cela vous donne la libert\u00e9 de commencer vos vacances imm\u00e9diatement, sans d\u00e9pendre des transports publics ou adapter votre programme aux horaires des navettes. La location de voiture \u00e0 l&rsquo;a\u00e9roport de Paros est id\u00e9ale pour les familles, les couples et les groupes d&rsquo;amis qui souhaitent une autonomie totale et un confort d\u00e8s le premier instant.<\/p>\n<h3 style=\"text-align: center;\" data-start=\"1480\" data-end=\"1521\"><strong>Large gamme de v\u00e9hicules pour chaque besoin<\/strong><\/h3>\n<p data-start=\"1523\" data-end=\"1958\">Dans notre soci\u00e9t\u00e9, vous trouverez une grande vari\u00e9t\u00e9 de voitures, des mod\u00e8les \u00e9conomiques aux v\u00e9hicules plus grands et plus confortables. Nous proposons des options pour chaque budget et besoin, comme des petites voitures de ville pour une conduite facile dans les rues \u00e9troites, ainsi que des v\u00e9hicules plus grands pour les familles ou pour ceux qui veulent plus de confort. Il existe \u00e9galement une option de voitures <strong data-start=\"1897\" data-end=\"1925\">automatiques ou manuelles<\/strong>, selon vos pr\u00e9f\u00e9rences.<\/p>\n<p data-start=\"1960\" data-end=\"2226\">Toutes les voitures sont en excellent \u00e9tat, propres et entretenues, afin que vous puissiez voyager en toute s\u00e9curit\u00e9 et en toute confiance. De plus, nous offrons une couverture d&rsquo;assurance compl\u00e8te et une assistance pendant toute la dur\u00e9e de la location, pour que vous vous sentiez en s\u00e9curit\u00e9 \u00e0 chaque trajet.<\/p>\n<\/div><\/div><\/div><div class=\"fusion-layout-column fusion_builder_column fusion-builder-column-3 fusion_builder_column_1_1 1_1 fusion-flex-column\" style=\"--awb-bg-size:cover;--awb-width-large:100%;--awb-margin-top-large:0px;--awb-spacing-right-large:1.92%;--awb-margin-bottom-large:20px;--awb-spacing-left-large:1.92%;--awb-width-medium:100%;--awb-order-medium:0;--awb-spacing-right-medium:1.92%;--awb-spacing-left-medium:1.92%;--awb-width-small:100%;--awb-order-small:0;--awb-spacing-right-small:1.92%;--awb-spacing-left-small:1.92%;\"><div class=\"fusion-column-wrapper fusion-column-has-shadow fusion-flex-justify-content-flex-start fusion-content-layout-column\"><div class=\"fusion-image-element \" style=\"text-align:center;--awb-caption-title-font-family:var(--h2_typography-font-family);--awb-caption-title-font-weight:var(--h2_typography-font-weight);--awb-caption-title-font-style:var(--h2_typography-font-style);--awb-caption-title-size:var(--h2_typography-font-size);--awb-caption-title-transform:var(--h2_typography-text-transform);--awb-caption-title-line-height:var(--h2_typography-line-height);--awb-caption-title-letter-spacing:var(--h2_typography-letter-spacing);\"><span class=\" fusion-imageframe imageframe-none imageframe-2 hover-type-none\"><img decoding=\"async\" width=\"600\" height=\"400\" src=\"https:\/\/rentacaringreece.eu\/wp-content\/uploads\/2026\/01\/vq2.jpg\" data-orig-src=\"https:\/\/rentacaringreece.eu\/wp-content\/uploads\/2026\/01\/vq2.jpg\" alt class=\"lazyload img-responsive wp-image-9904\" srcset=\"data:image\/svg+xml,%3Csvg%20xmlns%3D%27http%3A%2F%2Fwww.w3.org%2F2000%2Fsvg%27%20width%3D%27600%27%20height%3D%27400%27%20viewBox%3D%270%200%20600%20400%27%3E%3Crect%20width%3D%27600%27%20height%3D%27400%27%20fill-opacity%3D%220%22%2F%3E%3C%2Fsvg%3E\" data-srcset=\"https:\/\/rentacaringreece.eu\/wp-content\/uploads\/2026\/01\/vq2-200x133.jpg 200w, https:\/\/rentacaringreece.eu\/wp-content\/uploads\/2026\/01\/vq2-400x267.jpg 400w, https:\/\/rentacaringreece.eu\/wp-content\/uploads\/2026\/01\/vq2.jpg 600w\" data-sizes=\"auto\" data-orig-sizes=\"(max-width: 768px) 100vw, 600px\" \/><\/span><\/div><\/div><\/div><div class=\"fusion-layout-column fusion_builder_column fusion-builder-column-4 fusion_builder_column_1_1 1_1 fusion-flex-column\" style=\"--awb-bg-size:cover;--awb-width-large:100%;--awb-margin-top-large:0px;--awb-spacing-right-large:1.92%;--awb-margin-bottom-large:20px;--awb-spacing-left-large:1.92%;--awb-width-medium:100%;--awb-order-medium:0;--awb-spacing-right-medium:1.92%;--awb-spacing-left-medium:1.92%;--awb-width-small:100%;--awb-order-small:0;--awb-spacing-right-small:1.92%;--awb-spacing-left-small:1.92%;\"><div class=\"fusion-column-wrapper fusion-column-has-shadow fusion-flex-justify-content-flex-start fusion-content-layout-column\"><div class=\"fusion-text fusion-text-3\"><h3 style=\"text-align: center;\" data-start=\"2228\" data-end=\"2273\"><strong>Processus de prise en charge rapide et flexible<\/strong><\/h3>\n<p data-start=\"2275\" data-end=\"2782\">La prise en charge de la voiture \u00e0 l&rsquo;a\u00e9roport est une proc\u00e9dure simple qui ne prend pas beaucoup de temps. Une fois arriv\u00e9, vous contactez notre repr\u00e9sentant ou suivez les instructions que vous recevrez lors de la r\u00e9servation. La remise se fait imm\u00e9diatement, avec des informations claires sur la voiture, son fonctionnement et les r\u00e8gles de conduite sur l&rsquo;\u00eele. Si vous avez des bagages ou voyagez avec des enfants, le processus est encore plus pratique, car vous pouvez monter directement dans la voiture et commencer votre voyage.<\/p>\n<h3 style=\"text-align: center;\" data-start=\"2784\" data-end=\"2809\"><strong>Facilit\u00e9 de restitution<\/strong><\/h3>\n<p data-start=\"2811\" data-end=\"3155\">Lorsque vos vacances sont termin\u00e9es, le retour de la voiture est tout aussi facile. Vous pouvez la restituer au m\u00eame endroit \u00e0 l&rsquo;a\u00e9roport PAS, sans avoir \u00e0 chercher un autre point de d\u00e9p\u00f4t ou \u00e0 perdre du temps en d\u00e9placements. Si n\u00e9cessaire, nous proposons \u00e9galement une option de restitution \u00e0 un autre endroit de l&rsquo;\u00eele, apr\u00e8s accord pr\u00e9alable.<\/p>\n<h3 style=\"text-align: center;\" data-start=\"3157\" data-end=\"3216\"><strong>R\u00e9servez maintenant et commencez vos vacances sans stress<\/strong><\/h3>\n<p data-start=\"3218\" data-end=\"3553\">La location de voiture \u00e0 l&rsquo;a\u00e9roport de Paros est la mani\u00e8re la plus intelligente et la plus confortable de profiter de l&rsquo;\u00eele. Avec une prise en charge rapide, des options de v\u00e9hicules flexibles et un service excellent, nous vous offrons la possibilit\u00e9 d&rsquo;explorer Paros \u00e0 votre rythme. R\u00e9servez d\u00e8s aujourd&rsquo;hui et pr\u00e9parez-vous pour une exp\u00e9rience inoubliable dans les Cyclades !<\/p>\n<\/div><\/div><\/div><\/div><\/div>\n","protected":false},"excerpt":{"rendered":"","protected":false},"author":1,"featured_media":0,"parent":0,"menu_order":0,"comment_status":"closed","ping_status":"closed","template":"100-width.php","meta":{"footnotes":""},"class_list":["post-9905","page","type-page","status-publish","hentry"],"_links":{"self":[{"href":"https:\/\/rentacaringreece.eu\/fr\/wp-json\/wp\/v2\/pages\/9905","targetHints":{"allow":["GET"]}}],"collection":[{"href":"https:\/\/rentacaringreece.eu\/fr\/wp-json\/wp\/v2\/pages"}],"about":[{"href":"https:\/\/rentacaringreece.eu\/fr\/wp-json\/wp\/v2\/types\/page"}],"author":[{"embeddable":true,"href":"https:\/\/rentacaringreece.eu\/fr\/wp-json\/wp\/v2\/users\/1"}],"replies":[{"embeddable":true,"href":"https:\/\/rentacaringreece.eu\/fr\/wp-json\/wp\/v2\/comments?post=9905"}],"version-history":[{"count":3,"href":"https:\/\/rentacaringreece.eu\/fr\/wp-json\/wp\/v2\/pages\/9905\/revisions"}],"predecessor-version":[{"id":9908,"href":"https:\/\/rentacaringreece.eu\/fr\/wp-json\/wp\/v2\/pages\/9905\/revisions\/9908"}],"wp:attachment":[{"href":"https:\/\/rentacaringreece.eu\/fr\/wp-json\/wp\/v2\/media?parent=9905"}],"curies":[{"name":"wp","href":"https:\/\/api.w.org\/{rel}","templated":true}]}}