{"id":9911,"date":"2026-01-24T12:52:39","date_gmt":"2026-01-24T10:52:39","guid":{"rendered":"https:\/\/rentacaringreece.eu\/?page_id=9911"},"modified":"2026-01-24T15:26:20","modified_gmt":"2026-01-24T13:26:20","slug":"location-de-voitures-au-port-de-paros","status":"publish","type":"page","link":"https:\/\/rentacaringreece.eu\/fr\/location-de-voitures-au-port-de-paros\/","title":{"rendered":"Location de voitures au port de Paros"},"content":{"rendered":"<div class=\"fusion-fullwidth fullwidth-box fusion-builder-row-1 fusion-flex-container has-pattern-background has-mask-background nonhundred-percent-fullwidth non-hundred-percent-height-scrolling\" style=\"--awb-border-radius-top-left:0px;--awb-border-radius-top-right:0px;--awb-border-radius-bottom-right:0px;--awb-border-radius-bottom-left:0px;--awb-margin-top:100px;--awb-flex-wrap:wrap;\" ><div class=\"fusion-builder-row fusion-row fusion-flex-align-items-flex-start fusion-flex-content-wrap\" style=\"max-width:1497.6px;margin-left: calc(-4% \/ 2 );margin-right: calc(-4% \/ 2 );\"><div class=\"fusion-layout-column fusion_builder_column fusion-builder-column-0 fusion_builder_column_1_1 1_1 fusion-flex-column\" style=\"--awb-bg-size:cover;--awb-width-large:100%;--awb-margin-top-large:0px;--awb-spacing-right-large:1.92%;--awb-margin-bottom-large:20px;--awb-spacing-left-large:1.92%;--awb-width-medium:100%;--awb-order-medium:0;--awb-spacing-right-medium:1.92%;--awb-spacing-left-medium:1.92%;--awb-width-small:100%;--awb-order-small:0;--awb-spacing-right-small:1.92%;--awb-spacing-left-small:1.92%;\"><div class=\"fusion-column-wrapper fusion-column-has-shadow fusion-flex-justify-content-flex-start fusion-content-layout-column\"><div class=\"fusion-text fusion-text-1\"><h1 style=\"text-align: center;\" data-start=\"275\" data-end=\"644\"><strong>Location de voiture au port de Paros<\/strong><\/h1>\n<\/div><\/div><\/div><div class=\"fusion-layout-column fusion_builder_column fusion-builder-column-1 fusion_builder_column_1_1 1_1 fusion-flex-column\" style=\"--awb-bg-size:cover;--awb-width-large:100%;--awb-margin-top-large:0px;--awb-spacing-right-large:1.92%;--awb-margin-bottom-large:20px;--awb-spacing-left-large:1.92%;--awb-width-medium:100%;--awb-order-medium:0;--awb-spacing-right-medium:1.92%;--awb-spacing-left-medium:1.92%;--awb-width-small:100%;--awb-order-small:0;--awb-spacing-right-small:1.92%;--awb-spacing-left-small:1.92%;\"><div class=\"fusion-column-wrapper fusion-column-has-shadow fusion-flex-justify-content-flex-start fusion-content-layout-column\"><div class=\"fusion-image-element \" style=\"text-align:center;--awb-caption-title-font-family:var(--h2_typography-font-family);--awb-caption-title-font-weight:var(--h2_typography-font-weight);--awb-caption-title-font-style:var(--h2_typography-font-style);--awb-caption-title-size:var(--h2_typography-font-size);--awb-caption-title-transform:var(--h2_typography-text-transform);--awb-caption-title-line-height:var(--h2_typography-line-height);--awb-caption-title-letter-spacing:var(--h2_typography-letter-spacing);\"><span class=\" fusion-imageframe imageframe-none imageframe-1 hover-type-none\"><img decoding=\"async\" width=\"600\" height=\"400\" src=\"https:\/\/rentacaringreece.eu\/wp-content\/uploads\/2026\/01\/\u03bb\u03b9\u03bc\u03b1\u03bd-\u03b9\u03c0\u03b1\u03c1\u03bf\u03c5.jpg\" data-orig-src=\"https:\/\/rentacaringreece.eu\/wp-content\/uploads\/2026\/01\/\u03bb\u03b9\u03bc\u03b1\u03bd-\u03b9\u03c0\u03b1\u03c1\u03bf\u03c5.jpg\" alt class=\"lazyload img-responsive wp-image-9909\" srcset=\"data:image\/svg+xml,%3Csvg%20xmlns%3D%27http%3A%2F%2Fwww.w3.org%2F2000%2Fsvg%27%20width%3D%27600%27%20height%3D%27400%27%20viewBox%3D%270%200%20600%20400%27%3E%3Crect%20width%3D%27600%27%20height%3D%27400%27%20fill-opacity%3D%220%22%2F%3E%3C%2Fsvg%3E\" data-srcset=\"https:\/\/rentacaringreece.eu\/wp-content\/uploads\/2026\/01\/\u03bb\u03b9\u03bc\u03b1\u03bd-\u03b9\u03c0\u03b1\u03c1\u03bf\u03c5-200x133.jpg 200w, https:\/\/rentacaringreece.eu\/wp-content\/uploads\/2026\/01\/\u03bb\u03b9\u03bc\u03b1\u03bd-\u03b9\u03c0\u03b1\u03c1\u03bf\u03c5-400x267.jpg 400w, https:\/\/rentacaringreece.eu\/wp-content\/uploads\/2026\/01\/\u03bb\u03b9\u03bc\u03b1\u03bd-\u03b9\u03c0\u03b1\u03c1\u03bf\u03c5.jpg 600w\" data-sizes=\"auto\" data-orig-sizes=\"(max-width: 768px) 100vw, 600px\" \/><\/span><\/div><\/div><\/div><div class=\"fusion-layout-column fusion_builder_column fusion-builder-column-2 fusion_builder_column_1_1 1_1 fusion-flex-column\" style=\"--awb-bg-size:cover;--awb-width-large:100%;--awb-margin-top-large:0px;--awb-spacing-right-large:1.92%;--awb-margin-bottom-large:20px;--awb-spacing-left-large:1.92%;--awb-width-medium:100%;--awb-order-medium:0;--awb-spacing-right-medium:1.92%;--awb-spacing-left-medium:1.92%;--awb-width-small:100%;--awb-order-small:0;--awb-spacing-right-small:1.92%;--awb-spacing-left-small:1.92%;\"><div class=\"fusion-column-wrapper fusion-column-has-shadow fusion-flex-justify-content-flex-start fusion-content-layout-column\"><div class=\"fusion-text fusion-text-2\"><p data-start=\"275\" data-end=\"644\">Paros est l&rsquo;une des \u00eeles les plus populaires des Cyclades, connue pour ses plages pittoresques, ses villages charmants et son ambiance anim\u00e9e. Lorsque vous arrivez sur l&rsquo;\u00eele par bateau, le port est votre premier point d&rsquo;arriv\u00e9e et la meilleure option pour commencer vos vacances confortablement est la <strong data-start=\"567\" data-end=\"641\">location de voiture avec livraison et restitution au port de Paros<\/strong>.<\/p>\n<p data-start=\"646\" data-end=\"1044\">Les <strong data-start=\"649\" data-end=\"698\">livraisons et restitutions de voitures au port de Paros<\/strong> sont la solution la plus pratique pour ceux qui veulent \u00e9viter les retards et les d\u00e9placements en taxi ou en bus. D\u00e8s que vous d\u00e9barquez, une voiture propre et pr\u00eate vous attend pour commencer imm\u00e9diatement \u00e0 explorer l&rsquo;\u00eele. Le processus est simple, rapide et sans stress inutile, surtout si vous voyagez en famille ou avec des bagages.<\/p>\n<h2 style=\"text-align: center;\" data-start=\"1046\" data-end=\"1089\"><strong>Confort et flexibilit\u00e9 d\u00e8s la premi\u00e8re minute<\/strong><\/h2>\n<p data-start=\"1090\" data-end=\"1515\">Avec les <strong data-start=\"1097\" data-end=\"1154\">livraisons et restitutions de voitures au port de Paros<\/strong>, vous n&rsquo;avez pas besoin d&rsquo;adapter votre programme aux horaires des transports en commun. Vous pouvez acc\u00e9der \u00e0 votre voiture imm\u00e9diatement apr\u00e8s votre arriv\u00e9e, charger vos bagages et partir vers votre destination. Cela est particuli\u00e8rement important en haute saison, lorsque les temps d&rsquo;attente pour les taxis sont longs et les transports publics bond\u00e9s.<\/p>\n<p data-start=\"1517\" data-end=\"1917\">De plus, l&rsquo;option de r\u00e9cup\u00e9ration au port vous permet de planifier votre journ\u00e9e avec plus de libert\u00e9. Vous pouvez vous diriger directement vers les plages, les villages ou les sites touristiques, sans perdre de temps en d\u00e9placements inutiles. Les <strong data-start=\"1754\" data-end=\"1803\">livraisons et restitutions de voitures au port de Paros<\/strong> sont id\u00e9ales pour les couples, les familles et les groupes d&rsquo;amis qui souhaitent vivre Paros \u00e0 leur rythme.<\/p>\n<h2 style=\"text-align: center;\" data-start=\"1919\" data-end=\"1962\"><strong>Large gamme de v\u00e9hicules pour tous les besoins<\/strong><\/h2>\n<p data-start=\"1963\" data-end=\"2330\">Notre entreprise propose une grande vari\u00e9t\u00e9 de v\u00e9hicules, des petites voitures \u00e9conomiques aux mod\u00e8les plus grands et plus confortables. Vous pouvez choisir parmi des <strong data-start=\"2118\" data-end=\"2163\">voitures \u00e9conomiques, moyennes et premium<\/strong>, avec une option de <strong data-start=\"2176\" data-end=\"2213\">bo\u00eete automatique ou manuelle<\/strong>. Toutes les voitures sont modernes, propres et bien entretenues, afin d&rsquo;offrir s\u00e9curit\u00e9 et confort \u00e0 chaque trajet.<\/p>\n<p data-start=\"2332\" data-end=\"2593\">Les <strong data-start=\"2335\" data-end=\"2384\">livraisons et restitutions de voitures au port de Paros<\/strong> sont accompagn\u00e9es d&rsquo;une couverture d&rsquo;assurance compl\u00e8te et d&rsquo;une assistance tout au long de la location. Si vous avez besoin d&rsquo;aide ou rencontrez un probl\u00e8me, notre \u00e9quipe est disponible pour vous assister imm\u00e9diatement.<\/p>\n<\/div><\/div><\/div><div class=\"fusion-layout-column fusion_builder_column fusion-builder-column-3 fusion_builder_column_1_1 1_1 fusion-flex-column\" style=\"--awb-bg-size:cover;--awb-width-large:100%;--awb-margin-top-large:0px;--awb-spacing-right-large:1.92%;--awb-margin-bottom-large:20px;--awb-spacing-left-large:1.92%;--awb-width-medium:100%;--awb-order-medium:0;--awb-spacing-right-medium:1.92%;--awb-spacing-left-medium:1.92%;--awb-width-small:100%;--awb-order-small:0;--awb-spacing-right-small:1.92%;--awb-spacing-left-small:1.92%;\"><div class=\"fusion-column-wrapper fusion-column-has-shadow fusion-flex-justify-content-flex-start fusion-content-layout-column\"><div class=\"fusion-image-element \" style=\"text-align:center;--awb-caption-title-font-family:var(--h2_typography-font-family);--awb-caption-title-font-weight:var(--h2_typography-font-weight);--awb-caption-title-font-style:var(--h2_typography-font-style);--awb-caption-title-size:var(--h2_typography-font-size);--awb-caption-title-transform:var(--h2_typography-text-transform);--awb-caption-title-line-height:var(--h2_typography-line-height);--awb-caption-title-letter-spacing:var(--h2_typography-letter-spacing);\"><span class=\" fusion-imageframe imageframe-none imageframe-2 hover-type-none\"><img decoding=\"async\" width=\"600\" height=\"400\" src=\"https:\/\/rentacaringreece.eu\/wp-content\/uploads\/2026\/01\/fae.jpg\" data-orig-src=\"https:\/\/rentacaringreece.eu\/wp-content\/uploads\/2026\/01\/fae.jpg\" alt class=\"lazyload img-responsive wp-image-9910\" srcset=\"data:image\/svg+xml,%3Csvg%20xmlns%3D%27http%3A%2F%2Fwww.w3.org%2F2000%2Fsvg%27%20width%3D%27600%27%20height%3D%27400%27%20viewBox%3D%270%200%20600%20400%27%3E%3Crect%20width%3D%27600%27%20height%3D%27400%27%20fill-opacity%3D%220%22%2F%3E%3C%2Fsvg%3E\" data-srcset=\"https:\/\/rentacaringreece.eu\/wp-content\/uploads\/2026\/01\/fae-200x133.jpg 200w, https:\/\/rentacaringreece.eu\/wp-content\/uploads\/2026\/01\/fae-400x267.jpg 400w, https:\/\/rentacaringreece.eu\/wp-content\/uploads\/2026\/01\/fae.jpg 600w\" data-sizes=\"auto\" data-orig-sizes=\"(max-width: 768px) 100vw, 600px\" \/><\/span><\/div><\/div><\/div><div class=\"fusion-layout-column fusion_builder_column fusion-builder-column-4 fusion_builder_column_1_1 1_1 fusion-flex-column\" style=\"--awb-bg-size:cover;--awb-width-large:100%;--awb-margin-top-large:0px;--awb-spacing-right-large:1.92%;--awb-margin-bottom-large:20px;--awb-spacing-left-large:1.92%;--awb-width-medium:100%;--awb-order-medium:0;--awb-spacing-right-medium:1.92%;--awb-spacing-left-medium:1.92%;--awb-width-small:100%;--awb-order-small:0;--awb-spacing-right-small:1.92%;--awb-spacing-left-small:1.92%;\"><div class=\"fusion-column-wrapper fusion-column-has-shadow fusion-flex-justify-content-flex-start fusion-content-layout-column\"><div class=\"fusion-text fusion-text-3\"><h2 style=\"text-align: center;\" data-start=\"2595\" data-end=\"2644\"><strong>Processus rapide de prise en charge et de restitution<\/strong><\/h2>\n<p data-start=\"2645\" data-end=\"2927\">La prise en charge du v\u00e9hicule au port est simple et rapide. Une fois arriv\u00e9, vous contactez notre repr\u00e9sentant et vous compl\u00e9tez la proc\u00e9dure en quelques minutes. Le repr\u00e9sentant vous donnera toutes les instructions n\u00e9cessaires concernant la voiture, les itin\u00e9raires et les r\u00e8gles de conduite sur l&rsquo;\u00eele.<\/p>\n<p data-start=\"2929\" data-end=\"3204\">Lorsque vos vacances sont termin\u00e9es, vous pouvez restituer la voiture au m\u00eame endroit, au port de Paros, sans avoir \u00e0 chercher un autre point de retour. La proc\u00e9dure de restitution est tout aussi simple, afin que vous puissiez terminer votre voyage confortablement et sans stress.<\/p>\n<h2 style=\"text-align: center;\" data-start=\"3206\" data-end=\"3255\"><strong>R\u00e9servez maintenant et commencez vos vacances<\/strong><\/h2>\n<p data-start=\"3256\" data-end=\"3605\">Les <strong data-start=\"3259\" data-end=\"3308\">livraisons et restitutions de voitures au port de Paros<\/strong> sont le meilleur choix pour commencer vos vacances de la mani\u00e8re la plus confortable. Avec une prise en charge rapide, des options de v\u00e9hicules flexibles et un service excellent, nous vous offrons la libert\u00e9 d&rsquo;explorer Paros \u00e0 votre rythme. R\u00e9servez maintenant et profitez d&rsquo;un voyage inoubliable dans les Cyclades !<\/p>\n<\/div><\/div><\/div><\/div><\/div>\n","protected":false},"excerpt":{"rendered":"","protected":false},"author":1,"featured_media":0,"parent":0,"menu_order":0,"comment_status":"closed","ping_status":"closed","template":"100-width.php","meta":{"footnotes":""},"class_list":["post-9911","page","type-page","status-publish","hentry"],"_links":{"self":[{"href":"https:\/\/rentacaringreece.eu\/fr\/wp-json\/wp\/v2\/pages\/9911","targetHints":{"allow":["GET"]}}],"collection":[{"href":"https:\/\/rentacaringreece.eu\/fr\/wp-json\/wp\/v2\/pages"}],"about":[{"href":"https:\/\/rentacaringreece.eu\/fr\/wp-json\/wp\/v2\/types\/page"}],"author":[{"embeddable":true,"href":"https:\/\/rentacaringreece.eu\/fr\/wp-json\/wp\/v2\/users\/1"}],"replies":[{"embeddable":true,"href":"https:\/\/rentacaringreece.eu\/fr\/wp-json\/wp\/v2\/comments?post=9911"}],"version-history":[{"count":3,"href":"https:\/\/rentacaringreece.eu\/fr\/wp-json\/wp\/v2\/pages\/9911\/revisions"}],"predecessor-version":[{"id":9914,"href":"https:\/\/rentacaringreece.eu\/fr\/wp-json\/wp\/v2\/pages\/9911\/revisions\/9914"}],"wp:attachment":[{"href":"https:\/\/rentacaringreece.eu\/fr\/wp-json\/wp\/v2\/media?parent=9911"}],"curies":[{"name":"wp","href":"https:\/\/api.w.org\/{rel}","templated":true}]}}