{"id":9917,"date":"2026-01-24T13:00:09","date_gmt":"2026-01-24T11:00:09","guid":{"rendered":"https:\/\/rentacaringreece.eu\/?page_id=9917"},"modified":"2026-01-24T15:29:41","modified_gmt":"2026-01-24T13:29:41","slug":"location-de-voiture-a-naoussa-parou","status":"publish","type":"page","link":"https:\/\/rentacaringreece.eu\/fr\/location-de-voiture-a-naoussa-parou\/","title":{"rendered":"location de voiture \u00e0 Naoussa Parou"},"content":{"rendered":"<div class=\"fusion-fullwidth fullwidth-box fusion-builder-row-1 fusion-flex-container has-pattern-background has-mask-background nonhundred-percent-fullwidth non-hundred-percent-height-scrolling\" style=\"--awb-border-radius-top-left:0px;--awb-border-radius-top-right:0px;--awb-border-radius-bottom-right:0px;--awb-border-radius-bottom-left:0px;--awb-flex-wrap:wrap;\" ><div class=\"fusion-builder-row fusion-row fusion-flex-align-items-flex-start fusion-flex-content-wrap\" style=\"max-width:1497.6px;margin-left: calc(-4% \/ 2 );margin-right: calc(-4% \/ 2 );\"><div class=\"fusion-layout-column fusion_builder_column fusion-builder-column-0 fusion_builder_column_1_1 1_1 fusion-flex-column\" style=\"--awb-bg-size:cover;--awb-width-large:100%;--awb-margin-top-large:100px;--awb-spacing-right-large:1.92%;--awb-margin-bottom-large:20px;--awb-spacing-left-large:1.92%;--awb-width-medium:100%;--awb-order-medium:0;--awb-spacing-right-medium:1.92%;--awb-spacing-left-medium:1.92%;--awb-width-small:100%;--awb-order-small:0;--awb-spacing-right-small:1.92%;--awb-spacing-left-small:1.92%;\" data-scroll-devices=\"small-visibility,medium-visibility,large-visibility\"><div class=\"fusion-column-wrapper fusion-column-has-shadow fusion-flex-justify-content-flex-start fusion-content-layout-column\"><div class=\"fusion-text fusion-text-1\"><h2 style=\"text-align: center;\" data-start=\"242\" data-end=\"304\"><strong>Location de voiture \u00e0 Naoussa, Paros<\/strong><\/h2>\n<\/div><\/div><\/div><div class=\"fusion-layout-column fusion_builder_column fusion-builder-column-1 fusion_builder_column_1_1 1_1 fusion-flex-column\" style=\"--awb-bg-size:cover;--awb-width-large:100%;--awb-margin-top-large:0px;--awb-spacing-right-large:1.92%;--awb-margin-bottom-large:20px;--awb-spacing-left-large:1.92%;--awb-width-medium:100%;--awb-order-medium:0;--awb-spacing-right-medium:1.92%;--awb-spacing-left-medium:1.92%;--awb-width-small:100%;--awb-order-small:0;--awb-spacing-right-small:1.92%;--awb-spacing-left-small:1.92%;\"><div class=\"fusion-column-wrapper fusion-column-has-shadow fusion-flex-justify-content-flex-start fusion-content-layout-column\"><div class=\"fusion-image-element \" style=\"text-align:center;--awb-caption-title-font-family:var(--h2_typography-font-family);--awb-caption-title-font-weight:var(--h2_typography-font-weight);--awb-caption-title-font-style:var(--h2_typography-font-style);--awb-caption-title-size:var(--h2_typography-font-size);--awb-caption-title-transform:var(--h2_typography-text-transform);--awb-caption-title-line-height:var(--h2_typography-line-height);--awb-caption-title-letter-spacing:var(--h2_typography-letter-spacing);\"><span class=\" fusion-imageframe imageframe-none imageframe-1 hover-type-none\"><img decoding=\"async\" width=\"600\" height=\"400\" src=\"https:\/\/rentacaringreece.eu\/wp-content\/uploads\/2026\/01\/\u039d\u0391\u039f\u03a5\u03a3\u0391-\u0391\u03a1\u039f\u03a5.jpg\" data-orig-src=\"https:\/\/rentacaringreece.eu\/wp-content\/uploads\/2026\/01\/\u039d\u0391\u039f\u03a5\u03a3\u0391-\u0391\u03a1\u039f\u03a5.jpg\" alt class=\"lazyload img-responsive wp-image-9915\" srcset=\"data:image\/svg+xml,%3Csvg%20xmlns%3D%27http%3A%2F%2Fwww.w3.org%2F2000%2Fsvg%27%20width%3D%27600%27%20height%3D%27400%27%20viewBox%3D%270%200%20600%20400%27%3E%3Crect%20width%3D%27600%27%20height%3D%27400%27%20fill-opacity%3D%220%22%2F%3E%3C%2Fsvg%3E\" data-srcset=\"https:\/\/rentacaringreece.eu\/wp-content\/uploads\/2026\/01\/\u039d\u0391\u039f\u03a5\u03a3\u0391-\u0391\u03a1\u039f\u03a5-200x133.jpg 200w, https:\/\/rentacaringreece.eu\/wp-content\/uploads\/2026\/01\/\u039d\u0391\u039f\u03a5\u03a3\u0391-\u0391\u03a1\u039f\u03a5-400x267.jpg 400w, https:\/\/rentacaringreece.eu\/wp-content\/uploads\/2026\/01\/\u039d\u0391\u039f\u03a5\u03a3\u0391-\u0391\u03a1\u039f\u03a5.jpg 600w\" data-sizes=\"auto\" data-orig-sizes=\"(max-width: 768px) 100vw, 600px\" \/><\/span><\/div><\/div><\/div><div class=\"fusion-layout-column fusion_builder_column fusion-builder-column-2 fusion_builder_column_1_1 1_1 fusion-flex-column\" style=\"--awb-bg-size:cover;--awb-width-large:100%;--awb-margin-top-large:0px;--awb-spacing-right-large:1.92%;--awb-margin-bottom-large:20px;--awb-spacing-left-large:1.92%;--awb-width-medium:100%;--awb-order-medium:0;--awb-spacing-right-medium:1.92%;--awb-spacing-left-medium:1.92%;--awb-width-small:100%;--awb-order-small:0;--awb-spacing-right-small:1.92%;--awb-spacing-left-small:1.92%;\"><div class=\"fusion-column-wrapper fusion-column-has-shadow fusion-flex-justify-content-flex-start fusion-content-layout-column\"><div class=\"fusion-text fusion-text-2\"><p data-start=\"306\" data-end=\"648\">Naoussa, \u00e0 Paros, est l\u2019un des endroits les plus populaires et les plus beaux de l\u2019\u00eele, connue pour ses ruelles pittoresques, ses maisons traditionnelles et son atmosph\u00e8re cosmopolite. Si vous pr\u00e9voyez de passer vos vacances l\u00e0-bas, le meilleur choix pour profiter de l\u2019\u00eele confortablement est la <strong data-start=\"578\" data-end=\"645\">location de voiture avec livraison et prise en charge \u00e0 Naoussa, Paros<\/strong>.<\/p>\n<p data-start=\"650\" data-end=\"1083\">La <strong data-start=\"652\" data-end=\"717\">location, livraison et prise en charge de voiture \u00e0 Naoussa, Paros<\/strong> vous offre la flexibilit\u00e9 de commencer vos explorations sans avoir \u00e0 transporter des valises ou \u00e0 chercher un taxi. D\u00e8s votre arriv\u00e9e \u00e0 Naoussa, votre voiture peut \u00eatre pr\u00eate \u00e0 \u00eatre r\u00e9cup\u00e9r\u00e9e \u00e0 un endroit pr\u00e9d\u00e9fini, afin que vous puissiez commencer imm\u00e9diatement votre visite de l\u2019\u00eele. Le processus est rapide et simple, surtout si vous voyagez en famille ou en groupe.<\/p>\n<h3 style=\"text-align: center;\" data-start=\"1085\" data-end=\"1126\"><strong>Confort et libert\u00e9 pendant votre s\u00e9jour<\/strong><\/h3>\n<p data-start=\"1127\" data-end=\"1579\">Naoussa est une base id\u00e9ale pour explorer Paros, car elle se trouve \u00e0 proximit\u00e9 de nombreuses plages et attractions populaires. Avec le service <strong data-start=\"1268\" data-end=\"1332\">location \u2013 livraison \u2013 prise en charge de voiture \u00e0 Naoussa, Paros<\/strong>, vous pouvez organiser vos journ\u00e9es avec plus de flexibilit\u00e9. Vous n\u2019avez pas besoin d\u2019attendre les transports en commun ni de d\u00e9pendre des horaires des bus. Au contraire, vous avez votre propre v\u00e9hicule et pouvez aller o\u00f9 vous voulez, quand vous voulez.<\/p>\n<p data-start=\"1581\" data-end=\"1919\">De plus, le choix de la prise en charge \u00e0 Naoussa vous permet de commencer vos vacances confortablement d\u00e8s la premi\u00e8re minute. Que vous arriviez par bateau au port et vous rendiez \u00e0 Naoussa, ou que vous ayez d\u00e9j\u00e0 un h\u00e9bergement dans la r\u00e9gion, la livraison de la voiture \u00e0 l\u2019endroit qui vous convient rend votre s\u00e9jour plus facile et plus reposant.<\/p>\n<h3 style=\"text-align: center;\" data-start=\"1921\" data-end=\"1967\"><strong>Large gamme de voitures pour tous les besoins<\/strong><\/h3>\n<p data-start=\"1968\" data-end=\"2335\">Notre soci\u00e9t\u00e9 dispose d\u2019une grande vari\u00e9t\u00e9 de v\u00e9hicules, allant de petites voitures \u00e9conomiques \u00e0 des mod\u00e8les plus grands et plus confortables. Vous pouvez choisir entre <strong data-start=\"2123\" data-end=\"2168\">voitures \u00e9conomiques, moyennes et premium<\/strong>, avec le choix d\u2019une <strong data-start=\"2181\" data-end=\"2218\">bo\u00eete automatique ou manuelle<\/strong>. Toutes les voitures sont modernes, propres et entretenues, afin d\u2019offrir s\u00e9curit\u00e9 et confort \u00e0 chaque trajet.<\/p>\n<p data-start=\"2337\" data-end=\"2612\">Le service <strong data-start=\"2348\" data-end=\"2404\">location livraison prise en charge de voiture \u00e0 Naoussa, Paros<\/strong> est accompagn\u00e9 d\u2019une couverture d\u2019assurance compl\u00e8te et d\u2019un support pendant toute la dur\u00e9e de la location. Si vous avez besoin d\u2019aide ou si vous rencontrez un probl\u00e8me, notre \u00e9quipe est disponible pour vous assister imm\u00e9diatement.<\/p>\n<\/div><\/div><\/div><div class=\"fusion-layout-column fusion_builder_column fusion-builder-column-3 fusion_builder_column_1_1 1_1 fusion-flex-column\" style=\"--awb-bg-size:cover;--awb-width-large:100%;--awb-margin-top-large:0px;--awb-spacing-right-large:1.92%;--awb-margin-bottom-large:20px;--awb-spacing-left-large:1.92%;--awb-width-medium:100%;--awb-order-medium:0;--awb-spacing-right-medium:1.92%;--awb-spacing-left-medium:1.92%;--awb-width-small:100%;--awb-order-small:0;--awb-spacing-right-small:1.92%;--awb-spacing-left-small:1.92%;\"><div class=\"fusion-column-wrapper fusion-column-has-shadow fusion-flex-justify-content-flex-start fusion-content-layout-column\"><div class=\"fusion-image-element \" style=\"text-align:center;--awb-caption-title-font-family:var(--h2_typography-font-family);--awb-caption-title-font-weight:var(--h2_typography-font-weight);--awb-caption-title-font-style:var(--h2_typography-font-style);--awb-caption-title-size:var(--h2_typography-font-size);--awb-caption-title-transform:var(--h2_typography-text-transform);--awb-caption-title-line-height:var(--h2_typography-line-height);--awb-caption-title-letter-spacing:var(--h2_typography-letter-spacing);\"><span class=\" fusion-imageframe imageframe-none imageframe-2 hover-type-none\"><img decoding=\"async\" width=\"600\" height=\"400\" src=\"https:\/\/rentacaringreece.eu\/wp-content\/uploads\/2026\/01\/\u03c0\u03b1\u03c1\u03bf\u03b5-2.jpg\" data-orig-src=\"https:\/\/rentacaringreece.eu\/wp-content\/uploads\/2026\/01\/\u03c0\u03b1\u03c1\u03bf\u03b5-2.jpg\" alt class=\"lazyload img-responsive wp-image-9916\" srcset=\"data:image\/svg+xml,%3Csvg%20xmlns%3D%27http%3A%2F%2Fwww.w3.org%2F2000%2Fsvg%27%20width%3D%27600%27%20height%3D%27400%27%20viewBox%3D%270%200%20600%20400%27%3E%3Crect%20width%3D%27600%27%20height%3D%27400%27%20fill-opacity%3D%220%22%2F%3E%3C%2Fsvg%3E\" data-srcset=\"https:\/\/rentacaringreece.eu\/wp-content\/uploads\/2026\/01\/\u03c0\u03b1\u03c1\u03bf\u03b5-2-200x133.jpg 200w, https:\/\/rentacaringreece.eu\/wp-content\/uploads\/2026\/01\/\u03c0\u03b1\u03c1\u03bf\u03b5-2-400x267.jpg 400w, https:\/\/rentacaringreece.eu\/wp-content\/uploads\/2026\/01\/\u03c0\u03b1\u03c1\u03bf\u03b5-2.jpg 600w\" data-sizes=\"auto\" data-orig-sizes=\"(max-width: 768px) 100vw, 600px\" \/><\/span><\/div><\/div><\/div><div class=\"fusion-layout-column fusion_builder_column fusion-builder-column-4 fusion_builder_column_1_1 1_1 fusion-flex-column\" style=\"--awb-bg-size:cover;--awb-width-large:100%;--awb-margin-top-large:0px;--awb-spacing-right-large:1.92%;--awb-margin-bottom-large:20px;--awb-spacing-left-large:1.92%;--awb-width-medium:100%;--awb-order-medium:0;--awb-spacing-right-medium:1.92%;--awb-spacing-left-medium:1.92%;--awb-width-small:100%;--awb-order-small:0;--awb-spacing-right-small:1.92%;--awb-spacing-left-small:1.92%;\"><div class=\"fusion-column-wrapper fusion-column-has-shadow fusion-flex-justify-content-flex-start fusion-content-layout-column\"><div class=\"fusion-text fusion-text-3\"><h3 style=\"text-align: center;\" data-start=\"2614\" data-end=\"2663\"><strong>Processus rapide de prise en charge et de retour<\/strong><\/h3>\n<p data-start=\"2664\" data-end=\"2967\">La prise en charge de la voiture \u00e0 Naoussa est simple et rapide. Une fois arriv\u00e9 au point de prise en charge, vous contactez notre repr\u00e9sentant et compl\u00e9tez la proc\u00e9dure en quelques minutes. Le repr\u00e9sentant vous donnera toutes les instructions n\u00e9cessaires concernant la voiture, les itin\u00e9raires et les r\u00e8gles de conduite sur l\u2019\u00eele.<\/p>\n<p data-start=\"2969\" data-end=\"3230\">Lorsque vos vacances sont termin\u00e9es, vous pouvez rendre la voiture \u00e0 Naoussa ou \u00e0 un autre point pr\u00e9d\u00e9fini, selon votre accord. Le processus de retour est tout aussi simple et rapide, afin que vous puissiez cl\u00f4turer vos vacances confortablement et sans stress.<\/p>\n<h3 style=\"text-align: center;\" data-start=\"3232\" data-end=\"3282\"><strong>R\u00e9servez maintenant et profitez de Paros en toute tranquillit\u00e9<\/strong><\/h3>\n<p data-start=\"3283\" data-end=\"3634\">La <strong data-start=\"3285\" data-end=\"3350\">location, livraison et prise en charge de voiture \u00e0 Naoussa, Paros<\/strong> est le choix le plus intelligent pour vivre l\u2019\u00eele \u00e0 votre rythme. Avec une prise en charge rapide, des options de v\u00e9hicules flexibles et un service excellent, nous vous offrons la libert\u00e9 d\u2019explorer Paros sans limites. R\u00e9servez maintenant et commencez une exp\u00e9rience inoubliable dans les Cyclades !<\/p>\n<\/div><\/div><\/div><\/div><\/div>\n","protected":false},"excerpt":{"rendered":"","protected":false},"author":1,"featured_media":0,"parent":0,"menu_order":0,"comment_status":"closed","ping_status":"closed","template":"100-width.php","meta":{"footnotes":""},"class_list":["post-9917","page","type-page","status-publish","hentry"],"_links":{"self":[{"href":"https:\/\/rentacaringreece.eu\/fr\/wp-json\/wp\/v2\/pages\/9917","targetHints":{"allow":["GET"]}}],"collection":[{"href":"https:\/\/rentacaringreece.eu\/fr\/wp-json\/wp\/v2\/pages"}],"about":[{"href":"https:\/\/rentacaringreece.eu\/fr\/wp-json\/wp\/v2\/types\/page"}],"author":[{"embeddable":true,"href":"https:\/\/rentacaringreece.eu\/fr\/wp-json\/wp\/v2\/users\/1"}],"replies":[{"embeddable":true,"href":"https:\/\/rentacaringreece.eu\/fr\/wp-json\/wp\/v2\/comments?post=9917"}],"version-history":[{"count":3,"href":"https:\/\/rentacaringreece.eu\/fr\/wp-json\/wp\/v2\/pages\/9917\/revisions"}],"predecessor-version":[{"id":9920,"href":"https:\/\/rentacaringreece.eu\/fr\/wp-json\/wp\/v2\/pages\/9917\/revisions\/9920"}],"wp:attachment":[{"href":"https:\/\/rentacaringreece.eu\/fr\/wp-json\/wp\/v2\/media?parent=9917"}],"curies":[{"name":"wp","href":"https:\/\/api.w.org\/{rel}","templated":true}]}}