{"id":9923,"date":"2026-01-24T14:50:37","date_gmt":"2026-01-24T12:50:37","guid":{"rendered":"https:\/\/rentacaringreece.eu\/?page_id=9923"},"modified":"2026-01-24T15:33:00","modified_gmt":"2026-01-24T13:33:00","slug":"location-de-voitures-dans-les-hotels-de-paros","status":"publish","type":"page","link":"https:\/\/rentacaringreece.eu\/fr\/location-de-voitures-dans-les-hotels-de-paros\/","title":{"rendered":"Location de voitures dans les h\u00f4tels de Paros"},"content":{"rendered":"<p><div class=\"fusion-fullwidth fullwidth-box fusion-builder-row-1 fusion-flex-container has-pattern-background has-mask-background nonhundred-percent-fullwidth non-hundred-percent-height-scrolling\" style=\"--awb-border-radius-top-left:0px;--awb-border-radius-top-right:0px;--awb-border-radius-bottom-right:0px;--awb-border-radius-bottom-left:0px;--awb-margin-top:100px;--awb-flex-wrap:wrap;\" ><\/div><div class=\"fusion-builder-row fusion-row fusion-flex-align-items-flex-start fusion-flex-content-wrap\" style=\"max-width:1497.6px;margin-left: calc(-4% \/ 2 );margin-right: calc(-4% \/ 2 );\"><\/div><div class=\"fusion-layout-column fusion_builder_column fusion-builder-column-0 fusion_builder_column_1_1 1_1 fusion-one-full fusion-column-first fusion-column-last\" style=\"--awb-bg-size:cover;width:100%;\"><div class=\"fusion-column-wrapper fusion-column-has-shadow fusion-flex-column-wrapper-legacy\"><div class=\"fusion-text fusion-text-1\"><h1 style=\"text-align: center;\" data-start=\"692\" data-end=\"760\"><strong>Location de voitures dans les h\u00f4tels de Paros<\/strong><\/h1>\n<\/div><div class=\"fusion-clearfix\"><\/div><\/div><\/div><div class=\"fusion-layout-column fusion_builder_column fusion-builder-column-1 fusion_builder_column_1_1 1_1 fusion-one-full fusion-column-first fusion-column-last\" style=\"--awb-bg-size:cover;width:100%;\"><div class=\"fusion-column-wrapper fusion-column-has-shadow fusion-flex-column-wrapper-legacy\"><div class=\"fusion-image-element fusion-image-align-center in-legacy-container\" style=\"text-align:center;--awb-caption-title-font-family:var(--h2_typography-font-family);--awb-caption-title-font-weight:var(--h2_typography-font-weight);--awb-caption-title-font-style:var(--h2_typography-font-style);--awb-caption-title-size:var(--h2_typography-font-size);--awb-caption-title-transform:var(--h2_typography-text-transform);--awb-caption-title-line-height:var(--h2_typography-line-height);--awb-caption-title-letter-spacing:var(--h2_typography-letter-spacing);\"><div class=\"imageframe-align-center\"><span class=\" fusion-imageframe imageframe-none imageframe-1 hover-type-none\"><img decoding=\"async\" width=\"600\" height=\"400\" src=\"https:\/\/rentacaringreece.eu\/wp-content\/uploads\/2026\/01\/\u03c0\u03b1\u03c1\u03bf\u03c2-43.jpg\" data-orig-src=\"https:\/\/rentacaringreece.eu\/wp-content\/uploads\/2026\/01\/\u03c0\u03b1\u03c1\u03bf\u03c2-43.jpg\" alt class=\"lazyload img-responsive wp-image-9921\" srcset=\"data:image\/svg+xml,%3Csvg%20xmlns%3D%27http%3A%2F%2Fwww.w3.org%2F2000%2Fsvg%27%20width%3D%27600%27%20height%3D%27400%27%20viewBox%3D%270%200%20600%20400%27%3E%3Crect%20width%3D%27600%27%20height%3D%27400%27%20fill-opacity%3D%220%22%2F%3E%3C%2Fsvg%3E\" data-srcset=\"https:\/\/rentacaringreece.eu\/wp-content\/uploads\/2026\/01\/\u03c0\u03b1\u03c1\u03bf\u03c2-43-200x133.jpg 200w, https:\/\/rentacaringreece.eu\/wp-content\/uploads\/2026\/01\/\u03c0\u03b1\u03c1\u03bf\u03c2-43-400x267.jpg 400w, https:\/\/rentacaringreece.eu\/wp-content\/uploads\/2026\/01\/\u03c0\u03b1\u03c1\u03bf\u03c2-43.jpg 600w\" data-sizes=\"auto\" data-orig-sizes=\"(max-width: 768px) 100vw, 600px\" \/><\/span><\/div><\/div><div class=\"fusion-clearfix\"><\/div><\/div><\/div><div class=\"fusion-layout-column fusion_builder_column fusion-builder-column-2 fusion_builder_column_1_1 1_1 fusion-one-full fusion-column-first fusion-column-last\" style=\"--awb-bg-size:cover;width:100%;\"><div class=\"fusion-column-wrapper fusion-column-has-shadow fusion-flex-column-wrapper-legacy\"><div class=\"fusion-text fusion-text-2\"><p data-start=\"762\" data-end=\"1256\">Paros est l\u2019une des \u00eeles les plus appr\u00e9ci\u00e9es des Cyclades, connue pour ses magnifiques plages, ses villages pittoresques, sa vie nocturne anim\u00e9e et son ambiance cosmopolite. Que vous voyagiez pour des vacances romantiques, des moments en famille ou un s\u00e9jour entre amis, Paros offre des h\u00f4tels pour tous les go\u00fbts et tous les budgets. Des complexes h\u00f4teliers de luxe avec vue sur la mer aux petits h\u00f4tels boutique au c\u0153ur des villages, vous trouverez s\u00fbrement l\u2019h\u00e9bergement qui correspond \u00e0 vos besoins.<\/p>\n<h3 style=\"text-align: center;\" data-start=\"1258\" data-end=\"1302\"><strong>Options d\u2019h\u00e9bergement pour chaque type de voyage<\/strong><\/h3>\n<p data-start=\"1303\" data-end=\"1736\">\u00c0 Paros, vous trouverez des h\u00f4tels adapt\u00e9s \u00e0 tous les types de voyageurs. Si vous recherchez le luxe et une d\u00e9tente totale, il existe des h\u00f4tels de luxe avec piscines, spa et services haut de gamme. Si vous voyagez en famille, il existe des h\u00f4tels familiaux avec des chambres spacieuses, des piscines pour enfants et des services de garde. Pour les couples en qu\u00eate de romantisme, il existe des h\u00f4tels boutique avec vue sur le coucher de soleil et une ambiance de calme absolu.<\/p>\n<h3 style=\"text-align: center;\" data-start=\"1738\" data-end=\"1764\"><strong>Emplacement et acc\u00e8s<\/strong><\/h3>\n<p data-start=\"1765\" data-end=\"2223\">L\u2019un des plus grands avantages de Paros est que les h\u00f4tels se trouvent \u00e0 proximit\u00e9 de zones populaires telles que Naoussa, Paroikia, Pounda et le port. Cela signifie que vous pouvez \u00eatre proche des plages, des restaurants et de la vie nocturne, tout en ayant un acc\u00e8s facile aux sites touristiques et aux excursions. De plus, avec la location de voiture, vous pouvez explorer toute l\u2019\u00eele facilement et rapidement, sans d\u00e9pendre des horaires des bus.<\/p>\n<\/div><div class=\"fusion-clearfix\"><\/div><\/div><\/div><div class=\"fusion-layout-column fusion_builder_column fusion-builder-column-3 fusion_builder_column_1_1 1_1 fusion-one-full fusion-column-first fusion-column-last\" style=\"--awb-bg-size:cover;width:100%;\"><div class=\"fusion-column-wrapper fusion-column-has-shadow fusion-flex-column-wrapper-legacy\"><div class=\"fusion-image-element fusion-image-align-center in-legacy-container\" style=\"text-align:center;--awb-caption-title-font-family:var(--h2_typography-font-family);--awb-caption-title-font-weight:var(--h2_typography-font-weight);--awb-caption-title-font-style:var(--h2_typography-font-style);--awb-caption-title-size:var(--h2_typography-font-size);--awb-caption-title-transform:var(--h2_typography-text-transform);--awb-caption-title-line-height:var(--h2_typography-line-height);--awb-caption-title-letter-spacing:var(--h2_typography-letter-spacing);\"><div class=\"imageframe-align-center\"><span class=\" fusion-imageframe imageframe-none imageframe-2 hover-type-none\"><img decoding=\"async\" width=\"600\" height=\"400\" src=\"https:\/\/rentacaringreece.eu\/wp-content\/uploads\/2026\/01\/\u03c0\u03b1\u03c1\u03bf\u03c5\u03c2-54.jpg\" data-orig-src=\"https:\/\/rentacaringreece.eu\/wp-content\/uploads\/2026\/01\/\u03c0\u03b1\u03c1\u03bf\u03c5\u03c2-54.jpg\" alt class=\"lazyload img-responsive wp-image-9922\" srcset=\"data:image\/svg+xml,%3Csvg%20xmlns%3D%27http%3A%2F%2Fwww.w3.org%2F2000%2Fsvg%27%20width%3D%27600%27%20height%3D%27400%27%20viewBox%3D%270%200%20600%20400%27%3E%3Crect%20width%3D%27600%27%20height%3D%27400%27%20fill-opacity%3D%220%22%2F%3E%3C%2Fsvg%3E\" data-srcset=\"https:\/\/rentacaringreece.eu\/wp-content\/uploads\/2026\/01\/\u03c0\u03b1\u03c1\u03bf\u03c5\u03c2-54-200x133.jpg 200w, https:\/\/rentacaringreece.eu\/wp-content\/uploads\/2026\/01\/\u03c0\u03b1\u03c1\u03bf\u03c5\u03c2-54-400x267.jpg 400w, https:\/\/rentacaringreece.eu\/wp-content\/uploads\/2026\/01\/\u03c0\u03b1\u03c1\u03bf\u03c5\u03c2-54.jpg 600w\" data-sizes=\"auto\" data-orig-sizes=\"(max-width: 768px) 100vw, 600px\" \/><\/span><\/div><\/div><div class=\"fusion-clearfix\"><\/div><\/div><\/div><div class=\"fusion-layout-column fusion_builder_column fusion-builder-column-4 fusion_builder_column_1_1 1_1 fusion-one-full fusion-column-first fusion-column-last\" style=\"--awb-bg-size:cover;width:100%;\"><div class=\"fusion-column-wrapper fusion-column-has-shadow fusion-flex-column-wrapper-legacy\"><div class=\"fusion-clearfix\"><\/div><\/div><\/div><div class=\"fusion-text fusion-text-3\"><\/div><\/p>\n<h3 style=\"text-align: center;\" data-start=\"2225\" data-end=\"2251\"><strong>Qualit\u00e9 et services<\/strong><\/h3>\n<p data-start=\"2252\" data-end=\"2600\">Les h\u00f4tels de Paros se distinguent par leur qualit\u00e9 et leur hospitalit\u00e9. Les propri\u00e9taires et le personnel offrent un service chaleureux, de la propret\u00e9 et du confort, afin que vous vous sentiez comme chez vous. De plus, de nombreux h\u00f4tels proposent le petit-d\u00e9jeuner, des services de transfert, la location de voitures, ainsi que des informations sur les excursions et les activit\u00e9s sur l\u2019\u00eele.<\/p>\n<h3 style=\"text-align: center;\" data-start=\"2602\" data-end=\"2635\"><strong>R\u00e9servez votre s\u00e9jour facilement<\/strong><\/h3>\n<p data-start=\"2636\" data-end=\"3067\">Pour trouver l\u2019h\u00f4tel id\u00e9al \u00e0 Paros, vous pouvez choisir parmi de nombreuses options et r\u00e9server en ligne. Si vous souhaitez combiner le confort de l\u2019h\u00e9bergement avec la libert\u00e9 de d\u00e9placement, la location de voiture est le meilleur choix. Avec une voiture \u00e0 votre disposition, vous pouvez visiter des plages telles que Chrissi Akti, Pounda, Kolymbithra et Alyki, ainsi que des villages comme Lefkes, Marpissa et Dryopida.<\/p>\n<h3><\/h3>\n","protected":false},"excerpt":{"rendered":"<p>Qualit\u00e9 et services Les h\u00f4tels de Paros se distinguent par  [&#8230;]<\/p>\n","protected":false},"author":1,"featured_media":0,"parent":0,"menu_order":0,"comment_status":"closed","ping_status":"closed","template":"100-width.php","meta":{"footnotes":""},"class_list":["post-9923","page","type-page","status-publish","hentry"],"_links":{"self":[{"href":"https:\/\/rentacaringreece.eu\/fr\/wp-json\/wp\/v2\/pages\/9923","targetHints":{"allow":["GET"]}}],"collection":[{"href":"https:\/\/rentacaringreece.eu\/fr\/wp-json\/wp\/v2\/pages"}],"about":[{"href":"https:\/\/rentacaringreece.eu\/fr\/wp-json\/wp\/v2\/types\/page"}],"author":[{"embeddable":true,"href":"https:\/\/rentacaringreece.eu\/fr\/wp-json\/wp\/v2\/users\/1"}],"replies":[{"embeddable":true,"href":"https:\/\/rentacaringreece.eu\/fr\/wp-json\/wp\/v2\/comments?post=9923"}],"version-history":[{"count":3,"href":"https:\/\/rentacaringreece.eu\/fr\/wp-json\/wp\/v2\/pages\/9923\/revisions"}],"predecessor-version":[{"id":9926,"href":"https:\/\/rentacaringreece.eu\/fr\/wp-json\/wp\/v2\/pages\/9923\/revisions\/9926"}],"wp:attachment":[{"href":"https:\/\/rentacaringreece.eu\/fr\/wp-json\/wp\/v2\/media?parent=9923"}],"curies":[{"name":"wp","href":"https:\/\/api.w.org\/{rel}","templated":true}]}}