{"id":10027,"date":"2026-01-18T13:46:03","date_gmt":"2026-01-18T11:46:03","guid":{"rendered":"https:\/\/rentacaringreece.eu\/?page_id=10027"},"modified":"2026-01-24T16:28:58","modified_gmt":"2026-01-24T14:28:58","slug":"spiaggia-di-agia-irini","status":"publish","type":"page","link":"https:\/\/rentacaringreece.eu\/it\/spiaggia-di-agia-irini\/","title":{"rendered":"Spiaggia di Agia Irini"},"content":{"rendered":"<div class=\"fusion-fullwidth fullwidth-box fusion-builder-row-1 fusion-flex-container has-pattern-background has-mask-background nonhundred-percent-fullwidth non-hundred-percent-height-scrolling\" style=\"--awb-border-radius-top-left:0px;--awb-border-radius-top-right:0px;--awb-border-radius-bottom-right:0px;--awb-border-radius-bottom-left:0px;--awb-margin-top:100px;--awb-flex-wrap:wrap;\" ><div class=\"fusion-builder-row fusion-row fusion-flex-align-items-flex-start fusion-flex-content-wrap\" style=\"max-width:1497.6px;margin-left: calc(-4% \/ 2 );margin-right: calc(-4% \/ 2 );\"><div class=\"fusion-layout-column fusion_builder_column fusion-builder-column-0 fusion_builder_column_1_1 1_1 fusion-flex-column\" style=\"--awb-bg-size:cover;--awb-width-large:100%;--awb-margin-top-large:0px;--awb-spacing-right-large:1.92%;--awb-margin-bottom-large:20px;--awb-spacing-left-large:1.92%;--awb-width-medium:100%;--awb-order-medium:0;--awb-spacing-right-medium:1.92%;--awb-spacing-left-medium:1.92%;--awb-width-small:100%;--awb-order-small:0;--awb-spacing-right-small:1.92%;--awb-spacing-left-small:1.92%;\"><div class=\"fusion-column-wrapper fusion-column-has-shadow fusion-flex-justify-content-flex-start fusion-content-layout-column\"><div class=\"fusion-text fusion-text-1\"><h1 style=\"text-align: center;\" data-start=\"0\" data-end=\"62\">Spiaggia di Agia Irini, Paros: un&#8217;esperienza balneare unica<\/h1>\n<\/div><\/div><\/div><div class=\"fusion-layout-column fusion_builder_column fusion-builder-column-1 fusion_builder_column_1_1 1_1 fusion-flex-column\" style=\"--awb-bg-size:cover;--awb-width-large:100%;--awb-margin-top-large:0px;--awb-spacing-right-large:1.92%;--awb-margin-bottom-large:20px;--awb-spacing-left-large:1.92%;--awb-width-medium:100%;--awb-order-medium:0;--awb-spacing-right-medium:1.92%;--awb-spacing-left-medium:1.92%;--awb-width-small:100%;--awb-order-small:0;--awb-spacing-right-small:1.92%;--awb-spacing-left-small:1.92%;\"><div class=\"fusion-column-wrapper fusion-column-has-shadow fusion-flex-justify-content-flex-start fusion-content-layout-column\"><div class=\"fusion-image-element \" style=\"text-align:center;--awb-caption-title-font-family:var(--h2_typography-font-family);--awb-caption-title-font-weight:var(--h2_typography-font-weight);--awb-caption-title-font-style:var(--h2_typography-font-style);--awb-caption-title-size:var(--h2_typography-font-size);--awb-caption-title-transform:var(--h2_typography-text-transform);--awb-caption-title-line-height:var(--h2_typography-line-height);--awb-caption-title-letter-spacing:var(--h2_typography-letter-spacing);\"><span class=\" fusion-imageframe imageframe-none imageframe-1 hover-type-none\"><img decoding=\"async\" width=\"600\" height=\"400\" src=\"https:\/\/rentacaringreece.eu\/wp-content\/uploads\/2026\/01\/\u03c0\u03b1\u03c1\u03bf\u03c2-3.jpg\" data-orig-src=\"https:\/\/rentacaringreece.eu\/wp-content\/uploads\/2026\/01\/\u03c0\u03b1\u03c1\u03bf\u03c2-3.jpg\" alt class=\"lazyload img-responsive wp-image-9823\" srcset=\"data:image\/svg+xml,%3Csvg%20xmlns%3D%27http%3A%2F%2Fwww.w3.org%2F2000%2Fsvg%27%20width%3D%27600%27%20height%3D%27400%27%20viewBox%3D%270%200%20600%20400%27%3E%3Crect%20width%3D%27600%27%20height%3D%27400%27%20fill-opacity%3D%220%22%2F%3E%3C%2Fsvg%3E\" data-srcset=\"https:\/\/rentacaringreece.eu\/wp-content\/uploads\/2026\/01\/\u03c0\u03b1\u03c1\u03bf\u03c2-3-200x133.jpg 200w, https:\/\/rentacaringreece.eu\/wp-content\/uploads\/2026\/01\/\u03c0\u03b1\u03c1\u03bf\u03c2-3-400x267.jpg 400w, https:\/\/rentacaringreece.eu\/wp-content\/uploads\/2026\/01\/\u03c0\u03b1\u03c1\u03bf\u03c2-3.jpg 600w\" data-sizes=\"auto\" data-orig-sizes=\"(max-width: 768px) 100vw, 600px\" \/><\/span><\/div><\/div><\/div><div class=\"fusion-layout-column fusion_builder_column fusion-builder-column-2 fusion_builder_column_1_1 1_1 fusion-flex-column\" style=\"--awb-bg-size:cover;--awb-width-large:100%;--awb-margin-top-large:0px;--awb-spacing-right-large:1.92%;--awb-margin-bottom-large:20px;--awb-spacing-left-large:1.92%;--awb-width-medium:100%;--awb-order-medium:0;--awb-spacing-right-medium:1.92%;--awb-spacing-left-medium:1.92%;--awb-width-small:100%;--awb-order-small:0;--awb-spacing-right-small:1.92%;--awb-spacing-left-small:1.92%;\"><div class=\"fusion-column-wrapper fusion-column-has-shadow fusion-flex-justify-content-flex-start fusion-content-layout-column\"><div class=\"fusion-text fusion-text-2\"><p data-start=\"64\" data-end=\"545\">La spiaggia di Agia Eirini a Paros \u00e8 una destinazione meravigliosa per i turisti che desiderano godersi momenti di tranquillit\u00e0 accanto al mare e acque limpide di un azzurro-verde. Si trova a breve distanza da Paroikia ed \u00e8 una scelta ideale per chi cerca relax in un ambiente naturale bello e accogliente. L\u2019accesso \u00e8 facile e pu\u00f2 essere effettuato comodamente con una <strong data-start=\"435\" data-end=\"506\">noleggio auto economico a Paros per raggiungere questa destinazione<\/strong>, godendo allo stesso tempo del viaggio.<\/p>\n<h3 style=\"text-align: center;\" data-start=\"547\" data-end=\"579\"><strong>Acque limpide e bagno confortevole<\/strong><\/h3>\n<p data-start=\"581\" data-end=\"910\">Fare il bagno nella spiaggia di Agia Eirini \u00e8 un vero piacere. Le acque sono cristalline, calme e ideali per nuotare, mentre la costa sabbiosa offre comfort sia per adulti che per bambini. La pendenza dolce del fondale rende la spiaggia sicura e rilassante, permettendo ai visitatori di godersi il bagno senza preoccupazioni.<\/p>\n<h3 style=\"text-align: center;\" data-start=\"912\" data-end=\"950\"><strong>Ideale per relax e riposo<\/strong><\/h3>\n<p data-start=\"952\" data-end=\"1277\">Agia Eirini si distingue per la sua atmosfera tranquilla, lontana dal caos. \u00c8 ideale per chi vuole stendere l\u2019asciugamano, godersi il sole e rilassarsi con lo sfondo dell\u2019infinito azzurro. Nelle vicinanze ci sono taverne e caff\u00e8, dove \u00e8 possibile gustare piatti locali dopo il bagno.<\/p>\n<h3 style=\"text-align: center;\" data-start=\"1279\" data-end=\"1324\"><strong>Facile accesso per tutti i visitatori<\/strong><\/h3>\n<p data-start=\"1326\" data-end=\"1587\">La spiaggia \u00e8 facilmente accessibile e rappresenta una scelta ideale per una gita di un giorno. Con un <strong data-start=\"1414\" data-end=\"1485\">noleggio auto economico a Paros per raggiungere questa destinazione<\/strong>, \u00e8 possibile muoversi comodamente e con flessibilit\u00e0, senza dipendere da orari o dai mezzi pubblici.<\/p>\n<h3 style=\"text-align: center;\" data-start=\"1589\" data-end=\"1626\"><strong>Un\u2019esperienza che vale la pena vivere<\/strong><\/h3>\n<p data-start=\"1628\" data-end=\"1948\" data-is-last-node=\"\" data-is-only-node=\"\">In sintesi, la spiaggia di Agia Eirini \u00e8 ideale per un bagno rilassante e per trascorrere del tempo di qualit\u00e0 nella natura. Combinando la tua visita con un noleggio auto economico a Paros per raggiungere questa destinazione, potrai goderti la bellezza di Paros con comfort e libert\u00e0, creando ricordi estivi indimenticabili.<\/p>\n<\/div><\/div><\/div><\/div><\/div>\n","protected":false},"excerpt":{"rendered":"","protected":false},"author":1,"featured_media":0,"parent":0,"menu_order":0,"comment_status":"closed","ping_status":"closed","template":"100-width.php","meta":{"footnotes":""},"class_list":["post-10027","page","type-page","status-publish","hentry"],"_links":{"self":[{"href":"https:\/\/rentacaringreece.eu\/it\/wp-json\/wp\/v2\/pages\/10027","targetHints":{"allow":["GET"]}}],"collection":[{"href":"https:\/\/rentacaringreece.eu\/it\/wp-json\/wp\/v2\/pages"}],"about":[{"href":"https:\/\/rentacaringreece.eu\/it\/wp-json\/wp\/v2\/types\/page"}],"author":[{"embeddable":true,"href":"https:\/\/rentacaringreece.eu\/it\/wp-json\/wp\/v2\/users\/1"}],"replies":[{"embeddable":true,"href":"https:\/\/rentacaringreece.eu\/it\/wp-json\/wp\/v2\/comments?post=10027"}],"version-history":[{"count":3,"href":"https:\/\/rentacaringreece.eu\/it\/wp-json\/wp\/v2\/pages\/10027\/revisions"}],"predecessor-version":[{"id":10030,"href":"https:\/\/rentacaringreece.eu\/it\/wp-json\/wp\/v2\/pages\/10027\/revisions\/10030"}],"wp:attachment":[{"href":"https:\/\/rentacaringreece.eu\/it\/wp-json\/wp\/v2\/media?parent=10027"}],"curies":[{"name":"wp","href":"https:\/\/api.w.org\/{rel}","templated":true}]}}