{"id":10122,"date":"2026-01-18T16:00:08","date_gmt":"2026-01-18T14:00:08","guid":{"rendered":"https:\/\/rentacaringreece.eu\/?page_id=10122"},"modified":"2026-01-24T17:02:17","modified_gmt":"2026-01-24T15:02:17","slug":"vergine-maria-di-ekatontapiliani","status":"publish","type":"page","link":"https:\/\/rentacaringreece.eu\/it\/vergine-maria-di-ekatontapiliani\/","title":{"rendered":"Vergine Maria di Ekatontapiliani"},"content":{"rendered":"<div class=\"fusion-fullwidth fullwidth-box fusion-builder-row-1 fusion-flex-container has-pattern-background has-mask-background nonhundred-percent-fullwidth non-hundred-percent-height-scrolling\" style=\"--awb-border-radius-top-left:0px;--awb-border-radius-top-right:0px;--awb-border-radius-bottom-right:0px;--awb-border-radius-bottom-left:0px;--awb-margin-top:100px;--awb-flex-wrap:wrap;\" ><div class=\"fusion-builder-row fusion-row fusion-flex-align-items-flex-start fusion-flex-content-wrap\" style=\"max-width:1497.6px;margin-left: calc(-4% \/ 2 );margin-right: calc(-4% \/ 2 );\"><div class=\"fusion-layout-column fusion_builder_column fusion-builder-column-0 fusion_builder_column_1_1 1_1 fusion-flex-column\" style=\"--awb-bg-size:cover;--awb-width-large:100%;--awb-margin-top-large:0px;--awb-spacing-right-large:1.92%;--awb-margin-bottom-large:20px;--awb-spacing-left-large:1.92%;--awb-width-medium:100%;--awb-order-medium:0;--awb-spacing-right-medium:1.92%;--awb-spacing-left-medium:1.92%;--awb-width-small:100%;--awb-order-small:0;--awb-spacing-right-small:1.92%;--awb-spacing-left-small:1.92%;\"><div class=\"fusion-column-wrapper fusion-column-has-shadow fusion-flex-justify-content-flex-start fusion-content-layout-column\"><div class=\"fusion-text fusion-text-1\"><h1 style=\"text-align: center;\" data-start=\"0\" data-end=\"62\">Vergine Maria di Ekatontapyliani \u2013 La storica chiesa cattolica di Paros<\/h1>\n<p>&nbsp;<\/p>\n<h1 data-start=\"64\" data-end=\"446\"><\/h1>\n<\/div><\/div><\/div><div class=\"fusion-layout-column fusion_builder_column fusion-builder-column-1 fusion_builder_column_1_2 1_2 fusion-flex-column\" style=\"--awb-bg-size:cover;--awb-width-large:50%;--awb-margin-top-large:0px;--awb-spacing-right-large:3.84%;--awb-margin-bottom-large:20px;--awb-spacing-left-large:3.84%;--awb-width-medium:50%;--awb-order-medium:0;--awb-spacing-right-medium:3.84%;--awb-spacing-left-medium:3.84%;--awb-width-small:100%;--awb-order-small:0;--awb-spacing-right-small:1.92%;--awb-spacing-left-small:1.92%;\"><div class=\"fusion-column-wrapper fusion-column-has-shadow fusion-flex-justify-content-flex-start fusion-content-layout-column\"><div class=\"fusion-image-element \" style=\"text-align:center;--awb-caption-title-font-family:var(--h2_typography-font-family);--awb-caption-title-font-weight:var(--h2_typography-font-weight);--awb-caption-title-font-style:var(--h2_typography-font-style);--awb-caption-title-size:var(--h2_typography-font-size);--awb-caption-title-transform:var(--h2_typography-text-transform);--awb-caption-title-line-height:var(--h2_typography-line-height);--awb-caption-title-letter-spacing:var(--h2_typography-letter-spacing);\"><span class=\" fusion-imageframe imageframe-none imageframe-1 hover-type-none\"><img decoding=\"async\" width=\"600\" height=\"400\" alt=\"\u03a0\u03b1\u03bd\u03b1\u03b3\u03af\u03b1 \u03b5\u03ba\u03b1\u03bd\u03c4\u03bf\u03c0\u03c5\u03bb\u03b9\u03b1\u03bd\u03ae \u03a0\u03ac\u03c1\u03bf\u03c2\" src=\"https:\/\/rentacaringreece.eu\/wp-content\/uploads\/2026\/01\/\u03b5\u03ba\u03ba\u03bb\u03b7\u03c3\u03b9\u03b1-\u03bc\u03b1\u03c1\u03c0\u03b7\u03c3\u03c3\u03b1.jpg\" data-orig-src=\"https:\/\/rentacaringreece.eu\/wp-content\/uploads\/2026\/01\/\u03b5\u03ba\u03ba\u03bb\u03b7\u03c3\u03b9\u03b1-\u03bc\u03b1\u03c1\u03c0\u03b7\u03c3\u03c3\u03b1.jpg\" class=\"lazyload img-responsive wp-image-9837\" srcset=\"data:image\/svg+xml,%3Csvg%20xmlns%3D%27http%3A%2F%2Fwww.w3.org%2F2000%2Fsvg%27%20width%3D%27600%27%20height%3D%27400%27%20viewBox%3D%270%200%20600%20400%27%3E%3Crect%20width%3D%27600%27%20height%3D%27400%27%20fill-opacity%3D%220%22%2F%3E%3C%2Fsvg%3E\" data-srcset=\"https:\/\/rentacaringreece.eu\/wp-content\/uploads\/2026\/01\/\u03b5\u03ba\u03ba\u03bb\u03b7\u03c3\u03b9\u03b1-\u03bc\u03b1\u03c1\u03c0\u03b7\u03c3\u03c3\u03b1-200x133.jpg 200w, https:\/\/rentacaringreece.eu\/wp-content\/uploads\/2026\/01\/\u03b5\u03ba\u03ba\u03bb\u03b7\u03c3\u03b9\u03b1-\u03bc\u03b1\u03c1\u03c0\u03b7\u03c3\u03c3\u03b1-400x267.jpg 400w, https:\/\/rentacaringreece.eu\/wp-content\/uploads\/2026\/01\/\u03b5\u03ba\u03ba\u03bb\u03b7\u03c3\u03b9\u03b1-\u03bc\u03b1\u03c1\u03c0\u03b7\u03c3\u03c3\u03b1.jpg 600w\" data-sizes=\"auto\" data-orig-sizes=\"(max-width: 768px) 100vw, 600px\" \/><\/span><\/div><\/div><\/div><div class=\"fusion-layout-column fusion_builder_column fusion-builder-column-2 fusion_builder_column_1_2 1_2 fusion-flex-column\" style=\"--awb-bg-size:cover;--awb-width-large:50%;--awb-margin-top-large:0px;--awb-spacing-right-large:3.84%;--awb-margin-bottom-large:20px;--awb-spacing-left-large:3.84%;--awb-width-medium:50%;--awb-order-medium:0;--awb-spacing-right-medium:3.84%;--awb-spacing-left-medium:3.84%;--awb-width-small:100%;--awb-order-small:0;--awb-spacing-right-small:1.92%;--awb-spacing-left-small:1.92%;\"><div class=\"fusion-column-wrapper fusion-column-has-shadow fusion-flex-justify-content-flex-start fusion-content-layout-column\"><div class=\"fusion-image-element \" style=\"text-align:center;--awb-caption-title-font-family:var(--h2_typography-font-family);--awb-caption-title-font-weight:var(--h2_typography-font-weight);--awb-caption-title-font-style:var(--h2_typography-font-style);--awb-caption-title-size:var(--h2_typography-font-size);--awb-caption-title-transform:var(--h2_typography-text-transform);--awb-caption-title-line-height:var(--h2_typography-line-height);--awb-caption-title-letter-spacing:var(--h2_typography-letter-spacing);\"><span class=\" fusion-imageframe imageframe-none imageframe-2 hover-type-none\"><img decoding=\"async\" width=\"600\" height=\"400\" src=\"https:\/\/rentacaringreece.eu\/wp-content\/uploads\/2026\/01\/\u03b5\u03ba\u03b1\u03c4\u03bf\u03bd\u03c4\u03b1\u03c0\u03c5\u03bb\u03b9\u03b1\u03bd\u03b7.jpg\" data-orig-src=\"https:\/\/rentacaringreece.eu\/wp-content\/uploads\/2026\/01\/\u03b5\u03ba\u03b1\u03c4\u03bf\u03bd\u03c4\u03b1\u03c0\u03c5\u03bb\u03b9\u03b1\u03bd\u03b7.jpg\" alt class=\"lazyload img-responsive wp-image-10119\" srcset=\"data:image\/svg+xml,%3Csvg%20xmlns%3D%27http%3A%2F%2Fwww.w3.org%2F2000%2Fsvg%27%20width%3D%27600%27%20height%3D%27400%27%20viewBox%3D%270%200%20600%20400%27%3E%3Crect%20width%3D%27600%27%20height%3D%27400%27%20fill-opacity%3D%220%22%2F%3E%3C%2Fsvg%3E\" data-srcset=\"https:\/\/rentacaringreece.eu\/wp-content\/uploads\/2026\/01\/\u03b5\u03ba\u03b1\u03c4\u03bf\u03bd\u03c4\u03b1\u03c0\u03c5\u03bb\u03b9\u03b1\u03bd\u03b7-200x133.jpg 200w, https:\/\/rentacaringreece.eu\/wp-content\/uploads\/2026\/01\/\u03b5\u03ba\u03b1\u03c4\u03bf\u03bd\u03c4\u03b1\u03c0\u03c5\u03bb\u03b9\u03b1\u03bd\u03b7-400x267.jpg 400w, https:\/\/rentacaringreece.eu\/wp-content\/uploads\/2026\/01\/\u03b5\u03ba\u03b1\u03c4\u03bf\u03bd\u03c4\u03b1\u03c0\u03c5\u03bb\u03b9\u03b1\u03bd\u03b7.jpg 600w\" data-sizes=\"auto\" data-orig-sizes=\"(max-width: 768px) 100vw, 600px\" \/><\/span><\/div><\/div><\/div><div class=\"fusion-layout-column fusion_builder_column fusion-builder-column-3 fusion_builder_column_1_1 1_1 fusion-flex-column\" style=\"--awb-bg-size:cover;--awb-width-large:100%;--awb-margin-top-large:0px;--awb-spacing-right-large:1.92%;--awb-margin-bottom-large:20px;--awb-spacing-left-large:1.92%;--awb-width-medium:100%;--awb-order-medium:0;--awb-spacing-right-medium:1.92%;--awb-spacing-left-medium:1.92%;--awb-width-small:100%;--awb-order-small:0;--awb-spacing-right-small:1.92%;--awb-spacing-left-small:1.92%;\"><div class=\"fusion-column-wrapper fusion-column-has-shadow fusion-flex-justify-content-flex-start fusion-content-layout-column\"><div class=\"fusion-text fusion-text-2\"><p data-start=\"64\" data-end=\"446\">La Panagia Ekatontapyliani, conosciuta anche come \u201cPanagia Dormizione della Theotokos\u201d, \u00e8 uno dei monumenti religiosi e storici pi\u00f9 importanti di Paro e di tutta la Grecia. Si trova a Paroikia, in una posizione centrale dell&#8217;isola, e rappresenta una delle destinazioni pi\u00f9 emblematiche per i visitatori interessati alla storia, all&#8217;architettura e alla spiritualit\u00e0.<\/p>\n<h3 style=\"text-align: center;\" data-start=\"448\" data-end=\"484\"><strong>Significato Storico e Religioso<\/strong><\/h3>\n<p data-start=\"486\" data-end=\"932\">L&#8217;Ekatontapyliani \u00e8 una delle chiese cristiane pi\u00f9 antiche della Grecia ed \u00e8 considerata particolarmente importante per la storia dell&#8217;Ortodossia. La tradizione narra che la chiesa sia stata costruita nel IV secolo d.C., mentre gli interventi successivi e le ristrutturazioni risalgono dal VI al XVII secolo. Il suo nome deriva dalla tradizione secondo cui \u201cha cento porte\u201d, simboleggiando l&#8217;importanza particolare e la grande influenza del monumento.<\/p>\n<h3 style=\"text-align: center;\" data-start=\"934\" data-end=\"973\"><strong>Valore Architettonico e Artistico<\/strong><\/h3>\n<p data-start=\"975\" data-end=\"1365\">La Panagia Ekatontapyliani si distingue per la sua architettura, che combina elementi di epoche e stili diversi. La chiesa ha una forma basilicale a croce con cupola, mentre all&#8217;interno ospita importanti affreschi, icone e antichi elementi architettonici. La sensazione di maestosit\u00e0 e la tranquillit\u00e0 che emana lo spazio rendono la visita particolarmente commovente e impressionante.<\/p>\n<h3 style=\"text-align: center;\" data-start=\"1367\" data-end=\"1392\"><strong>Visita ed Esperienza<\/strong><\/h3>\n<p data-start=\"1394\" data-end=\"1816\">La visita all&#8217;Ekatontapyliani \u00e8 un&#8217;esperienza unica per ogni visitatore di Paro. La chiesa si trova vicino al centro di Paroikia, rendendola facilmente accessibile sia a piedi che in auto. I visitatori possono esplorare l&#8217;area, ammirare gli affreschi e godere della tranquillit\u00e0 offerta dal monumento. \u00c8 anche un luogo importante di culto e preghiera per i fedeli.<\/p>\n<\/div><\/div><\/div><div class=\"fusion-layout-column fusion_builder_column fusion-builder-column-4 fusion_builder_column_1_2 1_2 fusion-flex-column\" style=\"--awb-bg-size:cover;--awb-width-large:50%;--awb-margin-top-large:0px;--awb-spacing-right-large:3.84%;--awb-margin-bottom-large:20px;--awb-spacing-left-large:3.84%;--awb-width-medium:50%;--awb-order-medium:0;--awb-spacing-right-medium:3.84%;--awb-spacing-left-medium:3.84%;--awb-width-small:100%;--awb-order-small:0;--awb-spacing-right-small:1.92%;--awb-spacing-left-small:1.92%;\"><div class=\"fusion-column-wrapper fusion-column-has-shadow fusion-flex-justify-content-flex-start fusion-content-layout-column\"><div class=\"fusion-image-element \" style=\"text-align:center;--awb-caption-title-font-family:var(--h2_typography-font-family);--awb-caption-title-font-weight:var(--h2_typography-font-weight);--awb-caption-title-font-style:var(--h2_typography-font-style);--awb-caption-title-size:var(--h2_typography-font-size);--awb-caption-title-transform:var(--h2_typography-text-transform);--awb-caption-title-line-height:var(--h2_typography-line-height);--awb-caption-title-letter-spacing:var(--h2_typography-letter-spacing);\"><span class=\" fusion-imageframe imageframe-none imageframe-3 hover-type-none\"><img decoding=\"async\" width=\"600\" height=\"400\" src=\"https:\/\/rentacaringreece.eu\/wp-content\/uploads\/2026\/01\/\u03b5\u03ba\u03b1\u03c4\u03bf\u03bd\u03c4\u03b1\u03c0\u03c5\u03bb\u03b9\u03b8\u03b1\u03bd\u03b7-42.jpg\" data-orig-src=\"https:\/\/rentacaringreece.eu\/wp-content\/uploads\/2026\/01\/\u03b5\u03ba\u03b1\u03c4\u03bf\u03bd\u03c4\u03b1\u03c0\u03c5\u03bb\u03b9\u03b8\u03b1\u03bd\u03b7-42.jpg\" alt class=\"lazyload img-responsive wp-image-10120\" srcset=\"data:image\/svg+xml,%3Csvg%20xmlns%3D%27http%3A%2F%2Fwww.w3.org%2F2000%2Fsvg%27%20width%3D%27600%27%20height%3D%27400%27%20viewBox%3D%270%200%20600%20400%27%3E%3Crect%20width%3D%27600%27%20height%3D%27400%27%20fill-opacity%3D%220%22%2F%3E%3C%2Fsvg%3E\" data-srcset=\"https:\/\/rentacaringreece.eu\/wp-content\/uploads\/2026\/01\/\u03b5\u03ba\u03b1\u03c4\u03bf\u03bd\u03c4\u03b1\u03c0\u03c5\u03bb\u03b9\u03b8\u03b1\u03bd\u03b7-42-200x133.jpg 200w, https:\/\/rentacaringreece.eu\/wp-content\/uploads\/2026\/01\/\u03b5\u03ba\u03b1\u03c4\u03bf\u03bd\u03c4\u03b1\u03c0\u03c5\u03bb\u03b9\u03b8\u03b1\u03bd\u03b7-42-400x267.jpg 400w, https:\/\/rentacaringreece.eu\/wp-content\/uploads\/2026\/01\/\u03b5\u03ba\u03b1\u03c4\u03bf\u03bd\u03c4\u03b1\u03c0\u03c5\u03bb\u03b9\u03b8\u03b1\u03bd\u03b7-42.jpg 600w\" data-sizes=\"auto\" data-orig-sizes=\"(max-width: 768px) 100vw, 600px\" \/><\/span><\/div><\/div><\/div><div class=\"fusion-layout-column fusion_builder_column fusion-builder-column-5 fusion_builder_column_1_2 1_2 fusion-flex-column\" style=\"--awb-bg-size:cover;--awb-width-large:50%;--awb-margin-top-large:0px;--awb-spacing-right-large:3.84%;--awb-margin-bottom-large:20px;--awb-spacing-left-large:3.84%;--awb-width-medium:50%;--awb-order-medium:0;--awb-spacing-right-medium:3.84%;--awb-spacing-left-medium:3.84%;--awb-width-small:100%;--awb-order-small:0;--awb-spacing-right-small:1.92%;--awb-spacing-left-small:1.92%;\"><div class=\"fusion-column-wrapper fusion-column-has-shadow fusion-flex-justify-content-flex-start fusion-content-layout-column\"><div class=\"fusion-image-element \" style=\"text-align:center;--awb-caption-title-font-family:var(--h2_typography-font-family);--awb-caption-title-font-weight:var(--h2_typography-font-weight);--awb-caption-title-font-style:var(--h2_typography-font-style);--awb-caption-title-size:var(--h2_typography-font-size);--awb-caption-title-transform:var(--h2_typography-text-transform);--awb-caption-title-line-height:var(--h2_typography-line-height);--awb-caption-title-letter-spacing:var(--h2_typography-letter-spacing);\"><span class=\" fusion-imageframe imageframe-none imageframe-4 hover-type-none\"><img decoding=\"async\" width=\"600\" height=\"400\" src=\"https:\/\/rentacaringreece.eu\/wp-content\/uploads\/2026\/01\/\u03b3\u03bb\u03c1\u03c2\u03be.jpg\" data-orig-src=\"https:\/\/rentacaringreece.eu\/wp-content\/uploads\/2026\/01\/\u03b3\u03bb\u03c1\u03c2\u03be.jpg\" alt class=\"lazyload img-responsive wp-image-10121\" srcset=\"data:image\/svg+xml,%3Csvg%20xmlns%3D%27http%3A%2F%2Fwww.w3.org%2F2000%2Fsvg%27%20width%3D%27600%27%20height%3D%27400%27%20viewBox%3D%270%200%20600%20400%27%3E%3Crect%20width%3D%27600%27%20height%3D%27400%27%20fill-opacity%3D%220%22%2F%3E%3C%2Fsvg%3E\" data-srcset=\"https:\/\/rentacaringreece.eu\/wp-content\/uploads\/2026\/01\/\u03b3\u03bb\u03c1\u03c2\u03be-200x133.jpg 200w, https:\/\/rentacaringreece.eu\/wp-content\/uploads\/2026\/01\/\u03b3\u03bb\u03c1\u03c2\u03be-400x267.jpg 400w, https:\/\/rentacaringreece.eu\/wp-content\/uploads\/2026\/01\/\u03b3\u03bb\u03c1\u03c2\u03be.jpg 600w\" data-sizes=\"auto\" data-orig-sizes=\"(max-width: 768px) 100vw, 600px\" \/><\/span><\/div><\/div><\/div><div class=\"fusion-layout-column fusion_builder_column fusion-builder-column-6 fusion_builder_column_1_1 1_1 fusion-flex-column\" style=\"--awb-bg-size:cover;--awb-width-large:100%;--awb-margin-top-large:0px;--awb-spacing-right-large:1.92%;--awb-margin-bottom-large:20px;--awb-spacing-left-large:1.92%;--awb-width-medium:100%;--awb-order-medium:0;--awb-spacing-right-medium:1.92%;--awb-spacing-left-medium:1.92%;--awb-width-small:100%;--awb-order-small:0;--awb-spacing-right-small:1.92%;--awb-spacing-left-small:1.92%;\"><div class=\"fusion-column-wrapper fusion-column-has-shadow fusion-flex-justify-content-flex-start fusion-content-layout-column\"><div class=\"fusion-text fusion-text-3\"><h3 style=\"text-align: center;\" data-start=\"1818\" data-end=\"1858\"><strong>Un Monumento che Segna Paro<\/strong><\/h3>\n<p data-start=\"1860\" data-end=\"2214\" data-is-last-node=\"\" data-is-only-node=\"\">La Panagia Ekatontapyliani \u00e8 una parte integrante dell&#8217;identit\u00e0 culturale di Paro. La sua storia, la sua architettura e il suo significato religioso la rendono una delle principali destinazioni dell&#8217;isola. Ogni visitatore che passa per Paro merita di visitarla e di percepire la profonda storia e l&#8217;aura spirituale che emana.<\/p>\n<\/div><\/div><\/div><\/div><\/div>\n","protected":false},"excerpt":{"rendered":"","protected":false},"author":1,"featured_media":0,"parent":0,"menu_order":0,"comment_status":"closed","ping_status":"closed","template":"100-width.php","meta":{"footnotes":""},"class_list":["post-10122","page","type-page","status-publish","hentry"],"_links":{"self":[{"href":"https:\/\/rentacaringreece.eu\/it\/wp-json\/wp\/v2\/pages\/10122","targetHints":{"allow":["GET"]}}],"collection":[{"href":"https:\/\/rentacaringreece.eu\/it\/wp-json\/wp\/v2\/pages"}],"about":[{"href":"https:\/\/rentacaringreece.eu\/it\/wp-json\/wp\/v2\/types\/page"}],"author":[{"embeddable":true,"href":"https:\/\/rentacaringreece.eu\/it\/wp-json\/wp\/v2\/users\/1"}],"replies":[{"embeddable":true,"href":"https:\/\/rentacaringreece.eu\/it\/wp-json\/wp\/v2\/comments?post=10122"}],"version-history":[{"count":3,"href":"https:\/\/rentacaringreece.eu\/it\/wp-json\/wp\/v2\/pages\/10122\/revisions"}],"predecessor-version":[{"id":10125,"href":"https:\/\/rentacaringreece.eu\/it\/wp-json\/wp\/v2\/pages\/10122\/revisions\/10125"}],"wp:attachment":[{"href":"https:\/\/rentacaringreece.eu\/it\/wp-json\/wp\/v2\/media?parent=10122"}],"curies":[{"name":"wp","href":"https:\/\/api.w.org\/{rel}","templated":true}]}}