{"id":4109,"date":"2022-11-24T19:24:57","date_gmt":"2022-11-24T17:24:57","guid":{"rendered":"https:\/\/rentacaringreece.eu\/sicurezza-delle-transazioni\/"},"modified":"2022-11-24T19:58:08","modified_gmt":"2022-11-24T17:58:08","slug":"sicurezza-delle-transazioni","status":"publish","type":"page","link":"https:\/\/rentacaringreece.eu\/it\/sicurezza-delle-transazioni\/","title":{"rendered":"Sicurezza delle transazioni"},"content":{"rendered":"<div class=\"fusion-fullwidth fullwidth-box fusion-builder-row-1 fusion-flex-container nonhundred-percent-fullwidth non-hundred-percent-height-scrolling\" style=\"--awb-border-radius-top-left:0px;--awb-border-radius-top-right:0px;--awb-border-radius-bottom-right:0px;--awb-border-radius-bottom-left:0px;--awb-flex-wrap:wrap;\" ><div class=\"fusion-builder-row fusion-row fusion-flex-align-items-flex-start fusion-flex-content-wrap\" style=\"max-width:1497.6px;margin-left: calc(-4% \/ 2 );margin-right: calc(-4% \/ 2 );\"><div class=\"fusion-layout-column fusion_builder_column fusion-builder-column-0 fusion_builder_column_1_1 1_1 fusion-flex-column\" style=\"--awb-bg-size:cover;--awb-width-large:100%;--awb-margin-top-large:0px;--awb-spacing-right-large:1.92%;--awb-margin-bottom-large:20px;--awb-spacing-left-large:1.92%;--awb-width-medium:100%;--awb-order-medium:0;--awb-spacing-right-medium:1.92%;--awb-spacing-left-medium:1.92%;--awb-width-small:100%;--awb-order-small:0;--awb-spacing-right-small:1.92%;--awb-spacing-left-small:1.92%;\"><div class=\"fusion-column-wrapper fusion-column-has-shadow fusion-flex-justify-content-flex-start fusion-content-layout-column\"><div class=\"fusion-title title fusion-title-1 fusion-sep-none fusion-title-text fusion-title-size-one\" style=\"--awb-margin-top-small:10px;--awb-margin-right-small:0px;--awb-margin-bottom-small:10px;--awb-margin-left-small:0px;\"><h1 class=\"fusion-title-heading title-heading-left fusion-responsive-typography-calculated\" style=\"margin:0;text-transform:capitalize;--fontSize:46;line-height:var(--awb-typography1-line-height);\"><h3>Sicurezza delle transazioni<\/h3><\/h1><\/div><div class=\"fusion-text fusion-text-1\"><p>Tutti i pagamenti effettuati con carta vengono elaborati attraverso la piattaforma di pagamento elettronico di Alpha Bank &#8220;Alpha e-Commerce&#8221; e utilizzano la crittografia TLS 1.2 con protocollo di crittografia a 128 bit (Secure Sockets Layer &#8211; SSL). La crittografia \u00e8 un modo per codificare le informazioni finch\u00e9 non raggiungono il destinatario, che sar\u00e0 in grado di decodificarle utilizzando la chiave appropriata.<\/p>\n<p>Il sistema di comunicazione sicura di <a href=\"https:\/\/rentacaringreece.eu\/\">rentacaringreece.eu<\/a> \u00e8 certificato e le transazioni con carta di credito sono effettuate attraverso il sistema di sicurezza di Alpha Bank.<\/p>\n<\/div><\/div><\/div><\/div><\/div>\n","protected":false},"excerpt":{"rendered":"","protected":false},"author":1,"featured_media":0,"parent":0,"menu_order":0,"comment_status":"closed","ping_status":"closed","template":"100-width.php","meta":{"footnotes":""},"class_list":["post-4109","page","type-page","status-publish","hentry"],"_links":{"self":[{"href":"https:\/\/rentacaringreece.eu\/it\/wp-json\/wp\/v2\/pages\/4109","targetHints":{"allow":["GET"]}}],"collection":[{"href":"https:\/\/rentacaringreece.eu\/it\/wp-json\/wp\/v2\/pages"}],"about":[{"href":"https:\/\/rentacaringreece.eu\/it\/wp-json\/wp\/v2\/types\/page"}],"author":[{"embeddable":true,"href":"https:\/\/rentacaringreece.eu\/it\/wp-json\/wp\/v2\/users\/1"}],"replies":[{"embeddable":true,"href":"https:\/\/rentacaringreece.eu\/it\/wp-json\/wp\/v2\/comments?post=4109"}],"version-history":[{"count":0,"href":"https:\/\/rentacaringreece.eu\/it\/wp-json\/wp\/v2\/pages\/4109\/revisions"}],"wp:attachment":[{"href":"https:\/\/rentacaringreece.eu\/it\/wp-json\/wp\/v2\/media?parent=4109"}],"curies":[{"name":"wp","href":"https:\/\/api.w.org\/{rel}","templated":true}]}}