{"id":8694,"date":"2025-02-23T11:27:14","date_gmt":"2025-02-23T09:27:14","guid":{"rendered":"https:\/\/rentacaringreece.eu\/?page_id=8694"},"modified":"2025-02-23T18:20:19","modified_gmt":"2025-02-23T16:20:19","slug":"autonoleggio-kassandra-sithonia-e-athos","status":"publish","type":"page","link":"https:\/\/rentacaringreece.eu\/it\/autonoleggio-kassandra-sithonia-e-athos\/","title":{"rendered":"Autonoleggio Kassandra, Sithonia e Athos"},"content":{"rendered":"<div class=\"fusion-fullwidth fullwidth-box fusion-builder-row-1 fusion-flex-container has-pattern-background has-mask-background nonhundred-percent-fullwidth non-hundred-percent-height-scrolling\" style=\"--awb-border-radius-top-left:0px;--awb-border-radius-top-right:0px;--awb-border-radius-bottom-right:0px;--awb-border-radius-bottom-left:0px;--awb-margin-top:80px;--awb-flex-wrap:wrap;\" ><div class=\"fusion-builder-row fusion-row fusion-flex-align-items-flex-start fusion-flex-content-wrap\" style=\"max-width:1497.6px;margin-left: calc(-4% \/ 2 );margin-right: calc(-4% \/ 2 );\"><div class=\"fusion-layout-column fusion_builder_column fusion-builder-column-0 fusion_builder_column_1_1 1_1 fusion-flex-column\" style=\"--awb-bg-size:cover;--awb-width-large:100%;--awb-margin-top-large:0px;--awb-spacing-right-large:1.92%;--awb-margin-bottom-large:20px;--awb-spacing-left-large:1.92%;--awb-width-medium:100%;--awb-order-medium:0;--awb-spacing-right-medium:1.92%;--awb-spacing-left-medium:1.92%;--awb-width-small:100%;--awb-order-small:0;--awb-spacing-right-small:1.92%;--awb-spacing-left-small:1.92%;\"><div class=\"fusion-column-wrapper fusion-column-has-shadow fusion-flex-justify-content-flex-start fusion-content-layout-column\"><div class=\"fusion-text fusion-text-1\"><h1 style=\"text-align: center;\"><strong>Scopri la Calcidica con un&#8217;auto a noleggio da RentaCarinGreece!<\/strong><\/h1>\n<p>Benvenuti in Grecia! Se trascorrete le vostre vacanze a Salonicco, avete l&#8217;opportunit\u00e0 perfetta di esplorare una delle zone pi\u00f9 belle della Grecia: la <strong>Calcidica<\/strong>. Con le sue tre spettacolari penisole \u2013 <strong>Kassandra, Sithonia e Athos<\/strong> \u2013 e l&#8217;affascinante isola <strong>Amouliani<\/strong>, la Calcidica offre paesaggi incantevoli, spiagge da sogno e autentiche esperienze greche. Un <strong>auto a noleggio da RentaCarinGreece<\/strong> vi d\u00e0 la libert\u00e0 di scoprire tutte queste destinazioni comodamente e con flessibilit\u00e0.<\/p>\n<\/div><\/div><\/div><div class=\"fusion-layout-column fusion_builder_column fusion-builder-column-1 fusion_builder_column_1_2 1_2 fusion-flex-column\" style=\"--awb-bg-size:cover;--awb-width-large:50%;--awb-margin-top-large:0px;--awb-spacing-right-large:3.84%;--awb-margin-bottom-large:20px;--awb-spacing-left-large:3.84%;--awb-width-medium:50%;--awb-order-medium:0;--awb-spacing-right-medium:3.84%;--awb-spacing-left-medium:3.84%;--awb-width-small:100%;--awb-order-small:0;--awb-spacing-right-small:1.92%;--awb-spacing-left-small:1.92%;\"><div class=\"fusion-column-wrapper fusion-column-has-shadow fusion-flex-justify-content-flex-start fusion-content-layout-column\"><div class=\"fusion-image-element \" style=\"text-align:center;--awb-caption-title-font-family:var(--h2_typography-font-family);--awb-caption-title-font-weight:var(--h2_typography-font-weight);--awb-caption-title-font-style:var(--h2_typography-font-style);--awb-caption-title-size:var(--h2_typography-font-size);--awb-caption-title-transform:var(--h2_typography-text-transform);--awb-caption-title-line-height:var(--h2_typography-line-height);--awb-caption-title-letter-spacing:var(--h2_typography-letter-spacing);\"><span class=\" fusion-imageframe imageframe-none imageframe-1 hover-type-none\"><img decoding=\"async\" src=\"data:image\/gif;base64,R0lGODlhAQABAAAAACH5BAEKAAEALAAAAAABAAEAAAICTAEAOw==\" data-orig-src=\"https:\/\/rentacaringreece.de\/wp-content\/uploads\/2025\/01\/EWGWEGW.jpg\" alt class=\"lazyload img-responsive\"\/><\/span><\/div><\/div><\/div><div class=\"fusion-layout-column fusion_builder_column fusion-builder-column-2 fusion_builder_column_1_2 1_2 fusion-flex-column\" style=\"--awb-bg-size:cover;--awb-width-large:50%;--awb-margin-top-large:0px;--awb-spacing-right-large:3.84%;--awb-margin-bottom-large:20px;--awb-spacing-left-large:3.84%;--awb-width-medium:50%;--awb-order-medium:0;--awb-spacing-right-medium:3.84%;--awb-spacing-left-medium:3.84%;--awb-width-small:100%;--awb-order-small:0;--awb-spacing-right-small:1.92%;--awb-spacing-left-small:1.92%;\"><div class=\"fusion-column-wrapper fusion-column-has-shadow fusion-flex-justify-content-flex-start fusion-content-layout-column\"><div class=\"fusion-image-element \" style=\"text-align:center;--awb-caption-title-font-family:var(--h2_typography-font-family);--awb-caption-title-font-weight:var(--h2_typography-font-weight);--awb-caption-title-font-style:var(--h2_typography-font-style);--awb-caption-title-size:var(--h2_typography-font-size);--awb-caption-title-transform:var(--h2_typography-text-transform);--awb-caption-title-line-height:var(--h2_typography-line-height);--awb-caption-title-letter-spacing:var(--h2_typography-letter-spacing);\"><span class=\" fusion-imageframe imageframe-none imageframe-2 hover-type-none\"><img decoding=\"async\" src=\"data:image\/gif;base64,R0lGODlhAQABAAAAACH5BAEKAAEALAAAAAABAAEAAAICTAEAOw==\" data-orig-src=\"https:\/\/rentacaringreece.de\/wp-content\/uploads\/2025\/01\/Kassandra-21.jpg\" alt class=\"lazyload img-responsive\"\/><\/span><\/div><\/div><\/div><div class=\"fusion-layout-column fusion_builder_column fusion-builder-column-3 fusion_builder_column_1_1 1_1 fusion-flex-column\" style=\"--awb-bg-size:cover;--awb-width-large:100%;--awb-margin-top-large:0px;--awb-spacing-right-large:1.92%;--awb-margin-bottom-large:20px;--awb-spacing-left-large:1.92%;--awb-width-medium:100%;--awb-order-medium:0;--awb-spacing-right-medium:1.92%;--awb-spacing-left-medium:1.92%;--awb-width-small:100%;--awb-order-small:0;--awb-spacing-right-small:1.92%;--awb-spacing-left-small:1.92%;\"><div class=\"fusion-column-wrapper fusion-column-has-shadow fusion-flex-justify-content-flex-start fusion-content-layout-column\"><div class=\"fusion-text fusion-text-2\"><h3 style=\"text-align: center;\"><strong>Kassandra \u2013 Spiagge, relax e vita notturna<\/strong><\/h3>\n<p>Kassandra, la penisola pi\u00f9 occidentale delle tre, \u00e8 famosa per le sue spiagge di sabbia dorata, i resort di lusso e la vivace vita notturna. Se amate le acque cristalline e le spiagge attrezzate, vale la pena visitare <strong>Sani Beach, Possidi e Pefkohori<\/strong>. Qui potete non solo nuotare e rilassarvi, ma anche provare sport acquatici come il jet ski e le immersioni. La sera, Kalithea vi invita a vivere momenti indimenticabili nei suoi famosi beach bar e club. Con un&#8217;auto a noleggio, potrete spostarvi facilmente tra le diverse zone e godervi al massimo il vostro soggiorno.<\/p>\n<\/div><\/div><\/div><div class=\"fusion-layout-column fusion_builder_column fusion-builder-column-4 fusion_builder_column_1_2 1_2 fusion-flex-column\" style=\"--awb-bg-size:cover;--awb-width-large:50%;--awb-margin-top-large:0px;--awb-spacing-right-large:3.84%;--awb-margin-bottom-large:20px;--awb-spacing-left-large:3.84%;--awb-width-medium:50%;--awb-order-medium:0;--awb-spacing-right-medium:3.84%;--awb-spacing-left-medium:3.84%;--awb-width-small:100%;--awb-order-small:0;--awb-spacing-right-small:1.92%;--awb-spacing-left-small:1.92%;\"><div class=\"fusion-column-wrapper fusion-column-has-shadow fusion-flex-justify-content-flex-start fusion-content-layout-column\"><div class=\"fusion-image-element \" style=\"text-align:center;--awb-caption-title-font-family:var(--h2_typography-font-family);--awb-caption-title-font-weight:var(--h2_typography-font-weight);--awb-caption-title-font-style:var(--h2_typography-font-style);--awb-caption-title-size:var(--h2_typography-font-size);--awb-caption-title-transform:var(--h2_typography-text-transform);--awb-caption-title-line-height:var(--h2_typography-line-height);--awb-caption-title-letter-spacing:var(--h2_typography-letter-spacing);\"><span class=\" fusion-imageframe imageframe-none imageframe-3 hover-type-none\"><img decoding=\"async\" src=\"data:image\/gif;base64,R0lGODlhAQABAAAAACH5BAEKAAEALAAAAAABAAEAAAICTAEAOw==\" data-orig-src=\"https:\/\/rentacaringreece.de\/wp-content\/uploads\/2025\/01\/Sithoniae12.jpg\" alt class=\"lazyload img-responsive\"\/><\/span><\/div><\/div><\/div><div class=\"fusion-layout-column fusion_builder_column fusion-builder-column-5 fusion_builder_column_1_2 1_2 fusion-flex-column\" style=\"--awb-bg-size:cover;--awb-width-large:50%;--awb-margin-top-large:0px;--awb-spacing-right-large:3.84%;--awb-margin-bottom-large:20px;--awb-spacing-left-large:3.84%;--awb-width-medium:50%;--awb-order-medium:0;--awb-spacing-right-medium:3.84%;--awb-spacing-left-medium:3.84%;--awb-width-small:100%;--awb-order-small:0;--awb-spacing-right-small:1.92%;--awb-spacing-left-small:1.92%;\"><div class=\"fusion-column-wrapper fusion-column-has-shadow fusion-flex-justify-content-flex-start fusion-content-layout-column\"><div class=\"fusion-image-element \" style=\"text-align:center;--awb-caption-title-font-family:var(--h2_typography-font-family);--awb-caption-title-font-weight:var(--h2_typography-font-weight);--awb-caption-title-font-style:var(--h2_typography-font-style);--awb-caption-title-size:var(--h2_typography-font-size);--awb-caption-title-transform:var(--h2_typography-text-transform);--awb-caption-title-line-height:var(--h2_typography-line-height);--awb-caption-title-letter-spacing:var(--h2_typography-letter-spacing);\"><span class=\" fusion-imageframe imageframe-none imageframe-4 hover-type-none\"><img decoding=\"async\" src=\"data:image\/gif;base64,R0lGODlhAQABAAAAACH5BAEKAAEALAAAAAABAAEAAAICTAEAOw==\" data-orig-src=\"https:\/\/rentacaringreece.de\/wp-content\/uploads\/2025\/01\/Sithonia.jpg\" alt class=\"lazyload img-responsive\"\/><\/span><\/div><\/div><\/div><div class=\"fusion-layout-column fusion_builder_column fusion-builder-column-6 fusion_builder_column_1_1 1_1 fusion-flex-column\" style=\"--awb-bg-size:cover;--awb-width-large:100%;--awb-margin-top-large:0px;--awb-spacing-right-large:1.92%;--awb-margin-bottom-large:20px;--awb-spacing-left-large:1.92%;--awb-width-medium:100%;--awb-order-medium:0;--awb-spacing-right-medium:1.92%;--awb-spacing-left-medium:1.92%;--awb-width-small:100%;--awb-order-small:0;--awb-spacing-right-small:1.92%;--awb-spacing-left-small:1.92%;\"><div class=\"fusion-column-wrapper fusion-column-has-shadow fusion-flex-justify-content-flex-start fusion-content-layout-column\"><div class=\"fusion-text fusion-text-3\"><h3 style=\"text-align: center;\"><strong>Sithonia \u2013 Il paradiso della natura nella Calcidica<\/strong><\/h3>\n<p>La penisola centrale, <strong>Sithonia<\/strong>, offre un&#8217;atmosfera completamente diversa. Qui troverete natura incontaminata, villaggi pittoreschi e alcune delle spiagge pi\u00f9 belle della Grecia. Guidate lungo la strada costiera con la vostra auto a noleggio e scoprite baie nascoste con acque turchesi, come <strong>Kavourotripes, la spiaggia di Karidi e Kalamitsi<\/strong>. Sithonia \u00e8 ideale per gli amanti della natura e per chi cerca un rifugio dalla frenesia. A Porto Koufo, uno dei pi\u00f9 grandi porti naturali della Grecia, potrete gustare pesce fresco e lasciarvi avvolgere dall&#8217;atmosfera tranquilla.<\/p>\n<\/div><\/div><\/div><div class=\"fusion-layout-column fusion_builder_column fusion-builder-column-7 fusion_builder_column_1_2 1_2 fusion-flex-column\" style=\"--awb-bg-size:cover;--awb-width-large:50%;--awb-margin-top-large:0px;--awb-spacing-right-large:3.84%;--awb-margin-bottom-large:20px;--awb-spacing-left-large:3.84%;--awb-width-medium:50%;--awb-order-medium:0;--awb-spacing-right-medium:3.84%;--awb-spacing-left-medium:3.84%;--awb-width-small:100%;--awb-order-small:0;--awb-spacing-right-small:1.92%;--awb-spacing-left-small:1.92%;\"><div class=\"fusion-column-wrapper fusion-column-has-shadow fusion-flex-justify-content-flex-start fusion-content-layout-column\"><div class=\"fusion-image-element \" style=\"text-align:center;--awb-caption-title-font-family:var(--h2_typography-font-family);--awb-caption-title-font-weight:var(--h2_typography-font-weight);--awb-caption-title-font-style:var(--h2_typography-font-style);--awb-caption-title-size:var(--h2_typography-font-size);--awb-caption-title-transform:var(--h2_typography-text-transform);--awb-caption-title-line-height:var(--h2_typography-line-height);--awb-caption-title-letter-spacing:var(--h2_typography-letter-spacing);\"><span class=\" fusion-imageframe imageframe-none imageframe-5 hover-type-none\"><img decoding=\"async\" src=\"data:image\/gif;base64,R0lGODlhAQABAAAAACH5BAEKAAEALAAAAAABAAEAAAICTAEAOw==\" data-orig-src=\"https:\/\/rentacaringreece.de\/wp-content\/uploads\/2025\/01\/Amoul.jpg\" alt class=\"lazyload img-responsive\"\/><\/span><\/div><\/div><\/div><div class=\"fusion-layout-column fusion_builder_column fusion-builder-column-8 fusion_builder_column_1_2 1_2 fusion-flex-column\" style=\"--awb-bg-size:cover;--awb-width-large:50%;--awb-margin-top-large:0px;--awb-spacing-right-large:3.84%;--awb-margin-bottom-large:20px;--awb-spacing-left-large:3.84%;--awb-width-medium:50%;--awb-order-medium:0;--awb-spacing-right-medium:3.84%;--awb-spacing-left-medium:3.84%;--awb-width-small:100%;--awb-order-small:0;--awb-spacing-right-small:1.92%;--awb-spacing-left-small:1.92%;\"><div class=\"fusion-column-wrapper fusion-column-has-shadow fusion-flex-justify-content-flex-start fusion-content-layout-column\"><div class=\"fusion-image-element \" style=\"--awb-caption-title-font-family:var(--h2_typography-font-family);--awb-caption-title-font-weight:var(--h2_typography-font-weight);--awb-caption-title-font-style:var(--h2_typography-font-style);--awb-caption-title-size:var(--h2_typography-font-size);--awb-caption-title-transform:var(--h2_typography-text-transform);--awb-caption-title-line-height:var(--h2_typography-line-height);--awb-caption-title-letter-spacing:var(--h2_typography-letter-spacing);\"><span class=\" fusion-imageframe imageframe-none imageframe-6 hover-type-none\"><img decoding=\"async\" src=\"data:image\/gif;base64,R0lGODlhAQABAAAAACH5BAEKAAEALAAAAAABAAEAAAICTAEAOw==\" data-orig-src=\"https:\/\/rentacaringreece.de\/wp-content\/uploads\/2025\/01\/Amoeuw.jpg\" alt class=\"lazyload img-responsive\"\/><\/span><\/div><\/div><\/div><div class=\"fusion-layout-column fusion_builder_column fusion-builder-column-9 fusion_builder_column_1_1 1_1 fusion-flex-column\" style=\"--awb-bg-size:cover;--awb-width-large:100%;--awb-margin-top-large:0px;--awb-spacing-right-large:1.92%;--awb-margin-bottom-large:20px;--awb-spacing-left-large:1.92%;--awb-width-medium:100%;--awb-order-medium:0;--awb-spacing-right-medium:1.92%;--awb-spacing-left-medium:1.92%;--awb-width-small:100%;--awb-order-small:0;--awb-spacing-right-small:1.92%;--awb-spacing-left-small:1.92%;\"><div class=\"fusion-column-wrapper fusion-column-has-shadow fusion-flex-justify-content-flex-start fusion-content-layout-column\"><div class=\"fusion-text fusion-text-4\"><h3 style=\"text-align: center;\"><strong>Amuliani \u2013 Il diamante nascosto delle isole<\/strong><\/h3>\n<p>Se desiderate vivere un&#8217;esperienza veramente speciale, vale la pena visitare la piccola isola di <strong>Amuliani<\/strong>. Si trova di fronte a Ouranoupoli ed \u00e8 l&#8217;unica isola abitata della Calcidica. Prendete il traghetto da Tripiti e scoprite le splendide spiagge <strong>Alikes, Karagatsia e Megali Ammos<\/strong>. Amuliani si distingue per la sua atmosfera rilassante, le acque cristalline e le taverne tradizionali dove potrete gustare pesce fresco e frutti di mare.<\/p>\n<h3 style=\"text-align: center;\"><strong>Perch\u00e9 noleggiare un&#8217;auto con RentaCarinGreece?<\/strong><\/h3>\n<p>Per esplorare la Calcidica con il vostro ritmo, un <strong>auto a noleggio \u00e8 la scelta migliore<\/strong>. I mezzi pubblici non sono sempre affidabili o ben collegati, quindi con il vostro veicolo avrete molta pi\u00f9 libert\u00e0. Ecco alcuni dei vantaggi del noleggiare un&#8217;auto con <strong>RentaCarinGreece<\/strong>:<\/p>\n<ul>\n<li><strong>Massima flessibilit\u00e0<\/strong> \u2013 Viaggiate con il vostro programma e scoprite anche le zone pi\u00f9 remote.<\/li>\n<li><strong>Comodit\u00e0 &amp; sicurezza<\/strong> \u2013 Veicoli moderni e ben mantenuti, ideali per le strade greche.<\/li>\n<li><strong>Facile ritiro &amp; restituzione<\/strong> \u2013 All&#8217;aeroporto di Salonicco o in una localit\u00e0 a vostra scelta.<\/li>\n<li><strong>Tariffe economiche &amp; servizio eccellente<\/strong> \u2013 Approfittate delle nostre offerte convenienti e del servizio clienti di alta qualit\u00e0.<\/li>\n<\/ul>\n<h3 style=\"text-align: center;\"><strong>Consigli per il vostro tour in auto nella Calcidica<\/strong><\/h3>\n<ul>\n<li>Pianificate un <strong>itinerario giornaliero<\/strong> per visitare diverse spiagge e villaggi in un giorno.<\/li>\n<li>Non perdetevi il tramonto a <strong>Posidi<\/strong> o a <strong>Neos Marmaras<\/strong> \u2013 un&#8217;esperienza indimenticabile.<\/li>\n<li>Visitate i villaggi tradizionali come <strong>Aphitos<\/strong> per conoscere l&#8217;autentico spirito greco.<\/li>\n<li>Portate con voi l&#8217;attrezzatura per le immersioni \u2013 il mondo sottomarino di Sithonia e Amuliani \u00e8 affascinante.<\/li>\n<li>Guidate sulle <strong>strade panoramiche<\/strong> della Calcidica, che offrono una vista spettacolare.<\/li>\n<\/ul>\n<h3 style=\"text-align: center;\"><strong>Prenotate subito la vostra auto e scoprite la Calcidica!<\/strong><\/h3>\n<p>Noleggiate oggi il vostro veicolo con <strong>RentaCarinGreece<\/strong> e godetevi un viaggio indimenticabile nella Calcidica. Che vogliate rilassarvi, vivere avventure o scoprire nuovi luoghi, con un&#8217;auto a noleggio non ci sono limiti alle vostre esperienze.<br \/>\n<strong>Le vostre vacanze da sogno in Calcidica iniziano con RentaCarinGreece!<\/strong><\/p>\n<\/div><\/div><\/div><div class=\"fusion-layout-column fusion_builder_column fusion-builder-column-10 fusion_builder_column_1_1 1_1 fusion-flex-column fusion-flex-align-self-center\" style=\"--awb-bg-size:cover;--awb-width-large:100%;--awb-margin-top-large:0px;--awb-spacing-right-large:1.92%;--awb-margin-bottom-large:20px;--awb-spacing-left-large:1.92%;--awb-width-medium:100%;--awb-order-medium:0;--awb-spacing-right-medium:1.92%;--awb-spacing-left-medium:1.92%;--awb-width-small:100%;--awb-order-small:0;--awb-spacing-right-small:1.92%;--awb-spacing-left-small:1.92%;\" data-scroll-devices=\"small-visibility,medium-visibility,large-visibility\"><div class=\"fusion-column-wrapper fusion-column-has-shadow fusion-flex-justify-content-flex-start fusion-content-layout-column\"><iframe style=\"border: 0;\" src=\"https:\/\/www.google.com\/maps\/embed?pb=!1m18!1m12!1m3!1d779293.1662450107!2d23.02690951056697!3d40.2732193139458!2m3!1f0!2f0!3f0!3m2!1i1024!2i768!4f13.1!3m3!1m2!1s0x14a88f04f98cc323%3A0x300bd2ce2b9c3b0!2zzqfOsc67zrrOuc60zrnOus6u!5e0!3m2!1sel!2sgr!4v1737300352778!5m2!1sel!2sgr\" width=\"600\" height=\"450\" style=\"border:0;\" allowfullscreen=\"\" loading=\"lazy\" referrerpolicy=\"no-referrer-when-downgrade\"><\/iframe> <\/div><\/div><\/div><\/div>\n","protected":false},"excerpt":{"rendered":"","protected":false},"author":1,"featured_media":0,"parent":0,"menu_order":0,"comment_status":"closed","ping_status":"closed","template":"100-width.php","meta":{"footnotes":""},"class_list":["post-8694","page","type-page","status-publish","hentry"],"_links":{"self":[{"href":"https:\/\/rentacaringreece.eu\/it\/wp-json\/wp\/v2\/pages\/8694","targetHints":{"allow":["GET"]}}],"collection":[{"href":"https:\/\/rentacaringreece.eu\/it\/wp-json\/wp\/v2\/pages"}],"about":[{"href":"https:\/\/rentacaringreece.eu\/it\/wp-json\/wp\/v2\/types\/page"}],"author":[{"embeddable":true,"href":"https:\/\/rentacaringreece.eu\/it\/wp-json\/wp\/v2\/users\/1"}],"replies":[{"embeddable":true,"href":"https:\/\/rentacaringreece.eu\/it\/wp-json\/wp\/v2\/comments?post=8694"}],"version-history":[{"count":3,"href":"https:\/\/rentacaringreece.eu\/it\/wp-json\/wp\/v2\/pages\/8694\/revisions"}],"predecessor-version":[{"id":8697,"href":"https:\/\/rentacaringreece.eu\/it\/wp-json\/wp\/v2\/pages\/8694\/revisions\/8697"}],"wp:attachment":[{"href":"https:\/\/rentacaringreece.eu\/it\/wp-json\/wp\/v2\/media?parent=8694"}],"curies":[{"name":"wp","href":"https:\/\/api.w.org\/{rel}","templated":true}]}}