{"id":9967,"date":"2026-01-24T13:00:09","date_gmt":"2026-01-24T11:00:09","guid":{"rendered":"https:\/\/rentacaringreece.eu\/?page_id=9967"},"modified":"2026-01-24T16:02:01","modified_gmt":"2026-01-24T14:02:01","slug":"noleggio-auto-naoussa-parou","status":"publish","type":"page","link":"https:\/\/rentacaringreece.eu\/it\/noleggio-auto-naoussa-parou\/","title":{"rendered":"noleggio auto naoussa parou"},"content":{"rendered":"<div class=\"fusion-fullwidth fullwidth-box fusion-builder-row-1 fusion-flex-container has-pattern-background has-mask-background nonhundred-percent-fullwidth non-hundred-percent-height-scrolling\" style=\"--awb-border-radius-top-left:0px;--awb-border-radius-top-right:0px;--awb-border-radius-bottom-right:0px;--awb-border-radius-bottom-left:0px;--awb-flex-wrap:wrap;\" ><div class=\"fusion-builder-row fusion-row fusion-flex-align-items-flex-start fusion-flex-content-wrap\" style=\"max-width:1497.6px;margin-left: calc(-4% \/ 2 );margin-right: calc(-4% \/ 2 );\"><div class=\"fusion-layout-column fusion_builder_column fusion-builder-column-0 fusion_builder_column_1_1 1_1 fusion-flex-column\" style=\"--awb-bg-size:cover;--awb-width-large:100%;--awb-margin-top-large:100px;--awb-spacing-right-large:1.92%;--awb-margin-bottom-large:20px;--awb-spacing-left-large:1.92%;--awb-width-medium:100%;--awb-order-medium:0;--awb-spacing-right-medium:1.92%;--awb-spacing-left-medium:1.92%;--awb-width-small:100%;--awb-order-small:0;--awb-spacing-right-small:1.92%;--awb-spacing-left-small:1.92%;\" data-scroll-devices=\"small-visibility,medium-visibility,large-visibility\"><div class=\"fusion-column-wrapper fusion-column-has-shadow fusion-flex-justify-content-flex-start fusion-content-layout-column\"><div class=\"fusion-text fusion-text-1\"><h2 style=\"text-align: center;\" data-start=\"242\" data-end=\"304\"><strong>Noleggio auto a Naoussa Paros<\/strong><\/h2>\n<\/div><\/div><\/div><div class=\"fusion-layout-column fusion_builder_column fusion-builder-column-1 fusion_builder_column_1_1 1_1 fusion-flex-column\" style=\"--awb-bg-size:cover;--awb-width-large:100%;--awb-margin-top-large:0px;--awb-spacing-right-large:1.92%;--awb-margin-bottom-large:20px;--awb-spacing-left-large:1.92%;--awb-width-medium:100%;--awb-order-medium:0;--awb-spacing-right-medium:1.92%;--awb-spacing-left-medium:1.92%;--awb-width-small:100%;--awb-order-small:0;--awb-spacing-right-small:1.92%;--awb-spacing-left-small:1.92%;\"><div class=\"fusion-column-wrapper fusion-column-has-shadow fusion-flex-justify-content-flex-start fusion-content-layout-column\"><div class=\"fusion-image-element \" style=\"text-align:center;--awb-caption-title-font-family:var(--h2_typography-font-family);--awb-caption-title-font-weight:var(--h2_typography-font-weight);--awb-caption-title-font-style:var(--h2_typography-font-style);--awb-caption-title-size:var(--h2_typography-font-size);--awb-caption-title-transform:var(--h2_typography-text-transform);--awb-caption-title-line-height:var(--h2_typography-line-height);--awb-caption-title-letter-spacing:var(--h2_typography-letter-spacing);\"><span class=\" fusion-imageframe imageframe-none imageframe-1 hover-type-none\"><img decoding=\"async\" width=\"600\" height=\"400\" src=\"https:\/\/rentacaringreece.eu\/wp-content\/uploads\/2026\/01\/\u039d\u0391\u039f\u03a5\u03a3\u0391-\u0391\u03a1\u039f\u03a5.jpg\" data-orig-src=\"https:\/\/rentacaringreece.eu\/wp-content\/uploads\/2026\/01\/\u039d\u0391\u039f\u03a5\u03a3\u0391-\u0391\u03a1\u039f\u03a5.jpg\" alt class=\"lazyload img-responsive wp-image-9965\" srcset=\"data:image\/svg+xml,%3Csvg%20xmlns%3D%27http%3A%2F%2Fwww.w3.org%2F2000%2Fsvg%27%20width%3D%27600%27%20height%3D%27400%27%20viewBox%3D%270%200%20600%20400%27%3E%3Crect%20width%3D%27600%27%20height%3D%27400%27%20fill-opacity%3D%220%22%2F%3E%3C%2Fsvg%3E\" data-srcset=\"https:\/\/rentacaringreece.eu\/wp-content\/uploads\/2026\/01\/\u039d\u0391\u039f\u03a5\u03a3\u0391-\u0391\u03a1\u039f\u03a5-200x133.jpg 200w, https:\/\/rentacaringreece.eu\/wp-content\/uploads\/2026\/01\/\u039d\u0391\u039f\u03a5\u03a3\u0391-\u0391\u03a1\u039f\u03a5-400x267.jpg 400w, https:\/\/rentacaringreece.eu\/wp-content\/uploads\/2026\/01\/\u039d\u0391\u039f\u03a5\u03a3\u0391-\u0391\u03a1\u039f\u03a5.jpg 600w\" data-sizes=\"auto\" data-orig-sizes=\"(max-width: 768px) 100vw, 600px\" \/><\/span><\/div><\/div><\/div><div class=\"fusion-layout-column fusion_builder_column fusion-builder-column-2 fusion_builder_column_1_1 1_1 fusion-flex-column\" style=\"--awb-bg-size:cover;--awb-width-large:100%;--awb-margin-top-large:0px;--awb-spacing-right-large:1.92%;--awb-margin-bottom-large:20px;--awb-spacing-left-large:1.92%;--awb-width-medium:100%;--awb-order-medium:0;--awb-spacing-right-medium:1.92%;--awb-spacing-left-medium:1.92%;--awb-width-small:100%;--awb-order-small:0;--awb-spacing-right-small:1.92%;--awb-spacing-left-small:1.92%;\"><div class=\"fusion-column-wrapper fusion-column-has-shadow fusion-flex-justify-content-flex-start fusion-content-layout-column\"><div class=\"fusion-text fusion-text-2\"><p data-start=\"306\" data-end=\"648\">Naoussa di Paros \u00e8 uno dei luoghi pi\u00f9 popolari e belli dell&#8217;isola, famosa per i suoi vicoli pittoreschi, le case tradizionali e l&#8217;atmosfera cosmopolita. Se avete intenzione di trascorrere le vostre vacanze l\u00ec, la scelta migliore per godervi l&#8217;isola con comodit\u00e0 \u00e8 il <strong data-start=\"578\" data-end=\"645\">noleggio auto con consegna e ritiro a Naoussa di Paros<\/strong>.<\/p>\n<p data-start=\"650\" data-end=\"1083\">Il <strong data-start=\"652\" data-end=\"717\">noleggio, consegna e ritiro auto a Naoussa di Paros<\/strong> vi offre la flessibilit\u00e0 di iniziare le vostre esplorazioni senza dover trasportare valigie o cercare un taxi. Appena arrivate a Naoussa, la vostra auto pu\u00f2 essere pronta per il ritiro in un punto prestabilito, cos\u00ec da iniziare subito il vostro tour dell&#8217;isola. La procedura \u00e8 rapida e semplice, soprattutto se viaggiate in famiglia o in gruppo.<\/p>\n<h3 style=\"text-align: center;\" data-start=\"1085\" data-end=\"1126\"><strong>Comfort e libert\u00e0 durante il vostro soggiorno<\/strong><\/h3>\n<p data-start=\"1127\" data-end=\"1579\">Naoussa \u00e8 una base ideale per esplorare Paros, poich\u00e9 si trova vicino a molte spiagge e attrazioni popolari. Con il servizio <strong data-start=\"1268\" data-end=\"1332\">noleggio \u2013 consegna \u2013 ritiro auto a Naoussa di Paros<\/strong>, potete organizzare le vostre giornate con maggiore flessibilit\u00e0. Non \u00e8 necessario aspettare i mezzi di trasporto o dipendere dagli orari degli autobus. Al contrario, avete il vostro veicolo e potete arrivare dove volete, quando volete.<\/p>\n<p data-start=\"1581\" data-end=\"1919\">Inoltre, l&#8217;opzione di ritiro a Naoussa vi permette di iniziare le vacanze con comodit\u00e0 fin dal primo momento. Che arriviate in traghetto al porto e vi spostiate a Naoussa, o che abbiate gi\u00e0 un alloggio nella zona, la consegna dell&#8217;auto nel punto che vi \u00e8 pi\u00f9 comodo rende il vostro soggiorno pi\u00f9 facile e rilassante.<\/p>\n<h3 style=\"text-align: center;\" data-start=\"1921\" data-end=\"1967\"><strong>Ampia gamma di auto per ogni esigenza<\/strong><\/h3>\n<p data-start=\"1968\" data-end=\"2335\">La nostra azienda dispone di una vasta gamma di veicoli, dalle auto piccole ed economiche ai modelli pi\u00f9 grandi e confortevoli. Potete scegliere tra <strong data-start=\"2123\" data-end=\"2168\">auto economiche, di media categoria e premium<\/strong>, con opzione di <strong data-start=\"2181\" data-end=\"2218\">cambio automatico o manuale<\/strong>. Tutte le auto sono moderne, pulite e ben mantenute, per offrire sicurezza e comfort in ogni viaggio.<\/p>\n<p data-start=\"2337\" data-end=\"2612\">Il servizio <strong data-start=\"2348\" data-end=\"2404\">noleggio consegna ritiro auto Naoussa di Paros<\/strong> \u00e8 accompagnato da copertura assicurativa completa e assistenza per tutta la durata del noleggio. Se avete bisogno di aiuto o doveste riscontrare un problema, il nostro team \u00e8 disponibile per assistervi immediatamente.<\/p>\n<\/div><\/div><\/div><div class=\"fusion-layout-column fusion_builder_column fusion-builder-column-3 fusion_builder_column_1_1 1_1 fusion-flex-column\" style=\"--awb-bg-size:cover;--awb-width-large:100%;--awb-margin-top-large:0px;--awb-spacing-right-large:1.92%;--awb-margin-bottom-large:20px;--awb-spacing-left-large:1.92%;--awb-width-medium:100%;--awb-order-medium:0;--awb-spacing-right-medium:1.92%;--awb-spacing-left-medium:1.92%;--awb-width-small:100%;--awb-order-small:0;--awb-spacing-right-small:1.92%;--awb-spacing-left-small:1.92%;\"><div class=\"fusion-column-wrapper fusion-column-has-shadow fusion-flex-justify-content-flex-start fusion-content-layout-column\"><div class=\"fusion-image-element \" style=\"text-align:center;--awb-caption-title-font-family:var(--h2_typography-font-family);--awb-caption-title-font-weight:var(--h2_typography-font-weight);--awb-caption-title-font-style:var(--h2_typography-font-style);--awb-caption-title-size:var(--h2_typography-font-size);--awb-caption-title-transform:var(--h2_typography-text-transform);--awb-caption-title-line-height:var(--h2_typography-line-height);--awb-caption-title-letter-spacing:var(--h2_typography-letter-spacing);\"><span class=\" fusion-imageframe imageframe-none imageframe-2 hover-type-none\"><img decoding=\"async\" width=\"600\" height=\"400\" src=\"https:\/\/rentacaringreece.eu\/wp-content\/uploads\/2026\/01\/\u03c0\u03b1\u03c1\u03bf\u03b5-2.jpg\" data-orig-src=\"https:\/\/rentacaringreece.eu\/wp-content\/uploads\/2026\/01\/\u03c0\u03b1\u03c1\u03bf\u03b5-2.jpg\" alt class=\"lazyload img-responsive wp-image-9966\" srcset=\"data:image\/svg+xml,%3Csvg%20xmlns%3D%27http%3A%2F%2Fwww.w3.org%2F2000%2Fsvg%27%20width%3D%27600%27%20height%3D%27400%27%20viewBox%3D%270%200%20600%20400%27%3E%3Crect%20width%3D%27600%27%20height%3D%27400%27%20fill-opacity%3D%220%22%2F%3E%3C%2Fsvg%3E\" data-srcset=\"https:\/\/rentacaringreece.eu\/wp-content\/uploads\/2026\/01\/\u03c0\u03b1\u03c1\u03bf\u03b5-2-200x133.jpg 200w, https:\/\/rentacaringreece.eu\/wp-content\/uploads\/2026\/01\/\u03c0\u03b1\u03c1\u03bf\u03b5-2-400x267.jpg 400w, https:\/\/rentacaringreece.eu\/wp-content\/uploads\/2026\/01\/\u03c0\u03b1\u03c1\u03bf\u03b5-2.jpg 600w\" data-sizes=\"auto\" data-orig-sizes=\"(max-width: 768px) 100vw, 600px\" \/><\/span><\/div><\/div><\/div><div class=\"fusion-layout-column fusion_builder_column fusion-builder-column-4 fusion_builder_column_1_1 1_1 fusion-flex-column\" style=\"--awb-bg-size:cover;--awb-width-large:100%;--awb-margin-top-large:0px;--awb-spacing-right-large:1.92%;--awb-margin-bottom-large:20px;--awb-spacing-left-large:1.92%;--awb-width-medium:100%;--awb-order-medium:0;--awb-spacing-right-medium:1.92%;--awb-spacing-left-medium:1.92%;--awb-width-small:100%;--awb-order-small:0;--awb-spacing-right-small:1.92%;--awb-spacing-left-small:1.92%;\"><div class=\"fusion-column-wrapper fusion-column-has-shadow fusion-flex-justify-content-flex-start fusion-content-layout-column\"><div class=\"fusion-text fusion-text-3\"><h3 style=\"text-align: center;\" data-start=\"2614\" data-end=\"2663\"><strong>Procedura rapida di ritiro e restituzione<\/strong><\/h3>\n<p data-start=\"2664\" data-end=\"2967\">Il ritiro dell&#8217;auto a Naoussa \u00e8 semplice e veloce. Una volta arrivati al punto di ritiro, contattate il nostro rappresentante e completate la procedura in pochi minuti. Il rappresentante vi fornir\u00e0 tutte le istruzioni necessarie sull&#8217;auto, sugli itinerari e sulle regole di guida sull&#8217;isola.<\/p>\n<p data-start=\"2969\" data-end=\"3230\">Quando le vostre vacanze saranno terminate, potete restituire l&#8217;auto a Naoussa o in un altro punto prestabilito, secondo quanto concordato. La procedura di restituzione \u00e8 altrettanto semplice e veloce, cos\u00ec da concludere le vostre vacanze con comfort e senza stress.<\/p>\n<h3 style=\"text-align: center;\" data-start=\"3232\" data-end=\"3282\"><strong>Prenota ora e goditi Paros con comodit\u00e0<\/strong><\/h3>\n<p data-start=\"3283\" data-end=\"3634\">Il <strong data-start=\"3285\" data-end=\"3350\">noleggio, consegna e ritiro auto a Naoussa di Paros<\/strong> \u00e8 la scelta pi\u00f9 intelligente per vivere l&#8217;isola al vostro ritmo. Con un ritiro rapido, opzioni flessibili di veicoli e un servizio eccellente, vi offriamo la libert\u00e0 di esplorare Paros senza limiti. Prenotate ora e iniziate un&#8217;esperienza indimenticabile nelle Cicladi!<\/p>\n<\/div><\/div><\/div><\/div><\/div>\n","protected":false},"excerpt":{"rendered":"","protected":false},"author":1,"featured_media":0,"parent":0,"menu_order":0,"comment_status":"closed","ping_status":"closed","template":"100-width.php","meta":{"footnotes":""},"class_list":["post-9967","page","type-page","status-publish","hentry"],"_links":{"self":[{"href":"https:\/\/rentacaringreece.eu\/it\/wp-json\/wp\/v2\/pages\/9967","targetHints":{"allow":["GET"]}}],"collection":[{"href":"https:\/\/rentacaringreece.eu\/it\/wp-json\/wp\/v2\/pages"}],"about":[{"href":"https:\/\/rentacaringreece.eu\/it\/wp-json\/wp\/v2\/types\/page"}],"author":[{"embeddable":true,"href":"https:\/\/rentacaringreece.eu\/it\/wp-json\/wp\/v2\/users\/1"}],"replies":[{"embeddable":true,"href":"https:\/\/rentacaringreece.eu\/it\/wp-json\/wp\/v2\/comments?post=9967"}],"version-history":[{"count":3,"href":"https:\/\/rentacaringreece.eu\/it\/wp-json\/wp\/v2\/pages\/9967\/revisions"}],"predecessor-version":[{"id":9970,"href":"https:\/\/rentacaringreece.eu\/it\/wp-json\/wp\/v2\/pages\/9967\/revisions\/9970"}],"wp:attachment":[{"href":"https:\/\/rentacaringreece.eu\/it\/wp-json\/wp\/v2\/media?parent=9967"}],"curies":[{"name":"wp","href":"https:\/\/api.w.org\/{rel}","templated":true}]}}